{"id":875,"date":"2021-05-03T21:04:57","date_gmt":"2021-05-03T21:04:57","guid":{"rendered":"https:\/\/outdoorpuzzle.com\/?post_type=product&#038;p=875"},"modified":"2026-04-11T12:04:41","modified_gmt":"2026-04-11T12:04:41","slug":"compact-towel-blue","status":"publish","type":"product","link":"https:\/\/outdoorpuzzle.com\/it\/prodotto\/compact-towel-blue\/","title":{"rendered":"Telo in cotone compatto e leggero con sacchetto \u2013 Sport Spiaggia \u2013 Blu L"},"content":{"rendered":"<ul>\n<li data-aria-posinset=\"1\" data-aria-level=\"2\"><span data-contrast=\"none\">Leggero, compatto, ad asciugatura rapida<\/span><\/li>\n<li data-aria-posinset=\"2\" data-aria-level=\"2\" class=\"translation-block\">Sostenibile \u2013 100% cotone (Oeko-Tex\u00ae Standard 100). Privo di microfibre plastiche.<\/li>\n<li data-aria-posinset=\"3\" data-aria-level=\"2\" class=\"translation-block\">Confezionato nel suo pratico sacchetto in cotone, rendendolo l\u2019asciugamano da viaggio perfetto.<\/li>\n<li data-aria-posinset=\"4\" data-aria-level=\"2\"><span data-contrast=\"none\">Telo ideale, tra gli altri, per spiaggia, strutture sportive, fitness, piscina, surf, stand up paddle, spa, sauna e yoga. Un telo con molti usi: telo da spiaggia, telo mare, telo wellness, telo da viaggio, telo da bagno, telo da palestra.<\/span><\/li>\n<li data-aria-posinset=\"5\" data-aria-level=\"2\"><span data-contrast=\"none\">Adatto sia per attivit\u00e0 all\u2019aperto, sia come asciugamano compatto per il bagno durante tutto l\u2019anno.<\/span><\/li>\n<li data-aria-posinset=\"6\" data-aria-level=\"2\"><span data-contrast=\"none\">Design pratico<\/span><\/li>\n<\/ul>\n<p>I teli Classic hanno un colore unico e frange molto corte e non annodate. Ideali per gli amanti del design minimalista e dallo stile sportivo. Grazie al cotone pregiato utilizzato, i teli The Outdoor Puzzle diventano ancora pi\u00f9 morbidi e assorbenti con l\u2019uso e i lavaggi successivi.<\/p>\n<p class=\"translation-block\">I teli sono prodotti in botteghe tradizionali al telaio. L\u2019artigianato qualificato, insieme al cotone di alta qualit\u00e0, li rende resistenti, creando un ponte tra funzionalit\u00e0 e slow fashion. Il filato \u00e8 tinto con coloranti certificati (Oeko-Tex\u00ae Standard 100) che non includono sostanze tossiche.<\/p>\n<p class=\"translation-block\">Questi teli multiuso sono ideali, tra gli altri, per spiaggia, strutture sportive, fitness, piscina, surf, stand up paddle, spa, sauna e yoga. Mettili nella tua borsa da palestra o sportiva. Lanciali in spiaggia, raccoglili, e la sabbia non si attaccher\u00e0 a questo asciugamano resistente alla sabbia di alta qualit\u00e0. Se sei un appassionato di viaggi o fai backpacking per il mondo, probabilmente avrai bisogno di un asciugamano pieghevole. Gli asciugamani The Outdoor Puzzle sono forniti con un pratico sacchetto in cotone, che occupa poco spazio e li rende i migliori asciugamani da viaggio.<\/p>\n<div style=\"display: flex; justify-content: center;\">\n<p><iframe title=\"Lightweight Towels for Outdoor People\" src=\"https:\/\/www.youtube.com\/embed\/p2_IRCLLEsI\" width=\"420\" height=\"748\" frameborder=\"0\" allowfullscreen=\"allowfullscreen\"><\/iframe><\/p>\n<\/div>","protected":false},"excerpt":{"rendered":"<p><span class=\"TextRun SCXO210468326 BCX0\" lang=\"EN-US\" xml:lang=\"EN-US\" data-contrast=\"none\"><span class=\"NormalTextRun SCXO210468326 BCX0\">Telo leggero, compatto e multiuso in un pratico sacchetto<\/span><\/span><span class=\"EOP SCXO210468326 BCX0\">\u00a0<\/span><\/p>\n<p>100x170cm &#8211; 300gr<\/p>\n<p>100% cotone<\/p>\n<p>Adatti per attivit\u00e0 all\u2019aperto, al chiuso e per il bagno<\/p>\n<p>Consegna entro 3-5 giorni lavorativi<\/p>\n<p>VISA, MasterCard, American Express, PayPal, Google Pay, Apple Pay, Bank Transfer<\/p>\n<p>Gli sconti quantit\u00e0 sono cumulabili con tutti i prodotti del negozio online<\/p>","protected":false},"featured_media":1608,"comment_status":"open","ping_status":"closed","template":"","meta":{"_monsterinsights_skip_tracking":false,"_monsterinsights_sitenote_active":false,"_monsterinsights_sitenote_note":"","_monsterinsights_sitenote_category":0,"_joinchat":[]},"product_brand":[],"product_cat":[54,41],"product_tag":[39],"class_list":{"0":"post-875","1":"product","2":"type-product","3":"status-publish","4":"has-post-thumbnail","6":"product_cat-classic-towels-large","7":"product_cat-outdoor-towels","8":"product_tag-outdoor-towel","10":"first","11":"instock","12":"taxable","13":"shipping-taxable","14":"purchasable","15":"product-type-simple"},"yoast_head":"<!-- This site is optimized with the Yoast SEO plugin v27.3 - https:\/\/yoast.com\/product\/yoast-seo-wordpress\/ -->\n<title>Kompaktes D\u00fcnnes Badetuch Aus Baumwolle Im Beutel - Strand Sport - Blau L<\/title>\n<meta name=\"description\" content=\"The Outdoor Puzzle bietet kompakte Badet\u00fccher &amp; Handt\u00fccher aus nat\u00fcrlichen Materialien. Leicht, saugf\u00e4hig und schnell trocknend.\" \/>\n<meta name=\"robots\" content=\"index, follow, max-snippet:-1, max-image-preview:large, max-video-preview:-1\" \/>\n<link rel=\"canonical\" href=\"https:\/\/outdoorpuzzle.com\/it\/prodotto\/compact-towel-blue\/\" \/>\n<meta property=\"og:locale\" content=\"it_IT\" \/>\n<meta property=\"og:type\" content=\"article\" \/>\n<meta property=\"og:title\" content=\"Kompaktes D\u00fcnnes Badetuch Aus Baumwolle Im Beutel - Strand Sport - Blau L\" \/>\n<meta property=\"og:description\" content=\"The Outdoor Puzzle bietet kompakte Badet\u00fccher &amp; Handt\u00fccher aus nat\u00fcrlichen Materialien. Leicht, saugf\u00e4hig und schnell trocknend.\" \/>\n<meta property=\"og:url\" content=\"https:\/\/outdoorpuzzle.com\/it\/prodotto\/compact-towel-blue\/\" \/>\n<meta property=\"og:site_name\" content=\"The Outdoor Puzzle\" \/>\n<meta property=\"article:publisher\" content=\"https:\/\/www.facebook.com\/profile.php?id=100076379679829\" \/>\n<meta property=\"article:modified_time\" content=\"2026-04-11T12:04:41+00:00\" \/>\n<meta property=\"og:image\" content=\"https:\/\/outdoorpuzzle.com\/wp-content\/uploads\/2022\/11\/TOP-Classic-Towel-With-Bag-Blue-.png\" \/>\n\t<meta property=\"og:image:width\" content=\"1080\" \/>\n\t<meta property=\"og:image:height\" content=\"1080\" \/>\n\t<meta property=\"og:image:type\" content=\"image\/png\" \/>\n<meta name=\"twitter:card\" content=\"summary_large_image\" \/>\n<meta name=\"twitter:label1\" content=\"Tempo di lettura stimato\" \/>\n\t<meta name=\"twitter:data1\" content=\"2 minuti\" \/>\n<script type=\"application\/ld+json\" class=\"yoast-schema-graph\">{\"@context\":\"https:\\\/\\\/schema.org\",\"@graph\":[{\"@type\":\"WebPage\",\"@id\":\"https:\\\/\\\/outdoorpuzzle.com\\\/product\\\/compact-towel-blue\\\/\",\"url\":\"https:\\\/\\\/outdoorpuzzle.com\\\/product\\\/compact-towel-blue\\\/\",\"name\":\"Kompaktes D\u00fcnnes Badetuch Aus Baumwolle Im Beutel - Strand Sport - Blau L\",\"isPartOf\":{\"@id\":\"https:\\\/\\\/outdoorpuzzle.com\\\/en\\\/#website\"},\"primaryImageOfPage\":{\"@id\":\"https:\\\/\\\/outdoorpuzzle.com\\\/product\\\/compact-towel-blue\\\/#primaryimage\"},\"image\":{\"@id\":\"https:\\\/\\\/outdoorpuzzle.com\\\/product\\\/compact-towel-blue\\\/#primaryimage\"},\"thumbnailUrl\":\"https:\\\/\\\/outdoorpuzzle.com\\\/wp-content\\\/uploads\\\/2022\\\/11\\\/TOP-Classic-Towel-With-Bag-Blue-.png\",\"datePublished\":\"2021-05-03T21:04:57+00:00\",\"dateModified\":\"2026-04-11T12:04:41+00:00\",\"description\":\"The Outdoor Puzzle bietet kompakte Badet\u00fccher & Handt\u00fccher aus nat\u00fcrlichen Materialien. Leicht, saugf\u00e4hig und schnell trocknend.\",\"breadcrumb\":{\"@id\":\"https:\\\/\\\/outdoorpuzzle.com\\\/product\\\/compact-towel-blue\\\/#breadcrumb\"},\"inLanguage\":\"it-IT\",\"potentialAction\":[{\"@type\":\"ReadAction\",\"target\":[\"https:\\\/\\\/outdoorpuzzle.com\\\/product\\\/compact-towel-blue\\\/\"]}]},{\"@type\":\"ImageObject\",\"inLanguage\":\"it-IT\",\"@id\":\"https:\\\/\\\/outdoorpuzzle.com\\\/product\\\/compact-towel-blue\\\/#primaryimage\",\"url\":\"https:\\\/\\\/outdoorpuzzle.com\\\/wp-content\\\/uploads\\\/2022\\\/11\\\/TOP-Classic-Towel-With-Bag-Blue-.png\",\"contentUrl\":\"https:\\\/\\\/outdoorpuzzle.com\\\/wp-content\\\/uploads\\\/2022\\\/11\\\/TOP-Classic-Towel-With-Bag-Blue-.png\",\"width\":1080,\"height\":1080,\"caption\":\"Compact Lightweight Cotton Towel With Carry Bag for Beach Sports, Blue L\"},{\"@type\":\"BreadcrumbList\",\"@id\":\"https:\\\/\\\/outdoorpuzzle.com\\\/product\\\/compact-towel-blue\\\/#breadcrumb\",\"itemListElement\":[{\"@type\":\"ListItem\",\"position\":1,\"name\":\"Home\",\"item\":\"https:\\\/\\\/outdoorpuzzle.com\\\/\"},{\"@type\":\"ListItem\",\"position\":2,\"name\":\"Shop\",\"item\":\"https:\\\/\\\/outdoorpuzzle.com\\\/shop\\\/\"},{\"@type\":\"ListItem\",\"position\":3,\"name\":\"Compact Lightweight Cotton Towel With Carry Bag &#8211; Beach Sports &#8211; Blue L\"}]},{\"@type\":\"WebSite\",\"@id\":\"https:\\\/\\\/outdoorpuzzle.com\\\/en\\\/#website\",\"url\":\"https:\\\/\\\/outdoorpuzzle.com\\\/en\\\/\",\"name\":\"The Outdoor Puzzle\",\"description\":\"Lightweight Towels for Outdoor People\",\"publisher\":{\"@id\":\"https:\\\/\\\/outdoorpuzzle.com\\\/en\\\/#organization\"},\"potentialAction\":[{\"@type\":\"SearchAction\",\"target\":{\"@type\":\"EntryPoint\",\"urlTemplate\":\"https:\\\/\\\/outdoorpuzzle.com\\\/en\\\/?s={search_term_string}\"},\"query-input\":{\"@type\":\"PropertyValueSpecification\",\"valueRequired\":true,\"valueName\":\"search_term_string\"}}],\"inLanguage\":\"it-IT\"},{\"@type\":\"Organization\",\"@id\":\"https:\\\/\\\/outdoorpuzzle.com\\\/en\\\/#organization\",\"name\":\"The Outdoor Puzzle\",\"alternateName\":\"The Outdoor Puzzle\",\"url\":\"https:\\\/\\\/outdoorpuzzle.com\\\/en\\\/\",\"logo\":{\"@type\":\"ImageObject\",\"inLanguage\":\"it-IT\",\"@id\":\"https:\\\/\\\/outdoorpuzzle.com\\\/en\\\/#\\\/schema\\\/logo\\\/image\\\/\",\"url\":\"https:\\\/\\\/outdoorpuzzle.com\\\/wp-content\\\/uploads\\\/2022\\\/07\\\/Logo-Full-Renkli.png\",\"contentUrl\":\"https:\\\/\\\/outdoorpuzzle.com\\\/wp-content\\\/uploads\\\/2022\\\/07\\\/Logo-Full-Renkli.png\",\"width\":500,\"height\":193,\"caption\":\"The Outdoor Puzzle\"},\"image\":{\"@id\":\"https:\\\/\\\/outdoorpuzzle.com\\\/en\\\/#\\\/schema\\\/logo\\\/image\\\/\"},\"sameAs\":[\"https:\\\/\\\/www.facebook.com\\\/profile.php?id=100076379679829\",\"https:\\\/\\\/www.instagram.com\\\/the_outdoor_puzzle\",\"https:\\\/\\\/www.tiktok.com\\\/@the.outdoor.puzzle\",\"https:\\\/\\\/www.linkedin.com\\\/company\\\/the-outdoor-puzzle\"]}]}<\/script>\n<!-- \/ Yoast SEO plugin. -->","yoast_head_json":{"title":"Kompaktes D\u00fcnnes Badetuch Aus Baumwolle Im Beutel - Strand Sport - Blau L","description":"The Outdoor Puzzle bietet kompakte Badet\u00fccher & Handt\u00fccher aus nat\u00fcrlichen Materialien. Leicht, saugf\u00e4hig und schnell trocknend.","robots":{"index":"index","follow":"follow","max-snippet":"max-snippet:-1","max-image-preview":"max-image-preview:large","max-video-preview":"max-video-preview:-1"},"canonical":"https:\/\/outdoorpuzzle.com\/it\/prodotto\/compact-towel-blue\/","og_locale":"it_IT","og_type":"article","og_title":"Kompaktes D\u00fcnnes Badetuch Aus Baumwolle Im Beutel - Strand Sport - Blau L","og_description":"The Outdoor Puzzle bietet kompakte Badet\u00fccher & Handt\u00fccher aus nat\u00fcrlichen Materialien. Leicht, saugf\u00e4hig und schnell trocknend.","og_url":"https:\/\/outdoorpuzzle.com\/it\/prodotto\/compact-towel-blue\/","og_site_name":"The Outdoor Puzzle","article_publisher":"https:\/\/www.facebook.com\/profile.php?id=100076379679829","article_modified_time":"2026-04-11T12:04:41+00:00","og_image":[{"width":1080,"height":1080,"url":"https:\/\/outdoorpuzzle.com\/wp-content\/uploads\/2022\/11\/TOP-Classic-Towel-With-Bag-Blue-.png","type":"image\/png"}],"twitter_card":"summary_large_image","twitter_misc":{"Tempo di lettura stimato":"2 minuti"},"schema":{"@context":"https:\/\/schema.org","@graph":[{"@type":"WebPage","@id":"https:\/\/outdoorpuzzle.com\/product\/compact-towel-blue\/","url":"https:\/\/outdoorpuzzle.com\/product\/compact-towel-blue\/","name":"Kompaktes D\u00fcnnes Badetuch Aus Baumwolle Im Beutel - Strand Sport - Blau L","isPartOf":{"@id":"https:\/\/outdoorpuzzle.com\/en\/#website"},"primaryImageOfPage":{"@id":"https:\/\/outdoorpuzzle.com\/product\/compact-towel-blue\/#primaryimage"},"image":{"@id":"https:\/\/outdoorpuzzle.com\/product\/compact-towel-blue\/#primaryimage"},"thumbnailUrl":"https:\/\/outdoorpuzzle.com\/wp-content\/uploads\/2022\/11\/TOP-Classic-Towel-With-Bag-Blue-.png","datePublished":"2021-05-03T21:04:57+00:00","dateModified":"2026-04-11T12:04:41+00:00","description":"The Outdoor Puzzle bietet kompakte Badet\u00fccher & Handt\u00fccher aus nat\u00fcrlichen Materialien. Leicht, saugf\u00e4hig und schnell trocknend.","breadcrumb":{"@id":"https:\/\/outdoorpuzzle.com\/product\/compact-towel-blue\/#breadcrumb"},"inLanguage":"it-IT","potentialAction":[{"@type":"ReadAction","target":["https:\/\/outdoorpuzzle.com\/product\/compact-towel-blue\/"]}]},{"@type":"ImageObject","inLanguage":"it-IT","@id":"https:\/\/outdoorpuzzle.com\/product\/compact-towel-blue\/#primaryimage","url":"https:\/\/outdoorpuzzle.com\/wp-content\/uploads\/2022\/11\/TOP-Classic-Towel-With-Bag-Blue-.png","contentUrl":"https:\/\/outdoorpuzzle.com\/wp-content\/uploads\/2022\/11\/TOP-Classic-Towel-With-Bag-Blue-.png","width":1080,"height":1080,"caption":"Compact Lightweight Cotton Towel With Carry Bag for Beach Sports, Blue L"},{"@type":"BreadcrumbList","@id":"https:\/\/outdoorpuzzle.com\/product\/compact-towel-blue\/#breadcrumb","itemListElement":[{"@type":"ListItem","position":1,"name":"Home","item":"https:\/\/outdoorpuzzle.com\/"},{"@type":"ListItem","position":2,"name":"Shop","item":"https:\/\/outdoorpuzzle.com\/shop\/"},{"@type":"ListItem","position":3,"name":"Compact Lightweight Cotton Towel With Carry Bag &#8211; Beach Sports &#8211; Blue L"}]},{"@type":"WebSite","@id":"https:\/\/outdoorpuzzle.com\/en\/#website","url":"https:\/\/outdoorpuzzle.com\/en\/","name":"The Outdoor Puzzle","description":"Lightweight Towels for Outdoor People","publisher":{"@id":"https:\/\/outdoorpuzzle.com\/en\/#organization"},"potentialAction":[{"@type":"SearchAction","target":{"@type":"EntryPoint","urlTemplate":"https:\/\/outdoorpuzzle.com\/en\/?s={search_term_string}"},"query-input":{"@type":"PropertyValueSpecification","valueRequired":true,"valueName":"search_term_string"}}],"inLanguage":"it-IT"},{"@type":"Organization","@id":"https:\/\/outdoorpuzzle.com\/en\/#organization","name":"The Outdoor Puzzle","alternateName":"The Outdoor Puzzle","url":"https:\/\/outdoorpuzzle.com\/en\/","logo":{"@type":"ImageObject","inLanguage":"it-IT","@id":"https:\/\/outdoorpuzzle.com\/en\/#\/schema\/logo\/image\/","url":"https:\/\/outdoorpuzzle.com\/wp-content\/uploads\/2022\/07\/Logo-Full-Renkli.png","contentUrl":"https:\/\/outdoorpuzzle.com\/wp-content\/uploads\/2022\/07\/Logo-Full-Renkli.png","width":500,"height":193,"caption":"The Outdoor Puzzle"},"image":{"@id":"https:\/\/outdoorpuzzle.com\/en\/#\/schema\/logo\/image\/"},"sameAs":["https:\/\/www.facebook.com\/profile.php?id=100076379679829","https:\/\/www.instagram.com\/the_outdoor_puzzle","https:\/\/www.tiktok.com\/@the.outdoor.puzzle","https:\/\/www.linkedin.com\/company\/the-outdoor-puzzle"]}]}},"_links":{"self":[{"href":"https:\/\/outdoorpuzzle.com\/it\/wp-json\/wp\/v2\/product\/875","targetHints":{"allow":["GET"]}}],"collection":[{"href":"https:\/\/outdoorpuzzle.com\/it\/wp-json\/wp\/v2\/product"}],"about":[{"href":"https:\/\/outdoorpuzzle.com\/it\/wp-json\/wp\/v2\/types\/product"}],"replies":[{"embeddable":true,"href":"https:\/\/outdoorpuzzle.com\/it\/wp-json\/wp\/v2\/comments?post=875"}],"wp:featuredmedia":[{"embeddable":true,"href":"https:\/\/outdoorpuzzle.com\/it\/wp-json\/wp\/v2\/media\/1608"}],"wp:attachment":[{"href":"https:\/\/outdoorpuzzle.com\/it\/wp-json\/wp\/v2\/media?parent=875"}],"wp:term":[{"taxonomy":"product_brand","embeddable":true,"href":"https:\/\/outdoorpuzzle.com\/it\/wp-json\/wp\/v2\/product_brand?post=875"},{"taxonomy":"product_cat","embeddable":true,"href":"https:\/\/outdoorpuzzle.com\/it\/wp-json\/wp\/v2\/product_cat?post=875"},{"taxonomy":"product_tag","embeddable":true,"href":"https:\/\/outdoorpuzzle.com\/it\/wp-json\/wp\/v2\/product_tag?post=875"}],"curies":[{"name":"wp","href":"https:\/\/api.w.org\/{rel}","templated":true}]}}