{"id":1335,"date":"2022-12-02T20:26:00","date_gmt":"2022-12-02T20:26:00","guid":{"rendered":"https:\/\/outdoorpuzzle.com\/?post_type=product&#038;p=1335"},"modified":"2025-12-15T16:19:37","modified_gmt":"2025-12-15T16:19:37","slug":"compact-towel-small-green","status":"publish","type":"product","link":"https:\/\/outdoorpuzzle.com\/it\/prodotto\/compact-towel-small-green\/","title":{"rendered":"Telo in cotone compatto e leggero con sacchetto \u2013 Escursionismo, campeggio, palestra \u2013 Verde S"},"content":{"rendered":"<ul>\n<li data-aria-posinset=\"1\" data-aria-level=\"2\"><span data-contrast=\"none\">Leggero, compatto, ad asciugatura rapida<\/span><\/li>\n<li data-aria-posinset=\"2\" data-aria-level=\"2\" class=\"translation-block\">Sostenibile \u2013 100% cotone (Oeko-Tex\u00ae Standard 100). Privo di microfibre plastiche.<\/li>\n<li data-aria-posinset=\"3\" data-aria-level=\"2\" class=\"translation-block\">Confezionato nel suo pratico sacchetto in cotone, rendendolo l\u2019asciugamano da viaggio perfetto.<\/li>\n<li data-aria-posinset=\"4\" data-aria-level=\"2\" class=\"translation-block\">Telo ideale tra gli altri per escursioni, campeggio, palestra, bouldering, arrampicata<\/li>\n<li data-aria-posinset=\"5\" data-aria-level=\"2\"><span data-contrast=\"none\">Adatto sia per attivit\u00e0 all\u2019aperto, sia come asciugamano compatto per il bagno durante tutto l\u2019anno.<\/span><\/li>\n<li data-aria-posinset=\"6\" data-aria-level=\"2\"><span data-contrast=\"none\">Design pratico<\/span><\/li>\n<\/ul>\n<p class=\"translation-block\">I piccoli e leggerissimi teli \"Alps Edition\" sono ideali, tra l'altro, per le escursioni e come asciugamano da campeggio. In pratica, sono perfetti per qualsiasi occasione in cui serva un asciugamano molto compatto, ad esempio come asciugamano per il sudore in palestra per mantenersi freschi e asciutti. Sono monocolore e presentano frange corte e non annodate. Grazie al cotone di alta qualit\u00e0 utilizzato, gli teli The Outdoor Puzzle diventano ancora pi\u00f9 morbidi e assorbenti con l'uso e i lavaggi successivi.<\/p>\n<p class=\"translation-block\">I teli sono prodotti in botteghe tradizionali al telaio. L\u2019artigianato qualificato, insieme al cotone di alta qualit\u00e0, li rende resistenti, creando un ponte tra funzionalit\u00e0 e slow fashion. Il filato \u00e8 tinto con coloranti certificati (Oeko-Tex\u00ae Standard 100) che non includono sostanze tossiche.<\/p>\n<p class=\"translation-block\">Se siete appassionati di viaggi o girate il mondo con lo zaino in spalla, probabilmente avrete bisogno di un asciugamano facile da riporre. Gli asciugamani Outdoor Puzzle sono dotati di una pratica custodia in cotone che occupa poco spazio e li rende gli asciugamani da viaggio ideali.<\/p>\n<p>&nbsp;<\/p>","protected":false},"excerpt":{"rendered":"<p>Telo leggero, compatto e multiuso in un pratico sacchetto<\/p>\n<p>50x100cm &#8211; 100gr<\/p>\n<p>100% cotone<\/p>\n<p>Adatti per attivit\u00e0 all\u2019aperto, al chiuso e per il bagno<\/p>\n<p>Consegna entro 3-5 giorni lavorativi<\/p>\n<p>VISA, MasterCard, American Express, PayPal, Google Pay, Apple Pay, Bank Transfer<\/p>\n<p>Gli sconti quantit\u00e0 sono cumulabili con tutti i prodotti del negozio online<\/p>","protected":false},"featured_media":2033,"comment_status":"open","ping_status":"closed","template":"","meta":{"_monsterinsights_skip_tracking":false,"_monsterinsights_sitenote_active":false,"_monsterinsights_sitenote_note":"","_monsterinsights_sitenote_category":0,"_joinchat":[]},"product_brand":[],"product_cat":[60,41,59],"product_tag":[39],"class_list":{"0":"post-1335","1":"product","2":"type-product","3":"status-publish","4":"has-post-thumbnail","6":"product_cat-classic-towels-small","7":"product_cat-outdoor-towels","8":"product_cat-towels-small","9":"product_tag-outdoor-towel","11":"first","12":"instock","13":"taxable","14":"shipping-taxable","15":"purchasable","16":"product-type-simple"},"yoast_head":"<!-- This site is optimized with the Yoast SEO plugin v27.3 - https:\/\/yoast.com\/product\/yoast-seo-wordpress\/ -->\n<title>Kompaktes D\u00fcnnes Handtuch Aus Baumwolle Im Beutel - Wandern Camping Gym - Gr\u00fcn S<\/title>\n<meta name=\"description\" content=\"The Outdoor Puzzle bietet kompakte Badet\u00fccher &amp; Handt\u00fccher aus nat\u00fcrlichen Materialien, die Funktionalit\u00e4t mit aktivem Lebensstil verbinden. Leicht, saugf\u00e4hig und schnell trocknend.\" \/>\n<meta name=\"robots\" content=\"index, follow, max-snippet:-1, max-image-preview:large, max-video-preview:-1\" \/>\n<link rel=\"canonical\" href=\"https:\/\/outdoorpuzzle.com\/it\/prodotto\/compact-towel-small-green\/\" \/>\n<meta property=\"og:locale\" content=\"it_IT\" \/>\n<meta property=\"og:type\" content=\"article\" \/>\n<meta property=\"og:title\" content=\"Kompaktes D\u00fcnnes Handtuch Aus Baumwolle Im Beutel - Wandern Camping Gym - Gr\u00fcn S\" \/>\n<meta property=\"og:description\" content=\"The Outdoor Puzzle bietet kompakte Badet\u00fccher &amp; Handt\u00fccher aus nat\u00fcrlichen Materialien, die Funktionalit\u00e4t mit aktivem Lebensstil verbinden. Leicht, saugf\u00e4hig und schnell trocknend.\" \/>\n<meta property=\"og:url\" content=\"https:\/\/outdoorpuzzle.com\/it\/prodotto\/compact-towel-small-green\/\" \/>\n<meta property=\"og:site_name\" content=\"The Outdoor Puzzle\" \/>\n<meta property=\"article:publisher\" content=\"https:\/\/www.facebook.com\/profile.php?id=100076379679829\" \/>\n<meta property=\"article:modified_time\" content=\"2025-12-15T16:19:37+00:00\" \/>\n<meta property=\"og:image\" content=\"https:\/\/outdoorpuzzle.com\/wp-content\/uploads\/2022\/12\/TOP-hiking-camping-towel-small-green-in-bag.png\" \/>\n\t<meta property=\"og:image:width\" content=\"1080\" \/>\n\t<meta property=\"og:image:height\" content=\"1080\" \/>\n\t<meta property=\"og:image:type\" content=\"image\/png\" \/>\n<meta name=\"twitter:card\" content=\"summary_large_image\" \/>\n<meta name=\"twitter:label1\" content=\"Tempo di lettura stimato\" \/>\n\t<meta name=\"twitter:data1\" content=\"2 minuti\" \/>\n<script type=\"application\/ld+json\" class=\"yoast-schema-graph\">{\"@context\":\"https:\\\/\\\/schema.org\",\"@graph\":[{\"@type\":\"WebPage\",\"@id\":\"https:\\\/\\\/outdoorpuzzle.com\\\/product\\\/compact-towel-small-green\\\/\",\"url\":\"https:\\\/\\\/outdoorpuzzle.com\\\/product\\\/compact-towel-small-green\\\/\",\"name\":\"Kompaktes D\u00fcnnes Handtuch Aus Baumwolle Im Beutel - Wandern Camping Gym - Gr\u00fcn S\",\"isPartOf\":{\"@id\":\"https:\\\/\\\/outdoorpuzzle.com\\\/en\\\/#website\"},\"primaryImageOfPage\":{\"@id\":\"https:\\\/\\\/outdoorpuzzle.com\\\/product\\\/compact-towel-small-green\\\/#primaryimage\"},\"image\":{\"@id\":\"https:\\\/\\\/outdoorpuzzle.com\\\/product\\\/compact-towel-small-green\\\/#primaryimage\"},\"thumbnailUrl\":\"https:\\\/\\\/outdoorpuzzle.com\\\/wp-content\\\/uploads\\\/2022\\\/12\\\/TOP-hiking-camping-towel-small-green-in-bag.png\",\"datePublished\":\"2022-12-02T20:26:00+00:00\",\"dateModified\":\"2025-12-15T16:19:37+00:00\",\"description\":\"The Outdoor Puzzle bietet kompakte Badet\u00fccher & Handt\u00fccher aus nat\u00fcrlichen Materialien, die Funktionalit\u00e4t mit aktivem Lebensstil verbinden. Leicht, saugf\u00e4hig und schnell trocknend.\",\"breadcrumb\":{\"@id\":\"https:\\\/\\\/outdoorpuzzle.com\\\/product\\\/compact-towel-small-green\\\/#breadcrumb\"},\"inLanguage\":\"it-IT\",\"potentialAction\":[{\"@type\":\"ReadAction\",\"target\":[\"https:\\\/\\\/outdoorpuzzle.com\\\/product\\\/compact-towel-small-green\\\/\"]}]},{\"@type\":\"ImageObject\",\"inLanguage\":\"it-IT\",\"@id\":\"https:\\\/\\\/outdoorpuzzle.com\\\/product\\\/compact-towel-small-green\\\/#primaryimage\",\"url\":\"https:\\\/\\\/outdoorpuzzle.com\\\/wp-content\\\/uploads\\\/2022\\\/12\\\/TOP-hiking-camping-towel-small-green-in-bag.png\",\"contentUrl\":\"https:\\\/\\\/outdoorpuzzle.com\\\/wp-content\\\/uploads\\\/2022\\\/12\\\/TOP-hiking-camping-towel-small-green-in-bag.png\",\"width\":1080,\"height\":1080,\"caption\":\"Asciugamano piccolo in cotone leggero compatto con borsa, campeggio escursionismo gym - verde small\"},{\"@type\":\"BreadcrumbList\",\"@id\":\"https:\\\/\\\/outdoorpuzzle.com\\\/product\\\/compact-towel-small-green\\\/#breadcrumb\",\"itemListElement\":[{\"@type\":\"ListItem\",\"position\":1,\"name\":\"Home\",\"item\":\"https:\\\/\\\/outdoorpuzzle.com\\\/\"},{\"@type\":\"ListItem\",\"position\":2,\"name\":\"Shop\",\"item\":\"https:\\\/\\\/outdoorpuzzle.com\\\/shop\\\/\"},{\"@type\":\"ListItem\",\"position\":3,\"name\":\"Compact Lightweight Cotton Towel Small With Carry Bag &#8211; Hiking Camping Gym &#8211; Green S\"}]},{\"@type\":\"WebSite\",\"@id\":\"https:\\\/\\\/outdoorpuzzle.com\\\/en\\\/#website\",\"url\":\"https:\\\/\\\/outdoorpuzzle.com\\\/en\\\/\",\"name\":\"The Outdoor Puzzle\",\"description\":\"Lightweight Towels for Outdoor People\",\"publisher\":{\"@id\":\"https:\\\/\\\/outdoorpuzzle.com\\\/en\\\/#organization\"},\"potentialAction\":[{\"@type\":\"SearchAction\",\"target\":{\"@type\":\"EntryPoint\",\"urlTemplate\":\"https:\\\/\\\/outdoorpuzzle.com\\\/en\\\/?s={search_term_string}\"},\"query-input\":{\"@type\":\"PropertyValueSpecification\",\"valueRequired\":true,\"valueName\":\"search_term_string\"}}],\"inLanguage\":\"it-IT\"},{\"@type\":\"Organization\",\"@id\":\"https:\\\/\\\/outdoorpuzzle.com\\\/en\\\/#organization\",\"name\":\"The Outdoor Puzzle\",\"alternateName\":\"The Outdoor Puzzle\",\"url\":\"https:\\\/\\\/outdoorpuzzle.com\\\/en\\\/\",\"logo\":{\"@type\":\"ImageObject\",\"inLanguage\":\"it-IT\",\"@id\":\"https:\\\/\\\/outdoorpuzzle.com\\\/en\\\/#\\\/schema\\\/logo\\\/image\\\/\",\"url\":\"https:\\\/\\\/outdoorpuzzle.com\\\/wp-content\\\/uploads\\\/2022\\\/07\\\/Logo-Full-Renkli.png\",\"contentUrl\":\"https:\\\/\\\/outdoorpuzzle.com\\\/wp-content\\\/uploads\\\/2022\\\/07\\\/Logo-Full-Renkli.png\",\"width\":500,\"height\":193,\"caption\":\"The Outdoor Puzzle\"},\"image\":{\"@id\":\"https:\\\/\\\/outdoorpuzzle.com\\\/en\\\/#\\\/schema\\\/logo\\\/image\\\/\"},\"sameAs\":[\"https:\\\/\\\/www.facebook.com\\\/profile.php?id=100076379679829\",\"https:\\\/\\\/www.instagram.com\\\/the_outdoor_puzzle\",\"https:\\\/\\\/www.tiktok.com\\\/@the.outdoor.puzzle\",\"https:\\\/\\\/www.linkedin.com\\\/company\\\/the-outdoor-puzzle\"]}]}<\/script>\n<!-- \/ Yoast SEO plugin. -->","yoast_head_json":{"title":"Kompaktes D\u00fcnnes Handtuch Aus Baumwolle Im Beutel - Wandern Camping Gym - Gr\u00fcn S","description":"The Outdoor Puzzle bietet kompakte Badet\u00fccher & Handt\u00fccher aus nat\u00fcrlichen Materialien, die Funktionalit\u00e4t mit aktivem Lebensstil verbinden. Leicht, saugf\u00e4hig und schnell trocknend.","robots":{"index":"index","follow":"follow","max-snippet":"max-snippet:-1","max-image-preview":"max-image-preview:large","max-video-preview":"max-video-preview:-1"},"canonical":"https:\/\/outdoorpuzzle.com\/it\/prodotto\/compact-towel-small-green\/","og_locale":"it_IT","og_type":"article","og_title":"Kompaktes D\u00fcnnes Handtuch Aus Baumwolle Im Beutel - Wandern Camping Gym - Gr\u00fcn S","og_description":"The Outdoor Puzzle bietet kompakte Badet\u00fccher & Handt\u00fccher aus nat\u00fcrlichen Materialien, die Funktionalit\u00e4t mit aktivem Lebensstil verbinden. Leicht, saugf\u00e4hig und schnell trocknend.","og_url":"https:\/\/outdoorpuzzle.com\/it\/prodotto\/compact-towel-small-green\/","og_site_name":"The Outdoor Puzzle","article_publisher":"https:\/\/www.facebook.com\/profile.php?id=100076379679829","article_modified_time":"2025-12-15T16:19:37+00:00","og_image":[{"width":1080,"height":1080,"url":"https:\/\/outdoorpuzzle.com\/wp-content\/uploads\/2022\/12\/TOP-hiking-camping-towel-small-green-in-bag.png","type":"image\/png"}],"twitter_card":"summary_large_image","twitter_misc":{"Tempo di lettura stimato":"2 minuti"},"schema":{"@context":"https:\/\/schema.org","@graph":[{"@type":"WebPage","@id":"https:\/\/outdoorpuzzle.com\/product\/compact-towel-small-green\/","url":"https:\/\/outdoorpuzzle.com\/product\/compact-towel-small-green\/","name":"Kompaktes D\u00fcnnes Handtuch Aus Baumwolle Im Beutel - Wandern Camping Gym - Gr\u00fcn S","isPartOf":{"@id":"https:\/\/outdoorpuzzle.com\/en\/#website"},"primaryImageOfPage":{"@id":"https:\/\/outdoorpuzzle.com\/product\/compact-towel-small-green\/#primaryimage"},"image":{"@id":"https:\/\/outdoorpuzzle.com\/product\/compact-towel-small-green\/#primaryimage"},"thumbnailUrl":"https:\/\/outdoorpuzzle.com\/wp-content\/uploads\/2022\/12\/TOP-hiking-camping-towel-small-green-in-bag.png","datePublished":"2022-12-02T20:26:00+00:00","dateModified":"2025-12-15T16:19:37+00:00","description":"The Outdoor Puzzle bietet kompakte Badet\u00fccher & Handt\u00fccher aus nat\u00fcrlichen Materialien, die Funktionalit\u00e4t mit aktivem Lebensstil verbinden. Leicht, saugf\u00e4hig und schnell trocknend.","breadcrumb":{"@id":"https:\/\/outdoorpuzzle.com\/product\/compact-towel-small-green\/#breadcrumb"},"inLanguage":"it-IT","potentialAction":[{"@type":"ReadAction","target":["https:\/\/outdoorpuzzle.com\/product\/compact-towel-small-green\/"]}]},{"@type":"ImageObject","inLanguage":"it-IT","@id":"https:\/\/outdoorpuzzle.com\/product\/compact-towel-small-green\/#primaryimage","url":"https:\/\/outdoorpuzzle.com\/wp-content\/uploads\/2022\/12\/TOP-hiking-camping-towel-small-green-in-bag.png","contentUrl":"https:\/\/outdoorpuzzle.com\/wp-content\/uploads\/2022\/12\/TOP-hiking-camping-towel-small-green-in-bag.png","width":1080,"height":1080,"caption":"Asciugamano piccolo in cotone leggero compatto con borsa, campeggio escursionismo gym - verde small"},{"@type":"BreadcrumbList","@id":"https:\/\/outdoorpuzzle.com\/product\/compact-towel-small-green\/#breadcrumb","itemListElement":[{"@type":"ListItem","position":1,"name":"Home","item":"https:\/\/outdoorpuzzle.com\/"},{"@type":"ListItem","position":2,"name":"Shop","item":"https:\/\/outdoorpuzzle.com\/shop\/"},{"@type":"ListItem","position":3,"name":"Compact Lightweight Cotton Towel Small With Carry Bag &#8211; Hiking Camping Gym &#8211; Green S"}]},{"@type":"WebSite","@id":"https:\/\/outdoorpuzzle.com\/en\/#website","url":"https:\/\/outdoorpuzzle.com\/en\/","name":"The Outdoor Puzzle","description":"Lightweight Towels for Outdoor People","publisher":{"@id":"https:\/\/outdoorpuzzle.com\/en\/#organization"},"potentialAction":[{"@type":"SearchAction","target":{"@type":"EntryPoint","urlTemplate":"https:\/\/outdoorpuzzle.com\/en\/?s={search_term_string}"},"query-input":{"@type":"PropertyValueSpecification","valueRequired":true,"valueName":"search_term_string"}}],"inLanguage":"it-IT"},{"@type":"Organization","@id":"https:\/\/outdoorpuzzle.com\/en\/#organization","name":"The Outdoor Puzzle","alternateName":"The Outdoor Puzzle","url":"https:\/\/outdoorpuzzle.com\/en\/","logo":{"@type":"ImageObject","inLanguage":"it-IT","@id":"https:\/\/outdoorpuzzle.com\/en\/#\/schema\/logo\/image\/","url":"https:\/\/outdoorpuzzle.com\/wp-content\/uploads\/2022\/07\/Logo-Full-Renkli.png","contentUrl":"https:\/\/outdoorpuzzle.com\/wp-content\/uploads\/2022\/07\/Logo-Full-Renkli.png","width":500,"height":193,"caption":"The Outdoor Puzzle"},"image":{"@id":"https:\/\/outdoorpuzzle.com\/en\/#\/schema\/logo\/image\/"},"sameAs":["https:\/\/www.facebook.com\/profile.php?id=100076379679829","https:\/\/www.instagram.com\/the_outdoor_puzzle","https:\/\/www.tiktok.com\/@the.outdoor.puzzle","https:\/\/www.linkedin.com\/company\/the-outdoor-puzzle"]}]}},"_links":{"self":[{"href":"https:\/\/outdoorpuzzle.com\/it\/wp-json\/wp\/v2\/product\/1335","targetHints":{"allow":["GET"]}}],"collection":[{"href":"https:\/\/outdoorpuzzle.com\/it\/wp-json\/wp\/v2\/product"}],"about":[{"href":"https:\/\/outdoorpuzzle.com\/it\/wp-json\/wp\/v2\/types\/product"}],"replies":[{"embeddable":true,"href":"https:\/\/outdoorpuzzle.com\/it\/wp-json\/wp\/v2\/comments?post=1335"}],"wp:featuredmedia":[{"embeddable":true,"href":"https:\/\/outdoorpuzzle.com\/it\/wp-json\/wp\/v2\/media\/2033"}],"wp:attachment":[{"href":"https:\/\/outdoorpuzzle.com\/it\/wp-json\/wp\/v2\/media?parent=1335"}],"wp:term":[{"taxonomy":"product_brand","embeddable":true,"href":"https:\/\/outdoorpuzzle.com\/it\/wp-json\/wp\/v2\/product_brand?post=1335"},{"taxonomy":"product_cat","embeddable":true,"href":"https:\/\/outdoorpuzzle.com\/it\/wp-json\/wp\/v2\/product_cat?post=1335"},{"taxonomy":"product_tag","embeddable":true,"href":"https:\/\/outdoorpuzzle.com\/it\/wp-json\/wp\/v2\/product_tag?post=1335"}],"curies":[{"name":"wp","href":"https:\/\/api.w.org\/{rel}","templated":true}]}}