{"id":1167,"date":"2022-04-30T12:51:54","date_gmt":"2022-04-30T12:51:54","guid":{"rendered":"https:\/\/outdoorpuzzle.com\/?post_type=product&#038;p=1167"},"modified":"2026-02-09T21:55:26","modified_gmt":"2026-02-09T21:55:26","slug":"compact-towel-navy-tones","status":"publish","type":"product","link":"https:\/\/outdoorpuzzle.com\/it\/prodotto\/compact-towel-navy-tones\/","title":{"rendered":"Telo in cotone compatto e leggero con sacchetto \u2013 Sport Spa Sauna \u2013 Blu Navy L"},"content":{"rendered":"<ul>\n<li data-aria-posinset=\"1\" data-aria-level=\"2\"><span data-contrast=\"none\">Leggero, compatto, ad asciugatura rapida<\/span><\/li>\n<li data-aria-posinset=\"2\" data-aria-level=\"2\" class=\"translation-block\">Sostenibile \u2013 100% cotone (Oeko-Tex\u00ae Standard 100). Privo di microfibre plastiche.<\/li>\n<li data-aria-posinset=\"3\" data-aria-level=\"2\" class=\"translation-block\">Confezionato nel suo pratico sacchetto in cotone, rendendolo l\u2019asciugamano da viaggio perfetto.<\/li>\n<li data-aria-posinset=\"4\" data-aria-level=\"2\"><span data-contrast=\"none\">Telo ideale, tra gli altri, per spiaggia, strutture sportive, fitness, piscina, surf, stand up paddle, spa, sauna e yoga. Un telo con molti usi: telo da spiaggia, telo mare, telo wellness, telo da viaggio, telo da bagno, telo da palestra.<\/span><\/li>\n<li data-aria-posinset=\"5\" data-aria-level=\"2\"><span data-contrast=\"none\">Adatto sia per attivit\u00e0 all\u2019aperto, sia come asciugamano compatto per il bagno durante tutto l\u2019anno.<\/span><\/li>\n<li data-aria-posinset=\"6\" data-aria-level=\"2\"><span data-contrast=\"none\">Design pratico<\/span><\/li>\n<\/ul>\n<p>I teli annodati a mano hanno un aspetto elegante e frange annodate a mano. Ideali per gli amanti degli oggetti artistici. Grazie al cotone di alta qualit\u00e0 utilizzato, i teli The Outdoor Puzzle diventano ancora pi\u00f9 morbidi e assorbenti con l'uso e i lavaggi successivi.<\/p>\n<p class=\"translation-block\">I teli sono prodotti in laboratori di tessitura tradizionali. L'abilit\u00e0 artigianale unita al cotone di alta qualit\u00e0 li rende resistenti, creando un ponte tra funzionalit\u00e0 e slow fashion. Il filato \u00e8 tinto con coloranti certificati (Oeko-Tex\u00ae Standard 100) che non contengono sostanze chimiche tossiche.<\/p>\n<p class=\"translation-block\">Questi teli multiuso sono ideali, tra l'altro, per la spiaggia, gli impianti sportivi, il fitness, la piscina, il surf, lo stand up paddle, la spa, la sauna e lo yoga. Mettili nella tua borsa da palestra o sportiva. Lanciali in spiaggia, raccoglili e la sabbia non si attaccher\u00e0 a questo telo da spiaggia di alta qualit\u00e0 resistente alla sabbia. Se sei un appassionato di viaggi o un viaggiatore zaino in spalla in giro per il mondo, probabilmente avrai bisogno di un telo facile da riporre. I teli The Outdoor Puzzle sono dotati di un pratico sacchetto in cotone che occupa poco spazio e li rende i teli da viaggio ideali.<\/p>\n<p>&nbsp;<\/p>","protected":false},"excerpt":{"rendered":"<p><span class=\"TextRun SCXO210468326 BCX0\" lang=\"EN-US\" xml:lang=\"EN-US\" data-contrast=\"none\"><span class=\"NormalTextRun SCXO210468326 BCX0\">Telo leggero, compatto e multiuso in un pratico sacchetto<\/span><\/span><span class=\"EOP SCXO210468326 BCX0\">\u00a0<\/span><\/p>\n<p>100x180cm &#8211; 350gr<\/p>\n<p>100% cotone<\/p>\n<p>Adatti per attivit\u00e0 all\u2019aperto, al chiuso e per il bagno<\/p>\n<p>Consegna entro 3-5 giorni lavorativi<\/p>\n<p>VISA, MasterCard, American Express, PayPal, Google Pay, Apple Pay, Bank Transfer<\/p>\n<p>Gli sconti quantit\u00e0 sono cumulabili con tutti i prodotti del negozio online<\/p>","protected":false},"featured_media":2150,"comment_status":"open","ping_status":"closed","template":"","meta":{"_monsterinsights_skip_tracking":false,"_monsterinsights_sitenote_active":false,"_monsterinsights_sitenote_note":"","_monsterinsights_sitenote_category":0,"_joinchat":[]},"product_brand":[],"product_cat":[56,41],"product_tag":[39],"class_list":{"0":"post-1167","1":"product","2":"type-product","3":"status-publish","4":"has-post-thumbnail","6":"product_cat-hand-knotted-towel-outdoor-towels","7":"product_cat-outdoor-towels","8":"product_tag-outdoor-towel","10":"first","11":"instock","12":"sale","13":"taxable","14":"shipping-taxable","15":"purchasable","16":"product-type-simple"},"yoast_head":"<!-- This site is optimized with the Yoast SEO plugin v27.3 - https:\/\/yoast.com\/product\/yoast-seo-wordpress\/ -->\n<title>D\u00fcnnes Badetuch aus Baumwolle Navy Blau M\u00e4nner | Sauna Strand<\/title>\n<meta name=\"description\" content=\"Elegantes leichtes Badetuch aus Baumwolle in Aufbewahrunstasche, Farbe Navy Blau. Saunatuch im Winter und Strandtuch im Sommer. Ideal als Geschenksidee.\" \/>\n<meta name=\"robots\" content=\"index, follow, max-snippet:-1, max-image-preview:large, max-video-preview:-1\" \/>\n<link rel=\"canonical\" href=\"https:\/\/outdoorpuzzle.com\/it\/prodotto\/compact-towel-navy-tones\/\" \/>\n<meta property=\"og:locale\" content=\"it_IT\" \/>\n<meta property=\"og:type\" content=\"article\" \/>\n<meta property=\"og:title\" content=\"D\u00fcnnes Badetuch aus Baumwolle Navy Blau M\u00e4nner | Sauna Strand\" \/>\n<meta property=\"og:description\" content=\"Elegantes leichtes Badetuch aus Baumwolle in Aufbewahrunstasche, Farbe Navy Blau. Saunatuch im Winter und Strandtuch im Sommer. Ideal als Geschenksidee.\" \/>\n<meta property=\"og:url\" content=\"https:\/\/outdoorpuzzle.com\/it\/prodotto\/compact-towel-navy-tones\/\" \/>\n<meta property=\"og:site_name\" content=\"The Outdoor Puzzle\" \/>\n<meta property=\"article:publisher\" content=\"https:\/\/www.facebook.com\/profile.php?id=100076379679829\" \/>\n<meta property=\"article:modified_time\" content=\"2026-02-09T21:55:26+00:00\" \/>\n<meta property=\"og:image\" content=\"https:\/\/outdoorpuzzle.com\/wp-content\/uploads\/2022\/04\/TOP-towel-HK-Navy-Tones-carry-bag.png\" \/>\n\t<meta property=\"og:image:width\" content=\"1080\" \/>\n\t<meta property=\"og:image:height\" content=\"1080\" \/>\n\t<meta property=\"og:image:type\" content=\"image\/png\" \/>\n<meta name=\"twitter:card\" content=\"summary_large_image\" \/>\n<meta name=\"twitter:label1\" content=\"Tempo di lettura stimato\" \/>\n\t<meta name=\"twitter:data1\" content=\"2 minuti\" \/>\n<script type=\"application\/ld+json\" class=\"yoast-schema-graph\">{\"@context\":\"https:\\\/\\\/schema.org\",\"@graph\":[{\"@type\":\"WebPage\",\"@id\":\"https:\\\/\\\/outdoorpuzzle.com\\\/product\\\/compact-towel-navy-tones\\\/\",\"url\":\"https:\\\/\\\/outdoorpuzzle.com\\\/product\\\/compact-towel-navy-tones\\\/\",\"name\":\"D\u00fcnnes Badetuch aus Baumwolle Navy Blau M\u00e4nner | Sauna Strand\",\"isPartOf\":{\"@id\":\"https:\\\/\\\/outdoorpuzzle.com\\\/en\\\/#website\"},\"primaryImageOfPage\":{\"@id\":\"https:\\\/\\\/outdoorpuzzle.com\\\/product\\\/compact-towel-navy-tones\\\/#primaryimage\"},\"image\":{\"@id\":\"https:\\\/\\\/outdoorpuzzle.com\\\/product\\\/compact-towel-navy-tones\\\/#primaryimage\"},\"thumbnailUrl\":\"https:\\\/\\\/outdoorpuzzle.com\\\/wp-content\\\/uploads\\\/2022\\\/04\\\/TOP-towel-HK-Navy-Tones-carry-bag.png\",\"datePublished\":\"2022-04-30T12:51:54+00:00\",\"dateModified\":\"2026-02-09T21:55:26+00:00\",\"description\":\"Elegantes leichtes Badetuch aus Baumwolle in Aufbewahrunstasche, Farbe Navy Blau. Saunatuch im Winter und Strandtuch im Sommer. Ideal als Geschenksidee.\",\"breadcrumb\":{\"@id\":\"https:\\\/\\\/outdoorpuzzle.com\\\/product\\\/compact-towel-navy-tones\\\/#breadcrumb\"},\"inLanguage\":\"it-IT\",\"potentialAction\":[{\"@type\":\"ReadAction\",\"target\":[\"https:\\\/\\\/outdoorpuzzle.com\\\/product\\\/compact-towel-navy-tones\\\/\"]}]},{\"@type\":\"ImageObject\",\"inLanguage\":\"it-IT\",\"@id\":\"https:\\\/\\\/outdoorpuzzle.com\\\/product\\\/compact-towel-navy-tones\\\/#primaryimage\",\"url\":\"https:\\\/\\\/outdoorpuzzle.com\\\/wp-content\\\/uploads\\\/2022\\\/04\\\/TOP-towel-HK-Navy-Tones-carry-bag.png\",\"contentUrl\":\"https:\\\/\\\/outdoorpuzzle.com\\\/wp-content\\\/uploads\\\/2022\\\/04\\\/TOP-towel-HK-Navy-Tones-carry-bag.png\",\"width\":1080,\"height\":1080,\"caption\":\"Lightweight Beach Towel With Navy Colour In Carry Bag\"},{\"@type\":\"BreadcrumbList\",\"@id\":\"https:\\\/\\\/outdoorpuzzle.com\\\/product\\\/compact-towel-navy-tones\\\/#breadcrumb\",\"itemListElement\":[{\"@type\":\"ListItem\",\"position\":1,\"name\":\"Home\",\"item\":\"https:\\\/\\\/outdoorpuzzle.com\\\/\"},{\"@type\":\"ListItem\",\"position\":2,\"name\":\"Shop\",\"item\":\"https:\\\/\\\/outdoorpuzzle.com\\\/shop\\\/\"},{\"@type\":\"ListItem\",\"position\":3,\"name\":\"Compact Lightweight Cotton Towel With Carry Bag &#8211; Beach Spa Sauna &#8211; Navy Tones L\"}]},{\"@type\":\"WebSite\",\"@id\":\"https:\\\/\\\/outdoorpuzzle.com\\\/en\\\/#website\",\"url\":\"https:\\\/\\\/outdoorpuzzle.com\\\/en\\\/\",\"name\":\"The Outdoor Puzzle\",\"description\":\"Lightweight Towels for Outdoor People\",\"publisher\":{\"@id\":\"https:\\\/\\\/outdoorpuzzle.com\\\/en\\\/#organization\"},\"potentialAction\":[{\"@type\":\"SearchAction\",\"target\":{\"@type\":\"EntryPoint\",\"urlTemplate\":\"https:\\\/\\\/outdoorpuzzle.com\\\/en\\\/?s={search_term_string}\"},\"query-input\":{\"@type\":\"PropertyValueSpecification\",\"valueRequired\":true,\"valueName\":\"search_term_string\"}}],\"inLanguage\":\"it-IT\"},{\"@type\":\"Organization\",\"@id\":\"https:\\\/\\\/outdoorpuzzle.com\\\/en\\\/#organization\",\"name\":\"The Outdoor Puzzle\",\"alternateName\":\"The Outdoor Puzzle\",\"url\":\"https:\\\/\\\/outdoorpuzzle.com\\\/en\\\/\",\"logo\":{\"@type\":\"ImageObject\",\"inLanguage\":\"it-IT\",\"@id\":\"https:\\\/\\\/outdoorpuzzle.com\\\/en\\\/#\\\/schema\\\/logo\\\/image\\\/\",\"url\":\"https:\\\/\\\/outdoorpuzzle.com\\\/wp-content\\\/uploads\\\/2022\\\/07\\\/Logo-Full-Renkli.png\",\"contentUrl\":\"https:\\\/\\\/outdoorpuzzle.com\\\/wp-content\\\/uploads\\\/2022\\\/07\\\/Logo-Full-Renkli.png\",\"width\":500,\"height\":193,\"caption\":\"The Outdoor Puzzle\"},\"image\":{\"@id\":\"https:\\\/\\\/outdoorpuzzle.com\\\/en\\\/#\\\/schema\\\/logo\\\/image\\\/\"},\"sameAs\":[\"https:\\\/\\\/www.facebook.com\\\/profile.php?id=100076379679829\",\"https:\\\/\\\/www.instagram.com\\\/the_outdoor_puzzle\",\"https:\\\/\\\/www.tiktok.com\\\/@the.outdoor.puzzle\",\"https:\\\/\\\/www.linkedin.com\\\/company\\\/the-outdoor-puzzle\"]}]}<\/script>\n<!-- \/ Yoast SEO plugin. -->","yoast_head_json":{"title":"D\u00fcnnes Badetuch aus Baumwolle Navy Blau M\u00e4nner | Sauna Strand","description":"Elegantes leichtes Badetuch aus Baumwolle in Aufbewahrunstasche, Farbe Navy Blau. Saunatuch im Winter und Strandtuch im Sommer. Ideal als Geschenksidee.","robots":{"index":"index","follow":"follow","max-snippet":"max-snippet:-1","max-image-preview":"max-image-preview:large","max-video-preview":"max-video-preview:-1"},"canonical":"https:\/\/outdoorpuzzle.com\/it\/prodotto\/compact-towel-navy-tones\/","og_locale":"it_IT","og_type":"article","og_title":"D\u00fcnnes Badetuch aus Baumwolle Navy Blau M\u00e4nner | Sauna Strand","og_description":"Elegantes leichtes Badetuch aus Baumwolle in Aufbewahrunstasche, Farbe Navy Blau. Saunatuch im Winter und Strandtuch im Sommer. Ideal als Geschenksidee.","og_url":"https:\/\/outdoorpuzzle.com\/it\/prodotto\/compact-towel-navy-tones\/","og_site_name":"The Outdoor Puzzle","article_publisher":"https:\/\/www.facebook.com\/profile.php?id=100076379679829","article_modified_time":"2026-02-09T21:55:26+00:00","og_image":[{"width":1080,"height":1080,"url":"https:\/\/outdoorpuzzle.com\/wp-content\/uploads\/2022\/04\/TOP-towel-HK-Navy-Tones-carry-bag.png","type":"image\/png"}],"twitter_card":"summary_large_image","twitter_misc":{"Tempo di lettura stimato":"2 minuti"},"schema":{"@context":"https:\/\/schema.org","@graph":[{"@type":"WebPage","@id":"https:\/\/outdoorpuzzle.com\/product\/compact-towel-navy-tones\/","url":"https:\/\/outdoorpuzzle.com\/product\/compact-towel-navy-tones\/","name":"D\u00fcnnes Badetuch aus Baumwolle Navy Blau M\u00e4nner | Sauna Strand","isPartOf":{"@id":"https:\/\/outdoorpuzzle.com\/en\/#website"},"primaryImageOfPage":{"@id":"https:\/\/outdoorpuzzle.com\/product\/compact-towel-navy-tones\/#primaryimage"},"image":{"@id":"https:\/\/outdoorpuzzle.com\/product\/compact-towel-navy-tones\/#primaryimage"},"thumbnailUrl":"https:\/\/outdoorpuzzle.com\/wp-content\/uploads\/2022\/04\/TOP-towel-HK-Navy-Tones-carry-bag.png","datePublished":"2022-04-30T12:51:54+00:00","dateModified":"2026-02-09T21:55:26+00:00","description":"Elegantes leichtes Badetuch aus Baumwolle in Aufbewahrunstasche, Farbe Navy Blau. Saunatuch im Winter und Strandtuch im Sommer. Ideal als Geschenksidee.","breadcrumb":{"@id":"https:\/\/outdoorpuzzle.com\/product\/compact-towel-navy-tones\/#breadcrumb"},"inLanguage":"it-IT","potentialAction":[{"@type":"ReadAction","target":["https:\/\/outdoorpuzzle.com\/product\/compact-towel-navy-tones\/"]}]},{"@type":"ImageObject","inLanguage":"it-IT","@id":"https:\/\/outdoorpuzzle.com\/product\/compact-towel-navy-tones\/#primaryimage","url":"https:\/\/outdoorpuzzle.com\/wp-content\/uploads\/2022\/04\/TOP-towel-HK-Navy-Tones-carry-bag.png","contentUrl":"https:\/\/outdoorpuzzle.com\/wp-content\/uploads\/2022\/04\/TOP-towel-HK-Navy-Tones-carry-bag.png","width":1080,"height":1080,"caption":"Lightweight Beach Towel With Navy Colour In Carry Bag"},{"@type":"BreadcrumbList","@id":"https:\/\/outdoorpuzzle.com\/product\/compact-towel-navy-tones\/#breadcrumb","itemListElement":[{"@type":"ListItem","position":1,"name":"Home","item":"https:\/\/outdoorpuzzle.com\/"},{"@type":"ListItem","position":2,"name":"Shop","item":"https:\/\/outdoorpuzzle.com\/shop\/"},{"@type":"ListItem","position":3,"name":"Compact Lightweight Cotton Towel With Carry Bag &#8211; Beach Spa Sauna &#8211; Navy Tones L"}]},{"@type":"WebSite","@id":"https:\/\/outdoorpuzzle.com\/en\/#website","url":"https:\/\/outdoorpuzzle.com\/en\/","name":"The Outdoor Puzzle","description":"Lightweight Towels for Outdoor People","publisher":{"@id":"https:\/\/outdoorpuzzle.com\/en\/#organization"},"potentialAction":[{"@type":"SearchAction","target":{"@type":"EntryPoint","urlTemplate":"https:\/\/outdoorpuzzle.com\/en\/?s={search_term_string}"},"query-input":{"@type":"PropertyValueSpecification","valueRequired":true,"valueName":"search_term_string"}}],"inLanguage":"it-IT"},{"@type":"Organization","@id":"https:\/\/outdoorpuzzle.com\/en\/#organization","name":"The Outdoor Puzzle","alternateName":"The Outdoor Puzzle","url":"https:\/\/outdoorpuzzle.com\/en\/","logo":{"@type":"ImageObject","inLanguage":"it-IT","@id":"https:\/\/outdoorpuzzle.com\/en\/#\/schema\/logo\/image\/","url":"https:\/\/outdoorpuzzle.com\/wp-content\/uploads\/2022\/07\/Logo-Full-Renkli.png","contentUrl":"https:\/\/outdoorpuzzle.com\/wp-content\/uploads\/2022\/07\/Logo-Full-Renkli.png","width":500,"height":193,"caption":"The Outdoor Puzzle"},"image":{"@id":"https:\/\/outdoorpuzzle.com\/en\/#\/schema\/logo\/image\/"},"sameAs":["https:\/\/www.facebook.com\/profile.php?id=100076379679829","https:\/\/www.instagram.com\/the_outdoor_puzzle","https:\/\/www.tiktok.com\/@the.outdoor.puzzle","https:\/\/www.linkedin.com\/company\/the-outdoor-puzzle"]}]}},"_links":{"self":[{"href":"https:\/\/outdoorpuzzle.com\/it\/wp-json\/wp\/v2\/product\/1167","targetHints":{"allow":["GET"]}}],"collection":[{"href":"https:\/\/outdoorpuzzle.com\/it\/wp-json\/wp\/v2\/product"}],"about":[{"href":"https:\/\/outdoorpuzzle.com\/it\/wp-json\/wp\/v2\/types\/product"}],"replies":[{"embeddable":true,"href":"https:\/\/outdoorpuzzle.com\/it\/wp-json\/wp\/v2\/comments?post=1167"}],"wp:featuredmedia":[{"embeddable":true,"href":"https:\/\/outdoorpuzzle.com\/it\/wp-json\/wp\/v2\/media\/2150"}],"wp:attachment":[{"href":"https:\/\/outdoorpuzzle.com\/it\/wp-json\/wp\/v2\/media?parent=1167"}],"wp:term":[{"taxonomy":"product_brand","embeddable":true,"href":"https:\/\/outdoorpuzzle.com\/it\/wp-json\/wp\/v2\/product_brand?post=1167"},{"taxonomy":"product_cat","embeddable":true,"href":"https:\/\/outdoorpuzzle.com\/it\/wp-json\/wp\/v2\/product_cat?post=1167"},{"taxonomy":"product_tag","embeddable":true,"href":"https:\/\/outdoorpuzzle.com\/it\/wp-json\/wp\/v2\/product_tag?post=1167"}],"curies":[{"name":"wp","href":"https:\/\/api.w.org\/{rel}","templated":true}]}}