{"id":807,"date":"2021-04-15T20:05:04","date_gmt":"2021-04-15T20:05:04","guid":{"rendered":"https:\/\/outdoorpuzzle.com\/?page_id=807"},"modified":"2026-02-28T16:14:19","modified_gmt":"2026-02-28T16:14:19","slug":"returns","status":"publish","type":"page","link":"https:\/\/outdoorpuzzle.com\/it\/returns\/","title":{"rendered":"Resi"},"content":{"rendered":"<p>I consumatori hanno diritto a un diritto di recesso in conformit\u00e0 con le seguenti disposizioni, dove per consumatore si intende qualsiasi persona fisica che conclude un negozio giuridico per scopi che sono prevalentemente non commerciali n\u00e9 legati alla propria attivit\u00e0 autonoma.<br>&nbsp;<br><strong>Diritto di recesso<\/strong><br>&nbsp;<br>Avete il diritto di annullare questo contratto entro 30 giorni, senza fornire alcuna motivazione.<br>&nbsp;<br>Il periodo di cancellazione \u00e8 di 30 giorni dal giorno in cui voi o un terzo da voi designato, che non sia il corriere, avete preso possesso dei beni.<br>&nbsp;<br>Per esercitare il vostro diritto di recesso, dovete contattarci<\/p>\n\n\n\n<p>The Outdoor Puzzle&nbsp;e.U.&nbsp;<br>B\u00fclent Atay&nbsp;<br>Liechtensteinstrasse&nbsp;52\/20 1090 Wien&nbsp;<br>E-Mail&nbsp;<a href=\"mailto:info@outdoorpuzzle.com\" target=\"_blank\" rel=\"noreferrer noopener\">info@outdoorpuzzle.com&nbsp;<br><\/a>Tel.:&nbsp;\u202f+43 67763751509&nbsp;<\/p>\n\n\n\n<p>Mediante una dichiarazione chiara (ad esempio, e-mail, messaggio WhatsApp o una lettera inviata per posta) della tua decisione di recedere da questo contratto. <\/p>\n\n\n\n<p><br><strong>Conseguenze della cancellazione<\/strong><br>&nbsp;<br>Se recedi da questo contratto, ti restituiremo tutti i pagamenti che abbiamo ricevuto da te, inclusi i costi di consegna (ad eccezione dei costi aggiuntivi derivanti dalla scelta di un tipo di consegna diverso dal pi\u00f9 economico standard da noi offerto), da restituire immediatamente e, al pi\u00f9 tardi, entro 30 giorni dal giorno in cui abbiamo ricevuto la notifica della tua cancellazione. Per questo rimborso, utilizzeremo lo stesso mezzo di pagamento che hai usato per la transazione originale, a meno che non sia stato espressamente concordato diversamente con te; in nessun caso ti saranno addebitate commissioni per questo rimborso.<br>&nbsp;<br>Possiamo trattenere il rimborso finch\u00e9 non avremo ricevuto la merce oppure finch\u00e9 tu non avrai fornito prova di aver restituito la merce, a seconda di quale delle due condizioni si verifichi per prima.<br>&nbsp;<br>Devi restituire o consegnare i beni a noi immediatamente e, in ogni caso, non oltre 30 giorni dalla data in cui ci hai informati della cancellazione di questo contratto. Il termine si considera rispettato se invii i beni prima della scadenza di 30 giorni.<\/p>\n\n\n\n<p>Se i beni sono stati utilizzati dal cliente, il venditore non \u00e8 obbligato ad accettare il recesso del cliente.<br>\u00a0<br>Il cliente sostiene i costi diretti della restituzione dei beni.<\/p>\n\n\n\n<div class=\"wp-block-group alignfull has-text-color has-background\" style=\"color:#000000;background-color:#ffffff\"><div class=\"wp-block-group__inner-container is-layout-flow wp-block-group-is-layout-flow\">\n<div style=\"height:64px\" aria-hidden=\"true\" class=\"wp-block-spacer\"><\/div>\n\n\n\n<p class=\"has-text-align-center has-text-color has-medium-font-size\" style=\"color:#12b7d3;line-height:.9\">30 giorni di rimborso<\/p>\n\n\n\n<h2 class=\"wp-block-heading has-text-align-center has-text-color\" id=\"schedule-a-visit\" style=\"color:#12b7d3;font-size:25px;font-style:normal;font-weight:400;line-height:1.15\">Scopri la gamma di prodotti<\/h2>\n\n\n\n<div class=\"wp-block-buttons is-horizontal is-content-justification-center is-layout-flex wp-container-core-buttons-is-layout-499968f5 wp-block-buttons-is-layout-flex\">\n<div class=\"wp-block-button has-custom-width wp-block-button__width-50 has-custom-font-size has-medium-font-size\"><a class=\"wp-block-button__link has-text-color has-background wp-element-button\" href=\"https:\/\/outdoorpuzzle.com\/it\/shop\/\" style=\"border-radius:50px;color:#ffffff;background-color:#12b7d3\">ONLINE SHOP<\/a><\/div>\n<\/div>\n\n\n\n<div style=\"height:64px\" aria-hidden=\"true\" class=\"wp-block-spacer\"><\/div>\n<\/div><\/div>","protected":false},"excerpt":{"rendered":"<p>Consumers are entitled to a right of withdrawal in accordance with the following provisions, whereby a consumer is any natural person who concludes a legal<\/p>","protected":false},"author":1,"featured_media":0,"parent":0,"menu_order":0,"comment_status":"closed","ping_status":"closed","template":"","meta":{"_monsterinsights_skip_tracking":false,"_monsterinsights_sitenote_active":false,"_monsterinsights_sitenote_note":"","_monsterinsights_sitenote_category":0,"_joinchat":[],"footnotes":""},"class_list":["post-807","page","type-page","status-publish","hentry"],"yoast_head":"<!-- This site is optimized with the Yoast SEO plugin v27.3 - https:\/\/yoast.com\/product\/yoast-seo-wordpress\/ -->\n<title>Strandt\u00fccher Saunat\u00fccher mit 30 Tage R\u00fcckgabe | Web Shop<\/title>\n<meta name=\"description\" content=\"Sie haben das Recht, binnen 30 Tagen ohne Angabe von Gr\u00fcnden uns die unbenutzten Handt\u00fccher zur\u00fcckzuschicken und Ihr Geld zur\u00fcckzubekommen.\" \/>\n<meta name=\"robots\" content=\"index, follow, max-snippet:-1, max-image-preview:large, max-video-preview:-1\" \/>\n<link rel=\"canonical\" href=\"https:\/\/outdoorpuzzle.com\/it\/returns\/\" \/>\n<meta property=\"og:locale\" content=\"it_IT\" \/>\n<meta property=\"og:type\" content=\"article\" \/>\n<meta property=\"og:title\" content=\"Strandt\u00fccher Saunat\u00fccher mit 30 Tage R\u00fcckgabe | Web Shop\" \/>\n<meta property=\"og:description\" content=\"Sie haben das Recht, binnen 30 Tagen ohne Angabe von Gr\u00fcnden uns die unbenutzten Handt\u00fccher zur\u00fcckzuschicken und Ihr Geld zur\u00fcckzubekommen.\" \/>\n<meta property=\"og:url\" content=\"https:\/\/outdoorpuzzle.com\/it\/returns\/\" \/>\n<meta property=\"og:site_name\" content=\"The Outdoor Puzzle\" \/>\n<meta property=\"article:publisher\" content=\"https:\/\/www.facebook.com\/profile.php?id=100076379679829\" \/>\n<meta property=\"article:modified_time\" content=\"2026-02-28T16:14:19+00:00\" \/>\n<meta property=\"og:image\" content=\"https:\/\/outdoorpuzzle.com\/wp-content\/uploads\/2023\/02\/TOP-Image-for-SEO.jpg\" \/>\n\t<meta property=\"og:image:width\" content=\"1200\" \/>\n\t<meta property=\"og:image:height\" content=\"630\" \/>\n\t<meta property=\"og:image:type\" content=\"image\/jpeg\" \/>\n<meta name=\"twitter:card\" content=\"summary_large_image\" \/>\n<meta name=\"twitter:label1\" content=\"Tempo di lettura stimato\" \/>\n\t<meta name=\"twitter:data1\" content=\"2 minuti\" \/>\n<script type=\"application\/ld+json\" class=\"yoast-schema-graph\">{\"@context\":\"https:\\\/\\\/schema.org\",\"@graph\":[{\"@type\":\"WebPage\",\"@id\":\"https:\\\/\\\/outdoorpuzzle.com\\\/returns\\\/\",\"url\":\"https:\\\/\\\/outdoorpuzzle.com\\\/returns\\\/\",\"name\":\"Strandt\u00fccher Saunat\u00fccher mit 30 Tage R\u00fcckgabe | Web Shop\",\"isPartOf\":{\"@id\":\"https:\\\/\\\/outdoorpuzzle.com\\\/en\\\/#website\"},\"datePublished\":\"2021-04-15T20:05:04+00:00\",\"dateModified\":\"2026-02-28T16:14:19+00:00\",\"description\":\"Sie haben das Recht, binnen 30 Tagen ohne Angabe von Gr\u00fcnden uns die unbenutzten Handt\u00fccher zur\u00fcckzuschicken und Ihr Geld zur\u00fcckzubekommen.\",\"breadcrumb\":{\"@id\":\"https:\\\/\\\/outdoorpuzzle.com\\\/returns\\\/#breadcrumb\"},\"inLanguage\":\"it-IT\",\"potentialAction\":[{\"@type\":\"ReadAction\",\"target\":[\"https:\\\/\\\/outdoorpuzzle.com\\\/returns\\\/\"]}]},{\"@type\":\"BreadcrumbList\",\"@id\":\"https:\\\/\\\/outdoorpuzzle.com\\\/returns\\\/#breadcrumb\",\"itemListElement\":[{\"@type\":\"ListItem\",\"position\":1,\"name\":\"Home\",\"item\":\"https:\\\/\\\/outdoorpuzzle.com\\\/\"},{\"@type\":\"ListItem\",\"position\":2,\"name\":\"Returns\"}]},{\"@type\":\"WebSite\",\"@id\":\"https:\\\/\\\/outdoorpuzzle.com\\\/en\\\/#website\",\"url\":\"https:\\\/\\\/outdoorpuzzle.com\\\/en\\\/\",\"name\":\"The Outdoor Puzzle\",\"description\":\"Lightweight Towels for Outdoor People\",\"publisher\":{\"@id\":\"https:\\\/\\\/outdoorpuzzle.com\\\/en\\\/#organization\"},\"potentialAction\":[{\"@type\":\"SearchAction\",\"target\":{\"@type\":\"EntryPoint\",\"urlTemplate\":\"https:\\\/\\\/outdoorpuzzle.com\\\/en\\\/?s={search_term_string}\"},\"query-input\":{\"@type\":\"PropertyValueSpecification\",\"valueRequired\":true,\"valueName\":\"search_term_string\"}}],\"inLanguage\":\"it-IT\"},{\"@type\":\"Organization\",\"@id\":\"https:\\\/\\\/outdoorpuzzle.com\\\/en\\\/#organization\",\"name\":\"The Outdoor Puzzle\",\"alternateName\":\"The Outdoor Puzzle\",\"url\":\"https:\\\/\\\/outdoorpuzzle.com\\\/en\\\/\",\"logo\":{\"@type\":\"ImageObject\",\"inLanguage\":\"it-IT\",\"@id\":\"https:\\\/\\\/outdoorpuzzle.com\\\/en\\\/#\\\/schema\\\/logo\\\/image\\\/\",\"url\":\"https:\\\/\\\/outdoorpuzzle.com\\\/wp-content\\\/uploads\\\/2022\\\/07\\\/Logo-Full-Renkli.png\",\"contentUrl\":\"https:\\\/\\\/outdoorpuzzle.com\\\/wp-content\\\/uploads\\\/2022\\\/07\\\/Logo-Full-Renkli.png\",\"width\":500,\"height\":193,\"caption\":\"The Outdoor Puzzle\"},\"image\":{\"@id\":\"https:\\\/\\\/outdoorpuzzle.com\\\/en\\\/#\\\/schema\\\/logo\\\/image\\\/\"},\"sameAs\":[\"https:\\\/\\\/www.facebook.com\\\/profile.php?id=100076379679829\",\"https:\\\/\\\/www.instagram.com\\\/the_outdoor_puzzle\",\"https:\\\/\\\/www.tiktok.com\\\/@the.outdoor.puzzle\",\"https:\\\/\\\/www.linkedin.com\\\/company\\\/the-outdoor-puzzle\"]}]}<\/script>\n<!-- \/ Yoast SEO plugin. -->","yoast_head_json":{"title":"Strandt\u00fccher Saunat\u00fccher mit 30 Tage R\u00fcckgabe | Web Shop","description":"Sie haben das Recht, binnen 30 Tagen ohne Angabe von Gr\u00fcnden uns die unbenutzten Handt\u00fccher zur\u00fcckzuschicken und Ihr Geld zur\u00fcckzubekommen.","robots":{"index":"index","follow":"follow","max-snippet":"max-snippet:-1","max-image-preview":"max-image-preview:large","max-video-preview":"max-video-preview:-1"},"canonical":"https:\/\/outdoorpuzzle.com\/it\/returns\/","og_locale":"it_IT","og_type":"article","og_title":"Strandt\u00fccher Saunat\u00fccher mit 30 Tage R\u00fcckgabe | Web Shop","og_description":"Sie haben das Recht, binnen 30 Tagen ohne Angabe von Gr\u00fcnden uns die unbenutzten Handt\u00fccher zur\u00fcckzuschicken und Ihr Geld zur\u00fcckzubekommen.","og_url":"https:\/\/outdoorpuzzle.com\/it\/returns\/","og_site_name":"The Outdoor Puzzle","article_publisher":"https:\/\/www.facebook.com\/profile.php?id=100076379679829","article_modified_time":"2026-02-28T16:14:19+00:00","og_image":[{"width":1200,"height":630,"url":"https:\/\/outdoorpuzzle.com\/wp-content\/uploads\/2023\/02\/TOP-Image-for-SEO.jpg","type":"image\/jpeg"}],"twitter_card":"summary_large_image","twitter_misc":{"Tempo di lettura stimato":"2 minuti"},"schema":{"@context":"https:\/\/schema.org","@graph":[{"@type":"WebPage","@id":"https:\/\/outdoorpuzzle.com\/returns\/","url":"https:\/\/outdoorpuzzle.com\/returns\/","name":"Strandt\u00fccher Saunat\u00fccher mit 30 Tage R\u00fcckgabe | Web Shop","isPartOf":{"@id":"https:\/\/outdoorpuzzle.com\/en\/#website"},"datePublished":"2021-04-15T20:05:04+00:00","dateModified":"2026-02-28T16:14:19+00:00","description":"Sie haben das Recht, binnen 30 Tagen ohne Angabe von Gr\u00fcnden uns die unbenutzten Handt\u00fccher zur\u00fcckzuschicken und Ihr Geld zur\u00fcckzubekommen.","breadcrumb":{"@id":"https:\/\/outdoorpuzzle.com\/returns\/#breadcrumb"},"inLanguage":"it-IT","potentialAction":[{"@type":"ReadAction","target":["https:\/\/outdoorpuzzle.com\/returns\/"]}]},{"@type":"BreadcrumbList","@id":"https:\/\/outdoorpuzzle.com\/returns\/#breadcrumb","itemListElement":[{"@type":"ListItem","position":1,"name":"Home","item":"https:\/\/outdoorpuzzle.com\/"},{"@type":"ListItem","position":2,"name":"Returns"}]},{"@type":"WebSite","@id":"https:\/\/outdoorpuzzle.com\/en\/#website","url":"https:\/\/outdoorpuzzle.com\/en\/","name":"The Outdoor Puzzle","description":"Lightweight Towels for Outdoor People","publisher":{"@id":"https:\/\/outdoorpuzzle.com\/en\/#organization"},"potentialAction":[{"@type":"SearchAction","target":{"@type":"EntryPoint","urlTemplate":"https:\/\/outdoorpuzzle.com\/en\/?s={search_term_string}"},"query-input":{"@type":"PropertyValueSpecification","valueRequired":true,"valueName":"search_term_string"}}],"inLanguage":"it-IT"},{"@type":"Organization","@id":"https:\/\/outdoorpuzzle.com\/en\/#organization","name":"The Outdoor Puzzle","alternateName":"The Outdoor Puzzle","url":"https:\/\/outdoorpuzzle.com\/en\/","logo":{"@type":"ImageObject","inLanguage":"it-IT","@id":"https:\/\/outdoorpuzzle.com\/en\/#\/schema\/logo\/image\/","url":"https:\/\/outdoorpuzzle.com\/wp-content\/uploads\/2022\/07\/Logo-Full-Renkli.png","contentUrl":"https:\/\/outdoorpuzzle.com\/wp-content\/uploads\/2022\/07\/Logo-Full-Renkli.png","width":500,"height":193,"caption":"The Outdoor Puzzle"},"image":{"@id":"https:\/\/outdoorpuzzle.com\/en\/#\/schema\/logo\/image\/"},"sameAs":["https:\/\/www.facebook.com\/profile.php?id=100076379679829","https:\/\/www.instagram.com\/the_outdoor_puzzle","https:\/\/www.tiktok.com\/@the.outdoor.puzzle","https:\/\/www.linkedin.com\/company\/the-outdoor-puzzle"]}]}},"_links":{"self":[{"href":"https:\/\/outdoorpuzzle.com\/it\/wp-json\/wp\/v2\/pages\/807","targetHints":{"allow":["GET"]}}],"collection":[{"href":"https:\/\/outdoorpuzzle.com\/it\/wp-json\/wp\/v2\/pages"}],"about":[{"href":"https:\/\/outdoorpuzzle.com\/it\/wp-json\/wp\/v2\/types\/page"}],"author":[{"embeddable":true,"href":"https:\/\/outdoorpuzzle.com\/it\/wp-json\/wp\/v2\/users\/1"}],"replies":[{"embeddable":true,"href":"https:\/\/outdoorpuzzle.com\/it\/wp-json\/wp\/v2\/comments?post=807"}],"version-history":[{"count":10,"href":"https:\/\/outdoorpuzzle.com\/it\/wp-json\/wp\/v2\/pages\/807\/revisions"}],"predecessor-version":[{"id":2451,"href":"https:\/\/outdoorpuzzle.com\/it\/wp-json\/wp\/v2\/pages\/807\/revisions\/2451"}],"wp:attachment":[{"href":"https:\/\/outdoorpuzzle.com\/it\/wp-json\/wp\/v2\/media?parent=807"}],"curies":[{"name":"wp","href":"https:\/\/api.w.org\/{rel}","templated":true}]}}