{"id":802,"date":"2021-04-15T19:55:53","date_gmt":"2021-04-15T19:55:53","guid":{"rendered":"https:\/\/outdoorpuzzle.com\/?page_id=802"},"modified":"2026-02-28T16:35:27","modified_gmt":"2026-02-28T16:35:27","slug":"terms-and-conditions","status":"publish","type":"page","link":"https:\/\/outdoorpuzzle.com\/it\/terms-and-conditions\/","title":{"rendered":"Termini e condizioni"},"content":{"rendered":"<p><strong>1. Ambito di applicazione<\/strong><\/p>\n\n\n\n<p class=\"has-text-align-left\">I seguenti termini e condizioni generali si applicano a tutte le consegne tra The Outdoor Puzzle e.U. e un consumatore o imprenditore (di seguito \u201ccliente\u201d) nella versione valida al momento dell'ordine.<br>&nbsp;<br>Un consumatore \u00e8 qualsiasi persona fisica che conclude un negozio giuridico per scopi che sono prevalentemente non commerciali n\u00e9 legati alla propria attivit\u00e0 professionale indipendente. Un imprenditore, ai sensi di questi termini, \u00e8 una persona fisica o giuridica o una persona giuridica che, al concludere un negozio giuridico, agisce nell\u2019esercizio della propria attivit\u00e0 commerciale o professionale indipendente.<\/p>\n\n\n\n<p><strong>2. Conclusione del contratto<\/strong><\/p>\n\n\n\n<p>(a) Le disposizioni seguenti sulla conclusione del contratto si applicano agli ordini tramite il sito web&nbsp;<a rel=\"noreferrer noopener\" href=\"https:\/\/outdoorpuzzle.com\/it\/\" target=\"_blank\">www.outdoorpuzzle.com<\/a>&nbsp;&nbsp;<br>&nbsp;<br>(b) Se il contratto \u00e8 concluso, il partner contrattuale \u00e8<\/p>\n\n\n\n<p>The Outdoor Puzzle&nbsp;e.U.&nbsp;<br>B\u00fclent Atay&nbsp;<br>Liechtensteinstrasse&nbsp;52\/20 1090 Wien&nbsp;<br>Numero di registro commerciale: 525989p&nbsp;<br>Tribunale del registro commerciale: Handelsgericht Wien&nbsp;<\/p>\n\n\n\n<p>(di seguito denominato \u201cvenditore\u201d).&nbsp;<br>&nbsp;<br>(c) La presentazione dei prodotti sul sito web non costituisce un\u2019offerta contrattuale vincolante, ma \u00e8 solo un invito non vincolante al cliente a ordinare i beni. Ordinando i beni desiderati, il cliente invia un\u2019offerta vincolante per concludere un contratto di acquisto.<br>&nbsp;<br>(d) Quando viene effettuato un ordine sul sito, si applicano le seguenti regole: il cliente invia un\u2019offerta contrattuale vincolante completando con successo la procedura d\u2019ordine fornita sul sito. L\u2019ordine si effettua generalmente nei seguenti passaggi: selezione dei beni desiderati, conferma cliccando il pulsante \u201cAggiungi al carrello\u201d, cliccando il pulsante \u201cProcedi al pagamento\u201d, ordine vincolante dei beni cliccando il pulsante \u201cAcquista ora\u201d.<\/p>\n\n\n\n<p>La ricezione dell\u2019ordine \u00e8 immediatamente confermata tramite email. Questo non rappresenta ancora un\u2019accettazione dell\u2019offerta. L\u2019offerta \u00e8 accettata per iscritto tramite conferma d\u2019ordine (ad esempio, email con termini e condizioni) o con la spedizione della merce ordinata entro 7 giorni lavorativi. Se questo termine scade senza esito, l\u2019offerta si intende rifiutata.<\/p>\n\n\n\n<p>Il cliente pu\u00f2 inoltre inviare l\u2019offerta al venditore telefonicamente o via email.<br>&nbsp;<\/p>\n\n\n\n<p><strong>3. Prezzi, costi di spedizione, pagamento<\/strong><\/p>\n\n\n\n<p>(a) Salvo diverso indicato nella descrizione del prodotto del venditore, i prezzi indicati sono prezzi totali che includono l\u2019imposta sul valore aggiunto di legge. Eventuali costi di consegna e spedizione aggiuntivi saranno chiaramente comunicati all\u2019acquirente nella pagina dei costi di spedizione e durante il processo di ordinazione.&nbsp;<br>&nbsp;<br>(b) Il consumatore ha la possibilit\u00e0 di effettuare il pagamento con le opzioni offerte di pagamento anticipato (bonifico bancario) e carta di credito.<br>&nbsp;<br>(c) Se il cliente ha scelto di pagare in anticipo, il cliente si impegna a pagare il prezzo di acquisto immediatamente dopo la conclusione del contratto. Se il pagamento non \u00e8 stato ricevuto dal venditore entro dieci giorni di calendario dall\u2019invio della conferma d\u2019ordine, il venditore si ritira dal contratto, con il risultato che l\u2019ordine decade e il venditore non \u00e8 obbligato a consegnare. L\u2019ordine \u00e8 quindi concluso per l\u2019acquirente e il venditore senza ulteriori conseguenze.<\/p>\n\n\n\n<p><strong>4. Consegna&nbsp;<\/strong><\/p>\n\n\n\n<p>(a) La consegna dei beni avviene per via di spedizione all\u2019indirizzo di consegna indicato dal cliente, salvo diverso accordo. Nella gestione della transazione, \u00e8 determinante l\u2019indirizzo di consegna indicato nell\u2019elaborazione dell\u2019ordine del venditore.<\/p>\n\n\n\n<p>(b) Se il prodotto selezionato dal cliente non \u00e8 disponibile al momento dell\u2019ordine, il venditore ne dar\u00e0 comunicazione al cliente nell\u2019accettazione dell\u2019ordine. Se il prodotto \u00e8 permanentemente non disponibile, il venditore non rilascer\u00e0 una dichiarazione di accettazione. In questo caso, il contratto non \u00e8 concluso.<\/p>\n\n\n\n<p>(c) Salvo diversa indicazione nella descrizione del prodotto, tutti gli articoli offerti sono pronti per la spedizione entro tre giorni lavorativi. In caso di pagamento anticipato, il termine per la consegna inizia dal giorno successivo all\u2019ordine di pagamento verso la banca incaricata del trasferimento e, per tutte le altre modalit\u00e0 di pagamento, dal giorno successivo alla conclusione del contratto.<\/p>\n\n\n\n<p><strong>5. Riserva di propriet\u00e0<\/strong><\/p>\n\n\n\n<p>Ci riserviamo la propriet\u00e0 dei beni fino al completo pagamento del prezzo di acquisto.<\/p>\n\n\n\n<p><strong>6. Garanzia<\/strong><\/p>\n\n\n\n<p>Salvo diversa indicazione, si applicano le disposizioni legali generali.<\/p>\n\n\n\n<p>La garanzia \u00e8 esclusa per difetti causati dal cliente. Questo \u00e8 particolarmente il caso di un uso improprio, di un funzionamento scorretto o tentativi di riparazione non autorizzati. Eventuali difetti che si verificano devono essere segnalati il prima possibile al momento della consegna o dopo che sono diventati visibili.<\/p>\n\n\n\n<p>Se i beni vengono consegnati con evidenti danni da trasporto, si prega di segnalare tali errori al corriere immediatamente e di contattarci al pi\u00f9 presto.<\/p>\n\n\n\n<p><strong>7. Responsabilit\u00e0<\/strong><\/p>\n\n\n\n<p>I reclami del cliente per risarcimento sono esclusi. Sono esclusi da questo i reclami del cliente per danni a vita, corpo, salute o per la violazione di obblighi contrattuali essenziali, nonch\u00e9 la responsabilit\u00e0 per altri danni basati su una violazione intenzionale o gravemente negligente del dovere da parte del venditore. Il risarcimento per conseguenze di un danno, nonch\u00e9 altri danni materiali, danni finanziari e danni a terzi contro il cliente, salvo si tratti di una transazione con consumatore, \u00e8 escluso.<\/p>\n\n\n\n<p><strong>8. Formulazione del contratto<\/strong>&nbsp;<\/p>\n\n\n\n<p>Il venditore salva il testo del contratto dell\u2019ordine. I termini e le condizioni generali sono disponibili online. Il venditore invia inoltre al cliente una conferma d\u2019ordine con tutti i dati dell\u2019ordine all\u2019indirizzo email fornito da lui. Inoltre, il cliente riceve una copia dei termini e condizioni con il suo ordine.<\/p>\n\n\n\n<p>I dati personali forniti per il fine di ordinare i beni (come nome, indirizzo email, indirizzo, dati di pagamento) saranno utilizzati dal venditore per adempiere e gestire il contratto. Questi dati sono trattati in modo confidenziale e non vengono trasmessi a terzi che non siano coinvolti nei processi di ordinazione, consegna e pagamento.<\/p>\n\n\n\n<p>Su richiesta, il cliente ha il diritto di ricevere gratuitamente informazioni sui dati personali memorizzati su di lui da parte del venditore. Inoltre, ha il diritto di correggere dati errati, bloccare e cancellare i propri dati personali, finch\u00e9 non sussiste un obbligo legale di conservazione.<\/p>\n\n\n\n<p>I dettagli su questo sono disponibili nella nostra Informativa sulla <a rel=\"noreferrer noopener\" href=\"https:\/\/outdoorpuzzle.com\/it\/datenschutzerklarung\/\" target=\"_blank\">Informativa sulla privacy&nbsp;<\/a><\/p>\n\n\n\n<p><strong>8. Lingua del contratto<\/strong><\/p>\n\n\n\n<p>La lingua del contratto \u00e8 esclusivamente il tedesco.<\/p>\n\n\n\n<p><strong>9. Forza maggiore<\/strong><\/p>\n\n\n\n<p>In caso di forza maggiore o eventi simili, come scioperi, catastrofi naturali, pandemie e interventi sovrani, siamo legittimati a posticipare la consegna per la durata dell\u2019impedimento e per un tempo ragionevole o a recedere dal contratto in tutto o in parte, a causa di una parte del contratto non ancora adempiuta.<\/p>\n\n\n\n<p><br><strong>Diritto di recesso<\/strong><br>Diritto di recesso&nbsp;<a rel=\"noreferrer noopener\" href=\"https:\/\/outdoorpuzzle.com\/it\/returns\/\" target=\"_blank\">Cancellation Policy<\/a>.&nbsp;<\/p>\n\n\n\n<p><strong>11. Legge applicabile e clausola di salvaguardia<\/strong>&nbsp;<\/p>\n\n\n\n<p>Si applica la giurisdizione legale austriaca. \u00c8 esclusa la validit\u00e0 della legge UN sulle vendite. Se una o pi\u00f9 disposizioni di questi termini e condizioni risultano o divengono inefficaci o nulle, tali disposizioni saranno sostituite da disposizioni che si avvicinano di pi\u00f9 al contenuto economico di queste disposizioni inefficaci o nulle. Le restanti condizioni rimangono invariate.<\/p>\n\n\n\n<p>Created in cooperation with agb.de&nbsp;<\/p>\n\n\n\n<div class=\"wp-block-group alignfull has-text-color has-background\" style=\"color:#000000;background-color:#ffffff\"><div class=\"wp-block-group__inner-container is-layout-flow wp-block-group-is-layout-flow\">\n<div style=\"height:64px\" aria-hidden=\"true\" class=\"wp-block-spacer\"><\/div>\n\n\n\n<p class=\"has-text-align-center has-text-color has-medium-font-size\" style=\"color:#12b7d3;line-height:.9\">Consegna gratuita sopra i 50 euro all'interno dell'Europa<\/p>\n\n\n\n<h2 class=\"wp-block-heading has-text-align-center has-text-color\" id=\"schedule-a-visit\" style=\"color:#12b7d3;font-size:25px;font-style:normal;font-weight:400;line-height:1.15\">Scopri la gamma di prodotti<\/h2>\n\n\n\n<div class=\"wp-block-buttons is-horizontal is-content-justification-center is-layout-flex wp-container-core-buttons-is-layout-499968f5 wp-block-buttons-is-layout-flex\">\n<div class=\"wp-block-button has-custom-width wp-block-button__width-50 has-custom-font-size has-medium-font-size\"><a class=\"wp-block-button__link has-text-color has-background wp-element-button\" href=\"https:\/\/outdoorpuzzle.com\/it\/shop\/\" style=\"border-radius:50px;color:#ffffff;background-color:#12b7d3\">ONLINE SHOP<\/a><\/div>\n<\/div>\n\n\n\n<div style=\"height:64px\" aria-hidden=\"true\" class=\"wp-block-spacer\"><\/div>\n<\/div><\/div>","protected":false},"excerpt":{"rendered":"<p>1.&nbsp;Scope The following general terms and conditions apply to all deliveries between The Outdoor Puzzle e.U. and a consumer or entrepreneur (hereinafter &#8220;customer&#8221;) in the<\/p>","protected":false},"author":1,"featured_media":0,"parent":0,"menu_order":0,"comment_status":"closed","ping_status":"closed","template":"","meta":{"_monsterinsights_skip_tracking":false,"_monsterinsights_sitenote_active":false,"_monsterinsights_sitenote_note":"","_monsterinsights_sitenote_category":0,"_joinchat":[],"footnotes":""},"class_list":["post-802","page","type-page","status-publish","hentry"],"yoast_head":"<!-- This site is optimized with the Yoast SEO plugin v27.3 - https:\/\/yoast.com\/product\/yoast-seo-wordpress\/ -->\n<title>Online Shop Microplastic-free Cotton Towels | Beach Sport Travel<\/title>\n<meta name=\"description\" content=\"The Outdoor Puzzle provides compact cotton towels made of natural materials, combining functionality with active lifestyle. Lightweight, absorbent.\" \/>\n<meta name=\"robots\" content=\"index, follow, max-snippet:-1, max-image-preview:large, max-video-preview:-1\" \/>\n<link rel=\"canonical\" href=\"https:\/\/outdoorpuzzle.com\/it\/terms-and-conditions\/\" \/>\n<meta property=\"og:locale\" content=\"it_IT\" \/>\n<meta property=\"og:type\" content=\"article\" \/>\n<meta property=\"og:title\" content=\"Online Shop Microplastic-free Cotton Towels | Beach Sport Travel\" \/>\n<meta property=\"og:description\" content=\"The Outdoor Puzzle provides compact cotton towels made of natural materials, combining functionality with active lifestyle. Lightweight, absorbent.\" \/>\n<meta property=\"og:url\" content=\"https:\/\/outdoorpuzzle.com\/it\/terms-and-conditions\/\" \/>\n<meta property=\"og:site_name\" content=\"The Outdoor Puzzle\" \/>\n<meta property=\"article:publisher\" content=\"https:\/\/www.facebook.com\/profile.php?id=100076379679829\" \/>\n<meta property=\"article:modified_time\" content=\"2026-02-28T16:35:27+00:00\" \/>\n<meta property=\"og:image\" content=\"https:\/\/outdoorpuzzle.com\/wp-content\/uploads\/2023\/02\/TOP-Image-for-SEO.jpg\" \/>\n\t<meta property=\"og:image:width\" content=\"1200\" \/>\n\t<meta property=\"og:image:height\" content=\"630\" \/>\n\t<meta property=\"og:image:type\" content=\"image\/jpeg\" \/>\n<meta name=\"twitter:card\" content=\"summary_large_image\" \/>\n<meta name=\"twitter:label1\" content=\"Tempo di lettura stimato\" \/>\n\t<meta name=\"twitter:data1\" content=\"6 minuti\" \/>\n<script type=\"application\/ld+json\" class=\"yoast-schema-graph\">{\"@context\":\"https:\\\/\\\/schema.org\",\"@graph\":[{\"@type\":\"WebPage\",\"@id\":\"https:\\\/\\\/outdoorpuzzle.com\\\/terms-and-conditions\\\/\",\"url\":\"https:\\\/\\\/outdoorpuzzle.com\\\/terms-and-conditions\\\/\",\"name\":\"Online Shop Microplastic-free Cotton Towels | Beach Sport Travel\",\"isPartOf\":{\"@id\":\"https:\\\/\\\/outdoorpuzzle.com\\\/en\\\/#website\"},\"datePublished\":\"2021-04-15T19:55:53+00:00\",\"dateModified\":\"2026-02-28T16:35:27+00:00\",\"description\":\"The Outdoor Puzzle provides compact cotton towels made of natural materials, combining functionality with active lifestyle. Lightweight, absorbent.\",\"breadcrumb\":{\"@id\":\"https:\\\/\\\/outdoorpuzzle.com\\\/terms-and-conditions\\\/#breadcrumb\"},\"inLanguage\":\"it-IT\",\"potentialAction\":[{\"@type\":\"ReadAction\",\"target\":[\"https:\\\/\\\/outdoorpuzzle.com\\\/terms-and-conditions\\\/\"]}]},{\"@type\":\"BreadcrumbList\",\"@id\":\"https:\\\/\\\/outdoorpuzzle.com\\\/terms-and-conditions\\\/#breadcrumb\",\"itemListElement\":[{\"@type\":\"ListItem\",\"position\":1,\"name\":\"Home\",\"item\":\"https:\\\/\\\/outdoorpuzzle.com\\\/\"},{\"@type\":\"ListItem\",\"position\":2,\"name\":\"Terms and Conditions\"}]},{\"@type\":\"WebSite\",\"@id\":\"https:\\\/\\\/outdoorpuzzle.com\\\/en\\\/#website\",\"url\":\"https:\\\/\\\/outdoorpuzzle.com\\\/en\\\/\",\"name\":\"The Outdoor Puzzle\",\"description\":\"Lightweight Towels for Outdoor People\",\"publisher\":{\"@id\":\"https:\\\/\\\/outdoorpuzzle.com\\\/en\\\/#organization\"},\"potentialAction\":[{\"@type\":\"SearchAction\",\"target\":{\"@type\":\"EntryPoint\",\"urlTemplate\":\"https:\\\/\\\/outdoorpuzzle.com\\\/en\\\/?s={search_term_string}\"},\"query-input\":{\"@type\":\"PropertyValueSpecification\",\"valueRequired\":true,\"valueName\":\"search_term_string\"}}],\"inLanguage\":\"it-IT\"},{\"@type\":\"Organization\",\"@id\":\"https:\\\/\\\/outdoorpuzzle.com\\\/en\\\/#organization\",\"name\":\"The Outdoor Puzzle\",\"alternateName\":\"The Outdoor Puzzle\",\"url\":\"https:\\\/\\\/outdoorpuzzle.com\\\/en\\\/\",\"logo\":{\"@type\":\"ImageObject\",\"inLanguage\":\"it-IT\",\"@id\":\"https:\\\/\\\/outdoorpuzzle.com\\\/en\\\/#\\\/schema\\\/logo\\\/image\\\/\",\"url\":\"https:\\\/\\\/outdoorpuzzle.com\\\/wp-content\\\/uploads\\\/2022\\\/07\\\/Logo-Full-Renkli.png\",\"contentUrl\":\"https:\\\/\\\/outdoorpuzzle.com\\\/wp-content\\\/uploads\\\/2022\\\/07\\\/Logo-Full-Renkli.png\",\"width\":500,\"height\":193,\"caption\":\"The Outdoor Puzzle\"},\"image\":{\"@id\":\"https:\\\/\\\/outdoorpuzzle.com\\\/en\\\/#\\\/schema\\\/logo\\\/image\\\/\"},\"sameAs\":[\"https:\\\/\\\/www.facebook.com\\\/profile.php?id=100076379679829\",\"https:\\\/\\\/www.instagram.com\\\/the_outdoor_puzzle\",\"https:\\\/\\\/www.tiktok.com\\\/@the.outdoor.puzzle\",\"https:\\\/\\\/www.linkedin.com\\\/company\\\/the-outdoor-puzzle\"]}]}<\/script>\n<!-- \/ Yoast SEO plugin. -->","yoast_head_json":{"title":"Online Shop Microplastic-free Cotton Towels | Beach Sport Travel","description":"The Outdoor Puzzle provides compact cotton towels made of natural materials, combining functionality with active lifestyle. Lightweight, absorbent.","robots":{"index":"index","follow":"follow","max-snippet":"max-snippet:-1","max-image-preview":"max-image-preview:large","max-video-preview":"max-video-preview:-1"},"canonical":"https:\/\/outdoorpuzzle.com\/it\/terms-and-conditions\/","og_locale":"it_IT","og_type":"article","og_title":"Online Shop Microplastic-free Cotton Towels | Beach Sport Travel","og_description":"The Outdoor Puzzle provides compact cotton towels made of natural materials, combining functionality with active lifestyle. Lightweight, absorbent.","og_url":"https:\/\/outdoorpuzzle.com\/it\/terms-and-conditions\/","og_site_name":"The Outdoor Puzzle","article_publisher":"https:\/\/www.facebook.com\/profile.php?id=100076379679829","article_modified_time":"2026-02-28T16:35:27+00:00","og_image":[{"width":1200,"height":630,"url":"https:\/\/outdoorpuzzle.com\/wp-content\/uploads\/2023\/02\/TOP-Image-for-SEO.jpg","type":"image\/jpeg"}],"twitter_card":"summary_large_image","twitter_misc":{"Tempo di lettura stimato":"6 minuti"},"schema":{"@context":"https:\/\/schema.org","@graph":[{"@type":"WebPage","@id":"https:\/\/outdoorpuzzle.com\/terms-and-conditions\/","url":"https:\/\/outdoorpuzzle.com\/terms-and-conditions\/","name":"Online Shop Microplastic-free Cotton Towels | Beach Sport Travel","isPartOf":{"@id":"https:\/\/outdoorpuzzle.com\/en\/#website"},"datePublished":"2021-04-15T19:55:53+00:00","dateModified":"2026-02-28T16:35:27+00:00","description":"The Outdoor Puzzle provides compact cotton towels made of natural materials, combining functionality with active lifestyle. Lightweight, absorbent.","breadcrumb":{"@id":"https:\/\/outdoorpuzzle.com\/terms-and-conditions\/#breadcrumb"},"inLanguage":"it-IT","potentialAction":[{"@type":"ReadAction","target":["https:\/\/outdoorpuzzle.com\/terms-and-conditions\/"]}]},{"@type":"BreadcrumbList","@id":"https:\/\/outdoorpuzzle.com\/terms-and-conditions\/#breadcrumb","itemListElement":[{"@type":"ListItem","position":1,"name":"Home","item":"https:\/\/outdoorpuzzle.com\/"},{"@type":"ListItem","position":2,"name":"Terms and Conditions"}]},{"@type":"WebSite","@id":"https:\/\/outdoorpuzzle.com\/en\/#website","url":"https:\/\/outdoorpuzzle.com\/en\/","name":"The Outdoor Puzzle","description":"Lightweight Towels for Outdoor People","publisher":{"@id":"https:\/\/outdoorpuzzle.com\/en\/#organization"},"potentialAction":[{"@type":"SearchAction","target":{"@type":"EntryPoint","urlTemplate":"https:\/\/outdoorpuzzle.com\/en\/?s={search_term_string}"},"query-input":{"@type":"PropertyValueSpecification","valueRequired":true,"valueName":"search_term_string"}}],"inLanguage":"it-IT"},{"@type":"Organization","@id":"https:\/\/outdoorpuzzle.com\/en\/#organization","name":"The Outdoor Puzzle","alternateName":"The Outdoor Puzzle","url":"https:\/\/outdoorpuzzle.com\/en\/","logo":{"@type":"ImageObject","inLanguage":"it-IT","@id":"https:\/\/outdoorpuzzle.com\/en\/#\/schema\/logo\/image\/","url":"https:\/\/outdoorpuzzle.com\/wp-content\/uploads\/2022\/07\/Logo-Full-Renkli.png","contentUrl":"https:\/\/outdoorpuzzle.com\/wp-content\/uploads\/2022\/07\/Logo-Full-Renkli.png","width":500,"height":193,"caption":"The Outdoor Puzzle"},"image":{"@id":"https:\/\/outdoorpuzzle.com\/en\/#\/schema\/logo\/image\/"},"sameAs":["https:\/\/www.facebook.com\/profile.php?id=100076379679829","https:\/\/www.instagram.com\/the_outdoor_puzzle","https:\/\/www.tiktok.com\/@the.outdoor.puzzle","https:\/\/www.linkedin.com\/company\/the-outdoor-puzzle"]}]}},"_links":{"self":[{"href":"https:\/\/outdoorpuzzle.com\/it\/wp-json\/wp\/v2\/pages\/802","targetHints":{"allow":["GET"]}}],"collection":[{"href":"https:\/\/outdoorpuzzle.com\/it\/wp-json\/wp\/v2\/pages"}],"about":[{"href":"https:\/\/outdoorpuzzle.com\/it\/wp-json\/wp\/v2\/types\/page"}],"author":[{"embeddable":true,"href":"https:\/\/outdoorpuzzle.com\/it\/wp-json\/wp\/v2\/users\/1"}],"replies":[{"embeddable":true,"href":"https:\/\/outdoorpuzzle.com\/it\/wp-json\/wp\/v2\/comments?post=802"}],"version-history":[{"count":2,"href":"https:\/\/outdoorpuzzle.com\/it\/wp-json\/wp\/v2\/pages\/802\/revisions"}],"predecessor-version":[{"id":2468,"href":"https:\/\/outdoorpuzzle.com\/it\/wp-json\/wp\/v2\/pages\/802\/revisions\/2468"}],"wp:attachment":[{"href":"https:\/\/outdoorpuzzle.com\/it\/wp-json\/wp\/v2\/media?parent=802"}],"curies":[{"name":"wp","href":"https:\/\/api.w.org\/{rel}","templated":true}]}}