{"id":52,"date":"2015-07-20T10:48:26","date_gmt":"2015-07-20T10:48:26","guid":{"rendered":"http:\/\/demo.themegrill.com\/himalayas\/?page_id=52"},"modified":"2026-03-31T11:14:38","modified_gmt":"2026-03-31T11:14:38","slug":"wholesale","status":"publish","type":"page","link":"https:\/\/outdoorpuzzle.com\/it\/wholesale\/","title":{"rendered":"All'ingrosso"},"content":{"rendered":"<p>Offriamo consegne di grandi quantitativi per regali aziendali, omaggi ai dipendenti e per strutture ricreative.<\/p>\n<p>Se siete alla ricerca di regali aziendali accattivanti, i teli The Outdoor Puzzle possono rivelarsi la soluzione ideale.<\/p>\n<p>Palestra, centri yoga, spa, piscine e hotel possono utilizzare i teli e asciugamani per le proprie esigenze. Se la vostra attivit\u00e0 commerciale richiede l'uso regolare di teli e i vostri clienti desiderano sentirsi igienici, asciutti e a proprio agio, The Outdoor Puzzle offre i teli giusti per garantire un'efficace capacit\u00e0 di assorbimento e pulizia.<\/p>\n\n\n<p>Per i clienti all'ingrosso, disponiamo di un catalogo completo con una vasta gamma di prodotti per soddisfare diverse esigenze di tessuto e stile. Consultate il nostro catalogo qui sotto.<\/p>\n\n\n\n<p>Inoltre, \u00e8 possibile personalizzare i teli con il vostro logo; maggiori informazioni sono disponibili nella sezione <a href=\"https:\/\/outdoorpuzzle.com\/it\/corporate-branding\/\">Corporate Labelling<\/a><\/p>\n\n\n\n<p>Contattateci per ulteriori informazioni. <\/p>\n\n\n\n<p>Tel: +43 67763751509 (Call\/SMS\/WhatsApp)<\/p>\n\n\n\n<p>E-Mail: info@outdoorpuzzle.com<\/p>\n\n\n\n<p><a href=\"https:\/\/outdoorpuzzle.com\/it\/wholesale\/#flipbook-df_1976\">Web Shop Catalogue<\/a><\/p>\n\n\n\n<p><\/p>\n\n\n<div class=\"_df_thumb\" id=\"df_1976\"  _slug=\"the-outdoor-puzzle-web-shop-catalogue\" data-title=\"the-outdoor-puzzle-web-shop-catalogue\" wpoptions=\"true\" thumb=\"https:\/\/outdoorpuzzle.com\/wp-content\/uploads\/2024\/02\/TOP-Towels-Web-Shop-Catalogue-Thumbnail.png\" thumbtype=\"\" >The Outdoor Puzzle Web Shop Catalogue<\/div><script class=\"df-shortcode-script\" nowprocket type=\"application\/javascript\">window.option_df_1976 = {\"outline\":[],\"backgroundColor\":\"#000000\",\"autoEnableOutline\":\"false\",\"autoEnableThumbnail\":\"false\",\"overwritePDFOutline\":\"false\",\"enableDownload\":\"false\",\"direction\":\"1\",\"pageSize\":\"0\",\"soundEnable\":\"false\",\"source\":\"https:\\\/\\\/outdoorpuzzle.com\\\/wp-content\\\/uploads\\\/2024\\\/02\\\/TOP-Towels-Web-Shop-Catalogue-per-2024.pdf\",\"wpOptions\":\"true\"}; if(window.DFLIP && window.DFLIP.parseBooks){window.DFLIP.parseBooks();}<\/script>\n\n\n\n<div class=\"wp-block-columns is-layout-flex wp-container-core-columns-is-layout-9d6595d7 wp-block-columns-is-layout-flex\">\n<div class=\"wp-block-column is-layout-flow wp-block-column-is-layout-flow\">\n<figure class=\"wp-block-image size-large\"><img decoding=\"async\" width=\"1024\" height=\"1024\" src=\"https:\/\/outdoorpuzzle.com\/wp-content\/uploads\/2024\/03\/TOP-towels-wholesale-packed-in-box-1024x1024.png\" alt=\"\" class=\"wp-image-2013\" srcset=\"https:\/\/outdoorpuzzle.com\/wp-content\/uploads\/2024\/03\/TOP-towels-wholesale-packed-in-box-1024x1024.png 1024w, https:\/\/outdoorpuzzle.com\/wp-content\/uploads\/2024\/03\/TOP-towels-wholesale-packed-in-box-300x300.png 300w, https:\/\/outdoorpuzzle.com\/wp-content\/uploads\/2024\/03\/TOP-towels-wholesale-packed-in-box-150x150.png 150w, https:\/\/outdoorpuzzle.com\/wp-content\/uploads\/2024\/03\/TOP-towels-wholesale-packed-in-box-768x768.png 768w, https:\/\/outdoorpuzzle.com\/wp-content\/uploads\/2024\/03\/TOP-towels-wholesale-packed-in-box-12x12.png 12w, https:\/\/outdoorpuzzle.com\/wp-content\/uploads\/2024\/03\/TOP-towels-wholesale-packed-in-box-600x600.png 600w, https:\/\/outdoorpuzzle.com\/wp-content\/uploads\/2024\/03\/TOP-towels-wholesale-packed-in-box-100x100.png 100w, https:\/\/outdoorpuzzle.com\/wp-content\/uploads\/2024\/03\/TOP-towels-wholesale-packed-in-box.png 1080w\" sizes=\"(max-width: 1024px) 100vw, 1024px\" \/><\/figure>\n<\/div>\n\n\n\n<div class=\"wp-block-column is-layout-flow wp-block-column-is-layout-flow\">\n<figure class=\"wp-block-image size-large\"><img decoding=\"async\" width=\"1024\" height=\"1024\" src=\"https:\/\/outdoorpuzzle.com\/wp-content\/uploads\/2023\/02\/TOP-Towel-Set-Bags-On-Leaves-1024x1024.png\" alt=\"\" class=\"wp-image-1529\" srcset=\"https:\/\/outdoorpuzzle.com\/wp-content\/uploads\/2023\/02\/TOP-Towel-Set-Bags-On-Leaves-1024x1024.png 1024w, https:\/\/outdoorpuzzle.com\/wp-content\/uploads\/2023\/02\/TOP-Towel-Set-Bags-On-Leaves-300x300.png 300w, https:\/\/outdoorpuzzle.com\/wp-content\/uploads\/2023\/02\/TOP-Towel-Set-Bags-On-Leaves-150x150.png 150w, https:\/\/outdoorpuzzle.com\/wp-content\/uploads\/2023\/02\/TOP-Towel-Set-Bags-On-Leaves-768x768.png 768w, https:\/\/outdoorpuzzle.com\/wp-content\/uploads\/2023\/02\/TOP-Towel-Set-Bags-On-Leaves-12x12.png 12w, https:\/\/outdoorpuzzle.com\/wp-content\/uploads\/2023\/02\/TOP-Towel-Set-Bags-On-Leaves-600x600.png 600w, https:\/\/outdoorpuzzle.com\/wp-content\/uploads\/2023\/02\/TOP-Towel-Set-Bags-On-Leaves-100x100.png 100w, https:\/\/outdoorpuzzle.com\/wp-content\/uploads\/2023\/02\/TOP-Towel-Set-Bags-On-Leaves.png 1080w\" sizes=\"(max-width: 1024px) 100vw, 1024px\" \/><\/figure>\n<\/div>\n\n\n\n<div class=\"wp-block-column is-layout-flow wp-block-column-is-layout-flow\">\n<figure class=\"wp-block-image size-large\"><img decoding=\"async\" width=\"1024\" height=\"1024\" src=\"https:\/\/outdoorpuzzle.com\/wp-content\/uploads\/2024\/03\/TOP-towels-small-wholesale-packed-in-box-1024x1024.png\" alt=\"\" class=\"wp-image-2014\" srcset=\"https:\/\/outdoorpuzzle.com\/wp-content\/uploads\/2024\/03\/TOP-towels-small-wholesale-packed-in-box-1024x1024.png 1024w, https:\/\/outdoorpuzzle.com\/wp-content\/uploads\/2024\/03\/TOP-towels-small-wholesale-packed-in-box-300x300.png 300w, https:\/\/outdoorpuzzle.com\/wp-content\/uploads\/2024\/03\/TOP-towels-small-wholesale-packed-in-box-150x150.png 150w, https:\/\/outdoorpuzzle.com\/wp-content\/uploads\/2024\/03\/TOP-towels-small-wholesale-packed-in-box-768x768.png 768w, https:\/\/outdoorpuzzle.com\/wp-content\/uploads\/2024\/03\/TOP-towels-small-wholesale-packed-in-box-12x12.png 12w, https:\/\/outdoorpuzzle.com\/wp-content\/uploads\/2024\/03\/TOP-towels-small-wholesale-packed-in-box-600x600.png 600w, https:\/\/outdoorpuzzle.com\/wp-content\/uploads\/2024\/03\/TOP-towels-small-wholesale-packed-in-box-100x100.png 100w, https:\/\/outdoorpuzzle.com\/wp-content\/uploads\/2024\/03\/TOP-towels-small-wholesale-packed-in-box.png 1080w\" sizes=\"(max-width: 1024px) 100vw, 1024px\" \/><\/figure>\n<\/div>\n<\/div>\n\n\n\n<div class=\"wp-block-columns is-layout-flex wp-container-core-columns-is-layout-9d6595d7 wp-block-columns-is-layout-flex\">\n<div class=\"wp-block-column is-layout-flow wp-block-column-is-layout-flow\">\n<figure class=\"wp-block-image size-large\"><img decoding=\"async\" width=\"1024\" height=\"1024\" src=\"https:\/\/outdoorpuzzle.com\/wp-content\/uploads\/2024\/02\/TOP-towel-counting-1024x1024.png\" alt=\"\" class=\"wp-image-1890\" srcset=\"https:\/\/outdoorpuzzle.com\/wp-content\/uploads\/2024\/02\/TOP-towel-counting-1024x1024.png 1024w, https:\/\/outdoorpuzzle.com\/wp-content\/uploads\/2024\/02\/TOP-towel-counting-300x300.png 300w, https:\/\/outdoorpuzzle.com\/wp-content\/uploads\/2024\/02\/TOP-towel-counting-150x150.png 150w, https:\/\/outdoorpuzzle.com\/wp-content\/uploads\/2024\/02\/TOP-towel-counting-768x768.png 768w, https:\/\/outdoorpuzzle.com\/wp-content\/uploads\/2024\/02\/TOP-towel-counting-12x12.png 12w, https:\/\/outdoorpuzzle.com\/wp-content\/uploads\/2024\/02\/TOP-towel-counting-600x600.png 600w, https:\/\/outdoorpuzzle.com\/wp-content\/uploads\/2024\/02\/TOP-towel-counting-100x100.png 100w, https:\/\/outdoorpuzzle.com\/wp-content\/uploads\/2024\/02\/TOP-towel-counting.png 1080w\" sizes=\"(max-width: 1024px) 100vw, 1024px\" \/><\/figure>\n<\/div>\n\n\n\n<div class=\"wp-block-column is-layout-flow wp-block-column-is-layout-flow\">\n<figure class=\"wp-block-image size-large\"><img decoding=\"async\" width=\"1024\" height=\"1024\" src=\"https:\/\/outdoorpuzzle.com\/wp-content\/uploads\/2024\/02\/TOP-towel-label-on-sewing-machine-2-1024x1024.png\" alt=\"\" class=\"wp-image-1707\" srcset=\"https:\/\/outdoorpuzzle.com\/wp-content\/uploads\/2024\/02\/TOP-towel-label-on-sewing-machine-2-1024x1024.png 1024w, https:\/\/outdoorpuzzle.com\/wp-content\/uploads\/2024\/02\/TOP-towel-label-on-sewing-machine-2-300x300.png 300w, https:\/\/outdoorpuzzle.com\/wp-content\/uploads\/2024\/02\/TOP-towel-label-on-sewing-machine-2-150x150.png 150w, https:\/\/outdoorpuzzle.com\/wp-content\/uploads\/2024\/02\/TOP-towel-label-on-sewing-machine-2-768x768.png 768w, https:\/\/outdoorpuzzle.com\/wp-content\/uploads\/2024\/02\/TOP-towel-label-on-sewing-machine-2-12x12.png 12w, https:\/\/outdoorpuzzle.com\/wp-content\/uploads\/2024\/02\/TOP-towel-label-on-sewing-machine-2-600x600.png 600w, https:\/\/outdoorpuzzle.com\/wp-content\/uploads\/2024\/02\/TOP-towel-label-on-sewing-machine-2-100x100.png 100w, https:\/\/outdoorpuzzle.com\/wp-content\/uploads\/2024\/02\/TOP-towel-label-on-sewing-machine-2.png 1080w\" sizes=\"(max-width: 1024px) 100vw, 1024px\" \/><\/figure>\n<\/div>\n\n\n\n<div class=\"wp-block-column is-layout-flow wp-block-column-is-layout-flow\">\n<figure class=\"wp-block-image size-large\"><img decoding=\"async\" width=\"1024\" height=\"1024\" src=\"https:\/\/outdoorpuzzle.com\/wp-content\/uploads\/2024\/03\/TOP-Cotton-Towels-Classic-different-sizes-1024x1024.png\" alt=\"\" class=\"wp-image-2009\" srcset=\"https:\/\/outdoorpuzzle.com\/wp-content\/uploads\/2024\/03\/TOP-Cotton-Towels-Classic-different-sizes-1024x1024.png 1024w, https:\/\/outdoorpuzzle.com\/wp-content\/uploads\/2024\/03\/TOP-Cotton-Towels-Classic-different-sizes-300x300.png 300w, https:\/\/outdoorpuzzle.com\/wp-content\/uploads\/2024\/03\/TOP-Cotton-Towels-Classic-different-sizes-150x150.png 150w, https:\/\/outdoorpuzzle.com\/wp-content\/uploads\/2024\/03\/TOP-Cotton-Towels-Classic-different-sizes-768x768.png 768w, https:\/\/outdoorpuzzle.com\/wp-content\/uploads\/2024\/03\/TOP-Cotton-Towels-Classic-different-sizes-12x12.png 12w, https:\/\/outdoorpuzzle.com\/wp-content\/uploads\/2024\/03\/TOP-Cotton-Towels-Classic-different-sizes-600x600.png 600w, https:\/\/outdoorpuzzle.com\/wp-content\/uploads\/2024\/03\/TOP-Cotton-Towels-Classic-different-sizes-100x100.png 100w, https:\/\/outdoorpuzzle.com\/wp-content\/uploads\/2024\/03\/TOP-Cotton-Towels-Classic-different-sizes.png 1080w\" sizes=\"(max-width: 1024px) 100vw, 1024px\" \/><\/figure>\n<\/div>\n<\/div>\n\n\n\n<div style=\"display: flex; justify-content: center;\">\n\n<iframe title=\"Lightweight Towels for Outdoor People\" src=\"https:\/\/www.youtube.com\/embed\/p2_IRCLLEsI\" width=\"420\" height=\"748\" frameborder=\"0\" allowfullscreen=\"allowfullscreen\"><\/iframe>\n\n<\/div>","protected":false},"excerpt":{"rendered":"<p>Offriamo consegne di grandi quantitativi per regali aziendali, omaggi ai dipendenti e per strutture ricreative.<\/p>","protected":false},"author":1,"featured_media":1793,"parent":0,"menu_order":0,"comment_status":"closed","ping_status":"open","template":"page-templates\/template-services.php","meta":{"_monsterinsights_skip_tracking":false,"_monsterinsights_sitenote_active":false,"_monsterinsights_sitenote_note":"","_monsterinsights_sitenote_category":0,"_joinchat":[],"footnotes":""},"class_list":["post-52","page","type-page","status-publish","has-post-thumbnail","hentry"],"yoast_head":"<!-- This site is optimized with the Yoast SEO plugin v27.3 - https:\/\/yoast.com\/product\/yoast-seo-wordpress\/ -->\n<title>Badet\u00fccher Handt\u00fccher | Geschenkartikel Firmengeschenke<\/title>\n<meta name=\"description\" content=\"Wir liefern Badet\u00fccher, Saunat\u00fccher, Handt\u00fccher aus Baumwolle zu g\u00fcnstigen Preisen. Ideale Geschenksidee f\u00fcr Mitarbeiter.\" \/>\n<meta name=\"robots\" content=\"index, follow, max-snippet:-1, max-image-preview:large, max-video-preview:-1\" \/>\n<link rel=\"canonical\" href=\"https:\/\/outdoorpuzzle.com\/it\/wholesale\/\" \/>\n<meta property=\"og:locale\" content=\"it_IT\" \/>\n<meta property=\"og:type\" content=\"article\" \/>\n<meta property=\"og:title\" content=\"Badet\u00fccher Handt\u00fccher | Geschenkartikel Firmengeschenke\" \/>\n<meta property=\"og:description\" content=\"Wir liefern Badet\u00fccher, Saunat\u00fccher, Handt\u00fccher aus Baumwolle zu g\u00fcnstigen Preisen. Ideale Geschenksidee f\u00fcr Mitarbeiter.\" \/>\n<meta property=\"og:url\" content=\"https:\/\/outdoorpuzzle.com\/it\/wholesale\/\" \/>\n<meta property=\"og:site_name\" content=\"The Outdoor Puzzle\" \/>\n<meta property=\"article:publisher\" content=\"https:\/\/www.facebook.com\/profile.php?id=100076379679829\" \/>\n<meta property=\"article:modified_time\" content=\"2026-03-31T11:14:38+00:00\" \/>\n<meta property=\"og:image\" content=\"https:\/\/outdoorpuzzle.com\/wp-content\/uploads\/2024\/02\/TOP-cotton-towels-wholesale-corporate-gifts-scaled.jpg\" \/>\n\t<meta property=\"og:image:width\" content=\"2560\" \/>\n\t<meta property=\"og:image:height\" content=\"1802\" \/>\n\t<meta property=\"og:image:type\" content=\"image\/jpeg\" \/>\n<meta name=\"twitter:card\" content=\"summary_large_image\" \/>\n<meta name=\"twitter:label1\" content=\"Tempo di lettura stimato\" \/>\n\t<meta name=\"twitter:data1\" content=\"3 minuti\" \/>\n<script type=\"application\/ld+json\" class=\"yoast-schema-graph\">{\"@context\":\"https:\\\/\\\/schema.org\",\"@graph\":[{\"@type\":\"WebPage\",\"@id\":\"https:\\\/\\\/outdoorpuzzle.com\\\/wholesale\\\/\",\"url\":\"https:\\\/\\\/outdoorpuzzle.com\\\/wholesale\\\/\",\"name\":\"Badet\u00fccher Handt\u00fccher | Geschenkartikel Firmengeschenke\",\"isPartOf\":{\"@id\":\"https:\\\/\\\/outdoorpuzzle.com\\\/en\\\/#website\"},\"primaryImageOfPage\":{\"@id\":\"https:\\\/\\\/outdoorpuzzle.com\\\/wholesale\\\/#primaryimage\"},\"image\":{\"@id\":\"https:\\\/\\\/outdoorpuzzle.com\\\/wholesale\\\/#primaryimage\"},\"thumbnailUrl\":\"https:\\\/\\\/outdoorpuzzle.com\\\/wp-content\\\/uploads\\\/2024\\\/02\\\/TOP-cotton-towels-wholesale-corporate-gifts-scaled.jpg\",\"datePublished\":\"2015-07-20T10:48:26+00:00\",\"dateModified\":\"2026-03-31T11:14:38+00:00\",\"description\":\"Wir liefern Badet\u00fccher, Saunat\u00fccher, Handt\u00fccher aus Baumwolle zu g\u00fcnstigen Preisen. Ideale Geschenksidee f\u00fcr Mitarbeiter.\",\"breadcrumb\":{\"@id\":\"https:\\\/\\\/outdoorpuzzle.com\\\/wholesale\\\/#breadcrumb\"},\"inLanguage\":\"it-IT\",\"potentialAction\":[{\"@type\":\"ReadAction\",\"target\":[\"https:\\\/\\\/outdoorpuzzle.com\\\/wholesale\\\/\"]}]},{\"@type\":\"ImageObject\",\"inLanguage\":\"it-IT\",\"@id\":\"https:\\\/\\\/outdoorpuzzle.com\\\/wholesale\\\/#primaryimage\",\"url\":\"https:\\\/\\\/outdoorpuzzle.com\\\/wp-content\\\/uploads\\\/2024\\\/02\\\/TOP-cotton-towels-wholesale-corporate-gifts-scaled.jpg\",\"contentUrl\":\"https:\\\/\\\/outdoorpuzzle.com\\\/wp-content\\\/uploads\\\/2024\\\/02\\\/TOP-cotton-towels-wholesale-corporate-gifts-scaled.jpg\",\"width\":2560,\"height\":1802},{\"@type\":\"BreadcrumbList\",\"@id\":\"https:\\\/\\\/outdoorpuzzle.com\\\/wholesale\\\/#breadcrumb\",\"itemListElement\":[{\"@type\":\"ListItem\",\"position\":1,\"name\":\"Home\",\"item\":\"https:\\\/\\\/outdoorpuzzle.com\\\/\"},{\"@type\":\"ListItem\",\"position\":2,\"name\":\"Wholesale\"}]},{\"@type\":\"WebSite\",\"@id\":\"https:\\\/\\\/outdoorpuzzle.com\\\/en\\\/#website\",\"url\":\"https:\\\/\\\/outdoorpuzzle.com\\\/en\\\/\",\"name\":\"The Outdoor Puzzle\",\"description\":\"Lightweight Towels for Outdoor People\",\"publisher\":{\"@id\":\"https:\\\/\\\/outdoorpuzzle.com\\\/en\\\/#organization\"},\"potentialAction\":[{\"@type\":\"SearchAction\",\"target\":{\"@type\":\"EntryPoint\",\"urlTemplate\":\"https:\\\/\\\/outdoorpuzzle.com\\\/en\\\/?s={search_term_string}\"},\"query-input\":{\"@type\":\"PropertyValueSpecification\",\"valueRequired\":true,\"valueName\":\"search_term_string\"}}],\"inLanguage\":\"it-IT\"},{\"@type\":\"Organization\",\"@id\":\"https:\\\/\\\/outdoorpuzzle.com\\\/en\\\/#organization\",\"name\":\"The Outdoor Puzzle\",\"alternateName\":\"The Outdoor Puzzle\",\"url\":\"https:\\\/\\\/outdoorpuzzle.com\\\/en\\\/\",\"logo\":{\"@type\":\"ImageObject\",\"inLanguage\":\"it-IT\",\"@id\":\"https:\\\/\\\/outdoorpuzzle.com\\\/en\\\/#\\\/schema\\\/logo\\\/image\\\/\",\"url\":\"https:\\\/\\\/outdoorpuzzle.com\\\/wp-content\\\/uploads\\\/2022\\\/07\\\/Logo-Full-Renkli.png\",\"contentUrl\":\"https:\\\/\\\/outdoorpuzzle.com\\\/wp-content\\\/uploads\\\/2022\\\/07\\\/Logo-Full-Renkli.png\",\"width\":500,\"height\":193,\"caption\":\"The Outdoor Puzzle\"},\"image\":{\"@id\":\"https:\\\/\\\/outdoorpuzzle.com\\\/en\\\/#\\\/schema\\\/logo\\\/image\\\/\"},\"sameAs\":[\"https:\\\/\\\/www.facebook.com\\\/profile.php?id=100076379679829\",\"https:\\\/\\\/www.instagram.com\\\/the_outdoor_puzzle\",\"https:\\\/\\\/www.tiktok.com\\\/@the.outdoor.puzzle\",\"https:\\\/\\\/www.linkedin.com\\\/company\\\/the-outdoor-puzzle\"]}]}<\/script>\n<!-- \/ Yoast SEO plugin. -->","yoast_head_json":{"title":"Badet\u00fccher Handt\u00fccher | Geschenkartikel Firmengeschenke","description":"Wir liefern Badet\u00fccher, Saunat\u00fccher, Handt\u00fccher aus Baumwolle zu g\u00fcnstigen Preisen. Ideale Geschenksidee f\u00fcr Mitarbeiter.","robots":{"index":"index","follow":"follow","max-snippet":"max-snippet:-1","max-image-preview":"max-image-preview:large","max-video-preview":"max-video-preview:-1"},"canonical":"https:\/\/outdoorpuzzle.com\/it\/wholesale\/","og_locale":"it_IT","og_type":"article","og_title":"Badet\u00fccher Handt\u00fccher | Geschenkartikel Firmengeschenke","og_description":"Wir liefern Badet\u00fccher, Saunat\u00fccher, Handt\u00fccher aus Baumwolle zu g\u00fcnstigen Preisen. Ideale Geschenksidee f\u00fcr Mitarbeiter.","og_url":"https:\/\/outdoorpuzzle.com\/it\/wholesale\/","og_site_name":"The Outdoor Puzzle","article_publisher":"https:\/\/www.facebook.com\/profile.php?id=100076379679829","article_modified_time":"2026-03-31T11:14:38+00:00","og_image":[{"width":2560,"height":1802,"url":"https:\/\/outdoorpuzzle.com\/wp-content\/uploads\/2024\/02\/TOP-cotton-towels-wholesale-corporate-gifts-scaled.jpg","type":"image\/jpeg"}],"twitter_card":"summary_large_image","twitter_misc":{"Tempo di lettura stimato":"3 minuti"},"schema":{"@context":"https:\/\/schema.org","@graph":[{"@type":"WebPage","@id":"https:\/\/outdoorpuzzle.com\/wholesale\/","url":"https:\/\/outdoorpuzzle.com\/wholesale\/","name":"Badet\u00fccher Handt\u00fccher | Geschenkartikel Firmengeschenke","isPartOf":{"@id":"https:\/\/outdoorpuzzle.com\/en\/#website"},"primaryImageOfPage":{"@id":"https:\/\/outdoorpuzzle.com\/wholesale\/#primaryimage"},"image":{"@id":"https:\/\/outdoorpuzzle.com\/wholesale\/#primaryimage"},"thumbnailUrl":"https:\/\/outdoorpuzzle.com\/wp-content\/uploads\/2024\/02\/TOP-cotton-towels-wholesale-corporate-gifts-scaled.jpg","datePublished":"2015-07-20T10:48:26+00:00","dateModified":"2026-03-31T11:14:38+00:00","description":"Wir liefern Badet\u00fccher, Saunat\u00fccher, Handt\u00fccher aus Baumwolle zu g\u00fcnstigen Preisen. Ideale Geschenksidee f\u00fcr Mitarbeiter.","breadcrumb":{"@id":"https:\/\/outdoorpuzzle.com\/wholesale\/#breadcrumb"},"inLanguage":"it-IT","potentialAction":[{"@type":"ReadAction","target":["https:\/\/outdoorpuzzle.com\/wholesale\/"]}]},{"@type":"ImageObject","inLanguage":"it-IT","@id":"https:\/\/outdoorpuzzle.com\/wholesale\/#primaryimage","url":"https:\/\/outdoorpuzzle.com\/wp-content\/uploads\/2024\/02\/TOP-cotton-towels-wholesale-corporate-gifts-scaled.jpg","contentUrl":"https:\/\/outdoorpuzzle.com\/wp-content\/uploads\/2024\/02\/TOP-cotton-towels-wholesale-corporate-gifts-scaled.jpg","width":2560,"height":1802},{"@type":"BreadcrumbList","@id":"https:\/\/outdoorpuzzle.com\/wholesale\/#breadcrumb","itemListElement":[{"@type":"ListItem","position":1,"name":"Home","item":"https:\/\/outdoorpuzzle.com\/"},{"@type":"ListItem","position":2,"name":"Wholesale"}]},{"@type":"WebSite","@id":"https:\/\/outdoorpuzzle.com\/en\/#website","url":"https:\/\/outdoorpuzzle.com\/en\/","name":"The Outdoor Puzzle","description":"Lightweight Towels for Outdoor People","publisher":{"@id":"https:\/\/outdoorpuzzle.com\/en\/#organization"},"potentialAction":[{"@type":"SearchAction","target":{"@type":"EntryPoint","urlTemplate":"https:\/\/outdoorpuzzle.com\/en\/?s={search_term_string}"},"query-input":{"@type":"PropertyValueSpecification","valueRequired":true,"valueName":"search_term_string"}}],"inLanguage":"it-IT"},{"@type":"Organization","@id":"https:\/\/outdoorpuzzle.com\/en\/#organization","name":"The Outdoor Puzzle","alternateName":"The Outdoor Puzzle","url":"https:\/\/outdoorpuzzle.com\/en\/","logo":{"@type":"ImageObject","inLanguage":"it-IT","@id":"https:\/\/outdoorpuzzle.com\/en\/#\/schema\/logo\/image\/","url":"https:\/\/outdoorpuzzle.com\/wp-content\/uploads\/2022\/07\/Logo-Full-Renkli.png","contentUrl":"https:\/\/outdoorpuzzle.com\/wp-content\/uploads\/2022\/07\/Logo-Full-Renkli.png","width":500,"height":193,"caption":"The Outdoor Puzzle"},"image":{"@id":"https:\/\/outdoorpuzzle.com\/en\/#\/schema\/logo\/image\/"},"sameAs":["https:\/\/www.facebook.com\/profile.php?id=100076379679829","https:\/\/www.instagram.com\/the_outdoor_puzzle","https:\/\/www.tiktok.com\/@the.outdoor.puzzle","https:\/\/www.linkedin.com\/company\/the-outdoor-puzzle"]}]}},"_links":{"self":[{"href":"https:\/\/outdoorpuzzle.com\/it\/wp-json\/wp\/v2\/pages\/52","targetHints":{"allow":["GET"]}}],"collection":[{"href":"https:\/\/outdoorpuzzle.com\/it\/wp-json\/wp\/v2\/pages"}],"about":[{"href":"https:\/\/outdoorpuzzle.com\/it\/wp-json\/wp\/v2\/types\/page"}],"author":[{"embeddable":true,"href":"https:\/\/outdoorpuzzle.com\/it\/wp-json\/wp\/v2\/users\/1"}],"replies":[{"embeddable":true,"href":"https:\/\/outdoorpuzzle.com\/it\/wp-json\/wp\/v2\/comments?post=52"}],"version-history":[{"count":16,"href":"https:\/\/outdoorpuzzle.com\/it\/wp-json\/wp\/v2\/pages\/52\/revisions"}],"predecessor-version":[{"id":2540,"href":"https:\/\/outdoorpuzzle.com\/it\/wp-json\/wp\/v2\/pages\/52\/revisions\/2540"}],"wp:featuredmedia":[{"embeddable":true,"href":"https:\/\/outdoorpuzzle.com\/it\/wp-json\/wp\/v2\/media\/1793"}],"wp:attachment":[{"href":"https:\/\/outdoorpuzzle.com\/it\/wp-json\/wp\/v2\/media?parent=52"}],"curies":[{"name":"wp","href":"https:\/\/api.w.org\/{rel}","templated":true}]}}