{"id":34,"date":"2015-07-20T10:24:13","date_gmt":"2015-07-20T10:24:13","guid":{"rendered":"http:\/\/demo.themegrill.com\/himalayas\/?page_id=34"},"modified":"2026-03-30T11:54:15","modified_gmt":"2026-03-30T11:54:15","slug":"care-instructions","status":"publish","type":"page","link":"https:\/\/outdoorpuzzle.com\/it\/care-instructions\/","title":{"rendered":"Istruzioni per la cura"},"content":{"rendered":"<p>Prima di utilizzarli per la prima volta, lavare gli asciugamani a 30 \u00b0C, cos\u00ec l\u2019assorbenza del materiale migliora. Anche il secondo e il terzo lavaggio aiutano ad aumentare l\u2019assorbenza.<\/p>\n<p>Evitare l\u2019asciugatrice e preferire l\u2019asciugatura all\u2019aria.<\/p>\n<p>Le istruzioni di lavaggio sono disponibili anche in forma breve sull\u2019etichetta.<\/p>\n\n\n<figure class=\"wp-block-image size-large is-resized\"><img decoding=\"async\" width=\"1024\" height=\"498\" src=\"https:\/\/outdoorpuzzle.com\/wp-content\/uploads\/2021\/08\/TOP_Label-1024x498.jpg\" alt=\"\" class=\"wp-image-984\" style=\"aspect-ratio:2.0562248995983934;width:402px;height:auto\" srcset=\"https:\/\/outdoorpuzzle.com\/wp-content\/uploads\/2021\/08\/TOP_Label-1024x498.jpg 1024w, https:\/\/outdoorpuzzle.com\/wp-content\/uploads\/2021\/08\/TOP_Label-300x146.jpg 300w, https:\/\/outdoorpuzzle.com\/wp-content\/uploads\/2021\/08\/TOP_Label-768x373.jpg 768w, https:\/\/outdoorpuzzle.com\/wp-content\/uploads\/2021\/08\/TOP_Label-1536x747.jpg 1536w, https:\/\/outdoorpuzzle.com\/wp-content\/uploads\/2021\/08\/TOP_Label-2048x996.jpg 2048w, https:\/\/outdoorpuzzle.com\/wp-content\/uploads\/2021\/08\/TOP_Label-18x9.jpg 18w, https:\/\/outdoorpuzzle.com\/wp-content\/uploads\/2021\/08\/TOP_Label-600x292.jpg 600w\" sizes=\"(max-width: 1024px) 100vw, 1024px\" \/><\/figure>\n\n\n\n<p><\/p>\n\n\n\n<p>Oggetti con spigoli vivi, come orologi, cerniere e gioielli, possono danneggiare il tessuto e le sue fibre, causando, tra l'altro, fili tirati. In questo caso, basta semplicemente tagliarli.<\/p>\n\n\n\n<p>I nostri asciugamani sono prodotti su macchine semiautomatiche, in modo tradizionale.<\/p>\n\n\n\n<figure class=\"wp-block-image size-large is-resized\"><img decoding=\"async\" width=\"1024\" height=\"1024\" src=\"https:\/\/outdoorpuzzle.com\/wp-content\/uploads\/2024\/04\/Traditional-towel-production-1024x1024.jpg\" alt=\"\" class=\"wp-image-2084\" style=\"aspect-ratio:1;width:482px;height:auto\" srcset=\"https:\/\/outdoorpuzzle.com\/wp-content\/uploads\/2024\/04\/Traditional-towel-production-1024x1024.jpg 1024w, https:\/\/outdoorpuzzle.com\/wp-content\/uploads\/2024\/04\/Traditional-towel-production-300x300.jpg 300w, https:\/\/outdoorpuzzle.com\/wp-content\/uploads\/2024\/04\/Traditional-towel-production-150x150.jpg 150w, https:\/\/outdoorpuzzle.com\/wp-content\/uploads\/2024\/04\/Traditional-towel-production-768x768.jpg 768w, https:\/\/outdoorpuzzle.com\/wp-content\/uploads\/2024\/04\/Traditional-towel-production-12x12.jpg 12w, https:\/\/outdoorpuzzle.com\/wp-content\/uploads\/2024\/04\/Traditional-towel-production-600x600.jpg 600w, https:\/\/outdoorpuzzle.com\/wp-content\/uploads\/2024\/04\/Traditional-towel-production-100x100.jpg 100w, https:\/\/outdoorpuzzle.com\/wp-content\/uploads\/2024\/04\/Traditional-towel-production.jpg 1440w\" sizes=\"(max-width: 1024px) 100vw, 1024px\" \/><\/figure>\n\n\n\n<div class=\"wp-block-group alignfull has-text-color has-background\" style=\"color:#000000;background-color:#ffffff\"><div class=\"wp-block-group__inner-container is-layout-flow wp-block-group-is-layout-flow\">\n<div style=\"height:64px\" aria-hidden=\"true\" class=\"wp-block-spacer\"><\/div>\n\n\n\n<p class=\"has-text-align-center has-text-color has-medium-font-size\" style=\"color:#12b7d3;line-height:.9\">Consegna gratuita sopra i 50 euro all'interno dell'Europa<\/p>\n\n\n\n<h2 class=\"wp-block-heading has-text-align-center has-text-color\" id=\"schedule-a-visit\" style=\"color:#12b7d3;font-size:25px;font-style:normal;font-weight:400;line-height:1.15\">Scopri la gamma di prodotti<\/h2>\n\n\n\n<div class=\"wp-block-buttons is-horizontal is-content-justification-center is-layout-flex wp-container-core-buttons-is-layout-499968f5 wp-block-buttons-is-layout-flex\">\n<div class=\"wp-block-button has-custom-width wp-block-button__width-50\"><a class=\"wp-block-button__link has-text-color has-background has-medium-font-size has-custom-font-size wp-element-button\" href=\"https:\/\/outdoorpuzzle.com\/it\/shop\/\" style=\"border-radius:50px;color:#ffffff;background-color:#12b7d3\">ONLINE SHOP<\/a><\/div>\n<\/div>\n\n\n\n<div style=\"height:64px\" aria-hidden=\"true\" class=\"wp-block-spacer\"><\/div>\n<\/div><\/div>\n\n\n\n<div style=\"display: flex; justify-content: center;\"> \n\n    <iframe width=\"420\" height=\"748\" src=\"https:\/\/www.youtube.com\/embed\/p2_IRCLLEsI\" title=\"Lightweight Towels for Outdoor People\" frameborder=\"0\" allow=\"accelerometer; autoplay; clipboard-write; encrypted-media; gyroscope; picture-in-picture; web-share\" referrerpolicy=\"strict-origin-when-cross-origin\" allowfullscreen><\/iframe> \n\n<\/div>","protected":false},"excerpt":{"rendered":"<p>Before using for the first time, please wash the towels at 30 \u00b0C, so that the absorbency of the material improves. Even the second and<\/p>","protected":false},"author":1,"featured_media":0,"parent":0,"menu_order":0,"comment_status":"closed","ping_status":"open","template":"page-templates\/template-portfolio.php","meta":{"_monsterinsights_skip_tracking":false,"_monsterinsights_sitenote_active":false,"_monsterinsights_sitenote_note":"","_monsterinsights_sitenote_category":0,"_joinchat":[],"footnotes":""},"class_list":["post-34","page","type-page","status-publish","hentry"],"yoast_head":"<!-- This site is optimized with the Yoast SEO plugin v27.3 - https:\/\/yoast.com\/product\/yoast-seo-wordpress\/ -->\n<title>Pflegeleichte Handt\u00fccher aus Baumwolle | Strand Sauna Reisen<\/title>\n<meta name=\"description\" content=\"Die Handt\u00fccher aus d\u00fcnnem Baumwollmaterial verleiten Feuchtigkeit vom K\u00f6rper und sind geruchsneutral. Leicht und Schnelltrocknend.\" \/>\n<meta name=\"robots\" content=\"index, follow, max-snippet:-1, max-image-preview:large, max-video-preview:-1\" \/>\n<link rel=\"canonical\" href=\"https:\/\/outdoorpuzzle.com\/it\/care-instructions\/\" \/>\n<meta property=\"og:locale\" content=\"it_IT\" \/>\n<meta property=\"og:type\" content=\"article\" \/>\n<meta property=\"og:title\" content=\"Pflegeleichte Handt\u00fccher aus Baumwolle | Strand Sauna Reisen\" \/>\n<meta property=\"og:description\" content=\"Die Handt\u00fccher aus d\u00fcnnem Baumwollmaterial verleiten Feuchtigkeit vom K\u00f6rper und sind geruchsneutral. Leicht und Schnelltrocknend.\" \/>\n<meta property=\"og:url\" content=\"https:\/\/outdoorpuzzle.com\/it\/care-instructions\/\" \/>\n<meta property=\"og:site_name\" content=\"The Outdoor Puzzle\" \/>\n<meta property=\"article:publisher\" content=\"https:\/\/www.facebook.com\/profile.php?id=100076379679829\" \/>\n<meta property=\"article:modified_time\" content=\"2026-03-30T11:54:15+00:00\" \/>\n<meta property=\"og:image\" content=\"https:\/\/outdoorpuzzle.com\/wp-content\/uploads\/2021\/08\/TOP_Label-scaled.jpg\" \/>\n\t<meta property=\"og:image:width\" content=\"2560\" \/>\n\t<meta property=\"og:image:height\" content=\"1244\" \/>\n\t<meta property=\"og:image:type\" content=\"image\/jpeg\" \/>\n<meta name=\"twitter:card\" content=\"summary_large_image\" \/>\n<meta name=\"twitter:label1\" content=\"Tempo di lettura stimato\" \/>\n\t<meta name=\"twitter:data1\" content=\"1 minuto\" \/>\n<script type=\"application\/ld+json\" class=\"yoast-schema-graph\">{\"@context\":\"https:\\\/\\\/schema.org\",\"@graph\":[{\"@type\":\"WebPage\",\"@id\":\"https:\\\/\\\/outdoorpuzzle.com\\\/care-instructions\\\/\",\"url\":\"https:\\\/\\\/outdoorpuzzle.com\\\/care-instructions\\\/\",\"name\":\"Pflegeleichte Handt\u00fccher aus Baumwolle | Strand Sauna Reisen\",\"isPartOf\":{\"@id\":\"https:\\\/\\\/outdoorpuzzle.com\\\/en\\\/#website\"},\"primaryImageOfPage\":{\"@id\":\"https:\\\/\\\/outdoorpuzzle.com\\\/care-instructions\\\/#primaryimage\"},\"image\":{\"@id\":\"https:\\\/\\\/outdoorpuzzle.com\\\/care-instructions\\\/#primaryimage\"},\"thumbnailUrl\":\"https:\\\/\\\/outdoorpuzzle.com\\\/wp-content\\\/uploads\\\/2021\\\/08\\\/TOP_Label-1024x498.jpg\",\"datePublished\":\"2015-07-20T10:24:13+00:00\",\"dateModified\":\"2026-03-30T11:54:15+00:00\",\"description\":\"Die Handt\u00fccher aus d\u00fcnnem Baumwollmaterial verleiten Feuchtigkeit vom K\u00f6rper und sind geruchsneutral. Leicht und Schnelltrocknend.\",\"breadcrumb\":{\"@id\":\"https:\\\/\\\/outdoorpuzzle.com\\\/care-instructions\\\/#breadcrumb\"},\"inLanguage\":\"it-IT\",\"potentialAction\":[{\"@type\":\"ReadAction\",\"target\":[\"https:\\\/\\\/outdoorpuzzle.com\\\/care-instructions\\\/\"]}]},{\"@type\":\"ImageObject\",\"inLanguage\":\"it-IT\",\"@id\":\"https:\\\/\\\/outdoorpuzzle.com\\\/care-instructions\\\/#primaryimage\",\"url\":\"https:\\\/\\\/outdoorpuzzle.com\\\/wp-content\\\/uploads\\\/2021\\\/08\\\/TOP_Label-1024x498.jpg\",\"contentUrl\":\"https:\\\/\\\/outdoorpuzzle.com\\\/wp-content\\\/uploads\\\/2021\\\/08\\\/TOP_Label-1024x498.jpg\"},{\"@type\":\"BreadcrumbList\",\"@id\":\"https:\\\/\\\/outdoorpuzzle.com\\\/care-instructions\\\/#breadcrumb\",\"itemListElement\":[{\"@type\":\"ListItem\",\"position\":1,\"name\":\"Home\",\"item\":\"https:\\\/\\\/outdoorpuzzle.com\\\/\"},{\"@type\":\"ListItem\",\"position\":2,\"name\":\"Care Instructions\"}]},{\"@type\":\"WebSite\",\"@id\":\"https:\\\/\\\/outdoorpuzzle.com\\\/en\\\/#website\",\"url\":\"https:\\\/\\\/outdoorpuzzle.com\\\/en\\\/\",\"name\":\"The Outdoor Puzzle\",\"description\":\"Lightweight Towels for Outdoor People\",\"publisher\":{\"@id\":\"https:\\\/\\\/outdoorpuzzle.com\\\/en\\\/#organization\"},\"potentialAction\":[{\"@type\":\"SearchAction\",\"target\":{\"@type\":\"EntryPoint\",\"urlTemplate\":\"https:\\\/\\\/outdoorpuzzle.com\\\/en\\\/?s={search_term_string}\"},\"query-input\":{\"@type\":\"PropertyValueSpecification\",\"valueRequired\":true,\"valueName\":\"search_term_string\"}}],\"inLanguage\":\"it-IT\"},{\"@type\":\"Organization\",\"@id\":\"https:\\\/\\\/outdoorpuzzle.com\\\/en\\\/#organization\",\"name\":\"The Outdoor Puzzle\",\"alternateName\":\"The Outdoor Puzzle\",\"url\":\"https:\\\/\\\/outdoorpuzzle.com\\\/en\\\/\",\"logo\":{\"@type\":\"ImageObject\",\"inLanguage\":\"it-IT\",\"@id\":\"https:\\\/\\\/outdoorpuzzle.com\\\/en\\\/#\\\/schema\\\/logo\\\/image\\\/\",\"url\":\"https:\\\/\\\/outdoorpuzzle.com\\\/wp-content\\\/uploads\\\/2022\\\/07\\\/Logo-Full-Renkli.png\",\"contentUrl\":\"https:\\\/\\\/outdoorpuzzle.com\\\/wp-content\\\/uploads\\\/2022\\\/07\\\/Logo-Full-Renkli.png\",\"width\":500,\"height\":193,\"caption\":\"The Outdoor Puzzle\"},\"image\":{\"@id\":\"https:\\\/\\\/outdoorpuzzle.com\\\/en\\\/#\\\/schema\\\/logo\\\/image\\\/\"},\"sameAs\":[\"https:\\\/\\\/www.facebook.com\\\/profile.php?id=100076379679829\",\"https:\\\/\\\/www.instagram.com\\\/the_outdoor_puzzle\",\"https:\\\/\\\/www.tiktok.com\\\/@the.outdoor.puzzle\",\"https:\\\/\\\/www.linkedin.com\\\/company\\\/the-outdoor-puzzle\"]}]}<\/script>\n<!-- \/ Yoast SEO plugin. -->","yoast_head_json":{"title":"Pflegeleichte Handt\u00fccher aus Baumwolle | Strand Sauna Reisen","description":"Die Handt\u00fccher aus d\u00fcnnem Baumwollmaterial verleiten Feuchtigkeit vom K\u00f6rper und sind geruchsneutral. Leicht und Schnelltrocknend.","robots":{"index":"index","follow":"follow","max-snippet":"max-snippet:-1","max-image-preview":"max-image-preview:large","max-video-preview":"max-video-preview:-1"},"canonical":"https:\/\/outdoorpuzzle.com\/it\/care-instructions\/","og_locale":"it_IT","og_type":"article","og_title":"Pflegeleichte Handt\u00fccher aus Baumwolle | Strand Sauna Reisen","og_description":"Die Handt\u00fccher aus d\u00fcnnem Baumwollmaterial verleiten Feuchtigkeit vom K\u00f6rper und sind geruchsneutral. Leicht und Schnelltrocknend.","og_url":"https:\/\/outdoorpuzzle.com\/it\/care-instructions\/","og_site_name":"The Outdoor Puzzle","article_publisher":"https:\/\/www.facebook.com\/profile.php?id=100076379679829","article_modified_time":"2026-03-30T11:54:15+00:00","og_image":[{"width":2560,"height":1244,"url":"https:\/\/outdoorpuzzle.com\/wp-content\/uploads\/2021\/08\/TOP_Label-scaled.jpg","type":"image\/jpeg"}],"twitter_card":"summary_large_image","twitter_misc":{"Tempo di lettura stimato":"1 minuto"},"schema":{"@context":"https:\/\/schema.org","@graph":[{"@type":"WebPage","@id":"https:\/\/outdoorpuzzle.com\/care-instructions\/","url":"https:\/\/outdoorpuzzle.com\/care-instructions\/","name":"Pflegeleichte Handt\u00fccher aus Baumwolle | Strand Sauna Reisen","isPartOf":{"@id":"https:\/\/outdoorpuzzle.com\/en\/#website"},"primaryImageOfPage":{"@id":"https:\/\/outdoorpuzzle.com\/care-instructions\/#primaryimage"},"image":{"@id":"https:\/\/outdoorpuzzle.com\/care-instructions\/#primaryimage"},"thumbnailUrl":"https:\/\/outdoorpuzzle.com\/wp-content\/uploads\/2021\/08\/TOP_Label-1024x498.jpg","datePublished":"2015-07-20T10:24:13+00:00","dateModified":"2026-03-30T11:54:15+00:00","description":"Die Handt\u00fccher aus d\u00fcnnem Baumwollmaterial verleiten Feuchtigkeit vom K\u00f6rper und sind geruchsneutral. Leicht und Schnelltrocknend.","breadcrumb":{"@id":"https:\/\/outdoorpuzzle.com\/care-instructions\/#breadcrumb"},"inLanguage":"it-IT","potentialAction":[{"@type":"ReadAction","target":["https:\/\/outdoorpuzzle.com\/care-instructions\/"]}]},{"@type":"ImageObject","inLanguage":"it-IT","@id":"https:\/\/outdoorpuzzle.com\/care-instructions\/#primaryimage","url":"https:\/\/outdoorpuzzle.com\/wp-content\/uploads\/2021\/08\/TOP_Label-1024x498.jpg","contentUrl":"https:\/\/outdoorpuzzle.com\/wp-content\/uploads\/2021\/08\/TOP_Label-1024x498.jpg"},{"@type":"BreadcrumbList","@id":"https:\/\/outdoorpuzzle.com\/care-instructions\/#breadcrumb","itemListElement":[{"@type":"ListItem","position":1,"name":"Home","item":"https:\/\/outdoorpuzzle.com\/"},{"@type":"ListItem","position":2,"name":"Care Instructions"}]},{"@type":"WebSite","@id":"https:\/\/outdoorpuzzle.com\/en\/#website","url":"https:\/\/outdoorpuzzle.com\/en\/","name":"The Outdoor Puzzle","description":"Lightweight Towels for Outdoor People","publisher":{"@id":"https:\/\/outdoorpuzzle.com\/en\/#organization"},"potentialAction":[{"@type":"SearchAction","target":{"@type":"EntryPoint","urlTemplate":"https:\/\/outdoorpuzzle.com\/en\/?s={search_term_string}"},"query-input":{"@type":"PropertyValueSpecification","valueRequired":true,"valueName":"search_term_string"}}],"inLanguage":"it-IT"},{"@type":"Organization","@id":"https:\/\/outdoorpuzzle.com\/en\/#organization","name":"The Outdoor Puzzle","alternateName":"The Outdoor Puzzle","url":"https:\/\/outdoorpuzzle.com\/en\/","logo":{"@type":"ImageObject","inLanguage":"it-IT","@id":"https:\/\/outdoorpuzzle.com\/en\/#\/schema\/logo\/image\/","url":"https:\/\/outdoorpuzzle.com\/wp-content\/uploads\/2022\/07\/Logo-Full-Renkli.png","contentUrl":"https:\/\/outdoorpuzzle.com\/wp-content\/uploads\/2022\/07\/Logo-Full-Renkli.png","width":500,"height":193,"caption":"The Outdoor Puzzle"},"image":{"@id":"https:\/\/outdoorpuzzle.com\/en\/#\/schema\/logo\/image\/"},"sameAs":["https:\/\/www.facebook.com\/profile.php?id=100076379679829","https:\/\/www.instagram.com\/the_outdoor_puzzle","https:\/\/www.tiktok.com\/@the.outdoor.puzzle","https:\/\/www.linkedin.com\/company\/the-outdoor-puzzle"]}]}},"_links":{"self":[{"href":"https:\/\/outdoorpuzzle.com\/it\/wp-json\/wp\/v2\/pages\/34","targetHints":{"allow":["GET"]}}],"collection":[{"href":"https:\/\/outdoorpuzzle.com\/it\/wp-json\/wp\/v2\/pages"}],"about":[{"href":"https:\/\/outdoorpuzzle.com\/it\/wp-json\/wp\/v2\/types\/page"}],"author":[{"embeddable":true,"href":"https:\/\/outdoorpuzzle.com\/it\/wp-json\/wp\/v2\/users\/1"}],"replies":[{"embeddable":true,"href":"https:\/\/outdoorpuzzle.com\/it\/wp-json\/wp\/v2\/comments?post=34"}],"version-history":[{"count":10,"href":"https:\/\/outdoorpuzzle.com\/it\/wp-json\/wp\/v2\/pages\/34\/revisions"}],"predecessor-version":[{"id":2526,"href":"https:\/\/outdoorpuzzle.com\/it\/wp-json\/wp\/v2\/pages\/34\/revisions\/2526"}],"wp:attachment":[{"href":"https:\/\/outdoorpuzzle.com\/it\/wp-json\/wp\/v2\/media?parent=34"}],"curies":[{"name":"wp","href":"https:\/\/api.w.org\/{rel}","templated":true}]}}