{"id":109,"date":"2015-07-21T09:40:32","date_gmt":"2015-07-21T09:40:32","guid":{"rendered":"http:\/\/demo.themegrill.com\/himalayas\/?page_id=109"},"modified":"2026-03-30T11:57:45","modified_gmt":"2026-03-30T11:57:45","slug":"benefits-craftmanship","status":"publish","type":"page","link":"https:\/\/outdoorpuzzle.com\/it\/benefits-craftmanship\/","title":{"rendered":"The Outdoor Puzzle"},"content":{"rendered":"<p class=\"translation-block\">offre asciugamani compatti realizzati con materiali naturali, unendo funzionalit\u00e0 e uno stile di vita attivo.<\/p>\n<p><span class=\"TextRun SCXO264272640 BCX0\" lang=\"EN\" xml:lang=\"EN\" data-contrast=\"none\"><span class=\"NormalTextRun SCXO264272640 BCX0\">L'artigianato qualificato, insieme al cotone di alta qualit\u00e0, li rende resistenti, creando un ponte tra un design senza tempo e la moda slow.\u00a0<\/span><\/span><\/p>\n<p>I teli di solito variano tra essere extra assorbenti o appena assorbenti. Entrambi hanno i loro svantaggi. Essere troppo assorbenti mantiene il telo bagnato a lungo, e l'umidit\u00e0 causa odore, mentre una scarsa assorbenza significa che quasi non assorbe acqua, risultando controproducente. i teli The Outdoor Puzzle offrono il bilanciamento perfetto, essendo estremamente assorbenti ma al contempo a rapida asciugatura.\u00a0<\/p>\n\n\n<div class=\"wp-block-columns is-layout-flex wp-container-core-columns-is-layout-9d6595d7 wp-block-columns-is-layout-flex\">\n<div class=\"wp-block-column is-layout-flow wp-block-column-is-layout-flow\"><div class=\"wp-block-image\">\n<figure class=\"aligncenter size-large is-resized\"><img decoding=\"async\" width=\"1024\" height=\"1024\" src=\"https:\/\/outdoorpuzzle.com\/wp-content\/uploads\/2024\/02\/TOP-Towel-Terry-Weight-Comparison-EN--1024x1024.png\" alt=\"\" class=\"wp-image-1884\" style=\"aspect-ratio:1;width:522px;height:auto\" srcset=\"https:\/\/outdoorpuzzle.com\/wp-content\/uploads\/2024\/02\/TOP-Towel-Terry-Weight-Comparison-EN--1024x1024.png 1024w, https:\/\/outdoorpuzzle.com\/wp-content\/uploads\/2024\/02\/TOP-Towel-Terry-Weight-Comparison-EN--300x300.png 300w, https:\/\/outdoorpuzzle.com\/wp-content\/uploads\/2024\/02\/TOP-Towel-Terry-Weight-Comparison-EN--150x150.png 150w, https:\/\/outdoorpuzzle.com\/wp-content\/uploads\/2024\/02\/TOP-Towel-Terry-Weight-Comparison-EN--768x768.png 768w, https:\/\/outdoorpuzzle.com\/wp-content\/uploads\/2024\/02\/TOP-Towel-Terry-Weight-Comparison-EN--12x12.png 12w, https:\/\/outdoorpuzzle.com\/wp-content\/uploads\/2024\/02\/TOP-Towel-Terry-Weight-Comparison-EN--600x600.png 600w, https:\/\/outdoorpuzzle.com\/wp-content\/uploads\/2024\/02\/TOP-Towel-Terry-Weight-Comparison-EN--100x100.png 100w, https:\/\/outdoorpuzzle.com\/wp-content\/uploads\/2024\/02\/TOP-Towel-Terry-Weight-Comparison-EN-.png 1080w\" sizes=\"(max-width: 1024px) 100vw, 1024px\" \/><\/figure>\n<\/div><\/div>\n<\/div>\n\n\n\n<p><strong>Materiale<\/strong><br>Grazie al cotone pregiato utilizzato con fibre extra lunghe, il filato ha meno giunzioni, il che risulta in filati di cotone pi\u00f9 resistenti e pi\u00f9 lisci. Con questo materiale unico, gli asciugamani The Outdoor Puzzle diventano ancora pi\u00f9 morbidi e assorbenti con l'uso e i lavaggi successivi.  <\/p>\n\n\n<div class=\"wp-block-image\">\n<figure class=\"aligncenter is-resized\"><img decoding=\"async\" width=\"683\" height=\"1024\" src=\"https:\/\/outdoorpuzzle.com\/wp-content\/uploads\/2021\/05\/TOP-T3-683x1024.jpg\" alt=\"\" class=\"wp-image-1077\" style=\"aspect-ratio:0.6669921875;width:211px;height:auto\" srcset=\"https:\/\/outdoorpuzzle.com\/wp-content\/uploads\/2021\/05\/TOP-T3-683x1024.jpg 683w, https:\/\/outdoorpuzzle.com\/wp-content\/uploads\/2021\/05\/TOP-T3-200x300.jpg 200w, https:\/\/outdoorpuzzle.com\/wp-content\/uploads\/2021\/05\/TOP-T3-768x1152.jpg 768w, https:\/\/outdoorpuzzle.com\/wp-content\/uploads\/2021\/05\/TOP-T3-1024x1536.jpg 1024w, https:\/\/outdoorpuzzle.com\/wp-content\/uploads\/2021\/05\/TOP-T3-1365x2048.jpg 1365w, https:\/\/outdoorpuzzle.com\/wp-content\/uploads\/2021\/05\/TOP-T3-8x12.jpg 8w, https:\/\/outdoorpuzzle.com\/wp-content\/uploads\/2021\/05\/TOP-T3-600x900.jpg 600w, https:\/\/outdoorpuzzle.com\/wp-content\/uploads\/2021\/05\/TOP-T3-scaled.jpg 1707w\" sizes=\"(max-width: 683px) 100vw, 683px\" \/><figcaption class=\"wp-element-caption\"><strong><a href=\"https:\/\/outdoorpuzzle.com\/it\/categoria-prodotto\/outdoor-towels\/towels-large\/classic-towels-large\/\">teli Classic <\/a><\/strong><br> Disponibile come asciugamano grande (100x170 cm, 300 gr) e asciugamano piccolo (50x100 cm, 100 gr)&nbsp;&nbsp;<\/figcaption><\/figure>\n<\/div>\n\n\n<div style=\"display: flex; justify-content: center;\"> \n\n    <iframe width=\"420\" height=\"748\" src=\"https:\/\/www.youtube.com\/embed\/p2_IRCLLEsI\" title=\"Lightweight Towels for Outdoor People\" frameborder=\"0\" allow=\"accelerometer; autoplay; clipboard-write; encrypted-media; gyroscope; picture-in-picture; web-share\" referrerpolicy=\"strict-origin-when-cross-origin\" allowfullscreen><\/iframe> \n\n<\/div>\n\n\n\n<p><strong>Produzione<\/strong><br>Gli asciugamani sono realizzati da botteghe tradizionali al telaio, diffuse in vari villaggi dell'Anatolia, una regione con una cultura tessile storicamente ricca.\nIl motivo di questo sistema \u00e8 mantenere vive le tradizioni di ciascuna attivit\u00e0 artigianale familiare e fornire pari opportunit\u00e0 di produzione a tutti lungo la catena di fornitura, invece di una singola struttura centrale. L\u2019artigianato qualificato, insieme al cotone di alta qualit\u00e0, li rende duraturi, creando un ponte tra funzionalit\u00e0 e slow fashion. Il filato \u00e8 tinto con coloranti certificati (Oeko-Tex\u00ae Standard 100) che non includono sostanze tossiche.<br><\/p>\n\n\n<div class=\"wp-block-image\">\n<figure class=\"aligncenter size-large is-resized\"><img decoding=\"async\" width=\"1024\" height=\"351\" src=\"https:\/\/outdoorpuzzle.com\/wp-content\/uploads\/2025\/06\/Towels-with-Oeko-Tex-certificate-1024x351.png\" alt=\"Towels with Oeko-Tex certificate\" class=\"wp-image-2274\" style=\"aspect-ratio:2.9173789173789175;width:184px;height:auto\" srcset=\"https:\/\/outdoorpuzzle.com\/wp-content\/uploads\/2025\/06\/Towels-with-Oeko-Tex-certificate-1024x351.png 1024w, https:\/\/outdoorpuzzle.com\/wp-content\/uploads\/2025\/06\/Towels-with-Oeko-Tex-certificate-300x103.png 300w, https:\/\/outdoorpuzzle.com\/wp-content\/uploads\/2025\/06\/Towels-with-Oeko-Tex-certificate-768x263.png 768w, https:\/\/outdoorpuzzle.com\/wp-content\/uploads\/2025\/06\/Towels-with-Oeko-Tex-certificate-18x6.png 18w, https:\/\/outdoorpuzzle.com\/wp-content\/uploads\/2025\/06\/Towels-with-Oeko-Tex-certificate-600x206.png 600w, https:\/\/outdoorpuzzle.com\/wp-content\/uploads\/2025\/06\/Towels-with-Oeko-Tex-certificate.png 1026w\" sizes=\"(max-width: 1024px) 100vw, 1024px\" \/><\/figure>\n<\/div>\n\n\n<div class=\"wp-block-columns is-layout-flex wp-container-core-columns-is-layout-9d6595d7 wp-block-columns-is-layout-flex\">\n<div class=\"wp-block-column is-layout-flow wp-block-column-is-layout-flow\">\n<figure class=\"wp-block-image size-large\"><img decoding=\"async\" width=\"1024\" height=\"1024\" src=\"https:\/\/outdoorpuzzle.com\/wp-content\/uploads\/2023\/02\/TOP-Insta-Post-Classic-production-2-1-1024x1024.png\" alt=\"The Outdoor Puzzle Towels Produced By Traditional Loom Workshops\" class=\"wp-image-1410\" srcset=\"https:\/\/outdoorpuzzle.com\/wp-content\/uploads\/2023\/02\/TOP-Insta-Post-Classic-production-2-1-1024x1024.png 1024w, https:\/\/outdoorpuzzle.com\/wp-content\/uploads\/2023\/02\/TOP-Insta-Post-Classic-production-2-1-300x300.png 300w, https:\/\/outdoorpuzzle.com\/wp-content\/uploads\/2023\/02\/TOP-Insta-Post-Classic-production-2-1-150x150.png 150w, https:\/\/outdoorpuzzle.com\/wp-content\/uploads\/2023\/02\/TOP-Insta-Post-Classic-production-2-1-768x768.png 768w, https:\/\/outdoorpuzzle.com\/wp-content\/uploads\/2023\/02\/TOP-Insta-Post-Classic-production-2-1-12x12.png 12w, https:\/\/outdoorpuzzle.com\/wp-content\/uploads\/2023\/02\/TOP-Insta-Post-Classic-production-2-1-600x600.png 600w, https:\/\/outdoorpuzzle.com\/wp-content\/uploads\/2023\/02\/TOP-Insta-Post-Classic-production-2-1-100x100.png 100w, https:\/\/outdoorpuzzle.com\/wp-content\/uploads\/2023\/02\/TOP-Insta-Post-Classic-production-2-1.png 1080w\" sizes=\"(max-width: 1024px) 100vw, 1024px\" \/><\/figure>\n<\/div>\n\n\n\n<div class=\"wp-block-column is-layout-flow wp-block-column-is-layout-flow\">\n<figure class=\"wp-block-image size-large\"><img decoding=\"async\" width=\"1024\" height=\"1024\" src=\"https:\/\/outdoorpuzzle.com\/wp-content\/uploads\/2024\/02\/TOP-towel-label-on-sewing-machine-2-1024x1024.png\" alt=\"\" class=\"wp-image-1707\" srcset=\"https:\/\/outdoorpuzzle.com\/wp-content\/uploads\/2024\/02\/TOP-towel-label-on-sewing-machine-2-1024x1024.png 1024w, https:\/\/outdoorpuzzle.com\/wp-content\/uploads\/2024\/02\/TOP-towel-label-on-sewing-machine-2-300x300.png 300w, https:\/\/outdoorpuzzle.com\/wp-content\/uploads\/2024\/02\/TOP-towel-label-on-sewing-machine-2-150x150.png 150w, https:\/\/outdoorpuzzle.com\/wp-content\/uploads\/2024\/02\/TOP-towel-label-on-sewing-machine-2-768x768.png 768w, https:\/\/outdoorpuzzle.com\/wp-content\/uploads\/2024\/02\/TOP-towel-label-on-sewing-machine-2-12x12.png 12w, https:\/\/outdoorpuzzle.com\/wp-content\/uploads\/2024\/02\/TOP-towel-label-on-sewing-machine-2-600x600.png 600w, https:\/\/outdoorpuzzle.com\/wp-content\/uploads\/2024\/02\/TOP-towel-label-on-sewing-machine-2-100x100.png 100w, https:\/\/outdoorpuzzle.com\/wp-content\/uploads\/2024\/02\/TOP-towel-label-on-sewing-machine-2.png 1080w\" sizes=\"(max-width: 1024px) 100vw, 1024px\" \/><\/figure>\n<\/div>\n\n\n\n<div class=\"wp-block-column is-layout-flow wp-block-column-is-layout-flow\">\n<figure class=\"wp-block-image size-large\"><img decoding=\"async\" width=\"1024\" height=\"1024\" src=\"https:\/\/outdoorpuzzle.com\/wp-content\/uploads\/2024\/02\/TOP-towel-counting-1024x1024.png\" alt=\"\" class=\"wp-image-1890\" srcset=\"https:\/\/outdoorpuzzle.com\/wp-content\/uploads\/2024\/02\/TOP-towel-counting-1024x1024.png 1024w, https:\/\/outdoorpuzzle.com\/wp-content\/uploads\/2024\/02\/TOP-towel-counting-300x300.png 300w, https:\/\/outdoorpuzzle.com\/wp-content\/uploads\/2024\/02\/TOP-towel-counting-150x150.png 150w, https:\/\/outdoorpuzzle.com\/wp-content\/uploads\/2024\/02\/TOP-towel-counting-768x768.png 768w, https:\/\/outdoorpuzzle.com\/wp-content\/uploads\/2024\/02\/TOP-towel-counting-12x12.png 12w, https:\/\/outdoorpuzzle.com\/wp-content\/uploads\/2024\/02\/TOP-towel-counting-600x600.png 600w, https:\/\/outdoorpuzzle.com\/wp-content\/uploads\/2024\/02\/TOP-towel-counting-100x100.png 100w, https:\/\/outdoorpuzzle.com\/wp-content\/uploads\/2024\/02\/TOP-towel-counting.png 1080w\" sizes=\"(max-width: 1024px) 100vw, 1024px\" \/><\/figure>\n<\/div>\n<\/div>\n\n\n\n<div class=\"wp-block-group alignfull has-text-color has-background\" style=\"color:#000000;background-color:#ffffff\"><div class=\"wp-block-group__inner-container is-layout-flow wp-block-group-is-layout-flow\">\n<div style=\"height:64px\" aria-hidden=\"true\" class=\"wp-block-spacer\"><\/div>\n\n\n\n<p class=\"has-text-align-center has-text-color has-medium-font-size\" style=\"color:#12b7d3;line-height:.9\">Consegna gratuita sopra i 50 euro all'interno dell'Europa<\/p>\n\n\n\n<h2 class=\"wp-block-heading has-text-align-center has-text-color\" id=\"schedule-a-visit\" style=\"color:#12b7d3;font-size:25px;font-style:normal;font-weight:400;line-height:1.15\">Scopri la gamma di prodotti<\/h2>\n\n\n\n<div class=\"wp-block-buttons is-horizontal is-content-justification-center is-layout-flex wp-container-core-buttons-is-layout-499968f5 wp-block-buttons-is-layout-flex\">\n<div class=\"wp-block-button has-custom-width wp-block-button__width-50\"><a class=\"wp-block-button__link has-text-color has-background has-medium-font-size has-custom-font-size wp-element-button\" href=\"https:\/\/outdoorpuzzle.com\/it\/shop\/\" style=\"border-radius:50px;color:#ffffff;background-color:#12b7d3\">ONLINE SHOP<\/a><\/div>\n<\/div>\n\n\n\n<div style=\"height:64px\" aria-hidden=\"true\" class=\"wp-block-spacer\"><\/div>\n<\/div><\/div>\n\n\n\n<p><strong>Caratteristiche<\/strong><br>Essere compatti, leggeri, assorbenti, ad asciugatura rapida e rispettosi dell\u2019ambiente sono solo alcuni dei vantaggi.<\/p>\n\n\n<figure class=\"wp-block-image aligncenter size-large is-resized\"><img decoding=\"async\" width=\"869\" height=\"472\" class=\"wp-image-1084\" style=\"width: 585px; height: 318px;\" src=\"https:\/\/outdoorpuzzle.com\/wp-content\/uploads\/2021\/08\/Tuch-Vergleich-EN.png\" alt=\"\" srcset=\"https:\/\/outdoorpuzzle.com\/wp-content\/uploads\/2021\/08\/Tuch-Vergleich-EN.png 869w, https:\/\/outdoorpuzzle.com\/wp-content\/uploads\/2021\/08\/Tuch-Vergleich-EN-300x163.png 300w, https:\/\/outdoorpuzzle.com\/wp-content\/uploads\/2021\/08\/Tuch-Vergleich-EN-768x417.png 768w, https:\/\/outdoorpuzzle.com\/wp-content\/uploads\/2021\/08\/Tuch-Vergleich-EN-18x10.png 18w, https:\/\/outdoorpuzzle.com\/wp-content\/uploads\/2021\/08\/Tuch-Vergleich-EN-600x326.png 600w\" sizes=\"(max-width: 869px) 100vw, 869px\" \/><\/figure>\n\n\n<p><\/p>\n\n\n\n<p>Gli asciugamani Outdoor Puzzle, essendo realizzati in cotone sottile, traspirano l\u2019umidit\u00e0 dal corpo, risultando pi\u00f9 leggeri e pi\u00f9 resistenti agli odori rispetto a un asciugamano in spugna standard. Gli asciugamani in microfibra, invece, sono fatti di fibre sintetiche come poliestere e poliammide. Ogni volta che li lavi, rilasciano fili di plastica, mescolando microplastiche nell\u2019acqua di scarico residua.&nbsp;<\/p>\n\n\n\n<p>Questi asciugamani multiuso sono ideali, tra gli altri, per spiaggia, strutture sportive, fitness, piscina, surf, stand up paddle, spa, sauna e yoga. Mettili nella tua borsa da palestra o sportiva. Lanciali in spiaggia, raccoglili, e la sabbia non si attaccher\u00e0 a questo asciugamano da beach di alta qualit\u00e0, resistente alla sabbia. Se sei un appassionato di viaggi o fai backpacking per il mondo, probabilmente avrai bisogno di un asciugamano pieghevole.&nbsp;<\/p>\n\n\n\n<p><\/p>\n\n\n\n<p>Gli asciugamani <a href=\"https:\/\/outdoorpuzzle.com\/it\/categoria-prodotto\/outdoor-towels\/towels-small\/classic-towels-small\/\">\u201cAlps Edition\u201d&nbsp;<\/a>piccoli ed estremamente leggeri, sono ideali per escursioni in montagna e come asciugamano da campeggio. In pratica, per ogni occasione in cui \u00e8 necessario un asciugamano molto compatto, ad esempio come asciugamano da sudore per la palestra, per mantenerti fresco e asciutto.&nbsp;<\/p>\n\n\n\n<p>I teli die The Outdoor Puzzle sono forniti con una pratica borsa porta-asciugamani in cotone, che occupa poco spazio e li rende i migliori asciugamani da viaggio. Fai la valigia in modo pi\u00f9 intelligente e viaggia pi\u00f9 leggero.&nbsp;<\/p>\n\n\n<figure class=\"wp-block-image aligncenter size-large is-resized\"><img decoding=\"async\" class=\"wp-image-1393\" style=\"width: 351px; height: 351px;\" src=\"https:\/\/outdoorpuzzle.com\/wp-content\/uploads\/2023\/02\/TOP-Towel-Set-1-1024x1024.png\" alt=\"\" \/><\/figure>\n\n\n<p>Adatto sia per attivit\u00e0 all'aperto, sia come asciugamano compatto per il bagno durante tutto l'anno.&nbsp;<\/p>\n\n\n\n<p>Visita <a href=\"https:\/\/outdoorpuzzle.com\/it\/shop\/\">Negozio Online<\/a> per scoprire la gamma di prodotti e seguici su <a href=\"https:\/\/www.instagram.com\/the_outdoor_puzzle\/\" target=\"_blank\" rel=\"noreferrer noopener\">Instagram<\/a><a href=\"https:\/\/www.instagram.com\/the_outdoor_puzzle\/\"> <\/a>&nbsp;&nbsp;<\/p>\n\n\n\n<p>.<\/p>\n\n\n\n<p>.<\/p>\n\n\n\n<p><\/p>","protected":false},"excerpt":{"rendered":"<p>fornisce teli compatti realizzati in materiali naturali, che combinano funzionalit\u00e0 con uno stile di vita attivo. Leggeri, assorbenti e a rapida asciugatura.<\/p>\n<p>L'artigianato qualificato, insieme al cotone di alta qualit\u00e0, li rende resistenti, creando un ponte tra un design senza tempo e la moda slow.\u00a0<\/p>","protected":false},"author":1,"featured_media":1529,"parent":0,"menu_order":0,"comment_status":"closed","ping_status":"open","template":"page-templates\/template-portfolio.php","meta":{"_monsterinsights_skip_tracking":false,"_monsterinsights_sitenote_active":false,"_monsterinsights_sitenote_note":"","_monsterinsights_sitenote_category":0,"_joinchat":[],"footnotes":""},"class_list":["post-109","page","type-page","status-publish","has-post-thumbnail","hentry"],"yoast_head":"<!-- This site is optimized with the Yoast SEO plugin v27.5 - https:\/\/yoast.com\/product\/yoast-seo-wordpress\/ -->\n<title>Sandabweisende D\u00fcnne Badet\u00fccher - Strand Reisen Geschenk<\/title>\n<meta name=\"description\" content=\"Ideal unter anderem als Badetuch f\u00fcr Strand, Sport, Schwimmen, Gym, Therme, Spa, Sauna, Surfing, Stand Up Paddling oder als Geschenk.\" \/>\n<meta name=\"robots\" content=\"index, follow, max-snippet:-1, max-image-preview:large, max-video-preview:-1\" \/>\n<link rel=\"canonical\" href=\"https:\/\/outdoorpuzzle.com\/it\/benefits-craftmanship\/\" \/>\n<meta property=\"og:locale\" content=\"it_IT\" \/>\n<meta property=\"og:type\" content=\"article\" \/>\n<meta property=\"og:title\" content=\"Sandabweisende D\u00fcnne Badet\u00fccher - Strand Reisen Geschenk\" \/>\n<meta property=\"og:description\" content=\"Ideal unter anderem als Badetuch f\u00fcr Strand, Sport, Schwimmen, Gym, Therme, Spa, Sauna, Surfing, Stand Up Paddling oder als Geschenk.\" \/>\n<meta property=\"og:url\" content=\"https:\/\/outdoorpuzzle.com\/it\/benefits-craftmanship\/\" \/>\n<meta property=\"og:site_name\" content=\"The Outdoor Puzzle\" \/>\n<meta property=\"article:publisher\" content=\"https:\/\/www.facebook.com\/profile.php?id=100076379679829\" \/>\n<meta property=\"article:modified_time\" content=\"2026-03-30T11:57:45+00:00\" \/>\n<meta property=\"og:image\" content=\"https:\/\/outdoorpuzzle.com\/wp-content\/uploads\/2023\/02\/TOP-Towel-Set-Bags-On-Leaves-1024x1024.png\" \/>\n\t<meta property=\"og:image:width\" content=\"1024\" \/>\n\t<meta property=\"og:image:height\" content=\"1024\" \/>\n\t<meta property=\"og:image:type\" content=\"image\/png\" \/>\n<meta name=\"twitter:card\" content=\"summary_large_image\" \/>\n<meta name=\"twitter:label1\" content=\"Tempo di lettura stimato\" \/>\n\t<meta name=\"twitter:data1\" content=\"4 minuti\" \/>\n<script type=\"application\/ld+json\" class=\"yoast-schema-graph\">{\"@context\":\"https:\\\/\\\/schema.org\",\"@graph\":[{\"@type\":\"WebPage\",\"@id\":\"https:\\\/\\\/outdoorpuzzle.com\\\/benefits-craftmanship\\\/\",\"url\":\"https:\\\/\\\/outdoorpuzzle.com\\\/benefits-craftmanship\\\/\",\"name\":\"Sandabweisende D\u00fcnne Badet\u00fccher - Strand Reisen Geschenk\",\"isPartOf\":{\"@id\":\"https:\\\/\\\/outdoorpuzzle.com\\\/en\\\/#website\"},\"primaryImageOfPage\":{\"@id\":\"https:\\\/\\\/outdoorpuzzle.com\\\/benefits-craftmanship\\\/#primaryimage\"},\"image\":{\"@id\":\"https:\\\/\\\/outdoorpuzzle.com\\\/benefits-craftmanship\\\/#primaryimage\"},\"thumbnailUrl\":\"https:\\\/\\\/outdoorpuzzle.com\\\/wp-content\\\/uploads\\\/2023\\\/02\\\/TOP-Towel-Set-Bags-On-Leaves.png\",\"datePublished\":\"2015-07-21T09:40:32+00:00\",\"dateModified\":\"2026-03-30T11:57:45+00:00\",\"description\":\"Ideal unter anderem als Badetuch f\u00fcr Strand, Sport, Schwimmen, Gym, Therme, Spa, Sauna, Surfing, Stand Up Paddling oder als Geschenk.\",\"breadcrumb\":{\"@id\":\"https:\\\/\\\/outdoorpuzzle.com\\\/benefits-craftmanship\\\/#breadcrumb\"},\"inLanguage\":\"it-IT\",\"potentialAction\":[{\"@type\":\"ReadAction\",\"target\":[\"https:\\\/\\\/outdoorpuzzle.com\\\/benefits-craftmanship\\\/\"]}]},{\"@type\":\"ImageObject\",\"inLanguage\":\"it-IT\",\"@id\":\"https:\\\/\\\/outdoorpuzzle.com\\\/benefits-craftmanship\\\/#primaryimage\",\"url\":\"https:\\\/\\\/outdoorpuzzle.com\\\/wp-content\\\/uploads\\\/2023\\\/02\\\/TOP-Towel-Set-Bags-On-Leaves.png\",\"contentUrl\":\"https:\\\/\\\/outdoorpuzzle.com\\\/wp-content\\\/uploads\\\/2023\\\/02\\\/TOP-Towel-Set-Bags-On-Leaves.png\",\"width\":1080,\"height\":1080,\"caption\":\"Badet\u00fccher Handt\u00fccher Aus Baumwolle in Aufbewahrungstasche\"},{\"@type\":\"BreadcrumbList\",\"@id\":\"https:\\\/\\\/outdoorpuzzle.com\\\/benefits-craftmanship\\\/#breadcrumb\",\"itemListElement\":[{\"@type\":\"ListItem\",\"position\":1,\"name\":\"Home\",\"item\":\"https:\\\/\\\/outdoorpuzzle.com\\\/\"},{\"@type\":\"ListItem\",\"position\":2,\"name\":\"The Outdoor Puzzle\"}]},{\"@type\":\"WebSite\",\"@id\":\"https:\\\/\\\/outdoorpuzzle.com\\\/en\\\/#website\",\"url\":\"https:\\\/\\\/outdoorpuzzle.com\\\/en\\\/\",\"name\":\"The Outdoor Puzzle\",\"description\":\"Lightweight Towels for Outdoor People\",\"publisher\":{\"@id\":\"https:\\\/\\\/outdoorpuzzle.com\\\/en\\\/#organization\"},\"potentialAction\":[{\"@type\":\"SearchAction\",\"target\":{\"@type\":\"EntryPoint\",\"urlTemplate\":\"https:\\\/\\\/outdoorpuzzle.com\\\/en\\\/?s={search_term_string}\"},\"query-input\":{\"@type\":\"PropertyValueSpecification\",\"valueRequired\":true,\"valueName\":\"search_term_string\"}}],\"inLanguage\":\"it-IT\"},{\"@type\":\"Organization\",\"@id\":\"https:\\\/\\\/outdoorpuzzle.com\\\/en\\\/#organization\",\"name\":\"The Outdoor Puzzle\",\"alternateName\":\"The Outdoor Puzzle\",\"url\":\"https:\\\/\\\/outdoorpuzzle.com\\\/en\\\/\",\"logo\":{\"@type\":\"ImageObject\",\"inLanguage\":\"it-IT\",\"@id\":\"https:\\\/\\\/outdoorpuzzle.com\\\/en\\\/#\\\/schema\\\/logo\\\/image\\\/\",\"url\":\"https:\\\/\\\/outdoorpuzzle.com\\\/wp-content\\\/uploads\\\/2022\\\/07\\\/Logo-Full-Renkli.png\",\"contentUrl\":\"https:\\\/\\\/outdoorpuzzle.com\\\/wp-content\\\/uploads\\\/2022\\\/07\\\/Logo-Full-Renkli.png\",\"width\":500,\"height\":193,\"caption\":\"The Outdoor Puzzle\"},\"image\":{\"@id\":\"https:\\\/\\\/outdoorpuzzle.com\\\/en\\\/#\\\/schema\\\/logo\\\/image\\\/\"},\"sameAs\":[\"https:\\\/\\\/www.facebook.com\\\/profile.php?id=100076379679829\",\"https:\\\/\\\/www.instagram.com\\\/the_outdoor_puzzle\",\"https:\\\/\\\/www.tiktok.com\\\/@the.outdoor.puzzle\",\"https:\\\/\\\/www.linkedin.com\\\/company\\\/the-outdoor-puzzle\"]}]}<\/script>\n<!-- \/ Yoast SEO plugin. -->","yoast_head_json":{"title":"Sandabweisende D\u00fcnne Badet\u00fccher - Strand Reisen Geschenk","description":"Ideal unter anderem als Badetuch f\u00fcr Strand, Sport, Schwimmen, Gym, Therme, Spa, Sauna, Surfing, Stand Up Paddling oder als Geschenk.","robots":{"index":"index","follow":"follow","max-snippet":"max-snippet:-1","max-image-preview":"max-image-preview:large","max-video-preview":"max-video-preview:-1"},"canonical":"https:\/\/outdoorpuzzle.com\/it\/benefits-craftmanship\/","og_locale":"it_IT","og_type":"article","og_title":"Sandabweisende D\u00fcnne Badet\u00fccher - Strand Reisen Geschenk","og_description":"Ideal unter anderem als Badetuch f\u00fcr Strand, Sport, Schwimmen, Gym, Therme, Spa, Sauna, Surfing, Stand Up Paddling oder als Geschenk.","og_url":"https:\/\/outdoorpuzzle.com\/it\/benefits-craftmanship\/","og_site_name":"The Outdoor Puzzle","article_publisher":"https:\/\/www.facebook.com\/profile.php?id=100076379679829","article_modified_time":"2026-03-30T11:57:45+00:00","og_image":[{"width":1024,"height":1024,"url":"https:\/\/outdoorpuzzle.com\/wp-content\/uploads\/2023\/02\/TOP-Towel-Set-Bags-On-Leaves-1024x1024.png","type":"image\/png"}],"twitter_card":"summary_large_image","twitter_misc":{"Tempo di lettura stimato":"4 minuti"},"schema":{"@context":"https:\/\/schema.org","@graph":[{"@type":"WebPage","@id":"https:\/\/outdoorpuzzle.com\/benefits-craftmanship\/","url":"https:\/\/outdoorpuzzle.com\/benefits-craftmanship\/","name":"Sandabweisende D\u00fcnne Badet\u00fccher - Strand Reisen Geschenk","isPartOf":{"@id":"https:\/\/outdoorpuzzle.com\/en\/#website"},"primaryImageOfPage":{"@id":"https:\/\/outdoorpuzzle.com\/benefits-craftmanship\/#primaryimage"},"image":{"@id":"https:\/\/outdoorpuzzle.com\/benefits-craftmanship\/#primaryimage"},"thumbnailUrl":"https:\/\/outdoorpuzzle.com\/wp-content\/uploads\/2023\/02\/TOP-Towel-Set-Bags-On-Leaves.png","datePublished":"2015-07-21T09:40:32+00:00","dateModified":"2026-03-30T11:57:45+00:00","description":"Ideal unter anderem als Badetuch f\u00fcr Strand, Sport, Schwimmen, Gym, Therme, Spa, Sauna, Surfing, Stand Up Paddling oder als Geschenk.","breadcrumb":{"@id":"https:\/\/outdoorpuzzle.com\/benefits-craftmanship\/#breadcrumb"},"inLanguage":"it-IT","potentialAction":[{"@type":"ReadAction","target":["https:\/\/outdoorpuzzle.com\/benefits-craftmanship\/"]}]},{"@type":"ImageObject","inLanguage":"it-IT","@id":"https:\/\/outdoorpuzzle.com\/benefits-craftmanship\/#primaryimage","url":"https:\/\/outdoorpuzzle.com\/wp-content\/uploads\/2023\/02\/TOP-Towel-Set-Bags-On-Leaves.png","contentUrl":"https:\/\/outdoorpuzzle.com\/wp-content\/uploads\/2023\/02\/TOP-Towel-Set-Bags-On-Leaves.png","width":1080,"height":1080,"caption":"Badet\u00fccher Handt\u00fccher Aus Baumwolle in Aufbewahrungstasche"},{"@type":"BreadcrumbList","@id":"https:\/\/outdoorpuzzle.com\/benefits-craftmanship\/#breadcrumb","itemListElement":[{"@type":"ListItem","position":1,"name":"Home","item":"https:\/\/outdoorpuzzle.com\/"},{"@type":"ListItem","position":2,"name":"The Outdoor Puzzle"}]},{"@type":"WebSite","@id":"https:\/\/outdoorpuzzle.com\/en\/#website","url":"https:\/\/outdoorpuzzle.com\/en\/","name":"The Outdoor Puzzle","description":"Lightweight Towels for Outdoor People","publisher":{"@id":"https:\/\/outdoorpuzzle.com\/en\/#organization"},"potentialAction":[{"@type":"SearchAction","target":{"@type":"EntryPoint","urlTemplate":"https:\/\/outdoorpuzzle.com\/en\/?s={search_term_string}"},"query-input":{"@type":"PropertyValueSpecification","valueRequired":true,"valueName":"search_term_string"}}],"inLanguage":"it-IT"},{"@type":"Organization","@id":"https:\/\/outdoorpuzzle.com\/en\/#organization","name":"The Outdoor Puzzle","alternateName":"The Outdoor Puzzle","url":"https:\/\/outdoorpuzzle.com\/en\/","logo":{"@type":"ImageObject","inLanguage":"it-IT","@id":"https:\/\/outdoorpuzzle.com\/en\/#\/schema\/logo\/image\/","url":"https:\/\/outdoorpuzzle.com\/wp-content\/uploads\/2022\/07\/Logo-Full-Renkli.png","contentUrl":"https:\/\/outdoorpuzzle.com\/wp-content\/uploads\/2022\/07\/Logo-Full-Renkli.png","width":500,"height":193,"caption":"The Outdoor Puzzle"},"image":{"@id":"https:\/\/outdoorpuzzle.com\/en\/#\/schema\/logo\/image\/"},"sameAs":["https:\/\/www.facebook.com\/profile.php?id=100076379679829","https:\/\/www.instagram.com\/the_outdoor_puzzle","https:\/\/www.tiktok.com\/@the.outdoor.puzzle","https:\/\/www.linkedin.com\/company\/the-outdoor-puzzle"]}]}},"_links":{"self":[{"href":"https:\/\/outdoorpuzzle.com\/it\/wp-json\/wp\/v2\/pages\/109","targetHints":{"allow":["GET"]}}],"collection":[{"href":"https:\/\/outdoorpuzzle.com\/it\/wp-json\/wp\/v2\/pages"}],"about":[{"href":"https:\/\/outdoorpuzzle.com\/it\/wp-json\/wp\/v2\/types\/page"}],"author":[{"embeddable":true,"href":"https:\/\/outdoorpuzzle.com\/it\/wp-json\/wp\/v2\/users\/1"}],"replies":[{"embeddable":true,"href":"https:\/\/outdoorpuzzle.com\/it\/wp-json\/wp\/v2\/comments?post=109"}],"version-history":[{"count":64,"href":"https:\/\/outdoorpuzzle.com\/it\/wp-json\/wp\/v2\/pages\/109\/revisions"}],"predecessor-version":[{"id":2528,"href":"https:\/\/outdoorpuzzle.com\/it\/wp-json\/wp\/v2\/pages\/109\/revisions\/2528"}],"wp:featuredmedia":[{"embeddable":true,"href":"https:\/\/outdoorpuzzle.com\/it\/wp-json\/wp\/v2\/media\/1529"}],"wp:attachment":[{"href":"https:\/\/outdoorpuzzle.com\/it\/wp-json\/wp\/v2\/media?parent=109"}],"curies":[{"name":"wp","href":"https:\/\/api.w.org\/{rel}","templated":true}]}}