{"id":107,"date":"2015-07-21T09:47:23","date_gmt":"2015-07-21T09:47:23","guid":{"rendered":"http:\/\/demo.themegrill.com\/himalayas\/?page_id=107"},"modified":"2026-03-30T12:02:47","modified_gmt":"2026-03-30T12:02:47","slug":"beach-water-sports","status":"publish","type":"page","link":"https:\/\/outdoorpuzzle.com\/it\/beach-water-sports\/","title":{"rendered":"Spiaggia &amp; Sport Acquatici"},"content":{"rendered":"<p><a href=\"https:\/\/outdoorpuzzle.com\/it\/categoria-prodotto\/outdoor-towels\/towels-large\/classic-towels-large\/\">Teli Classic<\/a> sono a tinta unita e presentano frange molto corte e non annodate. Ideali per gli amanti del design minimalista e dello stile sportivo. Disponibili in <a href=\"https:\/\/outdoorpuzzle.com\/it\/categoria-prodotto\/outdoor-towels\/towels-large\/classic-towels-large\/\">diverse varianti di colore<\/a> per la spiaggia, la piscina, il surf, il paddleboarding, il canottaggio o la vela.<\/p>\n\n\n\n<p>100% cotone | 100x170 cm | 300 gr | Con borsa<\/p>\n\n\n\n<p>Disponibile anche in formato ridotto come <a href=\"https:\/\/outdoorpuzzle.com\/it\/categoria-prodotto\/outdoor-towels\/towels-small\/classic-towels-small\/\">teli Alps Edition<\/a> per escursionismo, campeggio o palestra. In pratica, per qualsiasi occasione in cui serva un asciugamano molto compatto.<\/p>\n\n\n\n<p>100% cotone | 50x100 cm | 100 gr | Con borsa<\/p>\n\n\n\n<p><a href=\"https:\/\/outdoorpuzzle.com\/it\/categoria-prodotto\/outdoor-towels\/towel-sets\/\">Set die teli<\/a> includono 1 asciugamano grande (100x170 cm, 300 g) e 1 asciugamano piccolo \"Edizione Alpi\" (50x100 cm, 100 g) in una pratica borsa da trasporto, adatti a ogni occasione.<\/p>\n\n\n\n<figure class=\"wp-block-gallery has-nested-images columns-default is-cropped wp-block-gallery-1 is-layout-flex wp-block-gallery-is-layout-flex\">\n<figure class=\"wp-block-image size-large\"><img decoding=\"async\" width=\"1024\" height=\"1024\" data-id=\"1915\" src=\"https:\/\/outdoorpuzzle.com\/wp-content\/uploads\/2024\/02\/TOP-Website-Beach-Water-Sports-Section-new-1024x1024.png\" alt=\"\" class=\"wp-image-1915\" srcset=\"https:\/\/outdoorpuzzle.com\/wp-content\/uploads\/2024\/02\/TOP-Website-Beach-Water-Sports-Section-new-1024x1024.png 1024w, https:\/\/outdoorpuzzle.com\/wp-content\/uploads\/2024\/02\/TOP-Website-Beach-Water-Sports-Section-new-300x300.png 300w, https:\/\/outdoorpuzzle.com\/wp-content\/uploads\/2024\/02\/TOP-Website-Beach-Water-Sports-Section-new-150x150.png 150w, https:\/\/outdoorpuzzle.com\/wp-content\/uploads\/2024\/02\/TOP-Website-Beach-Water-Sports-Section-new-768x768.png 768w, https:\/\/outdoorpuzzle.com\/wp-content\/uploads\/2024\/02\/TOP-Website-Beach-Water-Sports-Section-new-12x12.png 12w, https:\/\/outdoorpuzzle.com\/wp-content\/uploads\/2024\/02\/TOP-Website-Beach-Water-Sports-Section-new-600x600.png 600w, https:\/\/outdoorpuzzle.com\/wp-content\/uploads\/2024\/02\/TOP-Website-Beach-Water-Sports-Section-new-100x100.png 100w, https:\/\/outdoorpuzzle.com\/wp-content\/uploads\/2024\/02\/TOP-Website-Beach-Water-Sports-Section-new.png 1080w\" sizes=\"(max-width: 1024px) 100vw, 1024px\" \/><\/figure>\n<\/figure>\n\n\n\n&#8230;\n\n\n\n<div style=\"display: flex; justify-content: center;\"> \n\n    <iframe width=\"420\" height=\"748\" src=\"https:\/\/www.youtube.com\/embed\/p2_IRCLLEsI\" title=\"Lightweight Towels for Outdoor People\" frameborder=\"0\" allow=\"accelerometer; autoplay; clipboard-write; encrypted-media; gyroscope; picture-in-picture; web-share\" referrerpolicy=\"strict-origin-when-cross-origin\" allowfullscreen><\/iframe> \n\n<\/div>","protected":false},"excerpt":{"rendered":"<p>Classic Towels with single colour and very short fringes in carry bag. 100x170cm &#038; 300gr<\/p>","protected":false},"author":1,"featured_media":1915,"parent":0,"menu_order":0,"comment_status":"closed","ping_status":"open","template":"page-templates\/template-portfolio.php","meta":{"_monsterinsights_skip_tracking":false,"_monsterinsights_sitenote_active":false,"_monsterinsights_sitenote_note":"","_monsterinsights_sitenote_category":0,"_joinchat":[],"footnotes":""},"class_list":["post-107","page","type-page","status-publish","has-post-thumbnail","hentry"],"yoast_head":"<!-- This site is optimized with the Yoast SEO plugin v27.3 - https:\/\/yoast.com\/product\/yoast-seo-wordpress\/ -->\n<title>D\u00fcnne Leichte Strandt\u00fccher aus Baumwolle | Reisen Strand Sport<\/title>\n<meta name=\"description\" content=\"Kompakte Strandt\u00fccher in verschiedenen Farben f\u00fcr Strand, Schwimmbad, Surfing, Stand Up Paddling, Rudern, Segeln, Tauchen und Yoga.\" \/>\n<meta name=\"robots\" content=\"index, follow, max-snippet:-1, max-image-preview:large, max-video-preview:-1\" \/>\n<link rel=\"canonical\" href=\"https:\/\/outdoorpuzzle.com\/it\/beach-water-sports\/\" \/>\n<meta property=\"og:locale\" content=\"it_IT\" \/>\n<meta property=\"og:type\" content=\"article\" \/>\n<meta property=\"og:title\" content=\"D\u00fcnne Leichte Strandt\u00fccher aus Baumwolle | Reisen Strand Sport\" \/>\n<meta property=\"og:description\" content=\"Kompakte Strandt\u00fccher in verschiedenen Farben f\u00fcr Strand, Schwimmbad, Surfing, Stand Up Paddling, Rudern, Segeln, Tauchen und Yoga.\" \/>\n<meta property=\"og:url\" content=\"https:\/\/outdoorpuzzle.com\/it\/beach-water-sports\/\" \/>\n<meta property=\"og:site_name\" content=\"The Outdoor Puzzle\" \/>\n<meta property=\"article:publisher\" content=\"https:\/\/www.facebook.com\/profile.php?id=100076379679829\" \/>\n<meta property=\"article:modified_time\" content=\"2026-03-30T12:02:47+00:00\" \/>\n<meta property=\"og:image\" content=\"https:\/\/outdoorpuzzle.com\/wp-content\/uploads\/2024\/02\/TOP-Website-Beach-Water-Sports-Section-new-1024x1024.png\" \/>\n\t<meta property=\"og:image:width\" content=\"1024\" \/>\n\t<meta property=\"og:image:height\" content=\"1024\" \/>\n\t<meta property=\"og:image:type\" content=\"image\/png\" \/>\n<meta name=\"twitter:card\" content=\"summary_large_image\" \/>\n<meta name=\"twitter:label1\" content=\"Tempo di lettura stimato\" \/>\n\t<meta name=\"twitter:data1\" content=\"1 minuto\" \/>\n<script type=\"application\/ld+json\" class=\"yoast-schema-graph\">{\"@context\":\"https:\\\/\\\/schema.org\",\"@graph\":[{\"@type\":\"WebPage\",\"@id\":\"https:\\\/\\\/outdoorpuzzle.com\\\/beach-water-sports\\\/\",\"url\":\"https:\\\/\\\/outdoorpuzzle.com\\\/beach-water-sports\\\/\",\"name\":\"D\u00fcnne Leichte Strandt\u00fccher aus Baumwolle | Reisen Strand Sport\",\"isPartOf\":{\"@id\":\"https:\\\/\\\/outdoorpuzzle.com\\\/en\\\/#website\"},\"primaryImageOfPage\":{\"@id\":\"https:\\\/\\\/outdoorpuzzle.com\\\/beach-water-sports\\\/#primaryimage\"},\"image\":{\"@id\":\"https:\\\/\\\/outdoorpuzzle.com\\\/beach-water-sports\\\/#primaryimage\"},\"thumbnailUrl\":\"https:\\\/\\\/outdoorpuzzle.com\\\/wp-content\\\/uploads\\\/2024\\\/02\\\/TOP-Website-Beach-Water-Sports-Section-new.png\",\"datePublished\":\"2015-07-21T09:47:23+00:00\",\"dateModified\":\"2026-03-30T12:02:47+00:00\",\"description\":\"Kompakte Strandt\u00fccher in verschiedenen Farben f\u00fcr Strand, Schwimmbad, Surfing, Stand Up Paddling, Rudern, Segeln, Tauchen und Yoga.\",\"breadcrumb\":{\"@id\":\"https:\\\/\\\/outdoorpuzzle.com\\\/beach-water-sports\\\/#breadcrumb\"},\"inLanguage\":\"it-IT\",\"potentialAction\":[{\"@type\":\"ReadAction\",\"target\":[\"https:\\\/\\\/outdoorpuzzle.com\\\/beach-water-sports\\\/\"]}]},{\"@type\":\"ImageObject\",\"inLanguage\":\"it-IT\",\"@id\":\"https:\\\/\\\/outdoorpuzzle.com\\\/beach-water-sports\\\/#primaryimage\",\"url\":\"https:\\\/\\\/outdoorpuzzle.com\\\/wp-content\\\/uploads\\\/2024\\\/02\\\/TOP-Website-Beach-Water-Sports-Section-new.png\",\"contentUrl\":\"https:\\\/\\\/outdoorpuzzle.com\\\/wp-content\\\/uploads\\\/2024\\\/02\\\/TOP-Website-Beach-Water-Sports-Section-new.png\",\"width\":1080,\"height\":1080},{\"@type\":\"BreadcrumbList\",\"@id\":\"https:\\\/\\\/outdoorpuzzle.com\\\/beach-water-sports\\\/#breadcrumb\",\"itemListElement\":[{\"@type\":\"ListItem\",\"position\":1,\"name\":\"Home\",\"item\":\"https:\\\/\\\/outdoorpuzzle.com\\\/\"},{\"@type\":\"ListItem\",\"position\":2,\"name\":\"Beach &#038; Water Sports\"}]},{\"@type\":\"WebSite\",\"@id\":\"https:\\\/\\\/outdoorpuzzle.com\\\/en\\\/#website\",\"url\":\"https:\\\/\\\/outdoorpuzzle.com\\\/en\\\/\",\"name\":\"The Outdoor Puzzle\",\"description\":\"Lightweight Towels for Outdoor People\",\"publisher\":{\"@id\":\"https:\\\/\\\/outdoorpuzzle.com\\\/en\\\/#organization\"},\"potentialAction\":[{\"@type\":\"SearchAction\",\"target\":{\"@type\":\"EntryPoint\",\"urlTemplate\":\"https:\\\/\\\/outdoorpuzzle.com\\\/en\\\/?s={search_term_string}\"},\"query-input\":{\"@type\":\"PropertyValueSpecification\",\"valueRequired\":true,\"valueName\":\"search_term_string\"}}],\"inLanguage\":\"it-IT\"},{\"@type\":\"Organization\",\"@id\":\"https:\\\/\\\/outdoorpuzzle.com\\\/en\\\/#organization\",\"name\":\"The Outdoor Puzzle\",\"alternateName\":\"The Outdoor Puzzle\",\"url\":\"https:\\\/\\\/outdoorpuzzle.com\\\/en\\\/\",\"logo\":{\"@type\":\"ImageObject\",\"inLanguage\":\"it-IT\",\"@id\":\"https:\\\/\\\/outdoorpuzzle.com\\\/en\\\/#\\\/schema\\\/logo\\\/image\\\/\",\"url\":\"https:\\\/\\\/outdoorpuzzle.com\\\/wp-content\\\/uploads\\\/2022\\\/07\\\/Logo-Full-Renkli.png\",\"contentUrl\":\"https:\\\/\\\/outdoorpuzzle.com\\\/wp-content\\\/uploads\\\/2022\\\/07\\\/Logo-Full-Renkli.png\",\"width\":500,\"height\":193,\"caption\":\"The Outdoor Puzzle\"},\"image\":{\"@id\":\"https:\\\/\\\/outdoorpuzzle.com\\\/en\\\/#\\\/schema\\\/logo\\\/image\\\/\"},\"sameAs\":[\"https:\\\/\\\/www.facebook.com\\\/profile.php?id=100076379679829\",\"https:\\\/\\\/www.instagram.com\\\/the_outdoor_puzzle\",\"https:\\\/\\\/www.tiktok.com\\\/@the.outdoor.puzzle\",\"https:\\\/\\\/www.linkedin.com\\\/company\\\/the-outdoor-puzzle\"]}]}<\/script>\n<!-- \/ Yoast SEO plugin. -->","yoast_head_json":{"title":"D\u00fcnne Leichte Strandt\u00fccher aus Baumwolle | Reisen Strand Sport","description":"Kompakte Strandt\u00fccher in verschiedenen Farben f\u00fcr Strand, Schwimmbad, Surfing, Stand Up Paddling, Rudern, Segeln, Tauchen und Yoga.","robots":{"index":"index","follow":"follow","max-snippet":"max-snippet:-1","max-image-preview":"max-image-preview:large","max-video-preview":"max-video-preview:-1"},"canonical":"https:\/\/outdoorpuzzle.com\/it\/beach-water-sports\/","og_locale":"it_IT","og_type":"article","og_title":"D\u00fcnne Leichte Strandt\u00fccher aus Baumwolle | Reisen Strand Sport","og_description":"Kompakte Strandt\u00fccher in verschiedenen Farben f\u00fcr Strand, Schwimmbad, Surfing, Stand Up Paddling, Rudern, Segeln, Tauchen und Yoga.","og_url":"https:\/\/outdoorpuzzle.com\/it\/beach-water-sports\/","og_site_name":"The Outdoor Puzzle","article_publisher":"https:\/\/www.facebook.com\/profile.php?id=100076379679829","article_modified_time":"2026-03-30T12:02:47+00:00","og_image":[{"width":1024,"height":1024,"url":"https:\/\/outdoorpuzzle.com\/wp-content\/uploads\/2024\/02\/TOP-Website-Beach-Water-Sports-Section-new-1024x1024.png","type":"image\/png"}],"twitter_card":"summary_large_image","twitter_misc":{"Tempo di lettura stimato":"1 minuto"},"schema":{"@context":"https:\/\/schema.org","@graph":[{"@type":"WebPage","@id":"https:\/\/outdoorpuzzle.com\/beach-water-sports\/","url":"https:\/\/outdoorpuzzle.com\/beach-water-sports\/","name":"D\u00fcnne Leichte Strandt\u00fccher aus Baumwolle | Reisen Strand Sport","isPartOf":{"@id":"https:\/\/outdoorpuzzle.com\/en\/#website"},"primaryImageOfPage":{"@id":"https:\/\/outdoorpuzzle.com\/beach-water-sports\/#primaryimage"},"image":{"@id":"https:\/\/outdoorpuzzle.com\/beach-water-sports\/#primaryimage"},"thumbnailUrl":"https:\/\/outdoorpuzzle.com\/wp-content\/uploads\/2024\/02\/TOP-Website-Beach-Water-Sports-Section-new.png","datePublished":"2015-07-21T09:47:23+00:00","dateModified":"2026-03-30T12:02:47+00:00","description":"Kompakte Strandt\u00fccher in verschiedenen Farben f\u00fcr Strand, Schwimmbad, Surfing, Stand Up Paddling, Rudern, Segeln, Tauchen und Yoga.","breadcrumb":{"@id":"https:\/\/outdoorpuzzle.com\/beach-water-sports\/#breadcrumb"},"inLanguage":"it-IT","potentialAction":[{"@type":"ReadAction","target":["https:\/\/outdoorpuzzle.com\/beach-water-sports\/"]}]},{"@type":"ImageObject","inLanguage":"it-IT","@id":"https:\/\/outdoorpuzzle.com\/beach-water-sports\/#primaryimage","url":"https:\/\/outdoorpuzzle.com\/wp-content\/uploads\/2024\/02\/TOP-Website-Beach-Water-Sports-Section-new.png","contentUrl":"https:\/\/outdoorpuzzle.com\/wp-content\/uploads\/2024\/02\/TOP-Website-Beach-Water-Sports-Section-new.png","width":1080,"height":1080},{"@type":"BreadcrumbList","@id":"https:\/\/outdoorpuzzle.com\/beach-water-sports\/#breadcrumb","itemListElement":[{"@type":"ListItem","position":1,"name":"Home","item":"https:\/\/outdoorpuzzle.com\/"},{"@type":"ListItem","position":2,"name":"Beach &#038; Water Sports"}]},{"@type":"WebSite","@id":"https:\/\/outdoorpuzzle.com\/en\/#website","url":"https:\/\/outdoorpuzzle.com\/en\/","name":"The Outdoor Puzzle","description":"Lightweight Towels for Outdoor People","publisher":{"@id":"https:\/\/outdoorpuzzle.com\/en\/#organization"},"potentialAction":[{"@type":"SearchAction","target":{"@type":"EntryPoint","urlTemplate":"https:\/\/outdoorpuzzle.com\/en\/?s={search_term_string}"},"query-input":{"@type":"PropertyValueSpecification","valueRequired":true,"valueName":"search_term_string"}}],"inLanguage":"it-IT"},{"@type":"Organization","@id":"https:\/\/outdoorpuzzle.com\/en\/#organization","name":"The Outdoor Puzzle","alternateName":"The Outdoor Puzzle","url":"https:\/\/outdoorpuzzle.com\/en\/","logo":{"@type":"ImageObject","inLanguage":"it-IT","@id":"https:\/\/outdoorpuzzle.com\/en\/#\/schema\/logo\/image\/","url":"https:\/\/outdoorpuzzle.com\/wp-content\/uploads\/2022\/07\/Logo-Full-Renkli.png","contentUrl":"https:\/\/outdoorpuzzle.com\/wp-content\/uploads\/2022\/07\/Logo-Full-Renkli.png","width":500,"height":193,"caption":"The Outdoor Puzzle"},"image":{"@id":"https:\/\/outdoorpuzzle.com\/en\/#\/schema\/logo\/image\/"},"sameAs":["https:\/\/www.facebook.com\/profile.php?id=100076379679829","https:\/\/www.instagram.com\/the_outdoor_puzzle","https:\/\/www.tiktok.com\/@the.outdoor.puzzle","https:\/\/www.linkedin.com\/company\/the-outdoor-puzzle"]}]}},"_links":{"self":[{"href":"https:\/\/outdoorpuzzle.com\/it\/wp-json\/wp\/v2\/pages\/107","targetHints":{"allow":["GET"]}}],"collection":[{"href":"https:\/\/outdoorpuzzle.com\/it\/wp-json\/wp\/v2\/pages"}],"about":[{"href":"https:\/\/outdoorpuzzle.com\/it\/wp-json\/wp\/v2\/types\/page"}],"author":[{"embeddable":true,"href":"https:\/\/outdoorpuzzle.com\/it\/wp-json\/wp\/v2\/users\/1"}],"replies":[{"embeddable":true,"href":"https:\/\/outdoorpuzzle.com\/it\/wp-json\/wp\/v2\/comments?post=107"}],"version-history":[{"count":15,"href":"https:\/\/outdoorpuzzle.com\/it\/wp-json\/wp\/v2\/pages\/107\/revisions"}],"predecessor-version":[{"id":2533,"href":"https:\/\/outdoorpuzzle.com\/it\/wp-json\/wp\/v2\/pages\/107\/revisions\/2533"}],"wp:featuredmedia":[{"embeddable":true,"href":"https:\/\/outdoorpuzzle.com\/it\/wp-json\/wp\/v2\/media\/1915"}],"wp:attachment":[{"href":"https:\/\/outdoorpuzzle.com\/it\/wp-json\/wp\/v2\/media?parent=107"}],"curies":[{"name":"wp","href":"https:\/\/api.w.org\/{rel}","templated":true}]}}