{"id":105,"date":"2015-07-21T09:46:31","date_gmt":"2015-07-21T09:46:31","guid":{"rendered":"http:\/\/demo.themegrill.com\/himalayas\/?page_id=105"},"modified":"2025-05-07T15:47:36","modified_gmt":"2025-05-07T15:47:36","slug":"bathroom","status":"publish","type":"page","link":"https:\/\/outdoorpuzzle.com\/it\/bathroom\/","title":{"rendered":"Bagno"},"content":{"rendered":"<p>I nostri asciugamani da bagno sono leggermente pi\u00f9 pesanti e spessi rispetto agli altri della nostra gamma, per offrirti una sensazione di comfort ancora maggiore a casa, in spa o in sauna.<\/p>\n\n\n\n<p><a href=\"https:\/\/outdoorpuzzle.com\/it\/categoria-prodotto\/outdoor-towels\/towels-large\/pure-cotton\/\">I teli Cloud Comfort<\/a> sono extra morbidi e non subiscono alcun trattamento di colorazione durante la produzione, il che contribuisce a preservare il bianco naturale del cotone e a renderlo ancora pi\u00f9 soffice. La superficie dell'asciugamano \u00e8 naturalmente stropicciata, ideale per chi ama un look autentico.<\/p>\n\n\n\n<p>Cotone e Viscosa | 100x180 cm | 450 gr <\/p>\n\n\n\n<p><a href=\"https:\/\/outdoorpuzzle.com\/it\/categoria-prodotto\/outdoor-towels\/towels-small\/bathroom-bubble-design\/\">I asciugamani Bubble Design<\/a> sono realizzati a mano da laboratori artigianali tradizionali con cotone di alta qualit\u00e0. Le frange sono finemente intrecciate a mano. Ideali per chi ama il design elegante e un tocco di stile in bagno.<\/p>\n\n\n\n<p>100% Cotone | 50x100 cm | 350 gr <\/p>\n\n\n\n<figure class=\"wp-block-image size-large\"><img decoding=\"async\" width=\"1024\" height=\"1024\" src=\"https:\/\/outdoorpuzzle.com\/wp-content\/uploads\/2024\/02\/TOP-Website-Bathroom-Section-1024x1024.png\" alt=\"\" class=\"wp-image-1750\" srcset=\"https:\/\/outdoorpuzzle.com\/wp-content\/uploads\/2024\/02\/TOP-Website-Bathroom-Section-1024x1024.png 1024w, https:\/\/outdoorpuzzle.com\/wp-content\/uploads\/2024\/02\/TOP-Website-Bathroom-Section-300x300.png 300w, https:\/\/outdoorpuzzle.com\/wp-content\/uploads\/2024\/02\/TOP-Website-Bathroom-Section-150x150.png 150w, https:\/\/outdoorpuzzle.com\/wp-content\/uploads\/2024\/02\/TOP-Website-Bathroom-Section-768x768.png 768w, https:\/\/outdoorpuzzle.com\/wp-content\/uploads\/2024\/02\/TOP-Website-Bathroom-Section-12x12.png 12w, https:\/\/outdoorpuzzle.com\/wp-content\/uploads\/2024\/02\/TOP-Website-Bathroom-Section-600x600.png 600w, https:\/\/outdoorpuzzle.com\/wp-content\/uploads\/2024\/02\/TOP-Website-Bathroom-Section-100x100.png 100w, https:\/\/outdoorpuzzle.com\/wp-content\/uploads\/2024\/02\/TOP-Website-Bathroom-Section.png 1080w\" sizes=\"(max-width: 1024px) 100vw, 1024px\" \/><\/figure>","protected":false},"excerpt":{"rendered":"<p>Extra soft Cloud Comfort Towels without colour processing &#038; hand loomed Bubble Design Towels<\/p>","protected":false},"author":1,"featured_media":1750,"parent":0,"menu_order":0,"comment_status":"closed","ping_status":"open","template":"page-templates\/template-portfolio.php","meta":{"_monsterinsights_skip_tracking":false,"_monsterinsights_sitenote_active":false,"_monsterinsights_sitenote_note":"","_monsterinsights_sitenote_category":0,"_joinchat":[],"footnotes":""},"class_list":["post-105","page","type-page","status-publish","has-post-thumbnail","hentry"],"yoast_head":"<!-- This site is optimized with the Yoast SEO plugin v27.3 - https:\/\/yoast.com\/product\/yoast-seo-wordpress\/ -->\n<title>Elegante Handt\u00fccher aus Baumwolle | Badezimmer Therme Spa<\/title>\n<meta name=\"description\" content=\"Schicke und weiche Handt\u00fccher f\u00fcr Badezimmer, Therme, Spa und Sauna. Handgefertigt mit wundersch\u00f6n handgedrehten Fransen.\" \/>\n<meta name=\"robots\" content=\"index, follow, max-snippet:-1, max-image-preview:large, max-video-preview:-1\" \/>\n<link rel=\"canonical\" href=\"https:\/\/outdoorpuzzle.com\/it\/bathroom\/\" \/>\n<meta property=\"og:locale\" content=\"it_IT\" \/>\n<meta property=\"og:type\" content=\"article\" \/>\n<meta property=\"og:title\" content=\"Elegante Handt\u00fccher aus Baumwolle | Badezimmer Therme Spa\" \/>\n<meta property=\"og:description\" content=\"Schicke und weiche Handt\u00fccher f\u00fcr Badezimmer, Therme, Spa und Sauna. Handgefertigt mit wundersch\u00f6n handgedrehten Fransen.\" \/>\n<meta property=\"og:url\" content=\"https:\/\/outdoorpuzzle.com\/it\/bathroom\/\" \/>\n<meta property=\"og:site_name\" content=\"The Outdoor Puzzle\" \/>\n<meta property=\"article:publisher\" content=\"https:\/\/www.facebook.com\/profile.php?id=100076379679829\" \/>\n<meta property=\"article:modified_time\" content=\"2025-05-07T15:47:36+00:00\" \/>\n<meta property=\"og:image\" content=\"https:\/\/outdoorpuzzle.com\/wp-content\/uploads\/2024\/02\/TOP-Website-Bathroom-Section-1024x1024.png\" \/>\n\t<meta property=\"og:image:width\" content=\"1024\" \/>\n\t<meta property=\"og:image:height\" content=\"1024\" \/>\n\t<meta property=\"og:image:type\" content=\"image\/png\" \/>\n<meta name=\"twitter:card\" content=\"summary_large_image\" \/>\n<meta name=\"twitter:label1\" content=\"Tempo di lettura stimato\" \/>\n\t<meta name=\"twitter:data1\" content=\"1 minuto\" \/>\n<script type=\"application\/ld+json\" class=\"yoast-schema-graph\">{\"@context\":\"https:\\\/\\\/schema.org\",\"@graph\":[{\"@type\":\"WebPage\",\"@id\":\"https:\\\/\\\/outdoorpuzzle.com\\\/bathroom\\\/\",\"url\":\"https:\\\/\\\/outdoorpuzzle.com\\\/bathroom\\\/\",\"name\":\"Elegante Handt\u00fccher aus Baumwolle | Badezimmer Therme Spa\",\"isPartOf\":{\"@id\":\"https:\\\/\\\/outdoorpuzzle.com\\\/en\\\/#website\"},\"primaryImageOfPage\":{\"@id\":\"https:\\\/\\\/outdoorpuzzle.com\\\/bathroom\\\/#primaryimage\"},\"image\":{\"@id\":\"https:\\\/\\\/outdoorpuzzle.com\\\/bathroom\\\/#primaryimage\"},\"thumbnailUrl\":\"https:\\\/\\\/outdoorpuzzle.com\\\/wp-content\\\/uploads\\\/2024\\\/02\\\/TOP-Website-Bathroom-Section.png\",\"datePublished\":\"2015-07-21T09:46:31+00:00\",\"dateModified\":\"2025-05-07T15:47:36+00:00\",\"description\":\"Schicke und weiche Handt\u00fccher f\u00fcr Badezimmer, Therme, Spa und Sauna. Handgefertigt mit wundersch\u00f6n handgedrehten Fransen.\",\"breadcrumb\":{\"@id\":\"https:\\\/\\\/outdoorpuzzle.com\\\/bathroom\\\/#breadcrumb\"},\"inLanguage\":\"it-IT\",\"potentialAction\":[{\"@type\":\"ReadAction\",\"target\":[\"https:\\\/\\\/outdoorpuzzle.com\\\/bathroom\\\/\"]}]},{\"@type\":\"ImageObject\",\"inLanguage\":\"it-IT\",\"@id\":\"https:\\\/\\\/outdoorpuzzle.com\\\/bathroom\\\/#primaryimage\",\"url\":\"https:\\\/\\\/outdoorpuzzle.com\\\/wp-content\\\/uploads\\\/2024\\\/02\\\/TOP-Website-Bathroom-Section.png\",\"contentUrl\":\"https:\\\/\\\/outdoorpuzzle.com\\\/wp-content\\\/uploads\\\/2024\\\/02\\\/TOP-Website-Bathroom-Section.png\",\"width\":1080,\"height\":1080,\"caption\":\"Elegante Badet\u00fccher Handt\u00fccher Aus Baumwolle F\u00fcr Badezimmer\"},{\"@type\":\"BreadcrumbList\",\"@id\":\"https:\\\/\\\/outdoorpuzzle.com\\\/bathroom\\\/#breadcrumb\",\"itemListElement\":[{\"@type\":\"ListItem\",\"position\":1,\"name\":\"Home\",\"item\":\"https:\\\/\\\/outdoorpuzzle.com\\\/\"},{\"@type\":\"ListItem\",\"position\":2,\"name\":\"Bathroom\"}]},{\"@type\":\"WebSite\",\"@id\":\"https:\\\/\\\/outdoorpuzzle.com\\\/en\\\/#website\",\"url\":\"https:\\\/\\\/outdoorpuzzle.com\\\/en\\\/\",\"name\":\"The Outdoor Puzzle\",\"description\":\"Lightweight Towels for Outdoor People\",\"publisher\":{\"@id\":\"https:\\\/\\\/outdoorpuzzle.com\\\/en\\\/#organization\"},\"potentialAction\":[{\"@type\":\"SearchAction\",\"target\":{\"@type\":\"EntryPoint\",\"urlTemplate\":\"https:\\\/\\\/outdoorpuzzle.com\\\/en\\\/?s={search_term_string}\"},\"query-input\":{\"@type\":\"PropertyValueSpecification\",\"valueRequired\":true,\"valueName\":\"search_term_string\"}}],\"inLanguage\":\"it-IT\"},{\"@type\":\"Organization\",\"@id\":\"https:\\\/\\\/outdoorpuzzle.com\\\/en\\\/#organization\",\"name\":\"The Outdoor Puzzle\",\"alternateName\":\"The Outdoor Puzzle\",\"url\":\"https:\\\/\\\/outdoorpuzzle.com\\\/en\\\/\",\"logo\":{\"@type\":\"ImageObject\",\"inLanguage\":\"it-IT\",\"@id\":\"https:\\\/\\\/outdoorpuzzle.com\\\/en\\\/#\\\/schema\\\/logo\\\/image\\\/\",\"url\":\"https:\\\/\\\/outdoorpuzzle.com\\\/wp-content\\\/uploads\\\/2022\\\/07\\\/Logo-Full-Renkli.png\",\"contentUrl\":\"https:\\\/\\\/outdoorpuzzle.com\\\/wp-content\\\/uploads\\\/2022\\\/07\\\/Logo-Full-Renkli.png\",\"width\":500,\"height\":193,\"caption\":\"The Outdoor Puzzle\"},\"image\":{\"@id\":\"https:\\\/\\\/outdoorpuzzle.com\\\/en\\\/#\\\/schema\\\/logo\\\/image\\\/\"},\"sameAs\":[\"https:\\\/\\\/www.facebook.com\\\/profile.php?id=100076379679829\",\"https:\\\/\\\/www.instagram.com\\\/the_outdoor_puzzle\",\"https:\\\/\\\/www.tiktok.com\\\/@the.outdoor.puzzle\",\"https:\\\/\\\/www.linkedin.com\\\/company\\\/the-outdoor-puzzle\"]}]}<\/script>\n<!-- \/ Yoast SEO plugin. -->","yoast_head_json":{"title":"Elegante Handt\u00fccher aus Baumwolle | Badezimmer Therme Spa","description":"Schicke und weiche Handt\u00fccher f\u00fcr Badezimmer, Therme, Spa und Sauna. Handgefertigt mit wundersch\u00f6n handgedrehten Fransen.","robots":{"index":"index","follow":"follow","max-snippet":"max-snippet:-1","max-image-preview":"max-image-preview:large","max-video-preview":"max-video-preview:-1"},"canonical":"https:\/\/outdoorpuzzle.com\/it\/bathroom\/","og_locale":"it_IT","og_type":"article","og_title":"Elegante Handt\u00fccher aus Baumwolle | Badezimmer Therme Spa","og_description":"Schicke und weiche Handt\u00fccher f\u00fcr Badezimmer, Therme, Spa und Sauna. Handgefertigt mit wundersch\u00f6n handgedrehten Fransen.","og_url":"https:\/\/outdoorpuzzle.com\/it\/bathroom\/","og_site_name":"The Outdoor Puzzle","article_publisher":"https:\/\/www.facebook.com\/profile.php?id=100076379679829","article_modified_time":"2025-05-07T15:47:36+00:00","og_image":[{"width":1024,"height":1024,"url":"https:\/\/outdoorpuzzle.com\/wp-content\/uploads\/2024\/02\/TOP-Website-Bathroom-Section-1024x1024.png","type":"image\/png"}],"twitter_card":"summary_large_image","twitter_misc":{"Tempo di lettura stimato":"1 minuto"},"schema":{"@context":"https:\/\/schema.org","@graph":[{"@type":"WebPage","@id":"https:\/\/outdoorpuzzle.com\/bathroom\/","url":"https:\/\/outdoorpuzzle.com\/bathroom\/","name":"Elegante Handt\u00fccher aus Baumwolle | Badezimmer Therme Spa","isPartOf":{"@id":"https:\/\/outdoorpuzzle.com\/en\/#website"},"primaryImageOfPage":{"@id":"https:\/\/outdoorpuzzle.com\/bathroom\/#primaryimage"},"image":{"@id":"https:\/\/outdoorpuzzle.com\/bathroom\/#primaryimage"},"thumbnailUrl":"https:\/\/outdoorpuzzle.com\/wp-content\/uploads\/2024\/02\/TOP-Website-Bathroom-Section.png","datePublished":"2015-07-21T09:46:31+00:00","dateModified":"2025-05-07T15:47:36+00:00","description":"Schicke und weiche Handt\u00fccher f\u00fcr Badezimmer, Therme, Spa und Sauna. Handgefertigt mit wundersch\u00f6n handgedrehten Fransen.","breadcrumb":{"@id":"https:\/\/outdoorpuzzle.com\/bathroom\/#breadcrumb"},"inLanguage":"it-IT","potentialAction":[{"@type":"ReadAction","target":["https:\/\/outdoorpuzzle.com\/bathroom\/"]}]},{"@type":"ImageObject","inLanguage":"it-IT","@id":"https:\/\/outdoorpuzzle.com\/bathroom\/#primaryimage","url":"https:\/\/outdoorpuzzle.com\/wp-content\/uploads\/2024\/02\/TOP-Website-Bathroom-Section.png","contentUrl":"https:\/\/outdoorpuzzle.com\/wp-content\/uploads\/2024\/02\/TOP-Website-Bathroom-Section.png","width":1080,"height":1080,"caption":"Elegante Badet\u00fccher Handt\u00fccher Aus Baumwolle F\u00fcr Badezimmer"},{"@type":"BreadcrumbList","@id":"https:\/\/outdoorpuzzle.com\/bathroom\/#breadcrumb","itemListElement":[{"@type":"ListItem","position":1,"name":"Home","item":"https:\/\/outdoorpuzzle.com\/"},{"@type":"ListItem","position":2,"name":"Bathroom"}]},{"@type":"WebSite","@id":"https:\/\/outdoorpuzzle.com\/en\/#website","url":"https:\/\/outdoorpuzzle.com\/en\/","name":"The Outdoor Puzzle","description":"Lightweight Towels for Outdoor People","publisher":{"@id":"https:\/\/outdoorpuzzle.com\/en\/#organization"},"potentialAction":[{"@type":"SearchAction","target":{"@type":"EntryPoint","urlTemplate":"https:\/\/outdoorpuzzle.com\/en\/?s={search_term_string}"},"query-input":{"@type":"PropertyValueSpecification","valueRequired":true,"valueName":"search_term_string"}}],"inLanguage":"it-IT"},{"@type":"Organization","@id":"https:\/\/outdoorpuzzle.com\/en\/#organization","name":"The Outdoor Puzzle","alternateName":"The Outdoor Puzzle","url":"https:\/\/outdoorpuzzle.com\/en\/","logo":{"@type":"ImageObject","inLanguage":"it-IT","@id":"https:\/\/outdoorpuzzle.com\/en\/#\/schema\/logo\/image\/","url":"https:\/\/outdoorpuzzle.com\/wp-content\/uploads\/2022\/07\/Logo-Full-Renkli.png","contentUrl":"https:\/\/outdoorpuzzle.com\/wp-content\/uploads\/2022\/07\/Logo-Full-Renkli.png","width":500,"height":193,"caption":"The Outdoor Puzzle"},"image":{"@id":"https:\/\/outdoorpuzzle.com\/en\/#\/schema\/logo\/image\/"},"sameAs":["https:\/\/www.facebook.com\/profile.php?id=100076379679829","https:\/\/www.instagram.com\/the_outdoor_puzzle","https:\/\/www.tiktok.com\/@the.outdoor.puzzle","https:\/\/www.linkedin.com\/company\/the-outdoor-puzzle"]}]}},"_links":{"self":[{"href":"https:\/\/outdoorpuzzle.com\/it\/wp-json\/wp\/v2\/pages\/105","targetHints":{"allow":["GET"]}}],"collection":[{"href":"https:\/\/outdoorpuzzle.com\/it\/wp-json\/wp\/v2\/pages"}],"about":[{"href":"https:\/\/outdoorpuzzle.com\/it\/wp-json\/wp\/v2\/types\/page"}],"author":[{"embeddable":true,"href":"https:\/\/outdoorpuzzle.com\/it\/wp-json\/wp\/v2\/users\/1"}],"replies":[{"embeddable":true,"href":"https:\/\/outdoorpuzzle.com\/it\/wp-json\/wp\/v2\/comments?post=105"}],"version-history":[{"count":13,"href":"https:\/\/outdoorpuzzle.com\/it\/wp-json\/wp\/v2\/pages\/105\/revisions"}],"predecessor-version":[{"id":1984,"href":"https:\/\/outdoorpuzzle.com\/it\/wp-json\/wp\/v2\/pages\/105\/revisions\/1984"}],"wp:featuredmedia":[{"embeddable":true,"href":"https:\/\/outdoorpuzzle.com\/it\/wp-json\/wp\/v2\/media\/1750"}],"wp:attachment":[{"href":"https:\/\/outdoorpuzzle.com\/it\/wp-json\/wp\/v2\/media?parent=105"}],"curies":[{"name":"wp","href":"https:\/\/api.w.org\/{rel}","templated":true}]}}