{"id":1172,"date":"2022-04-30T13:10:39","date_gmt":"2022-04-30T13:10:39","guid":{"rendered":"https:\/\/outdoorpuzzle.com\/?post_type=product&#038;p=1172"},"modified":"2026-01-17T12:01:18","modified_gmt":"2026-01-17T12:01:18","slug":"compact-towel-black-white","status":"publish","type":"product","link":"https:\/\/outdoorpuzzle.com\/en\/product\/compact-towel-black-white\/","title":{"rendered":"Compact Lightweight Cotton Towel With Carry Bag &#8211; Beach Spa Sauna &#8211; Black White L"},"content":{"rendered":"<ul>\n<li data-aria-posinset=\"1\" data-aria-level=\"2\"><span data-contrast=\"none\">Lightweight, compact, quick drying<\/span><\/li>\n<li data-aria-posinset=\"2\" data-aria-level=\"2\"><span data-contrast=\"none\">Sustainable \u2013 100% cotton \u00a0(Oeko-Tex\u00ae Standard 100).<\/span><span data-contrast=\"none\">\u00a0F<\/span><span data-contrast=\"none\">ree from\u00a0microfibre\u00a0plastics.<\/span><\/li>\n<li data-aria-posinset=\"3\" data-aria-level=\"2\"><span data-contrast=\"none\">Packed in its own\u00a0<\/span><span data-contrast=\"none\">practical cotton<\/span><span data-contrast=\"none\">\u00a0bag, making it the perfect travel towel<\/span><\/li>\n<li data-aria-posinset=\"4\" data-aria-level=\"2\"><span data-contrast=\"none\">Ideal towel among others for beach, sport facilities, fitness, swimming pool, surfing, stand up paddling, spa, sauna and yoga<\/span><\/li>\n<li data-aria-posinset=\"5\" data-aria-level=\"2\"><span data-contrast=\"none\">Suitable for both outdoor activities and as a compact bath towel throughout the year<\/span><\/li>\n<li data-aria-posinset=\"6\" data-aria-level=\"2\"><span data-contrast=\"none\">Practical design<\/span><\/li>\n<\/ul>\n<p>Hand Knotted Towels have an elegant look and hand knotted fringes. Ideal for lovers of artistic goods. Thanks to premium cotton used The Outdoor Puzzle towels get even softer and more absorbent with successive use and washings.<\/p>\n<p><span data-contrast=\"none\">The towels\u00a0are produced<\/span><span data-contrast=\"none\">\u00a0by traditional loom workshops.\u00a0<\/span><span data-contrast=\"none\">S<\/span><span data-contrast=\"none\">killed craftsmanship together with high quality cotton make them durable, creating\u00a0<\/span><span data-contrast=\"none\">a bridge between functionality and slow fashion<\/span><span data-contrast=\"none\">.<\/span><span data-contrast=\"none\">\u00a0<\/span><span data-contrast=\"none\">The yarn is dyed with certified dyes (Oeko-Tex\u00ae Standard 100) which do not include toxic chemicals.<\/span><\/p>\n<p><span data-contrast=\"none\">These multipurpose towels are\u00a0<\/span><span data-contrast=\"none\">ideal\u00a0<\/span><span data-contrast=\"none\">among others\u00a0<\/span><span data-contrast=\"none\">for beach, sport facilities, fitness, swimming pool, surfing, stand up paddling, spa, sauna and yoga. Stuff in your gym or sports bag. Throw it on the beach, pick it up and the sand will not stick to this\u00a0<\/span><span data-contrast=\"none\">high quality sand resistant beach towel<\/span><span data-contrast=\"none\">.\u00a0<\/span><span data-contrast=\"none\">If you are travel enthusiast or backpacking around the world you will probably need a packable towel.\u00a0<\/span><span data-contrast=\"none\">The Outdoor Puzzle towels<\/span><span data-contrast=\"none\">\u00a0come with a practical cotton carry bag which takes little space and makes them the best travel towels.<\/span><\/p>\n<p>&nbsp;<\/p>\n","protected":false},"excerpt":{"rendered":"<p><span class=\"TextRun SCXO210468326 BCX0\" lang=\"EN-US\" xml:lang=\"EN-US\" data-contrast=\"none\"><span class=\"NormalTextRun SCXO210468326 BCX0\">Lightweight, compact and multipurpose towel in carry bag<\/span><\/span><\/p>\n<p>100x180cm &#8211; 350gr<\/p>\n<p>100% Cotton<\/p>\n<p>Suitable for Outdoors, Indoors and Bathroom<\/p>\n<p>Delivery within 3-5 working days<\/p>\n<p>VISA, MasterCard, American Express, PayPal, Google Pay, Apple Pay, Bank Transfer<\/p>\n<p>Quantity discounts can be combined with all products in the web shop<\/p>\n","protected":false},"featured_media":2149,"comment_status":"open","ping_status":"closed","template":"","meta":{"_monsterinsights_skip_tracking":false,"_monsterinsights_sitenote_active":false,"_monsterinsights_sitenote_note":"","_monsterinsights_sitenote_category":0,"_joinchat":[]},"product_brand":[],"product_cat":[56,41],"product_tag":[39],"class_list":{"0":"post-1172","1":"product","2":"type-product","3":"status-publish","4":"has-post-thumbnail","6":"product_cat-hand-knotted-towel-outdoor-towels","7":"product_cat-outdoor-towels","8":"product_tag-outdoor-towel","10":"first","11":"instock","12":"taxable","13":"shipping-taxable","14":"purchasable","15":"product-type-simple"},"yoast_head":"<!-- This site is optimized with the Yoast SEO plugin v27.3 - https:\/\/yoast.com\/product\/yoast-seo-wordpress\/ -->\n<title>D\u00fcnnes leichtes Badetuch Baumwolle Schwarzwei\u00df | Sauna Strand<\/title>\n<meta name=\"description\" content=\"Kompaktes leichtes Badetuch aus Baumwolle in Aufbewahrunstasche, Schwarzwei\u00df. Elegantes Saunatuch im Winter, Strandtuch im Sommer. Ideal als Geschenksidee.\" \/>\n<meta name=\"robots\" content=\"index, follow, max-snippet:-1, max-image-preview:large, max-video-preview:-1\" \/>\n<link rel=\"canonical\" href=\"https:\/\/outdoorpuzzle.com\/en\/product\/compact-towel-black-white\/\" \/>\n<meta property=\"og:locale\" content=\"en_US\" \/>\n<meta property=\"og:type\" content=\"article\" \/>\n<meta property=\"og:title\" content=\"D\u00fcnnes leichtes Badetuch Baumwolle Schwarzwei\u00df | Sauna Strand\" \/>\n<meta property=\"og:description\" content=\"Kompaktes leichtes Badetuch aus Baumwolle in Aufbewahrunstasche, Schwarzwei\u00df. Elegantes Saunatuch im Winter, Strandtuch im Sommer. Ideal als Geschenksidee.\" \/>\n<meta property=\"og:url\" content=\"https:\/\/outdoorpuzzle.com\/en\/product\/compact-towel-black-white\/\" \/>\n<meta property=\"og:site_name\" content=\"The Outdoor Puzzle\" \/>\n<meta property=\"article:publisher\" content=\"https:\/\/www.facebook.com\/profile.php?id=100076379679829\" \/>\n<meta property=\"article:modified_time\" content=\"2026-01-17T12:01:18+00:00\" \/>\n<meta property=\"og:image\" content=\"https:\/\/outdoorpuzzle.com\/wp-content\/uploads\/2022\/04\/TOP-towel-HK-black-white-carry-bag.png\" \/>\n\t<meta property=\"og:image:width\" content=\"1080\" \/>\n\t<meta property=\"og:image:height\" content=\"1080\" \/>\n\t<meta property=\"og:image:type\" content=\"image\/png\" \/>\n<meta name=\"twitter:card\" content=\"summary_large_image\" \/>\n<meta name=\"twitter:label1\" content=\"Est. reading time\" \/>\n\t<meta name=\"twitter:data1\" content=\"2 minutes\" \/>\n<script type=\"application\/ld+json\" class=\"yoast-schema-graph\">{\"@context\":\"https:\\\/\\\/schema.org\",\"@graph\":[{\"@type\":\"WebPage\",\"@id\":\"https:\\\/\\\/outdoorpuzzle.com\\\/product\\\/compact-towel-black-white\\\/\",\"url\":\"https:\\\/\\\/outdoorpuzzle.com\\\/product\\\/compact-towel-black-white\\\/\",\"name\":\"D\u00fcnnes leichtes Badetuch Baumwolle Schwarzwei\u00df | Sauna Strand\",\"isPartOf\":{\"@id\":\"https:\\\/\\\/outdoorpuzzle.com\\\/en\\\/#website\"},\"primaryImageOfPage\":{\"@id\":\"https:\\\/\\\/outdoorpuzzle.com\\\/product\\\/compact-towel-black-white\\\/#primaryimage\"},\"image\":{\"@id\":\"https:\\\/\\\/outdoorpuzzle.com\\\/product\\\/compact-towel-black-white\\\/#primaryimage\"},\"thumbnailUrl\":\"https:\\\/\\\/outdoorpuzzle.com\\\/wp-content\\\/uploads\\\/2022\\\/04\\\/TOP-towel-HK-black-white-carry-bag.png\",\"datePublished\":\"2022-04-30T13:10:39+00:00\",\"dateModified\":\"2026-01-17T12:01:18+00:00\",\"description\":\"Kompaktes leichtes Badetuch aus Baumwolle in Aufbewahrunstasche, Schwarzwei\u00df. Elegantes Saunatuch im Winter, Strandtuch im Sommer. Ideal als Geschenksidee.\",\"breadcrumb\":{\"@id\":\"https:\\\/\\\/outdoorpuzzle.com\\\/product\\\/compact-towel-black-white\\\/#breadcrumb\"},\"inLanguage\":\"en-US\",\"potentialAction\":[{\"@type\":\"ReadAction\",\"target\":[\"https:\\\/\\\/outdoorpuzzle.com\\\/product\\\/compact-towel-black-white\\\/\"]}]},{\"@type\":\"ImageObject\",\"inLanguage\":\"en-US\",\"@id\":\"https:\\\/\\\/outdoorpuzzle.com\\\/product\\\/compact-towel-black-white\\\/#primaryimage\",\"url\":\"https:\\\/\\\/outdoorpuzzle.com\\\/wp-content\\\/uploads\\\/2022\\\/04\\\/TOP-towel-HK-black-white-carry-bag.png\",\"contentUrl\":\"https:\\\/\\\/outdoorpuzzle.com\\\/wp-content\\\/uploads\\\/2022\\\/04\\\/TOP-towel-HK-black-white-carry-bag.png\",\"width\":1080,\"height\":1080,\"caption\":\"Lightweight Suna Towel With Black White Colour In Carry Bag\"},{\"@type\":\"BreadcrumbList\",\"@id\":\"https:\\\/\\\/outdoorpuzzle.com\\\/product\\\/compact-towel-black-white\\\/#breadcrumb\",\"itemListElement\":[{\"@type\":\"ListItem\",\"position\":1,\"name\":\"Home\",\"item\":\"https:\\\/\\\/outdoorpuzzle.com\\\/\"},{\"@type\":\"ListItem\",\"position\":2,\"name\":\"Shop\",\"item\":\"https:\\\/\\\/outdoorpuzzle.com\\\/shop\\\/\"},{\"@type\":\"ListItem\",\"position\":3,\"name\":\"Compact Lightweight Cotton Towel With Carry Bag &#8211; Beach Spa Sauna &#8211; Black White L\"}]},{\"@type\":\"WebSite\",\"@id\":\"https:\\\/\\\/outdoorpuzzle.com\\\/en\\\/#website\",\"url\":\"https:\\\/\\\/outdoorpuzzle.com\\\/en\\\/\",\"name\":\"The Outdoor Puzzle\",\"description\":\"Lightweight Towels for Outdoor People\",\"publisher\":{\"@id\":\"https:\\\/\\\/outdoorpuzzle.com\\\/en\\\/#organization\"},\"potentialAction\":[{\"@type\":\"SearchAction\",\"target\":{\"@type\":\"EntryPoint\",\"urlTemplate\":\"https:\\\/\\\/outdoorpuzzle.com\\\/en\\\/?s={search_term_string}\"},\"query-input\":{\"@type\":\"PropertyValueSpecification\",\"valueRequired\":true,\"valueName\":\"search_term_string\"}}],\"inLanguage\":\"en-US\"},{\"@type\":\"Organization\",\"@id\":\"https:\\\/\\\/outdoorpuzzle.com\\\/en\\\/#organization\",\"name\":\"The Outdoor Puzzle\",\"alternateName\":\"The Outdoor Puzzle\",\"url\":\"https:\\\/\\\/outdoorpuzzle.com\\\/en\\\/\",\"logo\":{\"@type\":\"ImageObject\",\"inLanguage\":\"en-US\",\"@id\":\"https:\\\/\\\/outdoorpuzzle.com\\\/en\\\/#\\\/schema\\\/logo\\\/image\\\/\",\"url\":\"https:\\\/\\\/outdoorpuzzle.com\\\/wp-content\\\/uploads\\\/2022\\\/07\\\/Logo-Full-Renkli.png\",\"contentUrl\":\"https:\\\/\\\/outdoorpuzzle.com\\\/wp-content\\\/uploads\\\/2022\\\/07\\\/Logo-Full-Renkli.png\",\"width\":500,\"height\":193,\"caption\":\"The Outdoor Puzzle\"},\"image\":{\"@id\":\"https:\\\/\\\/outdoorpuzzle.com\\\/en\\\/#\\\/schema\\\/logo\\\/image\\\/\"},\"sameAs\":[\"https:\\\/\\\/www.facebook.com\\\/profile.php?id=100076379679829\",\"https:\\\/\\\/www.instagram.com\\\/the_outdoor_puzzle\",\"https:\\\/\\\/www.tiktok.com\\\/@the.outdoor.puzzle\",\"https:\\\/\\\/www.linkedin.com\\\/company\\\/the-outdoor-puzzle\"]}]}<\/script>\n<!-- \/ Yoast SEO plugin. -->","yoast_head_json":{"title":"D\u00fcnnes leichtes Badetuch Baumwolle Schwarzwei\u00df | Sauna Strand","description":"Kompaktes leichtes Badetuch aus Baumwolle in Aufbewahrunstasche, Schwarzwei\u00df. Elegantes Saunatuch im Winter, Strandtuch im Sommer. Ideal als Geschenksidee.","robots":{"index":"index","follow":"follow","max-snippet":"max-snippet:-1","max-image-preview":"max-image-preview:large","max-video-preview":"max-video-preview:-1"},"canonical":"https:\/\/outdoorpuzzle.com\/en\/product\/compact-towel-black-white\/","og_locale":"en_US","og_type":"article","og_title":"D\u00fcnnes leichtes Badetuch Baumwolle Schwarzwei\u00df | Sauna Strand","og_description":"Kompaktes leichtes Badetuch aus Baumwolle in Aufbewahrunstasche, Schwarzwei\u00df. Elegantes Saunatuch im Winter, Strandtuch im Sommer. Ideal als Geschenksidee.","og_url":"https:\/\/outdoorpuzzle.com\/en\/product\/compact-towel-black-white\/","og_site_name":"The Outdoor Puzzle","article_publisher":"https:\/\/www.facebook.com\/profile.php?id=100076379679829","article_modified_time":"2026-01-17T12:01:18+00:00","og_image":[{"width":1080,"height":1080,"url":"https:\/\/outdoorpuzzle.com\/wp-content\/uploads\/2022\/04\/TOP-towel-HK-black-white-carry-bag.png","type":"image\/png"}],"twitter_card":"summary_large_image","twitter_misc":{"Est. reading time":"2 minutes"},"schema":{"@context":"https:\/\/schema.org","@graph":[{"@type":"WebPage","@id":"https:\/\/outdoorpuzzle.com\/product\/compact-towel-black-white\/","url":"https:\/\/outdoorpuzzle.com\/product\/compact-towel-black-white\/","name":"D\u00fcnnes leichtes Badetuch Baumwolle Schwarzwei\u00df | Sauna Strand","isPartOf":{"@id":"https:\/\/outdoorpuzzle.com\/en\/#website"},"primaryImageOfPage":{"@id":"https:\/\/outdoorpuzzle.com\/product\/compact-towel-black-white\/#primaryimage"},"image":{"@id":"https:\/\/outdoorpuzzle.com\/product\/compact-towel-black-white\/#primaryimage"},"thumbnailUrl":"https:\/\/outdoorpuzzle.com\/wp-content\/uploads\/2022\/04\/TOP-towel-HK-black-white-carry-bag.png","datePublished":"2022-04-30T13:10:39+00:00","dateModified":"2026-01-17T12:01:18+00:00","description":"Kompaktes leichtes Badetuch aus Baumwolle in Aufbewahrunstasche, Schwarzwei\u00df. Elegantes Saunatuch im Winter, Strandtuch im Sommer. Ideal als Geschenksidee.","breadcrumb":{"@id":"https:\/\/outdoorpuzzle.com\/product\/compact-towel-black-white\/#breadcrumb"},"inLanguage":"en-US","potentialAction":[{"@type":"ReadAction","target":["https:\/\/outdoorpuzzle.com\/product\/compact-towel-black-white\/"]}]},{"@type":"ImageObject","inLanguage":"en-US","@id":"https:\/\/outdoorpuzzle.com\/product\/compact-towel-black-white\/#primaryimage","url":"https:\/\/outdoorpuzzle.com\/wp-content\/uploads\/2022\/04\/TOP-towel-HK-black-white-carry-bag.png","contentUrl":"https:\/\/outdoorpuzzle.com\/wp-content\/uploads\/2022\/04\/TOP-towel-HK-black-white-carry-bag.png","width":1080,"height":1080,"caption":"Lightweight Suna Towel With Black White Colour In Carry Bag"},{"@type":"BreadcrumbList","@id":"https:\/\/outdoorpuzzle.com\/product\/compact-towel-black-white\/#breadcrumb","itemListElement":[{"@type":"ListItem","position":1,"name":"Home","item":"https:\/\/outdoorpuzzle.com\/"},{"@type":"ListItem","position":2,"name":"Shop","item":"https:\/\/outdoorpuzzle.com\/shop\/"},{"@type":"ListItem","position":3,"name":"Compact Lightweight Cotton Towel With Carry Bag &#8211; Beach Spa Sauna &#8211; Black White L"}]},{"@type":"WebSite","@id":"https:\/\/outdoorpuzzle.com\/en\/#website","url":"https:\/\/outdoorpuzzle.com\/en\/","name":"The Outdoor Puzzle","description":"Lightweight Towels for Outdoor People","publisher":{"@id":"https:\/\/outdoorpuzzle.com\/en\/#organization"},"potentialAction":[{"@type":"SearchAction","target":{"@type":"EntryPoint","urlTemplate":"https:\/\/outdoorpuzzle.com\/en\/?s={search_term_string}"},"query-input":{"@type":"PropertyValueSpecification","valueRequired":true,"valueName":"search_term_string"}}],"inLanguage":"en-US"},{"@type":"Organization","@id":"https:\/\/outdoorpuzzle.com\/en\/#organization","name":"The Outdoor Puzzle","alternateName":"The Outdoor Puzzle","url":"https:\/\/outdoorpuzzle.com\/en\/","logo":{"@type":"ImageObject","inLanguage":"en-US","@id":"https:\/\/outdoorpuzzle.com\/en\/#\/schema\/logo\/image\/","url":"https:\/\/outdoorpuzzle.com\/wp-content\/uploads\/2022\/07\/Logo-Full-Renkli.png","contentUrl":"https:\/\/outdoorpuzzle.com\/wp-content\/uploads\/2022\/07\/Logo-Full-Renkli.png","width":500,"height":193,"caption":"The Outdoor Puzzle"},"image":{"@id":"https:\/\/outdoorpuzzle.com\/en\/#\/schema\/logo\/image\/"},"sameAs":["https:\/\/www.facebook.com\/profile.php?id=100076379679829","https:\/\/www.instagram.com\/the_outdoor_puzzle","https:\/\/www.tiktok.com\/@the.outdoor.puzzle","https:\/\/www.linkedin.com\/company\/the-outdoor-puzzle"]}]}},"_links":{"self":[{"href":"https:\/\/outdoorpuzzle.com\/en\/wp-json\/wp\/v2\/product\/1172","targetHints":{"allow":["GET"]}}],"collection":[{"href":"https:\/\/outdoorpuzzle.com\/en\/wp-json\/wp\/v2\/product"}],"about":[{"href":"https:\/\/outdoorpuzzle.com\/en\/wp-json\/wp\/v2\/types\/product"}],"replies":[{"embeddable":true,"href":"https:\/\/outdoorpuzzle.com\/en\/wp-json\/wp\/v2\/comments?post=1172"}],"wp:featuredmedia":[{"embeddable":true,"href":"https:\/\/outdoorpuzzle.com\/en\/wp-json\/wp\/v2\/media\/2149"}],"wp:attachment":[{"href":"https:\/\/outdoorpuzzle.com\/en\/wp-json\/wp\/v2\/media?parent=1172"}],"wp:term":[{"taxonomy":"product_brand","embeddable":true,"href":"https:\/\/outdoorpuzzle.com\/en\/wp-json\/wp\/v2\/product_brand?post=1172"},{"taxonomy":"product_cat","embeddable":true,"href":"https:\/\/outdoorpuzzle.com\/en\/wp-json\/wp\/v2\/product_cat?post=1172"},{"taxonomy":"product_tag","embeddable":true,"href":"https:\/\/outdoorpuzzle.com\/en\/wp-json\/wp\/v2\/product_tag?post=1172"}],"curies":[{"name":"wp","href":"https:\/\/api.w.org\/{rel}","templated":true}]}}