{"id":807,"date":"2021-04-15T20:05:04","date_gmt":"2021-04-15T20:05:04","guid":{"rendered":"https:\/\/outdoorpuzzle.com\/?page_id=807"},"modified":"2026-02-28T16:14:19","modified_gmt":"2026-02-28T16:14:19","slug":"returns","status":"publish","type":"page","link":"https:\/\/outdoorpuzzle.com\/en\/returns\/","title":{"rendered":"Returns"},"content":{"rendered":"\n<p>Consumers are entitled to a right of withdrawal in accordance with the following provisions, whereby a consumer is any natural person who concludes a legal transaction for purposes that are predominantly neither commercial nor self-employed:<br>&nbsp;<br><strong>Right of withdrawal<\/strong><br>&nbsp;<br>You have the right to cancel this contract within 30 days without giving any reason.<br>&nbsp;<br>The cancellation period is 30 days from the day on which you or a third party named by you, who is not the carrier, has taken possession of the goods.<br>&nbsp;<br>In order to exercise your right of withdrawal, you must contact us<\/p>\n\n\n\n<p>The Outdoor Puzzle&nbsp;e.U.&nbsp;<br>B\u00fclent Atay&nbsp;<br>Liechtensteinstrasse&nbsp;52\/20 1090 Wien&nbsp;<br>E-Mail&nbsp;<a href=\"mailto:info@outdoorpuzzle.com\" target=\"_blank\" rel=\"noreferrer noopener\">info@outdoorpuzzle.com&nbsp;<br><\/a>Tel.:&nbsp;\u202f+43 67763751509&nbsp;<\/p>\n\n\n\n<p>by means of a clear declaration (e.g. e-mail, WhatsApp message or a letter sent by post) of your decision to withdraw from this contract. <\/p>\n\n\n\n<p><br><strong>Consequences of cancellation<\/strong><br>&nbsp;<br>If you withdraw from this contract, we will have given you all payments that we have received from you, including delivery costs (with the exception of the additional costs that result from choosing a different type of delivery than the cheapest standard delivery offered by us), to be repaid immediately and at the latest within 30 days from the day on which we received notification of your cancellation of this contract. For this repayment, we will use the same means of payment that you used for the original transaction, unless something else was expressly agreed with you; In no case will you be charged any fees for this repayment.<br>&nbsp;<br>We can refuse the repayment until we have received the goods back or until you have provided evidence that you have sent the goods back, whichever is earlier.<br>&nbsp;<br>You must return or hand over the goods to us immediately and in any case no later than 30 days from the date on which you informed us of the cancellation of this contract. The deadline is met if you send the goods before the period of 30 days has expired.<\/p>\n\n\n\n<p>If the goods have been used by the customer, the seller is not obliged to accept the customer&#8217;s withdrawal.<br>\u00a0<br>The customer bears the direct costs of returning the goods.<\/p>\n\n\n\n<div class=\"wp-block-group alignfull has-text-color has-background\" style=\"color:#000000;background-color:#ffffff\"><div class=\"wp-block-group__inner-container is-layout-flow wp-block-group-is-layout-flow\">\n<div style=\"height:64px\" aria-hidden=\"true\" class=\"wp-block-spacer\"><\/div>\n\n\n\n<p class=\"has-text-align-center has-text-color has-medium-font-size\" style=\"color:#12b7d3;line-height:.9\">30 days money back<\/p>\n\n\n\n<h2 class=\"wp-block-heading has-text-align-center has-text-color\" id=\"schedule-a-visit\" style=\"color:#12b7d3;font-size:25px;font-style:normal;font-weight:400;line-height:1.15\">Discover the product range<\/h2>\n\n\n\n<div class=\"wp-block-buttons is-horizontal is-content-justification-center is-layout-flex wp-container-core-buttons-is-layout-499968f5 wp-block-buttons-is-layout-flex\">\n<div class=\"wp-block-button has-custom-width wp-block-button__width-50 has-custom-font-size has-medium-font-size\"><a class=\"wp-block-button__link has-text-color has-background wp-element-button\" href=\"https:\/\/outdoorpuzzle.com\/en\/shop\/\" style=\"border-radius:50px;color:#ffffff;background-color:#12b7d3\">ONLINE SHOP<\/a><\/div>\n<\/div>\n\n\n\n<div style=\"height:64px\" aria-hidden=\"true\" class=\"wp-block-spacer\"><\/div>\n<\/div><\/div>\n","protected":false},"excerpt":{"rendered":"<p>Consumers are entitled to a right of withdrawal in accordance with the following provisions, whereby a consumer is any natural person who concludes a legal<\/p>\n","protected":false},"author":1,"featured_media":0,"parent":0,"menu_order":0,"comment_status":"closed","ping_status":"closed","template":"","meta":{"_monsterinsights_skip_tracking":false,"_monsterinsights_sitenote_active":false,"_monsterinsights_sitenote_note":"","_monsterinsights_sitenote_category":0,"_joinchat":[],"footnotes":""},"class_list":["post-807","page","type-page","status-publish","hentry"],"yoast_head":"<!-- This site is optimized with the Yoast SEO plugin v27.3 - https:\/\/yoast.com\/product\/yoast-seo-wordpress\/ -->\n<title>Strandt\u00fccher Saunat\u00fccher mit 30 Tage R\u00fcckgabe | Web Shop<\/title>\n<meta name=\"description\" content=\"Sie haben das Recht, binnen 30 Tagen ohne Angabe von Gr\u00fcnden uns die unbenutzten Handt\u00fccher zur\u00fcckzuschicken und Ihr Geld zur\u00fcckzubekommen.\" \/>\n<meta name=\"robots\" content=\"index, follow, max-snippet:-1, max-image-preview:large, max-video-preview:-1\" \/>\n<link rel=\"canonical\" href=\"https:\/\/outdoorpuzzle.com\/en\/returns\/\" \/>\n<meta property=\"og:locale\" content=\"en_US\" \/>\n<meta property=\"og:type\" content=\"article\" \/>\n<meta property=\"og:title\" content=\"Strandt\u00fccher Saunat\u00fccher mit 30 Tage R\u00fcckgabe | Web Shop\" \/>\n<meta property=\"og:description\" content=\"Sie haben das Recht, binnen 30 Tagen ohne Angabe von Gr\u00fcnden uns die unbenutzten Handt\u00fccher zur\u00fcckzuschicken und Ihr Geld zur\u00fcckzubekommen.\" \/>\n<meta property=\"og:url\" content=\"https:\/\/outdoorpuzzle.com\/en\/returns\/\" \/>\n<meta property=\"og:site_name\" content=\"The Outdoor Puzzle\" \/>\n<meta property=\"article:publisher\" content=\"https:\/\/www.facebook.com\/profile.php?id=100076379679829\" \/>\n<meta property=\"article:modified_time\" content=\"2026-02-28T16:14:19+00:00\" \/>\n<meta property=\"og:image\" content=\"https:\/\/outdoorpuzzle.com\/wp-content\/uploads\/2023\/02\/TOP-Image-for-SEO.jpg\" \/>\n\t<meta property=\"og:image:width\" content=\"1200\" \/>\n\t<meta property=\"og:image:height\" content=\"630\" \/>\n\t<meta property=\"og:image:type\" content=\"image\/jpeg\" \/>\n<meta name=\"twitter:card\" content=\"summary_large_image\" \/>\n<meta name=\"twitter:label1\" content=\"Est. reading time\" \/>\n\t<meta name=\"twitter:data1\" content=\"2 minutes\" \/>\n<script type=\"application\/ld+json\" class=\"yoast-schema-graph\">{\"@context\":\"https:\\\/\\\/schema.org\",\"@graph\":[{\"@type\":\"WebPage\",\"@id\":\"https:\\\/\\\/outdoorpuzzle.com\\\/returns\\\/\",\"url\":\"https:\\\/\\\/outdoorpuzzle.com\\\/returns\\\/\",\"name\":\"Strandt\u00fccher Saunat\u00fccher mit 30 Tage R\u00fcckgabe | Web Shop\",\"isPartOf\":{\"@id\":\"https:\\\/\\\/outdoorpuzzle.com\\\/en\\\/#website\"},\"datePublished\":\"2021-04-15T20:05:04+00:00\",\"dateModified\":\"2026-02-28T16:14:19+00:00\",\"description\":\"Sie haben das Recht, binnen 30 Tagen ohne Angabe von Gr\u00fcnden uns die unbenutzten Handt\u00fccher zur\u00fcckzuschicken und Ihr Geld zur\u00fcckzubekommen.\",\"breadcrumb\":{\"@id\":\"https:\\\/\\\/outdoorpuzzle.com\\\/returns\\\/#breadcrumb\"},\"inLanguage\":\"en-US\",\"potentialAction\":[{\"@type\":\"ReadAction\",\"target\":[\"https:\\\/\\\/outdoorpuzzle.com\\\/returns\\\/\"]}]},{\"@type\":\"BreadcrumbList\",\"@id\":\"https:\\\/\\\/outdoorpuzzle.com\\\/returns\\\/#breadcrumb\",\"itemListElement\":[{\"@type\":\"ListItem\",\"position\":1,\"name\":\"Home\",\"item\":\"https:\\\/\\\/outdoorpuzzle.com\\\/\"},{\"@type\":\"ListItem\",\"position\":2,\"name\":\"Returns\"}]},{\"@type\":\"WebSite\",\"@id\":\"https:\\\/\\\/outdoorpuzzle.com\\\/en\\\/#website\",\"url\":\"https:\\\/\\\/outdoorpuzzle.com\\\/en\\\/\",\"name\":\"The Outdoor Puzzle\",\"description\":\"Lightweight Towels for Outdoor People\",\"publisher\":{\"@id\":\"https:\\\/\\\/outdoorpuzzle.com\\\/en\\\/#organization\"},\"potentialAction\":[{\"@type\":\"SearchAction\",\"target\":{\"@type\":\"EntryPoint\",\"urlTemplate\":\"https:\\\/\\\/outdoorpuzzle.com\\\/en\\\/?s={search_term_string}\"},\"query-input\":{\"@type\":\"PropertyValueSpecification\",\"valueRequired\":true,\"valueName\":\"search_term_string\"}}],\"inLanguage\":\"en-US\"},{\"@type\":\"Organization\",\"@id\":\"https:\\\/\\\/outdoorpuzzle.com\\\/en\\\/#organization\",\"name\":\"The Outdoor Puzzle\",\"alternateName\":\"The Outdoor Puzzle\",\"url\":\"https:\\\/\\\/outdoorpuzzle.com\\\/en\\\/\",\"logo\":{\"@type\":\"ImageObject\",\"inLanguage\":\"en-US\",\"@id\":\"https:\\\/\\\/outdoorpuzzle.com\\\/en\\\/#\\\/schema\\\/logo\\\/image\\\/\",\"url\":\"https:\\\/\\\/outdoorpuzzle.com\\\/wp-content\\\/uploads\\\/2022\\\/07\\\/Logo-Full-Renkli.png\",\"contentUrl\":\"https:\\\/\\\/outdoorpuzzle.com\\\/wp-content\\\/uploads\\\/2022\\\/07\\\/Logo-Full-Renkli.png\",\"width\":500,\"height\":193,\"caption\":\"The Outdoor Puzzle\"},\"image\":{\"@id\":\"https:\\\/\\\/outdoorpuzzle.com\\\/en\\\/#\\\/schema\\\/logo\\\/image\\\/\"},\"sameAs\":[\"https:\\\/\\\/www.facebook.com\\\/profile.php?id=100076379679829\",\"https:\\\/\\\/www.instagram.com\\\/the_outdoor_puzzle\",\"https:\\\/\\\/www.tiktok.com\\\/@the.outdoor.puzzle\",\"https:\\\/\\\/www.linkedin.com\\\/company\\\/the-outdoor-puzzle\"]}]}<\/script>\n<!-- \/ Yoast SEO plugin. -->","yoast_head_json":{"title":"Strandt\u00fccher Saunat\u00fccher mit 30 Tage R\u00fcckgabe | Web Shop","description":"Sie haben das Recht, binnen 30 Tagen ohne Angabe von Gr\u00fcnden uns die unbenutzten Handt\u00fccher zur\u00fcckzuschicken und Ihr Geld zur\u00fcckzubekommen.","robots":{"index":"index","follow":"follow","max-snippet":"max-snippet:-1","max-image-preview":"max-image-preview:large","max-video-preview":"max-video-preview:-1"},"canonical":"https:\/\/outdoorpuzzle.com\/en\/returns\/","og_locale":"en_US","og_type":"article","og_title":"Strandt\u00fccher Saunat\u00fccher mit 30 Tage R\u00fcckgabe | Web Shop","og_description":"Sie haben das Recht, binnen 30 Tagen ohne Angabe von Gr\u00fcnden uns die unbenutzten Handt\u00fccher zur\u00fcckzuschicken und Ihr Geld zur\u00fcckzubekommen.","og_url":"https:\/\/outdoorpuzzle.com\/en\/returns\/","og_site_name":"The Outdoor Puzzle","article_publisher":"https:\/\/www.facebook.com\/profile.php?id=100076379679829","article_modified_time":"2026-02-28T16:14:19+00:00","og_image":[{"width":1200,"height":630,"url":"https:\/\/outdoorpuzzle.com\/wp-content\/uploads\/2023\/02\/TOP-Image-for-SEO.jpg","type":"image\/jpeg"}],"twitter_card":"summary_large_image","twitter_misc":{"Est. reading time":"2 minutes"},"schema":{"@context":"https:\/\/schema.org","@graph":[{"@type":"WebPage","@id":"https:\/\/outdoorpuzzle.com\/returns\/","url":"https:\/\/outdoorpuzzle.com\/returns\/","name":"Strandt\u00fccher Saunat\u00fccher mit 30 Tage R\u00fcckgabe | Web Shop","isPartOf":{"@id":"https:\/\/outdoorpuzzle.com\/en\/#website"},"datePublished":"2021-04-15T20:05:04+00:00","dateModified":"2026-02-28T16:14:19+00:00","description":"Sie haben das Recht, binnen 30 Tagen ohne Angabe von Gr\u00fcnden uns die unbenutzten Handt\u00fccher zur\u00fcckzuschicken und Ihr Geld zur\u00fcckzubekommen.","breadcrumb":{"@id":"https:\/\/outdoorpuzzle.com\/returns\/#breadcrumb"},"inLanguage":"en-US","potentialAction":[{"@type":"ReadAction","target":["https:\/\/outdoorpuzzle.com\/returns\/"]}]},{"@type":"BreadcrumbList","@id":"https:\/\/outdoorpuzzle.com\/returns\/#breadcrumb","itemListElement":[{"@type":"ListItem","position":1,"name":"Home","item":"https:\/\/outdoorpuzzle.com\/"},{"@type":"ListItem","position":2,"name":"Returns"}]},{"@type":"WebSite","@id":"https:\/\/outdoorpuzzle.com\/en\/#website","url":"https:\/\/outdoorpuzzle.com\/en\/","name":"The Outdoor Puzzle","description":"Lightweight Towels for Outdoor People","publisher":{"@id":"https:\/\/outdoorpuzzle.com\/en\/#organization"},"potentialAction":[{"@type":"SearchAction","target":{"@type":"EntryPoint","urlTemplate":"https:\/\/outdoorpuzzle.com\/en\/?s={search_term_string}"},"query-input":{"@type":"PropertyValueSpecification","valueRequired":true,"valueName":"search_term_string"}}],"inLanguage":"en-US"},{"@type":"Organization","@id":"https:\/\/outdoorpuzzle.com\/en\/#organization","name":"The Outdoor Puzzle","alternateName":"The Outdoor Puzzle","url":"https:\/\/outdoorpuzzle.com\/en\/","logo":{"@type":"ImageObject","inLanguage":"en-US","@id":"https:\/\/outdoorpuzzle.com\/en\/#\/schema\/logo\/image\/","url":"https:\/\/outdoorpuzzle.com\/wp-content\/uploads\/2022\/07\/Logo-Full-Renkli.png","contentUrl":"https:\/\/outdoorpuzzle.com\/wp-content\/uploads\/2022\/07\/Logo-Full-Renkli.png","width":500,"height":193,"caption":"The Outdoor Puzzle"},"image":{"@id":"https:\/\/outdoorpuzzle.com\/en\/#\/schema\/logo\/image\/"},"sameAs":["https:\/\/www.facebook.com\/profile.php?id=100076379679829","https:\/\/www.instagram.com\/the_outdoor_puzzle","https:\/\/www.tiktok.com\/@the.outdoor.puzzle","https:\/\/www.linkedin.com\/company\/the-outdoor-puzzle"]}]}},"_links":{"self":[{"href":"https:\/\/outdoorpuzzle.com\/en\/wp-json\/wp\/v2\/pages\/807","targetHints":{"allow":["GET"]}}],"collection":[{"href":"https:\/\/outdoorpuzzle.com\/en\/wp-json\/wp\/v2\/pages"}],"about":[{"href":"https:\/\/outdoorpuzzle.com\/en\/wp-json\/wp\/v2\/types\/page"}],"author":[{"embeddable":true,"href":"https:\/\/outdoorpuzzle.com\/en\/wp-json\/wp\/v2\/users\/1"}],"replies":[{"embeddable":true,"href":"https:\/\/outdoorpuzzle.com\/en\/wp-json\/wp\/v2\/comments?post=807"}],"version-history":[{"count":10,"href":"https:\/\/outdoorpuzzle.com\/en\/wp-json\/wp\/v2\/pages\/807\/revisions"}],"predecessor-version":[{"id":2451,"href":"https:\/\/outdoorpuzzle.com\/en\/wp-json\/wp\/v2\/pages\/807\/revisions\/2451"}],"wp:attachment":[{"href":"https:\/\/outdoorpuzzle.com\/en\/wp-json\/wp\/v2\/media?parent=807"}],"curies":[{"name":"wp","href":"https:\/\/api.w.org\/{rel}","templated":true}]}}