{"id":51,"date":"2015-07-20T10:47:34","date_gmt":"2015-07-20T10:47:34","guid":{"rendered":"http:\/\/demo.themegrill.com\/himalayas\/?page_id=51"},"modified":"2026-02-26T16:29:08","modified_gmt":"2026-02-26T16:29:08","slug":"corporate-branding","status":"publish","type":"page","link":"https:\/\/outdoorpuzzle.com\/en\/corporate-branding\/","title":{"rendered":"Corporate Labelling"},"content":{"rendered":"<p>You can have the private logo of your company on the products. If you are looking for captivating ways to market your brand or corporate gifts, The Outdoor Puzzle towels can prove to be ideal products.<\/p>\n<p>Our private label manufacturing services are offered to bulk clients and we carry a wide range of towels that you can choose from.<\/p>\n<p>For all corporate labelling enquiries please get in contact with us.<\/p>\n<p>Tel: +43 67763751509<\/p>\n<p>E-Mail: info@outdoorpuzzle.com<\/p>\n<p><a href=\"https:\/\/outdoorpuzzle.com\/en\/wholesale\/#flipbook-df_1976\">Web Shop Catalogue<\/a><\/p>\n\n<div class=\"_df_thumb \" id=\"df_1976\"  _slug=\"the-outdoor-puzzle-web-shop-catalogue\" data-title=\"the-outdoor-puzzle-web-shop-catalogue\" wpoptions=\"true\" thumb=\"https:\/\/outdoorpuzzle.com\/wp-content\/uploads\/2024\/02\/TOP-Towels-Web-Shop-Catalogue-Thumbnail.png\" thumbtype=\"\" >The Outdoor Puzzle Web Shop Catalogue<\/div><script class=\"df-shortcode-script\" nowprocket type=\"application\/javascript\">window.option_df_1976 = {\"outline\":[],\"backgroundColor\":\"#000000\",\"autoEnableOutline\":\"false\",\"autoEnableThumbnail\":\"false\",\"overwritePDFOutline\":\"false\",\"enableDownload\":\"false\",\"direction\":\"1\",\"pageSize\":\"0\",\"soundEnable\":\"false\",\"source\":\"https:\\\/\\\/outdoorpuzzle.com\\\/wp-content\\\/uploads\\\/2024\\\/02\\\/TOP-Towels-Web-Shop-Catalogue-per-2024.pdf\",\"wpOptions\":\"true\"}; if(window.DFLIP && window.DFLIP.parseBooks){window.DFLIP.parseBooks();}<\/script>\n\n\n\n<div class=\"wp-block-columns is-layout-flex wp-container-core-columns-is-layout-9d6595d7 wp-block-columns-is-layout-flex\">\n<div class=\"wp-block-column is-layout-flow wp-block-column-is-layout-flow\">\n<figure class=\"wp-block-image size-large\"><img decoding=\"async\" width=\"1024\" height=\"1024\" src=\"https:\/\/outdoorpuzzle.com\/wp-content\/uploads\/2024\/02\/TOP-towel-corporate-labelling-sample-1-1024x1024.png\" alt=\"\" class=\"wp-image-2003\" srcset=\"https:\/\/outdoorpuzzle.com\/wp-content\/uploads\/2024\/02\/TOP-towel-corporate-labelling-sample-1-1024x1024.png 1024w, https:\/\/outdoorpuzzle.com\/wp-content\/uploads\/2024\/02\/TOP-towel-corporate-labelling-sample-1-300x300.png 300w, https:\/\/outdoorpuzzle.com\/wp-content\/uploads\/2024\/02\/TOP-towel-corporate-labelling-sample-1-150x150.png 150w, https:\/\/outdoorpuzzle.com\/wp-content\/uploads\/2024\/02\/TOP-towel-corporate-labelling-sample-1-768x768.png 768w, https:\/\/outdoorpuzzle.com\/wp-content\/uploads\/2024\/02\/TOP-towel-corporate-labelling-sample-1-12x12.png 12w, https:\/\/outdoorpuzzle.com\/wp-content\/uploads\/2024\/02\/TOP-towel-corporate-labelling-sample-1-600x600.png 600w, https:\/\/outdoorpuzzle.com\/wp-content\/uploads\/2024\/02\/TOP-towel-corporate-labelling-sample-1-100x100.png 100w, https:\/\/outdoorpuzzle.com\/wp-content\/uploads\/2024\/02\/TOP-towel-corporate-labelling-sample-1.png 1080w\" sizes=\"(max-width: 1024px) 100vw, 1024px\" \/><\/figure>\n<\/div>\n\n\n\n<div class=\"wp-block-column is-layout-flow wp-block-column-is-layout-flow\">\n<figure class=\"wp-block-image size-large\"><img decoding=\"async\" width=\"1024\" height=\"1024\" src=\"https:\/\/outdoorpuzzle.com\/wp-content\/uploads\/2024\/02\/The-Outdoor-Puzzle-Towels-Yarns-1024x1024.png\" alt=\"\" class=\"wp-image-2005\" srcset=\"https:\/\/outdoorpuzzle.com\/wp-content\/uploads\/2024\/02\/The-Outdoor-Puzzle-Towels-Yarns-1024x1024.png 1024w, https:\/\/outdoorpuzzle.com\/wp-content\/uploads\/2024\/02\/The-Outdoor-Puzzle-Towels-Yarns-300x300.png 300w, https:\/\/outdoorpuzzle.com\/wp-content\/uploads\/2024\/02\/The-Outdoor-Puzzle-Towels-Yarns-150x150.png 150w, https:\/\/outdoorpuzzle.com\/wp-content\/uploads\/2024\/02\/The-Outdoor-Puzzle-Towels-Yarns-768x768.png 768w, https:\/\/outdoorpuzzle.com\/wp-content\/uploads\/2024\/02\/The-Outdoor-Puzzle-Towels-Yarns-12x12.png 12w, https:\/\/outdoorpuzzle.com\/wp-content\/uploads\/2024\/02\/The-Outdoor-Puzzle-Towels-Yarns-600x600.png 600w, https:\/\/outdoorpuzzle.com\/wp-content\/uploads\/2024\/02\/The-Outdoor-Puzzle-Towels-Yarns-100x100.png 100w, https:\/\/outdoorpuzzle.com\/wp-content\/uploads\/2024\/02\/The-Outdoor-Puzzle-Towels-Yarns.png 1080w\" sizes=\"(max-width: 1024px) 100vw, 1024px\" \/><\/figure>\n<\/div>\n\n\n\n<div class=\"wp-block-column is-layout-flow wp-block-column-is-layout-flow\">\n<figure class=\"wp-block-image size-large\"><img decoding=\"async\" width=\"1024\" height=\"1024\" src=\"https:\/\/outdoorpuzzle.com\/wp-content\/uploads\/2024\/02\/TOP-towel-corporate-labelling-sample-2-1024x1024.png\" alt=\"\" class=\"wp-image-2006\" srcset=\"https:\/\/outdoorpuzzle.com\/wp-content\/uploads\/2024\/02\/TOP-towel-corporate-labelling-sample-2-1024x1024.png 1024w, https:\/\/outdoorpuzzle.com\/wp-content\/uploads\/2024\/02\/TOP-towel-corporate-labelling-sample-2-300x300.png 300w, https:\/\/outdoorpuzzle.com\/wp-content\/uploads\/2024\/02\/TOP-towel-corporate-labelling-sample-2-150x150.png 150w, https:\/\/outdoorpuzzle.com\/wp-content\/uploads\/2024\/02\/TOP-towel-corporate-labelling-sample-2-768x768.png 768w, https:\/\/outdoorpuzzle.com\/wp-content\/uploads\/2024\/02\/TOP-towel-corporate-labelling-sample-2-12x12.png 12w, https:\/\/outdoorpuzzle.com\/wp-content\/uploads\/2024\/02\/TOP-towel-corporate-labelling-sample-2-600x600.png 600w, https:\/\/outdoorpuzzle.com\/wp-content\/uploads\/2024\/02\/TOP-towel-corporate-labelling-sample-2-100x100.png 100w, https:\/\/outdoorpuzzle.com\/wp-content\/uploads\/2024\/02\/TOP-towel-corporate-labelling-sample-2.png 1080w\" sizes=\"(max-width: 1024px) 100vw, 1024px\" \/><\/figure>\n<\/div>\n<\/div>\n\n\n\n<div class=\"wp-block-columns is-layout-flex wp-container-core-columns-is-layout-9d6595d7 wp-block-columns-is-layout-flex\">\n<div class=\"wp-block-column is-layout-flow wp-block-column-is-layout-flow\">\n<figure class=\"wp-block-image size-large\"><img decoding=\"async\" width=\"1024\" height=\"1024\" src=\"https:\/\/outdoorpuzzle.com\/wp-content\/uploads\/2024\/02\/TOP-towel-counting-1024x1024.png\" alt=\"\" class=\"wp-image-1890\" srcset=\"https:\/\/outdoorpuzzle.com\/wp-content\/uploads\/2024\/02\/TOP-towel-counting-1024x1024.png 1024w, https:\/\/outdoorpuzzle.com\/wp-content\/uploads\/2024\/02\/TOP-towel-counting-300x300.png 300w, https:\/\/outdoorpuzzle.com\/wp-content\/uploads\/2024\/02\/TOP-towel-counting-150x150.png 150w, https:\/\/outdoorpuzzle.com\/wp-content\/uploads\/2024\/02\/TOP-towel-counting-768x768.png 768w, https:\/\/outdoorpuzzle.com\/wp-content\/uploads\/2024\/02\/TOP-towel-counting-12x12.png 12w, https:\/\/outdoorpuzzle.com\/wp-content\/uploads\/2024\/02\/TOP-towel-counting-600x600.png 600w, https:\/\/outdoorpuzzle.com\/wp-content\/uploads\/2024\/02\/TOP-towel-counting-100x100.png 100w, https:\/\/outdoorpuzzle.com\/wp-content\/uploads\/2024\/02\/TOP-towel-counting.png 1080w\" sizes=\"(max-width: 1024px) 100vw, 1024px\" \/><\/figure>\n<\/div>\n\n\n\n<div class=\"wp-block-column is-layout-flow wp-block-column-is-layout-flow\">\n<figure class=\"wp-block-image size-large\"><img decoding=\"async\" width=\"1024\" height=\"1024\" src=\"https:\/\/outdoorpuzzle.com\/wp-content\/uploads\/2024\/02\/TOP-towel-label-on-sewing-machine-2-1024x1024.png\" alt=\"\" class=\"wp-image-1707\" srcset=\"https:\/\/outdoorpuzzle.com\/wp-content\/uploads\/2024\/02\/TOP-towel-label-on-sewing-machine-2-1024x1024.png 1024w, https:\/\/outdoorpuzzle.com\/wp-content\/uploads\/2024\/02\/TOP-towel-label-on-sewing-machine-2-300x300.png 300w, https:\/\/outdoorpuzzle.com\/wp-content\/uploads\/2024\/02\/TOP-towel-label-on-sewing-machine-2-150x150.png 150w, https:\/\/outdoorpuzzle.com\/wp-content\/uploads\/2024\/02\/TOP-towel-label-on-sewing-machine-2-768x768.png 768w, https:\/\/outdoorpuzzle.com\/wp-content\/uploads\/2024\/02\/TOP-towel-label-on-sewing-machine-2-12x12.png 12w, https:\/\/outdoorpuzzle.com\/wp-content\/uploads\/2024\/02\/TOP-towel-label-on-sewing-machine-2-600x600.png 600w, https:\/\/outdoorpuzzle.com\/wp-content\/uploads\/2024\/02\/TOP-towel-label-on-sewing-machine-2-100x100.png 100w, https:\/\/outdoorpuzzle.com\/wp-content\/uploads\/2024\/02\/TOP-towel-label-on-sewing-machine-2.png 1080w\" sizes=\"(max-width: 1024px) 100vw, 1024px\" \/><\/figure>\n<\/div>\n\n\n\n<div class=\"wp-block-column is-layout-flow wp-block-column-is-layout-flow\">\n<figure class=\"wp-block-image size-large\"><img decoding=\"async\" width=\"1024\" height=\"1024\" src=\"https:\/\/outdoorpuzzle.com\/wp-content\/uploads\/2024\/03\/TOP-Cotton-Towels-Classic-different-sizes-1024x1024.png\" alt=\"\" class=\"wp-image-2009\" srcset=\"https:\/\/outdoorpuzzle.com\/wp-content\/uploads\/2024\/03\/TOP-Cotton-Towels-Classic-different-sizes-1024x1024.png 1024w, https:\/\/outdoorpuzzle.com\/wp-content\/uploads\/2024\/03\/TOP-Cotton-Towels-Classic-different-sizes-300x300.png 300w, https:\/\/outdoorpuzzle.com\/wp-content\/uploads\/2024\/03\/TOP-Cotton-Towels-Classic-different-sizes-150x150.png 150w, https:\/\/outdoorpuzzle.com\/wp-content\/uploads\/2024\/03\/TOP-Cotton-Towels-Classic-different-sizes-768x768.png 768w, https:\/\/outdoorpuzzle.com\/wp-content\/uploads\/2024\/03\/TOP-Cotton-Towels-Classic-different-sizes-12x12.png 12w, https:\/\/outdoorpuzzle.com\/wp-content\/uploads\/2024\/03\/TOP-Cotton-Towels-Classic-different-sizes-600x600.png 600w, https:\/\/outdoorpuzzle.com\/wp-content\/uploads\/2024\/03\/TOP-Cotton-Towels-Classic-different-sizes-100x100.png 100w, https:\/\/outdoorpuzzle.com\/wp-content\/uploads\/2024\/03\/TOP-Cotton-Towels-Classic-different-sizes.png 1080w\" sizes=\"(max-width: 1024px) 100vw, 1024px\" \/><\/figure>\n<\/div>\n<\/div>\n","protected":false},"excerpt":{"rendered":"<p>You can have the private logo of your company on the products.<\/p>\n","protected":false},"author":1,"featured_media":996,"parent":0,"menu_order":0,"comment_status":"closed","ping_status":"open","template":"page-templates\/template-services.php","meta":{"_monsterinsights_skip_tracking":false,"_monsterinsights_sitenote_active":false,"_monsterinsights_sitenote_note":"","_monsterinsights_sitenote_category":0,"_joinchat":[],"footnotes":""},"class_list":["post-51","page","type-page","status-publish","has-post-thumbnail","hentry"],"yoast_head":"<!-- This site is optimized with the Yoast SEO plugin v27.3 - https:\/\/yoast.com\/product\/yoast-seo-wordpress\/ -->\n<title>Handt\u00fccher Mit Logo Besticken| Werbeartikel Geschenke<\/title>\n<meta name=\"description\" content=\"Die Handt\u00fccher k\u00f6nnen mit dem individuellen Logo Ihrer Marke versehen werden. Eine interessante M\u00f6glichkeit, um Firmengeschenke zu organisieren.\" \/>\n<meta name=\"robots\" content=\"index, follow, max-snippet:-1, max-image-preview:large, max-video-preview:-1\" \/>\n<link rel=\"canonical\" href=\"https:\/\/outdoorpuzzle.com\/en\/corporate-branding\/\" \/>\n<meta property=\"og:locale\" content=\"en_US\" \/>\n<meta property=\"og:type\" content=\"article\" \/>\n<meta property=\"og:title\" content=\"Handt\u00fccher Mit Logo Besticken| Werbeartikel Geschenke\" \/>\n<meta property=\"og:description\" content=\"Die Handt\u00fccher k\u00f6nnen mit dem individuellen Logo Ihrer Marke versehen werden. Eine interessante M\u00f6glichkeit, um Firmengeschenke zu organisieren.\" \/>\n<meta property=\"og:url\" content=\"https:\/\/outdoorpuzzle.com\/en\/corporate-branding\/\" \/>\n<meta property=\"og:site_name\" content=\"The Outdoor Puzzle\" \/>\n<meta property=\"article:publisher\" content=\"https:\/\/www.facebook.com\/profile.php?id=100076379679829\" \/>\n<meta property=\"article:modified_time\" content=\"2026-02-26T16:29:08+00:00\" \/>\n<meta property=\"og:image\" content=\"https:\/\/outdoorpuzzle.com\/wp-content\/uploads\/2021\/08\/Corporate-branding-1-e1599397539114-edited-1.jpg\" \/>\n\t<meta property=\"og:image:width\" content=\"1291\" \/>\n\t<meta property=\"og:image:height\" content=\"689\" \/>\n\t<meta property=\"og:image:type\" content=\"image\/jpeg\" \/>\n<meta name=\"twitter:card\" content=\"summary_large_image\" \/>\n<meta name=\"twitter:label1\" content=\"Est. reading time\" \/>\n\t<meta name=\"twitter:data1\" content=\"2 minutes\" \/>\n<script type=\"application\/ld+json\" class=\"yoast-schema-graph\">{\"@context\":\"https:\\\/\\\/schema.org\",\"@graph\":[{\"@type\":\"WebPage\",\"@id\":\"https:\\\/\\\/outdoorpuzzle.com\\\/corporate-branding\\\/\",\"url\":\"https:\\\/\\\/outdoorpuzzle.com\\\/corporate-branding\\\/\",\"name\":\"Handt\u00fccher Mit Logo Besticken| Werbeartikel Geschenke\",\"isPartOf\":{\"@id\":\"https:\\\/\\\/outdoorpuzzle.com\\\/en\\\/#website\"},\"primaryImageOfPage\":{\"@id\":\"https:\\\/\\\/outdoorpuzzle.com\\\/corporate-branding\\\/#primaryimage\"},\"image\":{\"@id\":\"https:\\\/\\\/outdoorpuzzle.com\\\/corporate-branding\\\/#primaryimage\"},\"thumbnailUrl\":\"https:\\\/\\\/outdoorpuzzle.com\\\/wp-content\\\/uploads\\\/2021\\\/08\\\/Corporate-branding-1-e1599397539114-edited-1.jpg\",\"datePublished\":\"2015-07-20T10:47:34+00:00\",\"dateModified\":\"2026-02-26T16:29:08+00:00\",\"description\":\"Die Handt\u00fccher k\u00f6nnen mit dem individuellen Logo Ihrer Marke versehen werden. Eine interessante M\u00f6glichkeit, um Firmengeschenke zu organisieren.\",\"breadcrumb\":{\"@id\":\"https:\\\/\\\/outdoorpuzzle.com\\\/corporate-branding\\\/#breadcrumb\"},\"inLanguage\":\"en-US\",\"potentialAction\":[{\"@type\":\"ReadAction\",\"target\":[\"https:\\\/\\\/outdoorpuzzle.com\\\/corporate-branding\\\/\"]}]},{\"@type\":\"ImageObject\",\"inLanguage\":\"en-US\",\"@id\":\"https:\\\/\\\/outdoorpuzzle.com\\\/corporate-branding\\\/#primaryimage\",\"url\":\"https:\\\/\\\/outdoorpuzzle.com\\\/wp-content\\\/uploads\\\/2021\\\/08\\\/Corporate-branding-1-e1599397539114-edited-1.jpg\",\"contentUrl\":\"https:\\\/\\\/outdoorpuzzle.com\\\/wp-content\\\/uploads\\\/2021\\\/08\\\/Corporate-branding-1-e1599397539114-edited-1.jpg\",\"width\":1291,\"height\":689,\"caption\":\"Corporate Branding Logo Example For Towels\"},{\"@type\":\"BreadcrumbList\",\"@id\":\"https:\\\/\\\/outdoorpuzzle.com\\\/corporate-branding\\\/#breadcrumb\",\"itemListElement\":[{\"@type\":\"ListItem\",\"position\":1,\"name\":\"Home\",\"item\":\"https:\\\/\\\/outdoorpuzzle.com\\\/\"},{\"@type\":\"ListItem\",\"position\":2,\"name\":\"Corporate Labelling\"}]},{\"@type\":\"WebSite\",\"@id\":\"https:\\\/\\\/outdoorpuzzle.com\\\/en\\\/#website\",\"url\":\"https:\\\/\\\/outdoorpuzzle.com\\\/en\\\/\",\"name\":\"The Outdoor Puzzle\",\"description\":\"Lightweight Towels for Outdoor People\",\"publisher\":{\"@id\":\"https:\\\/\\\/outdoorpuzzle.com\\\/en\\\/#organization\"},\"potentialAction\":[{\"@type\":\"SearchAction\",\"target\":{\"@type\":\"EntryPoint\",\"urlTemplate\":\"https:\\\/\\\/outdoorpuzzle.com\\\/en\\\/?s={search_term_string}\"},\"query-input\":{\"@type\":\"PropertyValueSpecification\",\"valueRequired\":true,\"valueName\":\"search_term_string\"}}],\"inLanguage\":\"en-US\"},{\"@type\":\"Organization\",\"@id\":\"https:\\\/\\\/outdoorpuzzle.com\\\/en\\\/#organization\",\"name\":\"The Outdoor Puzzle\",\"alternateName\":\"The Outdoor Puzzle\",\"url\":\"https:\\\/\\\/outdoorpuzzle.com\\\/en\\\/\",\"logo\":{\"@type\":\"ImageObject\",\"inLanguage\":\"en-US\",\"@id\":\"https:\\\/\\\/outdoorpuzzle.com\\\/en\\\/#\\\/schema\\\/logo\\\/image\\\/\",\"url\":\"https:\\\/\\\/outdoorpuzzle.com\\\/wp-content\\\/uploads\\\/2022\\\/07\\\/Logo-Full-Renkli.png\",\"contentUrl\":\"https:\\\/\\\/outdoorpuzzle.com\\\/wp-content\\\/uploads\\\/2022\\\/07\\\/Logo-Full-Renkli.png\",\"width\":500,\"height\":193,\"caption\":\"The Outdoor Puzzle\"},\"image\":{\"@id\":\"https:\\\/\\\/outdoorpuzzle.com\\\/en\\\/#\\\/schema\\\/logo\\\/image\\\/\"},\"sameAs\":[\"https:\\\/\\\/www.facebook.com\\\/profile.php?id=100076379679829\",\"https:\\\/\\\/www.instagram.com\\\/the_outdoor_puzzle\",\"https:\\\/\\\/www.tiktok.com\\\/@the.outdoor.puzzle\",\"https:\\\/\\\/www.linkedin.com\\\/company\\\/the-outdoor-puzzle\"]}]}<\/script>\n<!-- \/ Yoast SEO plugin. -->","yoast_head_json":{"title":"Handt\u00fccher Mit Logo Besticken| Werbeartikel Geschenke","description":"Die Handt\u00fccher k\u00f6nnen mit dem individuellen Logo Ihrer Marke versehen werden. Eine interessante M\u00f6glichkeit, um Firmengeschenke zu organisieren.","robots":{"index":"index","follow":"follow","max-snippet":"max-snippet:-1","max-image-preview":"max-image-preview:large","max-video-preview":"max-video-preview:-1"},"canonical":"https:\/\/outdoorpuzzle.com\/en\/corporate-branding\/","og_locale":"en_US","og_type":"article","og_title":"Handt\u00fccher Mit Logo Besticken| Werbeartikel Geschenke","og_description":"Die Handt\u00fccher k\u00f6nnen mit dem individuellen Logo Ihrer Marke versehen werden. Eine interessante M\u00f6glichkeit, um Firmengeschenke zu organisieren.","og_url":"https:\/\/outdoorpuzzle.com\/en\/corporate-branding\/","og_site_name":"The Outdoor Puzzle","article_publisher":"https:\/\/www.facebook.com\/profile.php?id=100076379679829","article_modified_time":"2026-02-26T16:29:08+00:00","og_image":[{"width":1291,"height":689,"url":"https:\/\/outdoorpuzzle.com\/wp-content\/uploads\/2021\/08\/Corporate-branding-1-e1599397539114-edited-1.jpg","type":"image\/jpeg"}],"twitter_card":"summary_large_image","twitter_misc":{"Est. reading time":"2 minutes"},"schema":{"@context":"https:\/\/schema.org","@graph":[{"@type":"WebPage","@id":"https:\/\/outdoorpuzzle.com\/corporate-branding\/","url":"https:\/\/outdoorpuzzle.com\/corporate-branding\/","name":"Handt\u00fccher Mit Logo Besticken| Werbeartikel Geschenke","isPartOf":{"@id":"https:\/\/outdoorpuzzle.com\/en\/#website"},"primaryImageOfPage":{"@id":"https:\/\/outdoorpuzzle.com\/corporate-branding\/#primaryimage"},"image":{"@id":"https:\/\/outdoorpuzzle.com\/corporate-branding\/#primaryimage"},"thumbnailUrl":"https:\/\/outdoorpuzzle.com\/wp-content\/uploads\/2021\/08\/Corporate-branding-1-e1599397539114-edited-1.jpg","datePublished":"2015-07-20T10:47:34+00:00","dateModified":"2026-02-26T16:29:08+00:00","description":"Die Handt\u00fccher k\u00f6nnen mit dem individuellen Logo Ihrer Marke versehen werden. Eine interessante M\u00f6glichkeit, um Firmengeschenke zu organisieren.","breadcrumb":{"@id":"https:\/\/outdoorpuzzle.com\/corporate-branding\/#breadcrumb"},"inLanguage":"en-US","potentialAction":[{"@type":"ReadAction","target":["https:\/\/outdoorpuzzle.com\/corporate-branding\/"]}]},{"@type":"ImageObject","inLanguage":"en-US","@id":"https:\/\/outdoorpuzzle.com\/corporate-branding\/#primaryimage","url":"https:\/\/outdoorpuzzle.com\/wp-content\/uploads\/2021\/08\/Corporate-branding-1-e1599397539114-edited-1.jpg","contentUrl":"https:\/\/outdoorpuzzle.com\/wp-content\/uploads\/2021\/08\/Corporate-branding-1-e1599397539114-edited-1.jpg","width":1291,"height":689,"caption":"Corporate Branding Logo Example For Towels"},{"@type":"BreadcrumbList","@id":"https:\/\/outdoorpuzzle.com\/corporate-branding\/#breadcrumb","itemListElement":[{"@type":"ListItem","position":1,"name":"Home","item":"https:\/\/outdoorpuzzle.com\/"},{"@type":"ListItem","position":2,"name":"Corporate Labelling"}]},{"@type":"WebSite","@id":"https:\/\/outdoorpuzzle.com\/en\/#website","url":"https:\/\/outdoorpuzzle.com\/en\/","name":"The Outdoor Puzzle","description":"Lightweight Towels for Outdoor People","publisher":{"@id":"https:\/\/outdoorpuzzle.com\/en\/#organization"},"potentialAction":[{"@type":"SearchAction","target":{"@type":"EntryPoint","urlTemplate":"https:\/\/outdoorpuzzle.com\/en\/?s={search_term_string}"},"query-input":{"@type":"PropertyValueSpecification","valueRequired":true,"valueName":"search_term_string"}}],"inLanguage":"en-US"},{"@type":"Organization","@id":"https:\/\/outdoorpuzzle.com\/en\/#organization","name":"The Outdoor Puzzle","alternateName":"The Outdoor Puzzle","url":"https:\/\/outdoorpuzzle.com\/en\/","logo":{"@type":"ImageObject","inLanguage":"en-US","@id":"https:\/\/outdoorpuzzle.com\/en\/#\/schema\/logo\/image\/","url":"https:\/\/outdoorpuzzle.com\/wp-content\/uploads\/2022\/07\/Logo-Full-Renkli.png","contentUrl":"https:\/\/outdoorpuzzle.com\/wp-content\/uploads\/2022\/07\/Logo-Full-Renkli.png","width":500,"height":193,"caption":"The Outdoor Puzzle"},"image":{"@id":"https:\/\/outdoorpuzzle.com\/en\/#\/schema\/logo\/image\/"},"sameAs":["https:\/\/www.facebook.com\/profile.php?id=100076379679829","https:\/\/www.instagram.com\/the_outdoor_puzzle","https:\/\/www.tiktok.com\/@the.outdoor.puzzle","https:\/\/www.linkedin.com\/company\/the-outdoor-puzzle"]}]}},"_links":{"self":[{"href":"https:\/\/outdoorpuzzle.com\/en\/wp-json\/wp\/v2\/pages\/51","targetHints":{"allow":["GET"]}}],"collection":[{"href":"https:\/\/outdoorpuzzle.com\/en\/wp-json\/wp\/v2\/pages"}],"about":[{"href":"https:\/\/outdoorpuzzle.com\/en\/wp-json\/wp\/v2\/types\/page"}],"author":[{"embeddable":true,"href":"https:\/\/outdoorpuzzle.com\/en\/wp-json\/wp\/v2\/users\/1"}],"replies":[{"embeddable":true,"href":"https:\/\/outdoorpuzzle.com\/en\/wp-json\/wp\/v2\/comments?post=51"}],"version-history":[{"count":11,"href":"https:\/\/outdoorpuzzle.com\/en\/wp-json\/wp\/v2\/pages\/51\/revisions"}],"predecessor-version":[{"id":2023,"href":"https:\/\/outdoorpuzzle.com\/en\/wp-json\/wp\/v2\/pages\/51\/revisions\/2023"}],"wp:featuredmedia":[{"embeddable":true,"href":"https:\/\/outdoorpuzzle.com\/en\/wp-json\/wp\/v2\/media\/996"}],"wp:attachment":[{"href":"https:\/\/outdoorpuzzle.com\/en\/wp-json\/wp\/v2\/media?parent=51"}],"curies":[{"name":"wp","href":"https:\/\/api.w.org\/{rel}","templated":true}]}}