{"id":869,"date":"2021-05-03T22:10:46","date_gmt":"2021-05-03T22:10:46","guid":{"rendered":"https:\/\/outdoorpuzzle.com\/?post_type=product&#038;p=869"},"modified":"2026-03-30T12:13:07","modified_gmt":"2026-03-30T12:13:07","slug":"compact-towel-turquoise","status":"publish","type":"product","link":"https:\/\/outdoorpuzzle.com\/de\/produkt\/compact-towel-turquoise\/","title":{"rendered":"Kompaktes D\u00fcnnes Badetuch Aus Baumwolle Im Beutel - Strand Sport - Blau L"},"content":{"rendered":"<p>Classic Towels sind einfarbig und haben sehr kurze ungeknotete Fransen. Ideal f\u00fcr Liebhaber von minimalistischem Design und sportlichem Look. Dank der verwendeten Premium-Baumwolle werden die T\u00fccher von The Outdoor Puzzle nach Waschen noch weicher und saugf\u00e4higer.<\/p>\n<p class=\"translation-block\">Die Produktion erfolgt auf traditionellen Webst\u00fchlen der kleinen Ateliers. Handwerkskunst zusammen mit hochwertiger Baumwolle machen sie langlebig und schlagen eine Br\u00fccke zwischen Funktionalit\u00e4t und Slow Fashion.<\/p>\n<p class=\"translation-block\">Ideal unter anderem als Badetuch f\u00fcr Strand, Sportanlagen, Schwimmb\u00e4der, Fitness, Therme, Spa, Sauna, Surfing, Stand Up Paddling und Yoga. Einfach in die Sporttasche einpacken. Am Strand ausrollen und wieder einpacken, der Sand bleibt nicht an diesen d\u00fcnnen sandabweisenden Strandt\u00fcchern haften. Wenn Sie ein Reiseliebhaber sind oder mit dem Rucksack um die Welt reisen, brauchen Sie ein platzsparendes Tuch. Die T\u00fccher von The Outdoor Puzzle werden mit einer praktischen Aufbewahrungstasche aus Baumwolle geliefert, die wenig Platz einnehmen und damit zu den besten Reisehandt\u00fcchern z\u00e4hlen. Smarter packen und leichter reisen.<\/p>\n<ul>\n<li data-aria-posinset=\"1\" data-aria-level=\"2\"><span data-contrast=\"none\">Leicht, Kompakt und schnell trocknend<\/span><\/li>\n<li data-aria-posinset=\"2\" data-aria-level=\"2\" class=\"translation-block\">Nachhaltig - 100% Baumwolle (Oeko-Tex\u00ae Standard 100). Mikroplastikfrei.<\/li>\n<li data-aria-posinset=\"3\" data-aria-level=\"2\" class=\"translation-block\">Verpackt im praktischen Aufbewahrungsbeutel aus Baumwolle<\/li>\n<li data-aria-posinset=\"4\" data-aria-level=\"2\"><span data-contrast=\"none\">Ideal unter anderem f\u00fcr Strand, Sportanlagen, Schwimmb\u00e4der, Fitness, Therme, Spa, Sauna, Surfing, Stand Up Paddling und Yoga.<\/span><\/li>\n<li data-aria-posinset=\"5\" data-aria-level=\"2\"><span data-contrast=\"none\">Sowohl f\u00fcr Outdoor-Aktivit\u00e4ten als auch als kompaktes Handtuch zu Hause f\u00fcr das ganze Jahr geeignet.<\/span><\/li>\n<li data-aria-posinset=\"6\" data-aria-level=\"2\"><span data-contrast=\"none\">Schlichtes Design<\/span><\/li>\n<\/ul>\n<div style=\"display: flex; justify-content: center;\">\n<p><iframe title=\"Lightweight Towels for Outdoor People\" src=\"https:\/\/www.youtube.com\/embed\/p2_IRCLLEsI\" width=\"420\" height=\"748\" frameborder=\"0\" allowfullscreen=\"allowfullscreen\"><\/iframe><\/p>\n<\/div>","protected":false},"excerpt":{"rendered":"<p><span class=\"TextRun SCXO210468326 BCX0\" lang=\"EN-US\" xml:lang=\"EN-US\" data-contrast=\"none\"><span class=\"NormalTextRun SCXO210468326 BCX0\">Leichtes, kompaktes und vielseitiges Handtuch in Aufbewahrungstasche<\/span><\/span><span class=\"EOP SCXO210468326 BCX0\">\u00a0<\/span><\/p>\n<p>100x170cm &#8211; 300gr<\/p>\n<p>100% Baumwolle<\/p>\n<p>Geeignet f\u00fcr Outdoors, Indoors und Badezimmer<\/p>\n<p>Lieferung innerhalb von 3-5 Werktagen<\/p>\n<p>VISA, MasterCard, American Express, PayPal, Google Pay, Apple Pay, Bank Transfer<\/p>\n<p>Mengenrabatte sind mit allen Produkten im Web Shop kombinierbar<\/p>","protected":false},"featured_media":1612,"comment_status":"open","ping_status":"closed","template":"","meta":{"_monsterinsights_skip_tracking":false,"_monsterinsights_sitenote_active":false,"_monsterinsights_sitenote_note":"","_monsterinsights_sitenote_category":0,"_joinchat":[]},"product_brand":[],"product_cat":[54,41],"product_tag":[39],"class_list":{"0":"post-869","1":"product","2":"type-product","3":"status-publish","4":"has-post-thumbnail","6":"product_cat-classic-towels-large","7":"product_cat-outdoor-towels","8":"product_tag-outdoor-towel","10":"first","11":"outofstock","12":"taxable","13":"shipping-taxable","14":"purchasable","15":"product-type-simple"},"yoast_head":"<!-- This site is optimized with the Yoast SEO plugin v27.3 - https:\/\/yoast.com\/product\/yoast-seo-wordpress\/ -->\n<title>Compacte, lichtgewicht katoenen handdoek met draagtas - Strand Sports - Turquoise L<\/title>\n<meta name=\"description\" content=\"The Outdoor Puzzle biedt compacte handdoeken gemaakt van natuurlijke materialen, die functionaliteit combineren met een actieve levensstijl. Lichtgewicht, absorberend en snel drogend.\" \/>\n<meta name=\"robots\" content=\"index, follow, max-snippet:-1, max-image-preview:large, max-video-preview:-1\" \/>\n<link rel=\"canonical\" href=\"https:\/\/outdoorpuzzle.com\/de\/produkt\/compact-towel-turquoise\/\" \/>\n<meta property=\"og:locale\" content=\"de_DE\" \/>\n<meta property=\"og:type\" content=\"article\" \/>\n<meta property=\"og:title\" content=\"Compacte, lichtgewicht katoenen handdoek met draagtas - Strand Sports - Turquoise L\" \/>\n<meta property=\"og:description\" content=\"The Outdoor Puzzle biedt compacte handdoeken gemaakt van natuurlijke materialen, die functionaliteit combineren met een actieve levensstijl. Lichtgewicht, absorberend en snel drogend.\" \/>\n<meta property=\"og:url\" content=\"https:\/\/outdoorpuzzle.com\/de\/produkt\/compact-towel-turquoise\/\" \/>\n<meta property=\"og:site_name\" content=\"The Outdoor Puzzle\" \/>\n<meta property=\"article:publisher\" content=\"https:\/\/www.facebook.com\/profile.php?id=100076379679829\" \/>\n<meta property=\"article:modified_time\" content=\"2026-03-30T12:13:07+00:00\" \/>\n<meta property=\"og:image\" content=\"https:\/\/outdoorpuzzle.com\/wp-content\/uploads\/2022\/11\/TOP-Classic-Towel-With-Bag-Turquoise.png\" \/>\n\t<meta property=\"og:image:width\" content=\"1080\" \/>\n\t<meta property=\"og:image:height\" content=\"1080\" \/>\n\t<meta property=\"og:image:type\" content=\"image\/png\" \/>\n<meta name=\"twitter:card\" content=\"summary_large_image\" \/>\n<meta name=\"twitter:label1\" content=\"Gesch\u00e4tzte Lesezeit\" \/>\n\t<meta name=\"twitter:data1\" content=\"2\u00a0Minuten\" \/>\n<script type=\"application\/ld+json\" class=\"yoast-schema-graph\">{\"@context\":\"https:\\\/\\\/schema.org\",\"@graph\":[{\"@type\":\"WebPage\",\"@id\":\"https:\\\/\\\/outdoorpuzzle.com\\\/product\\\/compact-towel-turquoise\\\/\",\"url\":\"https:\\\/\\\/outdoorpuzzle.com\\\/product\\\/compact-towel-turquoise\\\/\",\"name\":\"Compacte, lichtgewicht katoenen handdoek met draagtas - Strand Sports - Turquoise L\",\"isPartOf\":{\"@id\":\"https:\\\/\\\/outdoorpuzzle.com\\\/en\\\/#website\"},\"primaryImageOfPage\":{\"@id\":\"https:\\\/\\\/outdoorpuzzle.com\\\/product\\\/compact-towel-turquoise\\\/#primaryimage\"},\"image\":{\"@id\":\"https:\\\/\\\/outdoorpuzzle.com\\\/product\\\/compact-towel-turquoise\\\/#primaryimage\"},\"thumbnailUrl\":\"https:\\\/\\\/outdoorpuzzle.com\\\/wp-content\\\/uploads\\\/2022\\\/11\\\/TOP-Classic-Towel-With-Bag-Turquoise.png\",\"datePublished\":\"2021-05-03T22:10:46+00:00\",\"dateModified\":\"2026-03-30T12:13:07+00:00\",\"description\":\"The Outdoor Puzzle biedt compacte handdoeken gemaakt van natuurlijke materialen, die functionaliteit combineren met een actieve levensstijl. Lichtgewicht, absorberend en snel drogend.\",\"breadcrumb\":{\"@id\":\"https:\\\/\\\/outdoorpuzzle.com\\\/product\\\/compact-towel-turquoise\\\/#breadcrumb\"},\"inLanguage\":\"de\",\"potentialAction\":[{\"@type\":\"ReadAction\",\"target\":[\"https:\\\/\\\/outdoorpuzzle.com\\\/product\\\/compact-towel-turquoise\\\/\"]}]},{\"@type\":\"ImageObject\",\"inLanguage\":\"de\",\"@id\":\"https:\\\/\\\/outdoorpuzzle.com\\\/product\\\/compact-towel-turquoise\\\/#primaryimage\",\"url\":\"https:\\\/\\\/outdoorpuzzle.com\\\/wp-content\\\/uploads\\\/2022\\\/11\\\/TOP-Classic-Towel-With-Bag-Turquoise.png\",\"contentUrl\":\"https:\\\/\\\/outdoorpuzzle.com\\\/wp-content\\\/uploads\\\/2022\\\/11\\\/TOP-Classic-Towel-With-Bag-Turquoise.png\",\"width\":1080,\"height\":1080},{\"@type\":\"BreadcrumbList\",\"@id\":\"https:\\\/\\\/outdoorpuzzle.com\\\/product\\\/compact-towel-turquoise\\\/#breadcrumb\",\"itemListElement\":[{\"@type\":\"ListItem\",\"position\":1,\"name\":\"Home\",\"item\":\"https:\\\/\\\/outdoorpuzzle.com\\\/\"},{\"@type\":\"ListItem\",\"position\":2,\"name\":\"Shop\",\"item\":\"https:\\\/\\\/outdoorpuzzle.com\\\/shop\\\/\"},{\"@type\":\"ListItem\",\"position\":3,\"name\":\"Compact Lightweight Cotton Towel With Carry Bag &#8211; Beach Sports &#8211; Turquoise L\"}]},{\"@type\":\"WebSite\",\"@id\":\"https:\\\/\\\/outdoorpuzzle.com\\\/en\\\/#website\",\"url\":\"https:\\\/\\\/outdoorpuzzle.com\\\/en\\\/\",\"name\":\"The Outdoor Puzzle\",\"description\":\"Lightweight Towels for Outdoor People\",\"publisher\":{\"@id\":\"https:\\\/\\\/outdoorpuzzle.com\\\/en\\\/#organization\"},\"potentialAction\":[{\"@type\":\"SearchAction\",\"target\":{\"@type\":\"EntryPoint\",\"urlTemplate\":\"https:\\\/\\\/outdoorpuzzle.com\\\/en\\\/?s={search_term_string}\"},\"query-input\":{\"@type\":\"PropertyValueSpecification\",\"valueRequired\":true,\"valueName\":\"search_term_string\"}}],\"inLanguage\":\"de\"},{\"@type\":\"Organization\",\"@id\":\"https:\\\/\\\/outdoorpuzzle.com\\\/en\\\/#organization\",\"name\":\"The Outdoor Puzzle\",\"alternateName\":\"The Outdoor Puzzle\",\"url\":\"https:\\\/\\\/outdoorpuzzle.com\\\/en\\\/\",\"logo\":{\"@type\":\"ImageObject\",\"inLanguage\":\"de\",\"@id\":\"https:\\\/\\\/outdoorpuzzle.com\\\/en\\\/#\\\/schema\\\/logo\\\/image\\\/\",\"url\":\"https:\\\/\\\/outdoorpuzzle.com\\\/wp-content\\\/uploads\\\/2022\\\/07\\\/Logo-Full-Renkli.png\",\"contentUrl\":\"https:\\\/\\\/outdoorpuzzle.com\\\/wp-content\\\/uploads\\\/2022\\\/07\\\/Logo-Full-Renkli.png\",\"width\":500,\"height\":193,\"caption\":\"The Outdoor Puzzle\"},\"image\":{\"@id\":\"https:\\\/\\\/outdoorpuzzle.com\\\/en\\\/#\\\/schema\\\/logo\\\/image\\\/\"},\"sameAs\":[\"https:\\\/\\\/www.facebook.com\\\/profile.php?id=100076379679829\",\"https:\\\/\\\/www.instagram.com\\\/the_outdoor_puzzle\",\"https:\\\/\\\/www.tiktok.com\\\/@the.outdoor.puzzle\",\"https:\\\/\\\/www.linkedin.com\\\/company\\\/the-outdoor-puzzle\"]}]}<\/script>\n<!-- \/ Yoast SEO plugin. -->","yoast_head_json":{"title":"Compacte, lichtgewicht katoenen handdoek met draagtas - Strand Sports - Turquoise L","description":"The Outdoor Puzzle biedt compacte handdoeken gemaakt van natuurlijke materialen, die functionaliteit combineren met een actieve levensstijl. Lichtgewicht, absorberend en snel drogend.","robots":{"index":"index","follow":"follow","max-snippet":"max-snippet:-1","max-image-preview":"max-image-preview:large","max-video-preview":"max-video-preview:-1"},"canonical":"https:\/\/outdoorpuzzle.com\/de\/produkt\/compact-towel-turquoise\/","og_locale":"de_DE","og_type":"article","og_title":"Compacte, lichtgewicht katoenen handdoek met draagtas - Strand Sports - Turquoise L","og_description":"The Outdoor Puzzle biedt compacte handdoeken gemaakt van natuurlijke materialen, die functionaliteit combineren met een actieve levensstijl. Lichtgewicht, absorberend en snel drogend.","og_url":"https:\/\/outdoorpuzzle.com\/de\/produkt\/compact-towel-turquoise\/","og_site_name":"The Outdoor Puzzle","article_publisher":"https:\/\/www.facebook.com\/profile.php?id=100076379679829","article_modified_time":"2026-03-30T12:13:07+00:00","og_image":[{"width":1080,"height":1080,"url":"https:\/\/outdoorpuzzle.com\/wp-content\/uploads\/2022\/11\/TOP-Classic-Towel-With-Bag-Turquoise.png","type":"image\/png"}],"twitter_card":"summary_large_image","twitter_misc":{"Gesch\u00e4tzte Lesezeit":"2\u00a0Minuten"},"schema":{"@context":"https:\/\/schema.org","@graph":[{"@type":"WebPage","@id":"https:\/\/outdoorpuzzle.com\/product\/compact-towel-turquoise\/","url":"https:\/\/outdoorpuzzle.com\/product\/compact-towel-turquoise\/","name":"Compacte, lichtgewicht katoenen handdoek met draagtas - Strand Sports - Turquoise L","isPartOf":{"@id":"https:\/\/outdoorpuzzle.com\/en\/#website"},"primaryImageOfPage":{"@id":"https:\/\/outdoorpuzzle.com\/product\/compact-towel-turquoise\/#primaryimage"},"image":{"@id":"https:\/\/outdoorpuzzle.com\/product\/compact-towel-turquoise\/#primaryimage"},"thumbnailUrl":"https:\/\/outdoorpuzzle.com\/wp-content\/uploads\/2022\/11\/TOP-Classic-Towel-With-Bag-Turquoise.png","datePublished":"2021-05-03T22:10:46+00:00","dateModified":"2026-03-30T12:13:07+00:00","description":"The Outdoor Puzzle biedt compacte handdoeken gemaakt van natuurlijke materialen, die functionaliteit combineren met een actieve levensstijl. Lichtgewicht, absorberend en snel drogend.","breadcrumb":{"@id":"https:\/\/outdoorpuzzle.com\/product\/compact-towel-turquoise\/#breadcrumb"},"inLanguage":"de","potentialAction":[{"@type":"ReadAction","target":["https:\/\/outdoorpuzzle.com\/product\/compact-towel-turquoise\/"]}]},{"@type":"ImageObject","inLanguage":"de","@id":"https:\/\/outdoorpuzzle.com\/product\/compact-towel-turquoise\/#primaryimage","url":"https:\/\/outdoorpuzzle.com\/wp-content\/uploads\/2022\/11\/TOP-Classic-Towel-With-Bag-Turquoise.png","contentUrl":"https:\/\/outdoorpuzzle.com\/wp-content\/uploads\/2022\/11\/TOP-Classic-Towel-With-Bag-Turquoise.png","width":1080,"height":1080},{"@type":"BreadcrumbList","@id":"https:\/\/outdoorpuzzle.com\/product\/compact-towel-turquoise\/#breadcrumb","itemListElement":[{"@type":"ListItem","position":1,"name":"Home","item":"https:\/\/outdoorpuzzle.com\/"},{"@type":"ListItem","position":2,"name":"Shop","item":"https:\/\/outdoorpuzzle.com\/shop\/"},{"@type":"ListItem","position":3,"name":"Compact Lightweight Cotton Towel With Carry Bag &#8211; Beach Sports &#8211; Turquoise L"}]},{"@type":"WebSite","@id":"https:\/\/outdoorpuzzle.com\/en\/#website","url":"https:\/\/outdoorpuzzle.com\/en\/","name":"The Outdoor Puzzle","description":"Lightweight Towels for Outdoor People","publisher":{"@id":"https:\/\/outdoorpuzzle.com\/en\/#organization"},"potentialAction":[{"@type":"SearchAction","target":{"@type":"EntryPoint","urlTemplate":"https:\/\/outdoorpuzzle.com\/en\/?s={search_term_string}"},"query-input":{"@type":"PropertyValueSpecification","valueRequired":true,"valueName":"search_term_string"}}],"inLanguage":"de"},{"@type":"Organization","@id":"https:\/\/outdoorpuzzle.com\/en\/#organization","name":"The Outdoor Puzzle","alternateName":"The Outdoor Puzzle","url":"https:\/\/outdoorpuzzle.com\/en\/","logo":{"@type":"ImageObject","inLanguage":"de","@id":"https:\/\/outdoorpuzzle.com\/en\/#\/schema\/logo\/image\/","url":"https:\/\/outdoorpuzzle.com\/wp-content\/uploads\/2022\/07\/Logo-Full-Renkli.png","contentUrl":"https:\/\/outdoorpuzzle.com\/wp-content\/uploads\/2022\/07\/Logo-Full-Renkli.png","width":500,"height":193,"caption":"The Outdoor Puzzle"},"image":{"@id":"https:\/\/outdoorpuzzle.com\/en\/#\/schema\/logo\/image\/"},"sameAs":["https:\/\/www.facebook.com\/profile.php?id=100076379679829","https:\/\/www.instagram.com\/the_outdoor_puzzle","https:\/\/www.tiktok.com\/@the.outdoor.puzzle","https:\/\/www.linkedin.com\/company\/the-outdoor-puzzle"]}]}},"_links":{"self":[{"href":"https:\/\/outdoorpuzzle.com\/de\/wp-json\/wp\/v2\/product\/869","targetHints":{"allow":["GET"]}}],"collection":[{"href":"https:\/\/outdoorpuzzle.com\/de\/wp-json\/wp\/v2\/product"}],"about":[{"href":"https:\/\/outdoorpuzzle.com\/de\/wp-json\/wp\/v2\/types\/product"}],"replies":[{"embeddable":true,"href":"https:\/\/outdoorpuzzle.com\/de\/wp-json\/wp\/v2\/comments?post=869"}],"wp:featuredmedia":[{"embeddable":true,"href":"https:\/\/outdoorpuzzle.com\/de\/wp-json\/wp\/v2\/media\/1612"}],"wp:attachment":[{"href":"https:\/\/outdoorpuzzle.com\/de\/wp-json\/wp\/v2\/media?parent=869"}],"wp:term":[{"taxonomy":"product_brand","embeddable":true,"href":"https:\/\/outdoorpuzzle.com\/de\/wp-json\/wp\/v2\/product_brand?post=869"},{"taxonomy":"product_cat","embeddable":true,"href":"https:\/\/outdoorpuzzle.com\/de\/wp-json\/wp\/v2\/product_cat?post=869"},{"taxonomy":"product_tag","embeddable":true,"href":"https:\/\/outdoorpuzzle.com\/de\/wp-json\/wp\/v2\/product_tag?post=869"}],"curies":[{"name":"wp","href":"https:\/\/api.w.org\/{rel}","templated":true}]}}