{"id":1427,"date":"2023-02-23T13:23:14","date_gmt":"2023-02-23T13:23:14","guid":{"rendered":"https:\/\/outdoorpuzzle.com\/?post_type=product&#038;p=1427"},"modified":"2026-03-30T12:09:21","modified_gmt":"2026-03-30T12:09:21","slug":"compact-towel-set-green","status":"publish","type":"product","link":"https:\/\/outdoorpuzzle.com\/de\/produkt\/compact-towel-set-green\/","title":{"rendered":"Kompaktes D\u00fcnnes Handtuch Set Aus Baumwolle Im Beutel - Reisen Strand Sport - Gr\u00fcn L S"},"content":{"rendered":"<ul>\n<li data-aria-posinset=\"1\" data-aria-level=\"2\"><span data-contrast=\"none\">Leicht, Kompakt und schnell trocknend<\/span><\/li>\n<li data-aria-posinset=\"2\" data-aria-level=\"2\" class=\"translation-block\">Nachhaltig - 100% Baumwolle (Oeko-Tex\u00ae Standard 100). Mikroplastikfrei.<\/li>\n<li data-aria-posinset=\"3\" data-aria-level=\"2\" class=\"translation-block\">Verpackt im praktischen Aufbewahrungsbeutel aus Baumwolle<\/li>\n<li data-aria-posinset=\"4\" data-aria-level=\"2\"><span data-contrast=\"none\">Ideal unter anderem f\u00fcr Strand, Sportanlagen, Schwimmb\u00e4der, Fitness, Therme, Spa, Sauna, Surfing, Stand Up Paddling und Yoga.<\/span><\/li>\n<li data-aria-posinset=\"5\" data-aria-level=\"2\"><span data-contrast=\"none\">Sowohl f\u00fcr Outdoor-Aktivit\u00e4ten als auch als kompaktes Handtuch zu Hause f\u00fcr das ganze Jahr geeignet.<\/span><\/li>\n<li data-aria-posinset=\"6\" data-aria-level=\"2\"><span data-contrast=\"none\">Schlichtes Design<\/span><\/li>\n<\/ul>\n<p>Handtuch-Sets enthalten 1 gro\u00dfes (100 x 170 cm, 300 g) und 1 kleines \u201eAlps Edition\u201c (50 x 100 cm, 100 g) Handtuch in Aufbewahrungstasche.<\/p>\n<p>Classic Towels sind einfarbig und haben sehr kurze ungeknotete Fransen. Ideal f\u00fcr Liebhaber von minimalistischem Design und sportlichem Look. Dank der verwendeten Premium-Baumwolle werden die T\u00fccher von The Outdoor Puzzle nach Waschen noch weicher und saugf\u00e4higer.<\/p>\n<p class=\"translation-block\">Die Produktion erfolgt auf traditionellen Webst\u00fchlen der kleinen Ateliers. Handwerkskunst zusammen mit hochwertiger Baumwolle machen sie langlebig und schlagen eine Br\u00fccke zwischen Funktionalit\u00e4t und Slow Fashion.<\/p>\n<p class=\"translation-block\">Ideal unter anderem als Badetuch f\u00fcr Strand, Sportanlagen, Schwimmb\u00e4der, Fitness, Therme, Spa, Sauna, Surfing, Stand Up Paddling und Yoga. Einfach in die Sporttasche einpacken. Am Strand ausrollen und wieder einpacken, der Sand bleibt nicht an diesen d\u00fcnnen sandabweisenden Strandt\u00fcchern haften. Wenn Sie ein Reiseliebhaber sind oder mit dem Rucksack um die Welt reisen, brauchen Sie ein platzsparendes Tuch. Die T\u00fccher von The Outdoor Puzzle werden mit einer praktischen Aufbewahrungstasche aus Baumwolle geliefert, die wenig Platz einnehmen und damit zu den besten Reisehandt\u00fcchern z\u00e4hlen. Smarter packen und leichter reisen.<\/p>\n<p class=\"translation-block\">Kleine und extrem leichte \u201eAlps Edition\u201c T\u00fccher sind ideal unter anderem f\u00fcr Wanderungen und als Handtuch f\u00fcr Camping. Grunds\u00e4tzlich f\u00fcr jeden Anlass, wenn ein sehr kompaktes Handtuch ben\u00f6tigt wird, z.B. als Schwei\u00dftuch f\u00fcr das Fitness, damit Sie sich frisch und trocken f\u00fchlen. Sie sind einfarbig und haben sehr kurze ungeknotete Fransen.<\/p>\n<div style=\"display: flex; justify-content: center;\">\n<p><iframe title=\"Lightweight Towels for Outdoor People\" src=\"https:\/\/www.youtube.com\/embed\/p2_IRCLLEsI\" width=\"420\" height=\"748\" frameborder=\"0\" allowfullscreen=\"allowfullscreen\"><\/iframe><\/p>\n<\/div>\n<p>&nbsp;<\/p>","protected":false},"excerpt":{"rendered":"<p><span class=\"TextRun SCXO210468326 BCX0\" lang=\"EN-US\" xml:lang=\"EN-US\" data-contrast=\"none\"><span class=\"NormalTextRun SCXO210468326 BCX0\">Leichtes, kompaktes und vielseitiges Handtuch in Aufbewahrungstasche<\/span><\/span><span class=\"EOP SCXO210468326 BCX0\">\u00a0<\/span><\/p>\n<p>Zwei Handt\u00fccher: 1 Large (100x170cm, 300gr) &amp; 1 Small \u201cAlps Edition\u201d (50x100cm, 100gr)<\/p>\n<p>100% Baumwolle<\/p>\n<p>Geeignet f\u00fcr Outdoors, Indoors und Badezimmer<\/p>\n<p>Lieferung innerhalb von 3-5 Werktagen<\/p>\n<p>VISA, MasterCard, American Express, PayPal, Google Pay, Apple Pay, Bank Transfer<\/p>\n<p>&nbsp;<\/p>","protected":false},"featured_media":1598,"comment_status":"open","ping_status":"closed","template":"","meta":{"_monsterinsights_skip_tracking":false,"_monsterinsights_sitenote_active":false,"_monsterinsights_sitenote_note":"","_monsterinsights_sitenote_category":0,"_joinchat":[]},"product_brand":[],"product_cat":[62],"product_tag":[39],"class_list":{"0":"post-1427","1":"product","2":"type-product","3":"status-publish","4":"has-post-thumbnail","6":"product_cat-towel-sets","7":"product_tag-outdoor-towel","9":"first","10":"instock","11":"taxable","12":"shipping-taxable","13":"purchasable","14":"product-type-simple"},"yoast_head":"<!-- This site is optimized with the Yoast SEO plugin v27.3 - https:\/\/yoast.com\/product\/yoast-seo-wordpress\/ -->\n<title>D\u00fcnnes Handtuch Set Aus Baumwolle Im Beutel - Reisen Strand Sport - Gr\u00fcn L S<\/title>\n<meta name=\"description\" content=\"Handtuch Set aus Strandtuch Large und Handtuch Small. D\u00fcnn, leicht und schnell trocknened. F\u00fcr jeden Anlass in Outdoors und Indoors. Mikroplastikfrei.\" \/>\n<meta name=\"robots\" content=\"index, follow, max-snippet:-1, max-image-preview:large, max-video-preview:-1\" \/>\n<link rel=\"canonical\" href=\"https:\/\/outdoorpuzzle.com\/de\/produkt\/compact-towel-set-green\/\" \/>\n<meta property=\"og:locale\" content=\"de_DE\" \/>\n<meta property=\"og:type\" content=\"article\" \/>\n<meta property=\"og:title\" content=\"D\u00fcnnes Handtuch Set Aus Baumwolle Im Beutel - Reisen Strand Sport - Gr\u00fcn L S\" \/>\n<meta property=\"og:description\" content=\"Handtuch Set aus Strandtuch Large und Handtuch Small. D\u00fcnn, leicht und schnell trocknened. F\u00fcr jeden Anlass in Outdoors und Indoors. Mikroplastikfrei.\" \/>\n<meta property=\"og:url\" content=\"https:\/\/outdoorpuzzle.com\/de\/produkt\/compact-towel-set-green\/\" \/>\n<meta property=\"og:site_name\" content=\"The Outdoor Puzzle\" \/>\n<meta property=\"article:publisher\" content=\"https:\/\/www.facebook.com\/profile.php?id=100076379679829\" \/>\n<meta property=\"article:modified_time\" content=\"2026-03-30T12:09:21+00:00\" \/>\n<meta property=\"og:image\" content=\"https:\/\/outdoorpuzzle.com\/wp-content\/uploads\/2023\/02\/TOP-Towel-Set-With-Carry-Bags-Green.png\" \/>\n\t<meta property=\"og:image:width\" content=\"1080\" \/>\n\t<meta property=\"og:image:height\" content=\"1080\" \/>\n\t<meta property=\"og:image:type\" content=\"image\/png\" \/>\n<meta name=\"twitter:card\" content=\"summary_large_image\" \/>\n<meta name=\"twitter:label1\" content=\"Gesch\u00e4tzte Lesezeit\" \/>\n\t<meta name=\"twitter:data1\" content=\"2\u00a0Minuten\" \/>\n<script type=\"application\/ld+json\" class=\"yoast-schema-graph\">{\"@context\":\"https:\\\/\\\/schema.org\",\"@graph\":[{\"@type\":\"WebPage\",\"@id\":\"https:\\\/\\\/outdoorpuzzle.com\\\/product\\\/compact-towel-set-green\\\/\",\"url\":\"https:\\\/\\\/outdoorpuzzle.com\\\/product\\\/compact-towel-set-green\\\/\",\"name\":\"D\u00fcnnes Handtuch Set Aus Baumwolle Im Beutel - Reisen Strand Sport - Gr\u00fcn L S\",\"isPartOf\":{\"@id\":\"https:\\\/\\\/outdoorpuzzle.com\\\/en\\\/#website\"},\"primaryImageOfPage\":{\"@id\":\"https:\\\/\\\/outdoorpuzzle.com\\\/product\\\/compact-towel-set-green\\\/#primaryimage\"},\"image\":{\"@id\":\"https:\\\/\\\/outdoorpuzzle.com\\\/product\\\/compact-towel-set-green\\\/#primaryimage\"},\"thumbnailUrl\":\"https:\\\/\\\/outdoorpuzzle.com\\\/wp-content\\\/uploads\\\/2023\\\/02\\\/TOP-Towel-Set-With-Carry-Bags-Green.png\",\"datePublished\":\"2023-02-23T13:23:14+00:00\",\"dateModified\":\"2026-03-30T12:09:21+00:00\",\"description\":\"Handtuch Set aus Strandtuch Large und Handtuch Small. D\u00fcnn, leicht und schnell trocknened. F\u00fcr jeden Anlass in Outdoors und Indoors. Mikroplastikfrei.\",\"breadcrumb\":{\"@id\":\"https:\\\/\\\/outdoorpuzzle.com\\\/product\\\/compact-towel-set-green\\\/#breadcrumb\"},\"inLanguage\":\"de\",\"potentialAction\":[{\"@type\":\"ReadAction\",\"target\":[\"https:\\\/\\\/outdoorpuzzle.com\\\/product\\\/compact-towel-set-green\\\/\"]}]},{\"@type\":\"ImageObject\",\"inLanguage\":\"de\",\"@id\":\"https:\\\/\\\/outdoorpuzzle.com\\\/product\\\/compact-towel-set-green\\\/#primaryimage\",\"url\":\"https:\\\/\\\/outdoorpuzzle.com\\\/wp-content\\\/uploads\\\/2023\\\/02\\\/TOP-Towel-Set-With-Carry-Bags-Green.png\",\"contentUrl\":\"https:\\\/\\\/outdoorpuzzle.com\\\/wp-content\\\/uploads\\\/2023\\\/02\\\/TOP-Towel-Set-With-Carry-Bags-Green.png\",\"width\":1080,\"height\":1080,\"caption\":\"Kompaktes D\u00fcnnes Handtuch Set Aus Baumwolle Im Beutel, Gr\u00fcn Large Small\"},{\"@type\":\"BreadcrumbList\",\"@id\":\"https:\\\/\\\/outdoorpuzzle.com\\\/product\\\/compact-towel-set-green\\\/#breadcrumb\",\"itemListElement\":[{\"@type\":\"ListItem\",\"position\":1,\"name\":\"Home\",\"item\":\"https:\\\/\\\/outdoorpuzzle.com\\\/\"},{\"@type\":\"ListItem\",\"position\":2,\"name\":\"Shop\",\"item\":\"https:\\\/\\\/outdoorpuzzle.com\\\/shop\\\/\"},{\"@type\":\"ListItem\",\"position\":3,\"name\":\"Compact Lightweight Cotton Towel Set With Carry Bag &#8211; Travel Beach Sport &#8211; Green L S\"}]},{\"@type\":\"WebSite\",\"@id\":\"https:\\\/\\\/outdoorpuzzle.com\\\/en\\\/#website\",\"url\":\"https:\\\/\\\/outdoorpuzzle.com\\\/en\\\/\",\"name\":\"The Outdoor Puzzle\",\"description\":\"Lightweight Towels for Outdoor People\",\"publisher\":{\"@id\":\"https:\\\/\\\/outdoorpuzzle.com\\\/en\\\/#organization\"},\"potentialAction\":[{\"@type\":\"SearchAction\",\"target\":{\"@type\":\"EntryPoint\",\"urlTemplate\":\"https:\\\/\\\/outdoorpuzzle.com\\\/en\\\/?s={search_term_string}\"},\"query-input\":{\"@type\":\"PropertyValueSpecification\",\"valueRequired\":true,\"valueName\":\"search_term_string\"}}],\"inLanguage\":\"de\"},{\"@type\":\"Organization\",\"@id\":\"https:\\\/\\\/outdoorpuzzle.com\\\/en\\\/#organization\",\"name\":\"The Outdoor Puzzle\",\"alternateName\":\"The Outdoor Puzzle\",\"url\":\"https:\\\/\\\/outdoorpuzzle.com\\\/en\\\/\",\"logo\":{\"@type\":\"ImageObject\",\"inLanguage\":\"de\",\"@id\":\"https:\\\/\\\/outdoorpuzzle.com\\\/en\\\/#\\\/schema\\\/logo\\\/image\\\/\",\"url\":\"https:\\\/\\\/outdoorpuzzle.com\\\/wp-content\\\/uploads\\\/2022\\\/07\\\/Logo-Full-Renkli.png\",\"contentUrl\":\"https:\\\/\\\/outdoorpuzzle.com\\\/wp-content\\\/uploads\\\/2022\\\/07\\\/Logo-Full-Renkli.png\",\"width\":500,\"height\":193,\"caption\":\"The Outdoor Puzzle\"},\"image\":{\"@id\":\"https:\\\/\\\/outdoorpuzzle.com\\\/en\\\/#\\\/schema\\\/logo\\\/image\\\/\"},\"sameAs\":[\"https:\\\/\\\/www.facebook.com\\\/profile.php?id=100076379679829\",\"https:\\\/\\\/www.instagram.com\\\/the_outdoor_puzzle\",\"https:\\\/\\\/www.tiktok.com\\\/@the.outdoor.puzzle\",\"https:\\\/\\\/www.linkedin.com\\\/company\\\/the-outdoor-puzzle\"]}]}<\/script>\n<!-- \/ Yoast SEO plugin. -->","yoast_head_json":{"title":"D\u00fcnnes Handtuch Set Aus Baumwolle Im Beutel - Reisen Strand Sport - Gr\u00fcn L S","description":"Handtuch Set aus Strandtuch Large und Handtuch Small. D\u00fcnn, leicht und schnell trocknened. F\u00fcr jeden Anlass in Outdoors und Indoors. Mikroplastikfrei.","robots":{"index":"index","follow":"follow","max-snippet":"max-snippet:-1","max-image-preview":"max-image-preview:large","max-video-preview":"max-video-preview:-1"},"canonical":"https:\/\/outdoorpuzzle.com\/de\/produkt\/compact-towel-set-green\/","og_locale":"de_DE","og_type":"article","og_title":"D\u00fcnnes Handtuch Set Aus Baumwolle Im Beutel - Reisen Strand Sport - Gr\u00fcn L S","og_description":"Handtuch Set aus Strandtuch Large und Handtuch Small. D\u00fcnn, leicht und schnell trocknened. F\u00fcr jeden Anlass in Outdoors und Indoors. Mikroplastikfrei.","og_url":"https:\/\/outdoorpuzzle.com\/de\/produkt\/compact-towel-set-green\/","og_site_name":"The Outdoor Puzzle","article_publisher":"https:\/\/www.facebook.com\/profile.php?id=100076379679829","article_modified_time":"2026-03-30T12:09:21+00:00","og_image":[{"width":1080,"height":1080,"url":"https:\/\/outdoorpuzzle.com\/wp-content\/uploads\/2023\/02\/TOP-Towel-Set-With-Carry-Bags-Green.png","type":"image\/png"}],"twitter_card":"summary_large_image","twitter_misc":{"Gesch\u00e4tzte Lesezeit":"2\u00a0Minuten"},"schema":{"@context":"https:\/\/schema.org","@graph":[{"@type":"WebPage","@id":"https:\/\/outdoorpuzzle.com\/product\/compact-towel-set-green\/","url":"https:\/\/outdoorpuzzle.com\/product\/compact-towel-set-green\/","name":"D\u00fcnnes Handtuch Set Aus Baumwolle Im Beutel - Reisen Strand Sport - Gr\u00fcn L S","isPartOf":{"@id":"https:\/\/outdoorpuzzle.com\/en\/#website"},"primaryImageOfPage":{"@id":"https:\/\/outdoorpuzzle.com\/product\/compact-towel-set-green\/#primaryimage"},"image":{"@id":"https:\/\/outdoorpuzzle.com\/product\/compact-towel-set-green\/#primaryimage"},"thumbnailUrl":"https:\/\/outdoorpuzzle.com\/wp-content\/uploads\/2023\/02\/TOP-Towel-Set-With-Carry-Bags-Green.png","datePublished":"2023-02-23T13:23:14+00:00","dateModified":"2026-03-30T12:09:21+00:00","description":"Handtuch Set aus Strandtuch Large und Handtuch Small. D\u00fcnn, leicht und schnell trocknened. F\u00fcr jeden Anlass in Outdoors und Indoors. Mikroplastikfrei.","breadcrumb":{"@id":"https:\/\/outdoorpuzzle.com\/product\/compact-towel-set-green\/#breadcrumb"},"inLanguage":"de","potentialAction":[{"@type":"ReadAction","target":["https:\/\/outdoorpuzzle.com\/product\/compact-towel-set-green\/"]}]},{"@type":"ImageObject","inLanguage":"de","@id":"https:\/\/outdoorpuzzle.com\/product\/compact-towel-set-green\/#primaryimage","url":"https:\/\/outdoorpuzzle.com\/wp-content\/uploads\/2023\/02\/TOP-Towel-Set-With-Carry-Bags-Green.png","contentUrl":"https:\/\/outdoorpuzzle.com\/wp-content\/uploads\/2023\/02\/TOP-Towel-Set-With-Carry-Bags-Green.png","width":1080,"height":1080,"caption":"Kompaktes D\u00fcnnes Handtuch Set Aus Baumwolle Im Beutel, Gr\u00fcn Large Small"},{"@type":"BreadcrumbList","@id":"https:\/\/outdoorpuzzle.com\/product\/compact-towel-set-green\/#breadcrumb","itemListElement":[{"@type":"ListItem","position":1,"name":"Home","item":"https:\/\/outdoorpuzzle.com\/"},{"@type":"ListItem","position":2,"name":"Shop","item":"https:\/\/outdoorpuzzle.com\/shop\/"},{"@type":"ListItem","position":3,"name":"Compact Lightweight Cotton Towel Set With Carry Bag &#8211; Travel Beach Sport &#8211; Green L S"}]},{"@type":"WebSite","@id":"https:\/\/outdoorpuzzle.com\/en\/#website","url":"https:\/\/outdoorpuzzle.com\/en\/","name":"The Outdoor Puzzle","description":"Lightweight Towels for Outdoor People","publisher":{"@id":"https:\/\/outdoorpuzzle.com\/en\/#organization"},"potentialAction":[{"@type":"SearchAction","target":{"@type":"EntryPoint","urlTemplate":"https:\/\/outdoorpuzzle.com\/en\/?s={search_term_string}"},"query-input":{"@type":"PropertyValueSpecification","valueRequired":true,"valueName":"search_term_string"}}],"inLanguage":"de"},{"@type":"Organization","@id":"https:\/\/outdoorpuzzle.com\/en\/#organization","name":"The Outdoor Puzzle","alternateName":"The Outdoor Puzzle","url":"https:\/\/outdoorpuzzle.com\/en\/","logo":{"@type":"ImageObject","inLanguage":"de","@id":"https:\/\/outdoorpuzzle.com\/en\/#\/schema\/logo\/image\/","url":"https:\/\/outdoorpuzzle.com\/wp-content\/uploads\/2022\/07\/Logo-Full-Renkli.png","contentUrl":"https:\/\/outdoorpuzzle.com\/wp-content\/uploads\/2022\/07\/Logo-Full-Renkli.png","width":500,"height":193,"caption":"The Outdoor Puzzle"},"image":{"@id":"https:\/\/outdoorpuzzle.com\/en\/#\/schema\/logo\/image\/"},"sameAs":["https:\/\/www.facebook.com\/profile.php?id=100076379679829","https:\/\/www.instagram.com\/the_outdoor_puzzle","https:\/\/www.tiktok.com\/@the.outdoor.puzzle","https:\/\/www.linkedin.com\/company\/the-outdoor-puzzle"]}]}},"_links":{"self":[{"href":"https:\/\/outdoorpuzzle.com\/de\/wp-json\/wp\/v2\/product\/1427","targetHints":{"allow":["GET"]}}],"collection":[{"href":"https:\/\/outdoorpuzzle.com\/de\/wp-json\/wp\/v2\/product"}],"about":[{"href":"https:\/\/outdoorpuzzle.com\/de\/wp-json\/wp\/v2\/types\/product"}],"replies":[{"embeddable":true,"href":"https:\/\/outdoorpuzzle.com\/de\/wp-json\/wp\/v2\/comments?post=1427"}],"wp:featuredmedia":[{"embeddable":true,"href":"https:\/\/outdoorpuzzle.com\/de\/wp-json\/wp\/v2\/media\/1598"}],"wp:attachment":[{"href":"https:\/\/outdoorpuzzle.com\/de\/wp-json\/wp\/v2\/media?parent=1427"}],"wp:term":[{"taxonomy":"product_brand","embeddable":true,"href":"https:\/\/outdoorpuzzle.com\/de\/wp-json\/wp\/v2\/product_brand?post=1427"},{"taxonomy":"product_cat","embeddable":true,"href":"https:\/\/outdoorpuzzle.com\/de\/wp-json\/wp\/v2\/product_cat?post=1427"},{"taxonomy":"product_tag","embeddable":true,"href":"https:\/\/outdoorpuzzle.com\/de\/wp-json\/wp\/v2\/product_tag?post=1427"}],"curies":[{"name":"wp","href":"https:\/\/api.w.org\/{rel}","templated":true}]}}