{"id":802,"date":"2021-04-15T19:55:53","date_gmt":"2021-04-15T19:55:53","guid":{"rendered":"https:\/\/outdoorpuzzle.com\/?page_id=802"},"modified":"2026-02-28T16:35:27","modified_gmt":"2026-02-28T16:35:27","slug":"terms-and-conditions","status":"publish","type":"page","link":"https:\/\/outdoorpuzzle.com\/de\/terms-and-conditions\/","title":{"rendered":"Allgemeine Gesch\u00e4ftsbedingungen"},"content":{"rendered":"<p><strong>1. Geltung<\/strong><\/p>\n\n\n\n<p class=\"has-text-align-left\">Die nachfolgenden Allgemeinen Gesch\u00e4ftsbedingungen gelten f\u00fcr alle Lieferungen zwischen The Outdoor Puzzle e.U. und einem Verbraucher oder Unternehmer (nachfolgend \u201eKunde\u201c) in ihrer zum Zeitpunkt der Bestellung g\u00fcltigen Fassung.<br>&nbsp;<br>Verbraucher ist jede nat\u00fcrliche Person, die ein Rechtsgesch\u00e4ft zu Zwecken abschlie\u00dft, die \u00fcberwiegend weder ihrer gewerblichen noch ihrer selbst\u00e4ndigen beruflichen T\u00e4tigkeit zugerechnet werden kann. Unternehmer im Sinne dieser AGB ist eine nat\u00fcrliche oder juristische Person oder eine rechtsf\u00e4hige Personengesellschaft, die bei Abschluss eines Rechtsgesch\u00e4fts in Aus\u00fcbung ihrer gewerblichen oder selbst\u00e4ndigen beruflichen T\u00e4tigkeit handelt.<\/p>\n\n\n\n<p><strong>2. Vertragsschluss<\/strong><\/p>\n\n\n\n<p>(a) Die folgenden Regelungen \u00fcber den Vertragsabschluss gelten f\u00fcr Bestellungen \u00fcber die Website www.outdoorpuzzle.com&nbsp;<a rel=\"noreferrer noopener\" href=\"https:\/\/outdoorpuzzle.com\/de\/\" target=\"_blank\">www.outdoorpuzzle.com<\/a>&nbsp;&nbsp;<br>&nbsp;<br>(b) Im Falle des Vertragsschlusses kommt der Vertrag mit<\/p>\n\n\n\n<p>The Outdoor Puzzle\u00a0e.U.&nbsp;<br>B\u00fclent Atay&nbsp;<br>Liechtensteinstrasse\u00a052\/20 1090 Wien&nbsp;<br>Firmenbuchnummer: 525989p&nbsp;<br>Firmenbuchgericht: Handelsgericht Wien&nbsp;<\/p>\n\n\n\n<p>(nachfolgend \u201eVerk\u00e4ufer\u201c) zustande.&nbsp;<br>&nbsp;<br>(c) Die Pr\u00e4sentation der Waren auf der Website stellt kein rechtlich bindendes Vertragsangebot dar, sondern ist nur eine unverbindliche Aufforderung an den Kunden, Waren zu bestellen. Mit der Bestellung der gew\u00fcnschten Ware gibt der Kunde ein f\u00fcr ihn verbindliches Angebot auf Abschluss eines Kaufvertrages ab.<br>&nbsp;<br>(d) Bei Eingang einer Bestellung auf der Website gelten folgende Regelungen: Der Kunde gibt ein bindendes Vertragsangebot ab, indem er die auf der Website vorgesehene Bestellprozedur erfolgreich durchl\u00e4uft. Die Bestellung erfolgt im Allgemeinen in folgenden Schritten: Auswahl der gew\u00fcnschten Ware, Best\u00e4tigen durch Anklicken der Buttons \u201eIn den Warenkorb\u201c, Bet\u00e4tigung des Buttons \u201eWeiter zur Kasse\u201c, Verbindliche Absendung der Bestellung durch Anklicken des Buttons \u201eJetzt kaufen\".<\/p>\n\n\n\n<p>Der Eingang der Bestellung wird unmittelbar durch eine E-Mail best\u00e4tigt. Diese stellt noch keine Annahme des Angebotes dar. Die Annahme des Angebots erfolgt schriftlich durch eine Auftragsbest\u00e4tigung (z.B. E-Mail mit AGB) oder durch Versand der bestellten Ware innerhalb 7 Werktage. Nach fruchtlosem Ablauf dieser Frist gilt das Angebot als abgelehnt.<\/p>\n\n\n\n<p>Ferner kann der Kunde das Angebot auch telefonisch oder per E-Mail gegen\u00fcber dem Verk\u00e4ufer abgeben.<br>&nbsp;<\/p>\n\n\n\n<p><strong>3. Preise, Versandkosten, Zahlung<\/strong><\/p>\n\n\n\n<p>(a) Sofern sich aus der Produktbeschreibung des Verk\u00e4ufers nichts anderes ergibt, handelt es sich bei den angegebenen Preisen um Gesamtpreise, die die gesetzliche Umsatzsteuer enthalten. Gegebenenfalls zus\u00e4tzlich anfallende Liefer- und Versandkosten werden dem K\u00e4ufer auf der Versandkostenseite und im Rahmen des Bestellvorgangs deutlich mitgeteilt.&nbsp;<br>&nbsp;<br>(b) Der Verbraucher hat die M\u00f6glichkeit die Zahlung mit den angebotenen Optionen von Vorkasse (Bank\u00fcberweisung) und Kreditkarte abzuwickeln.<br>&nbsp;<br>(c) Hat der Verbraucher die Zahlung per Vorkasse gew\u00e4hlt, so verpflichtet er sich, den Kaufpreis unverz\u00fcglich nach Vertragsschluss zu zahlen. Wenn die Zahlung nicht innerhalb von zehn Kalendertagen nach Absendung der Bestellbest\u00e4tigung bei Verk\u00e4ufer eingegangen ist, tritt der Verk\u00e4ufer vom Vertrag zur\u00fcck mit der Folge, dass die Bestellung hinf\u00e4llig ist und den Verk\u00e4ufer keine Lieferpflicht trifft. Die Bestellung ist dann f\u00fcr den K\u00e4ufer und Verk\u00e4ufer ohne weitere Folgen erledigt.<\/p>\n\n\n\n<p><strong>4. Lieferung&nbsp;<\/strong><\/p>\n\n\n\n<p>(a)  Die Lieferung von Waren erfolgt auf dem Versandweg an die vom Kunden angegebene Lieferanschrift, sofern nichts anderes vereinbart ist. Bei der Abwicklung der Transaktion ist die in der Bestellabwicklung des Verk\u00e4ufers angegebene Lieferanschrift ma\u00dfgeblich.<\/p>\n\n\n\n<p>(b) Sind zum Zeitpunkt der Bestellung des Kunden das von ihm ausgew\u00e4hlten Produkt nicht verf\u00fcgbar, so teilt der Verk\u00e4ufer dem Kunden dies in Auftragsbest\u00e4tigung mit. Ist das Produkt dauerhaft nicht lieferbar, sieht der Verk\u00e4ufer von einer Annahmeerkl\u00e4rung ab. Ein Vertrag kommt in diesem Fall nicht zustande.<\/p>\n\n\n\n<p>(c) Sofern wir dies in der Produktbeschreibung nicht deutlich anders angegeben haben, sind alle von uns angebotenen Artikel innerhalb von drei Werktagen versandfertig. Dabei beginnt die Frist f\u00fcr die Lieferung im Falle der Zahlung per Vorkasse am Tag nach Zahlungsauftrag an die mit der \u00dcberweisung beauftragte Bank und bei allen anderen Zahlungsarten am Tag nach Vertragsschluss zu laufen.<\/p>\n\n\n\n<p><strong>5. Eigentumsvorbehalt<\/strong><\/p>\n\n\n\n<p>Wir behalten uns das Eigentum an der Ware bis zur vollst\u00e4ndigen Bezahlung des Kaufpreises vor.<\/p>\n\n\n\n<p><strong>6. Gew\u00e4hrleistung<\/strong><\/p>\n\n\n\n<p>Soweit nichts anderes bestimmt ist, gelten die allgemeinen gesetzlichen Vorschriften.<\/p>\n\n\n\n<p>Die Gew\u00e4hrleistung ist bei durch den Kunden verursachten M\u00e4ngeln ausgeschlossen. Das ist insbesondere der Fall bei unsachgem\u00e4\u00dfer Handhabung, Fehlbedienung oder nicht genehmigten Reparaturversuchen. Auftretende M\u00e4ngel sind m\u00f6glichst bei Lieferung bzw. nach Sichtbarwerden bekannt zu geben.<\/p>\n\n\n\n<p>Werden Waren mit offensichtlichen Transportsch\u00e4den angeliefert, so reklamieren Sie solche Fehler bitte sofort bei dem Zusteller und nehmen Sie bitte schnellstm\u00f6glich Kontakt zu uns auf.<\/p>\n\n\n\n<p><strong>7. Haftung<\/strong><\/p>\n\n\n\n<p>Anspr\u00fcche des Kunden auf Schadensersatz sind ausgeschlossen. Hiervon ausgenommen sind Schadensersatzanspr\u00fcche des Kunden aus der Verletzung des Lebens, des K\u00f6rpers, der Gesundheit oder aus der Verletzung wesentlicher Vertragspflichten sowie die Haftung f\u00fcr sonstige Sch\u00e4den, die auf einer vors\u00e4tzlichen oder grob fahrl\u00e4ssigen Pflichtverletzung des Verk\u00e4ufers beruhen. Der Ersatz von (Mangel-) Folgesch\u00e4den, sowie sonstigen Sachsch\u00e4den, Verm\u00f6genssch\u00e4den und Sch\u00e4den Dritter gegen den Kunden, sofern es sich nicht um ein Verbrauchergesch\u00e4ft handelt, ist ausgeschlossen.<\/p>\n\n\n\n<p><strong>8. Vertragstext<\/strong>&nbsp;<\/p>\n\n\n\n<p>Der Verk\u00e4ufer speichert den Vertragstext der Bestellung. Die Allgemeine Gesch\u00e4ftsbedingungen   sind online abrufbar. Der Verk\u00e4ufer sendet dem Kunden au\u00dferdem eine Bestellbest\u00e4tigung mit allen Bestelldaten an die von Ihm angegebene E-Mail-Adresse zu. Ferner erh\u00e4lt der Kunde eine Kopie der AGB mit seiner Bestellung.<\/p>\n\n\n\n<p>Die zum Zwecke der Bestellung von Waren angegebenen pers\u00f6nlichen Daten (wie zum Beispiel Name, E-Mail-Adresse, Anschrift, Zahlungsdaten) werden vom Verk\u00e4ufer zur Erf\u00fcllung und Abwicklung des Vertrags verwendet. Diese Daten werden vertraulich behandelt und nicht an Dritte weitergegeben, die nicht am Bestell-, Auslieferungs- und Zahlungsvorgang beteiligt sind.<\/p>\n\n\n\n<p>Der Kunde hat das Recht, auf Antrag unentgeltlich Auskunft zu erhalten \u00fcber die personenbezogenen Daten, die vom Verk\u00e4ufer \u00fcber ihn gespeichert wurden. Zus\u00e4tzlich hat er das Recht auf Berichtigung unrichtiger Daten, Sperrung und L\u00f6schung seiner personenbezogenen Daten, soweit keine gesetzliche Aufbewahrungspflicht entgegensteht.<\/p>\n\n\n\n<p>Details dazu finden Sie in unserer <a rel=\"noreferrer noopener\" href=\"https:\/\/outdoorpuzzle.com\/de\/datenschutzerklarung\/\" target=\"_blank\">Datenschutzerkl\u00e4rung&nbsp;<\/a><\/p>\n\n\n\n<p><strong>8. Vertragssprache<\/strong><\/p>\n\n\n\n<p>Die Vertragssprache ist ausschlie\u00dflich Deutsch.<\/p>\n\n\n\n<p><strong>9. H\u00f6here Gewalt<\/strong><\/p>\n\n\n\n<p>Bei h\u00f6herer Gewalt oder \u00e4hnlichen Ereignissen wie insbesondere Streik, Naturkatastrophen, Pandemien sowie hoheitlichen Eingriffen sind wir berechtigt, die Lieferung um die Dauer der Behinderung und eine angemessene Anlaufzeit hinauszuschieben oder wegen eines noch nicht erf\u00fcllten Teils vom Vertrag ganz oder teilweise zur\u00fcckzutreten.<\/p>\n\n\n\n<p><br><strong>10. Widerrufsrecht<\/strong><br>Verbrauchern steht grunds\u00e4tzlich ein Widerrufsrecht zu. N\u00e4here Informationen zum Widerrufsrecht ergeben sich aus der Widerrufsbelehrung des Verk\u00e4ufers.&nbsp;<a rel=\"noreferrer noopener\" href=\"https:\/\/outdoorpuzzle.com\/de\/returns\/\" target=\"_blank\">Widerrufsbelehrung<\/a>.&nbsp;<\/p>\n\n\n\n<p><strong>11. Anwendbares Recht und salvatorische Klausel<\/strong>&nbsp;<\/p>\n\n\n\n<p>Es gelten die gesetzlichen \u00f6sterreichischen Gerichtsst\u00e4nde. Die Geltung des UN-Kaufrechts ist ausgeschlossen. Sollten eine oder mehrere Regelungen dieser AGB unwirksam oder nichtig sein oder werden, so werden diese Bestimmungen durch solche Regelungen ersetzt, welche dem wirtschaftlichen Gehalt dieser unwirksamen oder nichtigen Regelungen am n\u00e4chsten kommen. Die \u00fcbrigen AGB bleiben davon unber\u00fchrt.<\/p>\n\n\n\n<p>Erstellt in Zusammenarbeit mit agb.de&nbsp;<\/p>\n\n\n\n<div class=\"wp-block-group alignfull has-text-color has-background\" style=\"color:#000000;background-color:#ffffff\"><div class=\"wp-block-group__inner-container is-layout-flow wp-block-group-is-layout-flow\">\n<div style=\"height:64px\" aria-hidden=\"true\" class=\"wp-block-spacer\"><\/div>\n\n\n\n<p class=\"has-text-align-center has-text-color has-medium-font-size\" style=\"color:#12b7d3;line-height:.9\">Kostenlose Lieferung \u00fcber 50 EUR innerhalb von Europa<\/p>\n\n\n\n<h2 class=\"wp-block-heading has-text-align-center has-text-color\" id=\"schedule-a-visit\" style=\"color:#12b7d3;font-size:25px;font-style:normal;font-weight:400;line-height:1.15\">Entdecken Sie das Produktsortiment<\/h2>\n\n\n\n<div class=\"wp-block-buttons is-horizontal is-content-justification-center is-layout-flex wp-container-core-buttons-is-layout-499968f5 wp-block-buttons-is-layout-flex\">\n<div class=\"wp-block-button has-custom-width wp-block-button__width-50 has-custom-font-size has-medium-font-size\"><a class=\"wp-block-button__link has-text-color has-background wp-element-button\" href=\"https:\/\/outdoorpuzzle.com\/de\/shop\/\" style=\"border-radius:50px;color:#ffffff;background-color:#12b7d3\">ONLINE SHOP<\/a><\/div>\n<\/div>\n\n\n\n<div style=\"height:64px\" aria-hidden=\"true\" class=\"wp-block-spacer\"><\/div>\n<\/div><\/div>","protected":false},"excerpt":{"rendered":"<p>1.&nbsp;Scope The following general terms and conditions apply to all deliveries between The Outdoor Puzzle e.U. and a consumer or entrepreneur (hereinafter &#8220;customer&#8221;) in the<\/p>","protected":false},"author":1,"featured_media":0,"parent":0,"menu_order":0,"comment_status":"closed","ping_status":"closed","template":"","meta":{"_monsterinsights_skip_tracking":false,"_monsterinsights_sitenote_active":false,"_monsterinsights_sitenote_note":"","_monsterinsights_sitenote_category":0,"_joinchat":[],"footnotes":""},"class_list":["post-802","page","type-page","status-publish","hentry"],"yoast_head":"<!-- This site is optimized with the Yoast SEO plugin v27.3 - https:\/\/yoast.com\/product\/yoast-seo-wordpress\/ -->\n<title>Online Shop Microplastic-free Cotton Towels | Beach Sport Travel<\/title>\n<meta name=\"description\" content=\"The Outdoor Puzzle provides compact cotton towels made of natural materials, combining functionality with active lifestyle. Lightweight, absorbent.\" \/>\n<meta name=\"robots\" content=\"index, follow, max-snippet:-1, max-image-preview:large, max-video-preview:-1\" \/>\n<link rel=\"canonical\" href=\"https:\/\/outdoorpuzzle.com\/de\/terms-and-conditions\/\" \/>\n<meta property=\"og:locale\" content=\"de_DE\" \/>\n<meta property=\"og:type\" content=\"article\" \/>\n<meta property=\"og:title\" content=\"Online Shop Microplastic-free Cotton Towels | Beach Sport Travel\" \/>\n<meta property=\"og:description\" content=\"The Outdoor Puzzle provides compact cotton towels made of natural materials, combining functionality with active lifestyle. Lightweight, absorbent.\" \/>\n<meta property=\"og:url\" content=\"https:\/\/outdoorpuzzle.com\/de\/terms-and-conditions\/\" \/>\n<meta property=\"og:site_name\" content=\"The Outdoor Puzzle\" \/>\n<meta property=\"article:publisher\" content=\"https:\/\/www.facebook.com\/profile.php?id=100076379679829\" \/>\n<meta property=\"article:modified_time\" content=\"2026-02-28T16:35:27+00:00\" \/>\n<meta property=\"og:image\" content=\"https:\/\/outdoorpuzzle.com\/wp-content\/uploads\/2023\/02\/TOP-Image-for-SEO.jpg\" \/>\n\t<meta property=\"og:image:width\" content=\"1200\" \/>\n\t<meta property=\"og:image:height\" content=\"630\" \/>\n\t<meta property=\"og:image:type\" content=\"image\/jpeg\" \/>\n<meta name=\"twitter:card\" content=\"summary_large_image\" \/>\n<meta name=\"twitter:label1\" content=\"Gesch\u00e4tzte Lesezeit\" \/>\n\t<meta name=\"twitter:data1\" content=\"6\u00a0Minuten\" \/>\n<script type=\"application\/ld+json\" class=\"yoast-schema-graph\">{\"@context\":\"https:\\\/\\\/schema.org\",\"@graph\":[{\"@type\":\"WebPage\",\"@id\":\"https:\\\/\\\/outdoorpuzzle.com\\\/terms-and-conditions\\\/\",\"url\":\"https:\\\/\\\/outdoorpuzzle.com\\\/terms-and-conditions\\\/\",\"name\":\"Online Shop Microplastic-free Cotton Towels | Beach Sport Travel\",\"isPartOf\":{\"@id\":\"https:\\\/\\\/outdoorpuzzle.com\\\/en\\\/#website\"},\"datePublished\":\"2021-04-15T19:55:53+00:00\",\"dateModified\":\"2026-02-28T16:35:27+00:00\",\"description\":\"The Outdoor Puzzle provides compact cotton towels made of natural materials, combining functionality with active lifestyle. Lightweight, absorbent.\",\"breadcrumb\":{\"@id\":\"https:\\\/\\\/outdoorpuzzle.com\\\/terms-and-conditions\\\/#breadcrumb\"},\"inLanguage\":\"de\",\"potentialAction\":[{\"@type\":\"ReadAction\",\"target\":[\"https:\\\/\\\/outdoorpuzzle.com\\\/terms-and-conditions\\\/\"]}]},{\"@type\":\"BreadcrumbList\",\"@id\":\"https:\\\/\\\/outdoorpuzzle.com\\\/terms-and-conditions\\\/#breadcrumb\",\"itemListElement\":[{\"@type\":\"ListItem\",\"position\":1,\"name\":\"Home\",\"item\":\"https:\\\/\\\/outdoorpuzzle.com\\\/\"},{\"@type\":\"ListItem\",\"position\":2,\"name\":\"Terms and Conditions\"}]},{\"@type\":\"WebSite\",\"@id\":\"https:\\\/\\\/outdoorpuzzle.com\\\/en\\\/#website\",\"url\":\"https:\\\/\\\/outdoorpuzzle.com\\\/en\\\/\",\"name\":\"The Outdoor Puzzle\",\"description\":\"Lightweight Towels for Outdoor People\",\"publisher\":{\"@id\":\"https:\\\/\\\/outdoorpuzzle.com\\\/en\\\/#organization\"},\"potentialAction\":[{\"@type\":\"SearchAction\",\"target\":{\"@type\":\"EntryPoint\",\"urlTemplate\":\"https:\\\/\\\/outdoorpuzzle.com\\\/en\\\/?s={search_term_string}\"},\"query-input\":{\"@type\":\"PropertyValueSpecification\",\"valueRequired\":true,\"valueName\":\"search_term_string\"}}],\"inLanguage\":\"de\"},{\"@type\":\"Organization\",\"@id\":\"https:\\\/\\\/outdoorpuzzle.com\\\/en\\\/#organization\",\"name\":\"The Outdoor Puzzle\",\"alternateName\":\"The Outdoor Puzzle\",\"url\":\"https:\\\/\\\/outdoorpuzzle.com\\\/en\\\/\",\"logo\":{\"@type\":\"ImageObject\",\"inLanguage\":\"de\",\"@id\":\"https:\\\/\\\/outdoorpuzzle.com\\\/en\\\/#\\\/schema\\\/logo\\\/image\\\/\",\"url\":\"https:\\\/\\\/outdoorpuzzle.com\\\/wp-content\\\/uploads\\\/2022\\\/07\\\/Logo-Full-Renkli.png\",\"contentUrl\":\"https:\\\/\\\/outdoorpuzzle.com\\\/wp-content\\\/uploads\\\/2022\\\/07\\\/Logo-Full-Renkli.png\",\"width\":500,\"height\":193,\"caption\":\"The Outdoor Puzzle\"},\"image\":{\"@id\":\"https:\\\/\\\/outdoorpuzzle.com\\\/en\\\/#\\\/schema\\\/logo\\\/image\\\/\"},\"sameAs\":[\"https:\\\/\\\/www.facebook.com\\\/profile.php?id=100076379679829\",\"https:\\\/\\\/www.instagram.com\\\/the_outdoor_puzzle\",\"https:\\\/\\\/www.tiktok.com\\\/@the.outdoor.puzzle\",\"https:\\\/\\\/www.linkedin.com\\\/company\\\/the-outdoor-puzzle\"]}]}<\/script>\n<!-- \/ Yoast SEO plugin. -->","yoast_head_json":{"title":"Online Shop Microplastic-free Cotton Towels | Beach Sport Travel","description":"The Outdoor Puzzle provides compact cotton towels made of natural materials, combining functionality with active lifestyle. Lightweight, absorbent.","robots":{"index":"index","follow":"follow","max-snippet":"max-snippet:-1","max-image-preview":"max-image-preview:large","max-video-preview":"max-video-preview:-1"},"canonical":"https:\/\/outdoorpuzzle.com\/de\/terms-and-conditions\/","og_locale":"de_DE","og_type":"article","og_title":"Online Shop Microplastic-free Cotton Towels | Beach Sport Travel","og_description":"The Outdoor Puzzle provides compact cotton towels made of natural materials, combining functionality with active lifestyle. Lightweight, absorbent.","og_url":"https:\/\/outdoorpuzzle.com\/de\/terms-and-conditions\/","og_site_name":"The Outdoor Puzzle","article_publisher":"https:\/\/www.facebook.com\/profile.php?id=100076379679829","article_modified_time":"2026-02-28T16:35:27+00:00","og_image":[{"width":1200,"height":630,"url":"https:\/\/outdoorpuzzle.com\/wp-content\/uploads\/2023\/02\/TOP-Image-for-SEO.jpg","type":"image\/jpeg"}],"twitter_card":"summary_large_image","twitter_misc":{"Gesch\u00e4tzte Lesezeit":"6\u00a0Minuten"},"schema":{"@context":"https:\/\/schema.org","@graph":[{"@type":"WebPage","@id":"https:\/\/outdoorpuzzle.com\/terms-and-conditions\/","url":"https:\/\/outdoorpuzzle.com\/terms-and-conditions\/","name":"Online Shop Microplastic-free Cotton Towels | Beach Sport Travel","isPartOf":{"@id":"https:\/\/outdoorpuzzle.com\/en\/#website"},"datePublished":"2021-04-15T19:55:53+00:00","dateModified":"2026-02-28T16:35:27+00:00","description":"The Outdoor Puzzle provides compact cotton towels made of natural materials, combining functionality with active lifestyle. Lightweight, absorbent.","breadcrumb":{"@id":"https:\/\/outdoorpuzzle.com\/terms-and-conditions\/#breadcrumb"},"inLanguage":"de","potentialAction":[{"@type":"ReadAction","target":["https:\/\/outdoorpuzzle.com\/terms-and-conditions\/"]}]},{"@type":"BreadcrumbList","@id":"https:\/\/outdoorpuzzle.com\/terms-and-conditions\/#breadcrumb","itemListElement":[{"@type":"ListItem","position":1,"name":"Home","item":"https:\/\/outdoorpuzzle.com\/"},{"@type":"ListItem","position":2,"name":"Terms and Conditions"}]},{"@type":"WebSite","@id":"https:\/\/outdoorpuzzle.com\/en\/#website","url":"https:\/\/outdoorpuzzle.com\/en\/","name":"The Outdoor Puzzle","description":"Lightweight Towels for Outdoor People","publisher":{"@id":"https:\/\/outdoorpuzzle.com\/en\/#organization"},"potentialAction":[{"@type":"SearchAction","target":{"@type":"EntryPoint","urlTemplate":"https:\/\/outdoorpuzzle.com\/en\/?s={search_term_string}"},"query-input":{"@type":"PropertyValueSpecification","valueRequired":true,"valueName":"search_term_string"}}],"inLanguage":"de"},{"@type":"Organization","@id":"https:\/\/outdoorpuzzle.com\/en\/#organization","name":"The Outdoor Puzzle","alternateName":"The Outdoor Puzzle","url":"https:\/\/outdoorpuzzle.com\/en\/","logo":{"@type":"ImageObject","inLanguage":"de","@id":"https:\/\/outdoorpuzzle.com\/en\/#\/schema\/logo\/image\/","url":"https:\/\/outdoorpuzzle.com\/wp-content\/uploads\/2022\/07\/Logo-Full-Renkli.png","contentUrl":"https:\/\/outdoorpuzzle.com\/wp-content\/uploads\/2022\/07\/Logo-Full-Renkli.png","width":500,"height":193,"caption":"The Outdoor Puzzle"},"image":{"@id":"https:\/\/outdoorpuzzle.com\/en\/#\/schema\/logo\/image\/"},"sameAs":["https:\/\/www.facebook.com\/profile.php?id=100076379679829","https:\/\/www.instagram.com\/the_outdoor_puzzle","https:\/\/www.tiktok.com\/@the.outdoor.puzzle","https:\/\/www.linkedin.com\/company\/the-outdoor-puzzle"]}]}},"_links":{"self":[{"href":"https:\/\/outdoorpuzzle.com\/de\/wp-json\/wp\/v2\/pages\/802","targetHints":{"allow":["GET"]}}],"collection":[{"href":"https:\/\/outdoorpuzzle.com\/de\/wp-json\/wp\/v2\/pages"}],"about":[{"href":"https:\/\/outdoorpuzzle.com\/de\/wp-json\/wp\/v2\/types\/page"}],"author":[{"embeddable":true,"href":"https:\/\/outdoorpuzzle.com\/de\/wp-json\/wp\/v2\/users\/1"}],"replies":[{"embeddable":true,"href":"https:\/\/outdoorpuzzle.com\/de\/wp-json\/wp\/v2\/comments?post=802"}],"version-history":[{"count":2,"href":"https:\/\/outdoorpuzzle.com\/de\/wp-json\/wp\/v2\/pages\/802\/revisions"}],"predecessor-version":[{"id":2468,"href":"https:\/\/outdoorpuzzle.com\/de\/wp-json\/wp\/v2\/pages\/802\/revisions\/2468"}],"wp:attachment":[{"href":"https:\/\/outdoorpuzzle.com\/de\/wp-json\/wp\/v2\/media?parent=802"}],"curies":[{"name":"wp","href":"https:\/\/api.w.org\/{rel}","templated":true}]}}