{"id":104,"date":"2015-07-21T09:46:04","date_gmt":"2015-07-21T09:46:04","guid":{"rendered":"http:\/\/demo.themegrill.com\/himalayas\/?page_id=104"},"modified":"2026-03-30T12:00:21","modified_gmt":"2026-03-30T12:00:21","slug":"impressum","status":"publish","type":"page","link":"https:\/\/outdoorpuzzle.com\/de\/impressum\/","title":{"rendered":"Impressum"},"content":{"rendered":"<p class=\"adsimple-121263038\"><span class=\"TextRun SCXO25239358 BCX0\" lang=\"EN-US\" xml:lang=\"EN-US\" data-contrast=\"auto\"><span class=\"NormalTextRun SCXO25239358 BCX0\">Informationspflicht laut \u00a75 E-Commerce Gesetz, \u00a714 Unternehmensgesetzbuch, \u00a763 Gewerbeordnung und Offenlegungspflicht laut \u00a725 Mediengesetz.<\/span><\/span><span class=\"EOP SCXO25239358 BCX0\">\u00a0<\/span><\/p>\n<p class=\"adsimple-121263038\">The Outdoor Puzzle e.U.<br \/>B\u00fclent Atay<br \/>Liechtensteinstrasse 52\/20,<br \/>1090 Wien,<br \/>\u00d6sterreich<\/p>\n<p class=\"adsimple-121263038\"><span class=\"TextRun SCXO101674942 BCX0\" lang=\"EN-US\" xml:lang=\"EN-US\" data-contrast=\"auto\"><span class=\"NormalTextRun SCXO101674942 BCX0\">Unternehmensgegenstand: Handel mit Waren aller Art<\/span><\/span><span class=\"EOP SCXO101674942 BCX0\">\u00a0<\/span><br \/><span class=\"TextRun SCXO12586953 BCX0\" lang=\"EN-US\" xml:lang=\"EN-US\" data-contrast=\"auto\"><span class=\"NormalTextRun SCXO12586953 BCX0\">UID-Nummer: ATU75351245<\/span><\/span><span class=\"EOP SCXO12586953 BCX0\">\u00a0<\/span><br \/><span class=\"TextRun SCXO171981582 BCX0\" lang=\"EN-US\" xml:lang=\"EN-US\" data-contrast=\"auto\"><span class=\"NormalTextRun SCXO171981582 BCX0\">Firmenbuchnummer: 525989p<\/span><\/span><span class=\"EOP SCXO171981582 BCX0\">\u00a0<\/span><br \/><span class=\"TextRun SCXO258304663 BCX0\" lang=\"EN-US\" xml:lang=\"EN-US\" data-contrast=\"auto\"><span class=\"NormalTextRun SCXO258304663 BCX0\">Firmenbuchgericht: Handelsgericht Wien<\/span><\/span><span class=\"EOP SCXO258304663 BCX0\">\u00a0<\/span><br \/><span class=\"TextRun SCXO200892984 BCX0\" lang=\"EN-US\" xml:lang=\"EN-US\" data-contrast=\"auto\"><span class=\"NormalTextRun SCXO200892984 BCX0\">Firmensitz: Wien<\/span><\/span><span class=\"EOP SCXO200892984 BCX0\">\u00a0<\/span><\/p>\n<p class=\"adsimple-121263038\">Tel.: +43 67763751509<br \/>E-Mail:\u00a0<a href=\"mailto:info@outdoorpuzzle.com\">info@outdoorpuzzle.com<\/a><\/p>\n<p class=\"adsimple-121263038\"><span class=\"TextRun SCXO104248896 BCX0\" lang=\"EN-US\" xml:lang=\"EN-US\" data-contrast=\"auto\"><span class=\"NormalTextRun SCXO104248896 BCX0\">Member of: <a href=\"https:\/\/firmen.wko.at\/the-outdoor-puzzle-eu-the-outdoor-puzzle\/wien\/?firmaid=ef41578c-4a09-4f1e-81af-3edf0dded23c\" target=\"_blank\" rel=\"noopener\">WKO<\/a><\/span><\/span><span class=\"EOP SCXO104248896 BCX0\">\u00a0<\/span><\/p>\n<p class=\"adsimple-121263038\"><span class=\"TextRun SCXO42567913 BCX0\" lang=\"EN-US\" xml:lang=\"EN-US\" data-contrast=\"auto\"><span class=\"NormalTextRun SCXO42567913 BCX0\">Aufsichtsbeh\u00f6rde\/Gewerbebeh\u00f6rde:\u00a0<\/span><span class=\"SpellingError SCXO42567913 BCX0\">Magistrat<\/span><span class=\"NormalTextRun SCXO42567913 BCX0\">\u00a0der Stadt Wien, MBA 9\/17<\/span><\/span><span class=\"EOP SCXO42567913 BCX0\">\u00a0<\/span><br \/><span class=\"TextRun SCXO25211049 BCX0\" lang=\"EN-US\" xml:lang=\"EN-US\" data-contrast=\"auto\"><span class=\"NormalTextRun SCXO25211049 BCX0\">Verleihungsstaat: \u00d6sterreich<\/span><\/span><span class=\"EOP SCXO25211049 BCX0\">\u00a0<\/span><\/p>\n<p><span class=\"TextRun SCXO121308467 BCX0\" lang=\"EN-US\" xml:lang=\"EN-US\" data-contrast=\"auto\"><span class=\"NormalTextRun SCXO121308467 BCX0\">Quelle: Erstellt mit dem Impressum Generator von www.adsimple.at in Kooperation mit wallentin.cc\u00a0<\/span><\/span><span class=\"TextRun SCXO121308467 BCX0\" lang=\"EN-US\" xml:lang=\"EN-US\" data-contrast=\"auto\"><span class=\"NormalTextRun SCXO121308467 BCX0\">www.adsimple.a<\/span><\/span><a class=\"Hyperlink SCXO121308467 BCX0\" href=\"http:\/\/www.adsimple.at\/\" target=\"_blank\" rel=\"noreferrer noopener\"><span class=\"TextRun SCXO121308467 BCX0\" lang=\"EN-US\" xml:lang=\"EN-US\" data-contrast=\"auto\"><span class=\"NormalTextRun SCXO121308467 BCX0\">t<\/span><\/span><\/a><span class=\"TextRun SCXO121308467 BCX0\" lang=\"EN-US\" xml:lang=\"EN-US\" data-contrast=\"auto\"><span class=\"NormalTextRun SCXO121308467 BCX0\">\u00a0in cooperation with wallentin.cc<\/span><\/span><span class=\"EOP SCXO121308467 BCX0\">\u00a0<\/span><\/p>\n<h2 class=\"adsimple-121263038\" data-fontsize=\"24\" data-lineheight=\"36\"><span class=\"TextRun SCXO262543758 BCX0\" lang=\"EN-US\" xml:lang=\"EN-US\" data-contrast=\"auto\"><span class=\"NormalTextRun SCXO262543758 BCX0\">EU-Streitschlichtung<\/span><\/span><span class=\"EOP SCXO262543758 BCX0\">\u00a0<\/span><\/h2>\n<p class=\"translation-block\"><span class=\"TextRun SCXO189492628 BCX0\" lang=\"EN-US\" xml:lang=\"EN-US\" data-contrast=\"auto\"><span class=\"NormalTextRun SCXO189492628 BCX0\">In accordance with the regulation on online dispute resolution in consumer affairs (ODR regulation), we would like to inform you about the online dispute resolution platform (OS platform).<\/span><\/span><span class=\"EOP SCXO189492628 BCX0\">&nbsp;<\/span><br><span class=\"TextRun SCXO191592082 BCX0\" lang=\"EN-US\" xml:lang=\"EN-US\" data-contrast=\"auto\"><span class=\"NormalTextRun SCXO191592082 BCX0\">Consumers have the opportunity to submit complaints to the European Commission\u2019s online dispute resolution platform at&nbsp;<\/span><\/span><span class=\"TextRun SCXO191592082 BCX0\" lang=\"EN-US\" xml:lang=\"EN-US\" data-contrast=\"auto\"><span class=\"NormalTextRun SCXO191592082 BCX0\">http:\/\/ec.europa.eu\/odr?tid=121263038<\/span><\/span><span class=\"TextRun SCXO191592082 BCX0\" lang=\"EN-US\" xml:lang=\"EN-US\" data-contrast=\"auto\"><span class=\"NormalTextRun SCXO191592082 BCX0\">. You can find the necessary contact details above in our legal notice.<\/span><\/span><span class=\"EOP SCXO191592082 BCX0\">&nbsp;<\/span><\/p>\n<p><span class=\"TextRun SCXO161945486 BCX0\" lang=\"EN-US\" xml:lang=\"EN-US\" data-contrast=\"auto\"><span class=\"NormalTextRun SCXO161945486 BCX0\">Wir m\u00f6chten Sie jedoch darauf hinweisen, dass wir nicht bereit oder verpflichtet sind, an Streitbeilegungsverfahren vor einer Verbraucherschlichtungsstelle teilzunehmen.<\/span><\/span><span class=\"EOP SCXO161945486 BCX0\">\u00a0<\/span><\/p>\n<h2 class=\"adsimple-121263038\" data-fontsize=\"24\" data-lineheight=\"36\"><span class=\"TextRun SCXO138361816 BCX0\" lang=\"EN-US\" xml:lang=\"EN-US\" data-contrast=\"auto\"><span class=\"NormalTextRun SCXO138361816 BCX0\">Haftung f\u00fcr Inhalte dieser Webseite<\/span><\/span><span class=\"EOP SCXO138361816 BCX0\">\u00a0<\/span><\/h2>\n<p><span class=\"TextRun SCXO17124787 BCX0\" lang=\"EN-US\" xml:lang=\"EN-US\" data-contrast=\"auto\"><span class=\"NormalTextRun SCXO17124787 BCX0\">Wir entwickeln die Inhalte dieser Webseite st\u00e4ndig weiter und bem\u00fchen uns korrekte und aktuelle Informationen bereitzustellen. Leider k\u00f6nnen wir keine Haftung f\u00fcr die Korrektheit aller Inhalte auf dieser Webseite \u00fcbernehmen, speziell f\u00fcr jene die seitens Dritter bereitgestellt wurden.<\/span><\/span><span class=\"EOP SCXO17124787 BCX0\">\u00a0<\/span><\/p>\n<p><span class=\"TextRun SCXO157002376 BCX0\" lang=\"EN-US\" xml:lang=\"EN-US\" data-contrast=\"auto\"><span class=\"NormalTextRun SCXO157002376 BCX0\">Sollten Ihnen problematische oder rechtswidrige Inhalte auffallen, bitten wir Sie uns umgehend zu kontaktieren, Sie finden die Kontaktdaten im Impressum.<\/span><\/span><span class=\"EOP SCXO157002376 BCX0\">\u00a0<\/span><\/p>\n<h2 class=\"adsimple-121263038\" data-fontsize=\"24\" data-lineheight=\"36\"><span class=\"TextRun SCXO104829552 BCX0\" lang=\"EN-US\" xml:lang=\"EN-US\" data-contrast=\"auto\"><span class=\"NormalTextRun SCXO104829552 BCX0\">Haftung f\u00fcr Links auf dieser Webseite<\/span><\/span><span class=\"EOP SCXO104829552 BCX0\">\u00a0<\/span><\/h2>\n<p><span class=\"TextRun SCXO123275777 BCX0\" lang=\"EN-US\" xml:lang=\"EN-US\" data-contrast=\"auto\"><span class=\"NormalTextRun SCXO123275777 BCX0\">Unsere Webseite enth\u00e4lt Links zu anderen Webseiten f\u00fcr deren Inhalt wir nicht verantwortlich sind. Haftung f\u00fcr verlinkte Websites besteht laut \u00a7 17 ECG f\u00fcr uns nicht, da wir keine Kenntnis rechtswidriger T\u00e4tigkeiten hatten und haben, uns solche Rechtswidrigkeiten auch bisher nicht aufgefallen sind und wir Links sofort entfernen w\u00fcrden, wenn uns Rechtswidrigkeiten bekannt werden.<\/span><\/span><span class=\"EOP SCXO123275777 BCX0\">\u00a0<\/span><\/p>\n<p><span class=\"TextRun SCXO170667672 BCX0\" lang=\"EN-US\" xml:lang=\"EN-US\" data-contrast=\"auto\"><span class=\"NormalTextRun SCXO170667672 BCX0\">Wenn Ihnen rechtswidrige Links auf unserer Website auffallen, bitten wir Sie uns zu kontaktieren, Sie finden die Kontaktdaten im Impressum.<\/span><\/span><span class=\"EOP SCXO170667672 BCX0\">\u00a0<\/span><\/p>\n<h2 class=\"adsimple-121263038\" data-fontsize=\"24\" data-lineheight=\"36\"><span class=\"TextRun SCXO63813764 BCX0\" lang=\"EN-US\" xml:lang=\"EN-US\" data-contrast=\"auto\"><span class=\"NormalTextRun SCXO63813764 BCX0\">Urheberrechtshinweis<\/span><\/span><span class=\"EOP SCXO63813764 BCX0\">\u00a0<\/span><\/h2>\n<p><span class=\"TextRun SCXO163998813 BCX0\" lang=\"EN-US\" xml:lang=\"EN-US\" data-contrast=\"auto\"><span class=\"NormalTextRun SCXO163998813 BCX0\">Alle Inhalte dieser Webseite (Bilder, Fotos, Texte, Videos) unterliegen dem Urheberrecht. Falls notwendig, werden wir die unerlaubte Nutzung von Teilen der Inhalte unserer Seite rechtlich verfolgen.<\/span><\/span><span class=\"EOP SCXO163998813 BCX0\">\u00a0<\/span><\/p>\n<p><span class=\"TextRun SCXO206344920 BCX0\" lang=\"EN-US\" xml:lang=\"EN-US\" data-contrast=\"auto\"><span class=\"NormalTextRun SCXO206344920 BCX0\">Sollten Sie auf dieser Webseite Inhalte finden, die das Urheberrecht verletzen, bitten wir Sie uns zu kontaktieren.<\/span><\/span><span class=\"EOP SCXO206344920 BCX0\">\u00a0<\/span><\/p>\n<h2 class=\"adsimple-121263038\" data-fontsize=\"24\" data-lineheight=\"36\"><span class=\"TextRun SCXO73085743 BCX0\" lang=\"EN-US\" xml:lang=\"EN-US\" data-contrast=\"auto\"><span class=\"NormalTextRun SCXO73085743 BCX0\">Bildernachweis<\/span><\/span><span class=\"EOP SCXO73085743 BCX0\">\u00a0<\/span><\/h2>\n<p><span class=\"TextRun SCXO2808004 BCX0\" lang=\"EN-US\" xml:lang=\"EN-US\" data-contrast=\"auto\"><span class=\"NormalTextRun SCXO2808004 BCX0\">Die Bilder, Fotos und Grafiken auf dieser Webseite sind urheberrechtlich gesch\u00fctzt.<\/span><\/span><span class=\"EOP SCXO2808004 BCX0\">\u00a0<\/span><\/p>\n<p><span class=\"TextRun SCXO122572357 BCX0\" lang=\"EN-US\" xml:lang=\"EN-US\" data-contrast=\"auto\"><span class=\"NormalTextRun SCXO122572357 BCX0\">Quelle: Erstellt mit dem Datenschutz Generator von Content Marketing Agentur Wien in Kooperation mit trigital.at<\/span><\/span><span class=\"EOP SCXO122572357 BCX0\">\u00a0<\/span><\/p>\n\n\n<div class=\"wp-block-group alignfull has-text-color has-background has-medium-font-size\" style=\"color:#000000;background-color:#ffffff\"><div class=\"wp-block-group__inner-container is-layout-flow wp-block-group-is-layout-flow\">\n<div style=\"height:64px\" aria-hidden=\"true\" class=\"wp-block-spacer\"><\/div>\n\n\n\n<p class=\"has-text-align-center has-text-color has-medium-font-size\" style=\"color:#12b7d3;line-height:.9\">Kostenlose Lieferung \u00fcber 50 EUR innerhalb von Europa<\/p>\n\n\n\n<h2 class=\"wp-block-heading has-text-align-center has-text-color\" id=\"schedule-a-visit\" style=\"color:#12b7d3;font-size:25px;font-style:normal;font-weight:400;line-height:1.15\">Entdecken Sie das Produktsortiment<\/h2>\n\n\n\n<div class=\"wp-block-buttons is-horizontal is-content-justification-center is-layout-flex wp-container-core-buttons-is-layout-499968f5 wp-block-buttons-is-layout-flex\">\n<div class=\"wp-block-button has-custom-width wp-block-button__width-50\"><a class=\"wp-block-button__link has-text-color has-background has-medium-font-size has-custom-font-size wp-element-button\" href=\"https:\/\/outdoorpuzzle.com\/de\/shop\/\" style=\"border-radius:50px;color:#ffffff;background-color:#12b7d3\">ONLINE SHOP<\/a><\/div>\n<\/div>\n\n\n\n<div style=\"height:64px\" aria-hidden=\"true\" class=\"wp-block-spacer\"><\/div>\n\n\n\n<div style=\"display: flex; justify-content: center;\"> \n\n    <iframe width=\"420\" height=\"748\" src=\"https:\/\/www.youtube.com\/embed\/p2_IRCLLEsI\" title=\"Lightweight Towels for Outdoor People\" frameborder=\"0\" allow=\"accelerometer; autoplay; clipboard-write; encrypted-media; gyroscope; picture-in-picture; web-share\" referrerpolicy=\"strict-origin-when-cross-origin\" allowfullscreen><\/iframe> \n\n<\/div>\n<\/div><\/div>","protected":false},"excerpt":{"rendered":"<p>Information obligation according to \u00a75 E-Commerce Law, \u00a714 Corporate Code, \u00a763 Trade Regulations and disclosure obligation according to \u00a725 Media Law.\u00a0 The Outdoor Puzzle e.U.B\u00fclent<\/p>","protected":false},"author":1,"featured_media":0,"parent":0,"menu_order":0,"comment_status":"closed","ping_status":"open","template":"page-templates\/template-portfolio.php","meta":{"_monsterinsights_skip_tracking":false,"_monsterinsights_sitenote_active":false,"_monsterinsights_sitenote_note":"","_monsterinsights_sitenote_category":0,"_joinchat":[],"footnotes":""},"class_list":["post-104","page","type-page","status-publish","hentry"],"yoast_head":"<!-- This site is optimized with the Yoast SEO plugin v27.4 - https:\/\/yoast.com\/product\/yoast-seo-wordpress\/ -->\n<title>The Best Lightweight Towel Company | The Outdoor Puzzle<\/title>\n<meta name=\"description\" content=\"The Outdoor Puzzle provides compact cotton towels in carry bag, combining functionality with active lifestyle. Lightweight, absorbent, quick-dry.\" \/>\n<meta name=\"robots\" content=\"index, follow, max-snippet:-1, max-image-preview:large, max-video-preview:-1\" \/>\n<link rel=\"canonical\" href=\"https:\/\/outdoorpuzzle.com\/de\/impressum\/\" \/>\n<meta property=\"og:locale\" content=\"de_DE\" \/>\n<meta property=\"og:type\" content=\"article\" \/>\n<meta property=\"og:title\" content=\"The Best Lightweight Towel Company | The Outdoor Puzzle\" \/>\n<meta property=\"og:description\" content=\"The Outdoor Puzzle provides compact cotton towels in carry bag, combining functionality with active lifestyle. Lightweight, absorbent, quick-dry.\" \/>\n<meta property=\"og:url\" content=\"https:\/\/outdoorpuzzle.com\/de\/impressum\/\" \/>\n<meta property=\"og:site_name\" content=\"The Outdoor Puzzle\" \/>\n<meta property=\"article:publisher\" content=\"https:\/\/www.facebook.com\/profile.php?id=100076379679829\" \/>\n<meta property=\"article:modified_time\" content=\"2026-03-30T12:00:21+00:00\" \/>\n<meta property=\"og:image\" content=\"https:\/\/outdoorpuzzle.com\/wp-content\/uploads\/2023\/02\/TOP-Image-for-SEO.jpg\" \/>\n\t<meta property=\"og:image:width\" content=\"1200\" \/>\n\t<meta property=\"og:image:height\" content=\"630\" \/>\n\t<meta property=\"og:image:type\" content=\"image\/jpeg\" \/>\n<meta name=\"twitter:card\" content=\"summary_large_image\" \/>\n<meta name=\"twitter:label1\" content=\"Gesch\u00e4tzte Lesezeit\" \/>\n\t<meta name=\"twitter:data1\" content=\"2\u00a0Minuten\" \/>\n<script type=\"application\/ld+json\" class=\"yoast-schema-graph\">{\"@context\":\"https:\\\/\\\/schema.org\",\"@graph\":[{\"@type\":\"WebPage\",\"@id\":\"https:\\\/\\\/outdoorpuzzle.com\\\/impressum\\\/\",\"url\":\"https:\\\/\\\/outdoorpuzzle.com\\\/impressum\\\/\",\"name\":\"The Best Lightweight Towel Company | The Outdoor Puzzle\",\"isPartOf\":{\"@id\":\"https:\\\/\\\/outdoorpuzzle.com\\\/en\\\/#website\"},\"datePublished\":\"2015-07-21T09:46:04+00:00\",\"dateModified\":\"2026-03-30T12:00:21+00:00\",\"description\":\"The Outdoor Puzzle provides compact cotton towels in carry bag, combining functionality with active lifestyle. Lightweight, absorbent, quick-dry.\",\"breadcrumb\":{\"@id\":\"https:\\\/\\\/outdoorpuzzle.com\\\/impressum\\\/#breadcrumb\"},\"inLanguage\":\"de\",\"potentialAction\":[{\"@type\":\"ReadAction\",\"target\":[\"https:\\\/\\\/outdoorpuzzle.com\\\/impressum\\\/\"]}]},{\"@type\":\"BreadcrumbList\",\"@id\":\"https:\\\/\\\/outdoorpuzzle.com\\\/impressum\\\/#breadcrumb\",\"itemListElement\":[{\"@type\":\"ListItem\",\"position\":1,\"name\":\"Home\",\"item\":\"https:\\\/\\\/outdoorpuzzle.com\\\/\"},{\"@type\":\"ListItem\",\"position\":2,\"name\":\"Legal Notice\"}]},{\"@type\":\"WebSite\",\"@id\":\"https:\\\/\\\/outdoorpuzzle.com\\\/en\\\/#website\",\"url\":\"https:\\\/\\\/outdoorpuzzle.com\\\/en\\\/\",\"name\":\"The Outdoor Puzzle\",\"description\":\"Lightweight Towels for Outdoor People\",\"publisher\":{\"@id\":\"https:\\\/\\\/outdoorpuzzle.com\\\/en\\\/#organization\"},\"potentialAction\":[{\"@type\":\"SearchAction\",\"target\":{\"@type\":\"EntryPoint\",\"urlTemplate\":\"https:\\\/\\\/outdoorpuzzle.com\\\/en\\\/?s={search_term_string}\"},\"query-input\":{\"@type\":\"PropertyValueSpecification\",\"valueRequired\":true,\"valueName\":\"search_term_string\"}}],\"inLanguage\":\"de\"},{\"@type\":\"Organization\",\"@id\":\"https:\\\/\\\/outdoorpuzzle.com\\\/en\\\/#organization\",\"name\":\"The Outdoor Puzzle\",\"alternateName\":\"The Outdoor Puzzle\",\"url\":\"https:\\\/\\\/outdoorpuzzle.com\\\/en\\\/\",\"logo\":{\"@type\":\"ImageObject\",\"inLanguage\":\"de\",\"@id\":\"https:\\\/\\\/outdoorpuzzle.com\\\/en\\\/#\\\/schema\\\/logo\\\/image\\\/\",\"url\":\"https:\\\/\\\/outdoorpuzzle.com\\\/wp-content\\\/uploads\\\/2022\\\/07\\\/Logo-Full-Renkli.png\",\"contentUrl\":\"https:\\\/\\\/outdoorpuzzle.com\\\/wp-content\\\/uploads\\\/2022\\\/07\\\/Logo-Full-Renkli.png\",\"width\":500,\"height\":193,\"caption\":\"The Outdoor Puzzle\"},\"image\":{\"@id\":\"https:\\\/\\\/outdoorpuzzle.com\\\/en\\\/#\\\/schema\\\/logo\\\/image\\\/\"},\"sameAs\":[\"https:\\\/\\\/www.facebook.com\\\/profile.php?id=100076379679829\",\"https:\\\/\\\/www.instagram.com\\\/the_outdoor_puzzle\",\"https:\\\/\\\/www.tiktok.com\\\/@the.outdoor.puzzle\",\"https:\\\/\\\/www.linkedin.com\\\/company\\\/the-outdoor-puzzle\"]}]}<\/script>\n<!-- \/ Yoast SEO plugin. -->","yoast_head_json":{"title":"The Best Lightweight Towel Company | The Outdoor Puzzle","description":"The Outdoor Puzzle provides compact cotton towels in carry bag, combining functionality with active lifestyle. Lightweight, absorbent, quick-dry.","robots":{"index":"index","follow":"follow","max-snippet":"max-snippet:-1","max-image-preview":"max-image-preview:large","max-video-preview":"max-video-preview:-1"},"canonical":"https:\/\/outdoorpuzzle.com\/de\/impressum\/","og_locale":"de_DE","og_type":"article","og_title":"The Best Lightweight Towel Company | The Outdoor Puzzle","og_description":"The Outdoor Puzzle provides compact cotton towels in carry bag, combining functionality with active lifestyle. Lightweight, absorbent, quick-dry.","og_url":"https:\/\/outdoorpuzzle.com\/de\/impressum\/","og_site_name":"The Outdoor Puzzle","article_publisher":"https:\/\/www.facebook.com\/profile.php?id=100076379679829","article_modified_time":"2026-03-30T12:00:21+00:00","og_image":[{"width":1200,"height":630,"url":"https:\/\/outdoorpuzzle.com\/wp-content\/uploads\/2023\/02\/TOP-Image-for-SEO.jpg","type":"image\/jpeg"}],"twitter_card":"summary_large_image","twitter_misc":{"Gesch\u00e4tzte Lesezeit":"2\u00a0Minuten"},"schema":{"@context":"https:\/\/schema.org","@graph":[{"@type":"WebPage","@id":"https:\/\/outdoorpuzzle.com\/impressum\/","url":"https:\/\/outdoorpuzzle.com\/impressum\/","name":"The Best Lightweight Towel Company | The Outdoor Puzzle","isPartOf":{"@id":"https:\/\/outdoorpuzzle.com\/en\/#website"},"datePublished":"2015-07-21T09:46:04+00:00","dateModified":"2026-03-30T12:00:21+00:00","description":"The Outdoor Puzzle provides compact cotton towels in carry bag, combining functionality with active lifestyle. Lightweight, absorbent, quick-dry.","breadcrumb":{"@id":"https:\/\/outdoorpuzzle.com\/impressum\/#breadcrumb"},"inLanguage":"de","potentialAction":[{"@type":"ReadAction","target":["https:\/\/outdoorpuzzle.com\/impressum\/"]}]},{"@type":"BreadcrumbList","@id":"https:\/\/outdoorpuzzle.com\/impressum\/#breadcrumb","itemListElement":[{"@type":"ListItem","position":1,"name":"Home","item":"https:\/\/outdoorpuzzle.com\/"},{"@type":"ListItem","position":2,"name":"Legal Notice"}]},{"@type":"WebSite","@id":"https:\/\/outdoorpuzzle.com\/en\/#website","url":"https:\/\/outdoorpuzzle.com\/en\/","name":"The Outdoor Puzzle","description":"Lightweight Towels for Outdoor People","publisher":{"@id":"https:\/\/outdoorpuzzle.com\/en\/#organization"},"potentialAction":[{"@type":"SearchAction","target":{"@type":"EntryPoint","urlTemplate":"https:\/\/outdoorpuzzle.com\/en\/?s={search_term_string}"},"query-input":{"@type":"PropertyValueSpecification","valueRequired":true,"valueName":"search_term_string"}}],"inLanguage":"de"},{"@type":"Organization","@id":"https:\/\/outdoorpuzzle.com\/en\/#organization","name":"The Outdoor Puzzle","alternateName":"The Outdoor Puzzle","url":"https:\/\/outdoorpuzzle.com\/en\/","logo":{"@type":"ImageObject","inLanguage":"de","@id":"https:\/\/outdoorpuzzle.com\/en\/#\/schema\/logo\/image\/","url":"https:\/\/outdoorpuzzle.com\/wp-content\/uploads\/2022\/07\/Logo-Full-Renkli.png","contentUrl":"https:\/\/outdoorpuzzle.com\/wp-content\/uploads\/2022\/07\/Logo-Full-Renkli.png","width":500,"height":193,"caption":"The Outdoor Puzzle"},"image":{"@id":"https:\/\/outdoorpuzzle.com\/en\/#\/schema\/logo\/image\/"},"sameAs":["https:\/\/www.facebook.com\/profile.php?id=100076379679829","https:\/\/www.instagram.com\/the_outdoor_puzzle","https:\/\/www.tiktok.com\/@the.outdoor.puzzle","https:\/\/www.linkedin.com\/company\/the-outdoor-puzzle"]}]}},"_links":{"self":[{"href":"https:\/\/outdoorpuzzle.com\/de\/wp-json\/wp\/v2\/pages\/104","targetHints":{"allow":["GET"]}}],"collection":[{"href":"https:\/\/outdoorpuzzle.com\/de\/wp-json\/wp\/v2\/pages"}],"about":[{"href":"https:\/\/outdoorpuzzle.com\/de\/wp-json\/wp\/v2\/types\/page"}],"author":[{"embeddable":true,"href":"https:\/\/outdoorpuzzle.com\/de\/wp-json\/wp\/v2\/users\/1"}],"replies":[{"embeddable":true,"href":"https:\/\/outdoorpuzzle.com\/de\/wp-json\/wp\/v2\/comments?post=104"}],"version-history":[{"count":5,"href":"https:\/\/outdoorpuzzle.com\/de\/wp-json\/wp\/v2\/pages\/104\/revisions"}],"predecessor-version":[{"id":2529,"href":"https:\/\/outdoorpuzzle.com\/de\/wp-json\/wp\/v2\/pages\/104\/revisions\/2529"}],"wp:attachment":[{"href":"https:\/\/outdoorpuzzle.com\/de\/wp-json\/wp\/v2\/media?parent=104"}],"curies":[{"name":"wp","href":"https:\/\/api.w.org\/{rel}","templated":true}]}}